{"id":6904,"date":"2021-06-09T09:57:49","date_gmt":"2021-06-09T08:57:49","guid":{"rendered":"https:\/\/fpvoleibol.pt\/fpv\/?page_id=6904"},"modified":"2021-06-09T10:31:50","modified_gmt":"2021-06-09T09:31:50","slug":"arbitros-formacao","status":"publish","type":"page","link":"https:\/\/fpvoleibol.pt\/fpv\/formacao\/arbitros-formacao\/","title":{"rendered":"\u00c1rbitros &#8211; Forma\u00e7\u00e3o"},"content":{"rendered":"<p><a href=\"https:\/\/fpvoleibol.pt\/fpv\/wp-content\/uploads\/2021\/04\/Logo_formacao_voleibol3.png\"><img loading=\"lazy\" decoding=\"async\" class=\"wp-image-4667 aligncenter\" src=\"https:\/\/fpvoleibol.pt\/fpv\/wp-content\/uploads\/2021\/04\/Logo_formacao_voleibol3.png\" alt=\"\" width=\"237\" height=\"166\" srcset=\"https:\/\/fpvoleibol.pt\/fpv\/wp-content\/uploads\/2021\/04\/Logo_formacao_voleibol3.png 1001w, https:\/\/fpvoleibol.pt\/fpv\/wp-content\/uploads\/2021\/04\/Logo_formacao_voleibol3-300x210.png 300w, https:\/\/fpvoleibol.pt\/fpv\/wp-content\/uploads\/2021\/04\/Logo_formacao_voleibol3-768x537.png 768w\" sizes=\"auto, (max-width: 237px) 100vw, 237px\" \/><\/a><\/p>\n<p>&nbsp;<\/p>\n<p>Forma\u00e7\u00e3o de \u00c1rbitros: Regulamenta\u00e7\u00e3o dos Cursos, Estrutura Curricular, Avalia\u00e7\u00e3o e Quadro Nacional de Formadores:<\/p>\n<ul>\n<li><a href=\"https:\/\/www.fpvoleibol.pt\/formacao\/arbitros\/reg_formacao_arbitros_marcadores_2020.pdf\" target=\"_blank\" rel=\"noopener noreferrer\">Regulamento da Forma\u00e7\u00e3o de \u00c1rbitros e Marcadores (2020)<\/a><\/li>\n<\/ul>\n","protected":false},"excerpt":{"rendered":"<p>&nbsp; Forma\u00e7\u00e3o de \u00c1rbitros: Regulamenta\u00e7\u00e3o dos Cursos, Estrutura Curricular, Avalia\u00e7\u00e3o e Quadro Nacional de Formadores: Regulamento da Forma\u00e7\u00e3o de \u00c1rbitros e Marcadores (2020)<\/p>\n","protected":false},"author":1,"featured_media":6906,"parent":4655,"menu_order":0,"comment_status":"closed","ping_status":"closed","template":"","meta":{"_monsterinsights_skip_tracking":false,"_monsterinsights_sitenote_active":false,"_monsterinsights_sitenote_note":"","_monsterinsights_sitenote_category":0,"footnotes":""},"class_list":["post-6904","page","type-page","status-publish","has-post-thumbnail","czr-hentry"],"aioseo_notices":[],"_links":{"self":[{"href":"https:\/\/fpvoleibol.pt\/fpv\/wp-json\/wp\/v2\/pages\/6904","targetHints":{"allow":["GET"]}}],"collection":[{"href":"https:\/\/fpvoleibol.pt\/fpv\/wp-json\/wp\/v2\/pages"}],"about":[{"href":"https:\/\/fpvoleibol.pt\/fpv\/wp-json\/wp\/v2\/types\/page"}],"author":[{"embeddable":true,"href":"https:\/\/fpvoleibol.pt\/fpv\/wp-json\/wp\/v2\/users\/1"}],"replies":[{"embeddable":true,"href":"https:\/\/fpvoleibol.pt\/fpv\/wp-json\/wp\/v2\/comments?post=6904"}],"version-history":[{"count":4,"href":"https:\/\/fpvoleibol.pt\/fpv\/wp-json\/wp\/v2\/pages\/6904\/revisions"}],"predecessor-version":[{"id":6912,"href":"https:\/\/fpvoleibol.pt\/fpv\/wp-json\/wp\/v2\/pages\/6904\/revisions\/6912"}],"up":[{"embeddable":true,"href":"https:\/\/fpvoleibol.pt\/fpv\/wp-json\/wp\/v2\/pages\/4655"}],"wp:featuredmedia":[{"embeddable":true,"href":"https:\/\/fpvoleibol.pt\/fpv\/wp-json\/wp\/v2\/media\/6906"}],"wp:attachment":[{"href":"https:\/\/fpvoleibol.pt\/fpv\/wp-json\/wp\/v2\/media?parent=6904"}],"curies":[{"name":"wp","href":"https:\/\/api.w.org\/{rel}","templated":true}]}}