{"id":6892,"date":"2021-06-09T11:02:51","date_gmt":"2021-06-09T10:02:51","guid":{"rendered":"https:\/\/fpvoleibol.pt\/fpv\/?page_id=6892"},"modified":"2021-06-12T21:49:55","modified_gmt":"2021-06-12T20:49:55","slug":"european-silver-league-final-four","status":"publish","type":"page","link":"https:\/\/fpvoleibol.pt\/fpv\/competicoes\/european-silver-league-final-four\/","title":{"rendered":"SILVER LEAGUE &#8211; FINALS"},"content":{"rendered":"<p style=\"text-align: center;\"><a href=\"https:\/\/fpvoleibol.pt\/fpv\/wp-content\/uploads\/2021\/06\/banner_esl_final4.jpg\"><img loading=\"lazy\" decoding=\"async\" class=\"aligncenter size-full wp-image-6893\" src=\"https:\/\/fpvoleibol.pt\/fpv\/wp-content\/uploads\/2021\/06\/banner_esl_final4.jpg\" alt=\"\" width=\"960\" height=\"320\" srcset=\"https:\/\/fpvoleibol.pt\/fpv\/wp-content\/uploads\/2021\/06\/banner_esl_final4.jpg 960w, https:\/\/fpvoleibol.pt\/fpv\/wp-content\/uploads\/2021\/06\/banner_esl_final4-300x100.jpg 300w, https:\/\/fpvoleibol.pt\/fpv\/wp-content\/uploads\/2021\/06\/banner_esl_final4-768x256.jpg 768w\" sizes=\"auto, (max-width: 960px) 100vw, 960px\" \/><\/a><\/p>\n<p style=\"text-align: center;\"><strong>PA\u00cdSES PARTICIPANTES:<\/strong><br \/>\n\u00c1ustria, B\u00f3snia-Herzegovina, Portugal, Eslov\u00e9nia<\/p>\n<p style=\"text-align: center;\"><strong>LOCAL DOS JOGOS:<\/strong><br \/>\nSportna Dvorana Ljudski Vrt MARIBOR<\/p>\n<p style=\"text-align: center;\"><strong>PRIZE-MONEY: 156.000 EUR<\/strong><\/p>\n<p>&nbsp;<\/p>\n<p style=\"text-align: center;\"><strong>CALEND\u00c1RIO DE JOGOS &amp; RESULTADOS<\/strong><br \/>\n(Horas de Portugal Continental)<\/p>\n<table class=\" aligncenter\" style=\"width: 75%; border-collapse: collapse;\">\n<tbody>\n<tr>\n<td style=\"background-color: #00002c; width: 75%; text-align: center;\"><span style=\"color: #ffffff;\"><strong>SEXTA FEIRA, 11.06.2021<\/strong><\/span><\/td>\n<\/tr>\n<tr>\n<td style=\"text-align: center; width: 600px; background-color: #f5f5f5;\"><strong><span style=\"color: #000000;\">16:00\u00a0 |\u00a0 PORTUGAL\u00a0 x\u00a0 \u00c1USTRIA<br \/>\n<\/span><\/strong><span style=\"color: #000000;\">(2-3 | 23-25, 25-23, 25-22, 20-25, 6-15)<\/span><\/td>\n<\/tr>\n<tr>\n<td style=\"text-align: center; width: 600px; background-color: #f5f5f5;\"><strong><span style=\"color: #000000;\">19:00\u00a0 |\u00a0 ESLOV\u00c9NIA\u00a0 x\u00a0 B\u00d3SNIA-HERZEGOVINA<br \/>\n<\/span><\/strong><span style=\"color: #000000;\">(1-3 | 23-25, 25-19, 22-25, 24-26)<\/span><\/td>\n<\/tr>\n<tr>\n<td style=\"width: 600px;\"><\/td>\n<\/tr>\n<tr>\n<td style=\"background-color: #00002c; width: 600px; text-align: center;\"><span style=\"color: #ffffff;\"><strong>S\u00c1BADO, 12.06.2021<\/strong><\/span><\/td>\n<\/tr>\n<tr>\n<td style=\"text-align: center; width: 600px; background-color: #f5f5f5;\"><strong><span style=\"color: #000000;\">16:00\u00a0 |\u00a0 ESLOV\u00c9NIA\u00a0 x\u00a0 PORTUGAL<br \/>\n<\/span><\/strong><span style=\"color: #000000;\">(3-1 | 25-21, 23-25, 25-23, 25-16)<\/span><\/td>\n<\/tr>\n<tr>\n<td style=\"text-align: center; width: 600px; background-color: #f5f5f5;\"><strong><span style=\"color: #000000;\">19:00\u00a0 |\u00a0 B\u00d3SNIA-HERZEGOVINA x\u00a0 \u00c1USTRIA<\/span><\/strong><br \/>\n<span style=\"color: #000000;\">(3-2 | 25-22, 27-29, 23-25, 25-18, 15-7)<\/span><\/td>\n<\/tr>\n<\/tbody>\n<\/table>\n<p>&nbsp;<\/p>\n<p style=\"text-align: center;\"><a class=\"maxbutton-3 maxbutton maxbutton-silver-league-2021-cev\" target=\"_blank\" rel=\"noopener\" href=\"https:\/\/www.cev.eu\/national-team\/european-league\/european-silver-league\/women\/\"><span class='mb-text'>SILVER LEAGUE 2021 (CEV) \u25ba<\/span><\/a><\/p>\n<p style=\"text-align: center;\"><strong><br \/>\nCLASSIFICA\u00c7\u00c3O FINAL DA EUROPEAN SILVER LEAGUE 2021:<br \/>\n1\u00ba B\u00f3snia-Hersegovina<br \/>\n2\u00ba \u00c1ustria<br \/>\n3\u00ba Eslov\u00e9nia<br \/>\n4\u00ba Portugal<br \/>\n<\/strong><\/p>\n<p>&nbsp;<\/p>\n","protected":false},"excerpt":{"rendered":"<p>PA\u00cdSES PARTICIPANTES: \u00c1ustria, B\u00f3snia-Herzegovina, Portugal, Eslov\u00e9nia LOCAL DOS JOGOS: Sportna Dvorana Ljudski Vrt MARIBOR PRIZE-MONEY: 156.000 EUR &nbsp; CALEND\u00c1RIO DE JOGOS &amp; RESULTADOS (Horas de Portugal Continental) SEXTA FEIRA, 11.06.2021 [&hellip;]<\/p>\n","protected":false},"author":1,"featured_media":6301,"parent":1032,"menu_order":0,"comment_status":"closed","ping_status":"closed","template":"","meta":{"_monsterinsights_skip_tracking":false,"_monsterinsights_sitenote_active":false,"_monsterinsights_sitenote_note":"","_monsterinsights_sitenote_category":0,"footnotes":""},"class_list":["post-6892","page","type-page","status-publish","has-post-thumbnail","czr-hentry"],"aioseo_notices":[],"_links":{"self":[{"href":"https:\/\/fpvoleibol.pt\/fpv\/wp-json\/wp\/v2\/pages\/6892","targetHints":{"allow":["GET"]}}],"collection":[{"href":"https:\/\/fpvoleibol.pt\/fpv\/wp-json\/wp\/v2\/pages"}],"about":[{"href":"https:\/\/fpvoleibol.pt\/fpv\/wp-json\/wp\/v2\/types\/page"}],"author":[{"embeddable":true,"href":"https:\/\/fpvoleibol.pt\/fpv\/wp-json\/wp\/v2\/users\/1"}],"replies":[{"embeddable":true,"href":"https:\/\/fpvoleibol.pt\/fpv\/wp-json\/wp\/v2\/comments?post=6892"}],"version-history":[{"count":29,"href":"https:\/\/fpvoleibol.pt\/fpv\/wp-json\/wp\/v2\/pages\/6892\/revisions"}],"predecessor-version":[{"id":7063,"href":"https:\/\/fpvoleibol.pt\/fpv\/wp-json\/wp\/v2\/pages\/6892\/revisions\/7063"}],"up":[{"embeddable":true,"href":"https:\/\/fpvoleibol.pt\/fpv\/wp-json\/wp\/v2\/pages\/1032"}],"wp:featuredmedia":[{"embeddable":true,"href":"https:\/\/fpvoleibol.pt\/fpv\/wp-json\/wp\/v2\/media\/6301"}],"wp:attachment":[{"href":"https:\/\/fpvoleibol.pt\/fpv\/wp-json\/wp\/v2\/media?parent=6892"}],"curies":[{"name":"wp","href":"https:\/\/api.w.org\/{rel}","templated":true}]}}