{"id":651,"date":"2020-04-16T16:02:15","date_gmt":"2020-04-16T15:02:15","guid":{"rendered":"https:\/\/fpvoleibol.pt\/fpv\/?page_id=651"},"modified":"2026-04-10T14:23:47","modified_gmt":"2026-04-10T14:23:47","slug":"competicoes-nacionais","status":"publish","type":"page","link":"https:\/\/fpvoleibol.pt\/fpv\/features\/competicoes-nacionais\/","title":{"rendered":"COMPETI\u00c7\u00d5ES NACIONAIS"},"content":{"rendered":"<p><a href=\"https:\/\/www.portugalvoleibol.com\/\" target=\"_blank\" rel=\"noopener\"><img loading=\"lazy\" decoding=\"async\" class=\"aligncenter wp-image-42224 size-large\" src=\"https:\/\/fpvoleibol.pt\/fpv\/wp-content\/uploads\/2025\/08\/slider_comp_nac_2526-1024x438.png\" alt=\"\" width=\"1024\" height=\"438\" srcset=\"https:\/\/fpvoleibol.pt\/fpv\/wp-content\/uploads\/2025\/08\/slider_comp_nac_2526-1024x438.png 1024w, https:\/\/fpvoleibol.pt\/fpv\/wp-content\/uploads\/2025\/08\/slider_comp_nac_2526-300x128.png 300w, https:\/\/fpvoleibol.pt\/fpv\/wp-content\/uploads\/2025\/08\/slider_comp_nac_2526-768x328.png 768w, https:\/\/fpvoleibol.pt\/fpv\/wp-content\/uploads\/2025\/08\/slider_comp_nac_2526.png 1170w\" sizes=\"auto, (max-width: 1024px) 100vw, 1024px\" \/><\/a><\/p>\n<p style=\"text-align: center;\">Todos os jogos, resultados e classifica\u00e7\u00f5es das v\u00e1rias competi\u00e7\u00f5es nacionais de Voleibol, \u00e9poca 2025\/2026 &#8211; LIGA UNA SEGUROS, LIGA SOLVERDE.PT, II, III Divis\u00f5es, Escal\u00f5es de Forma\u00e7\u00e3o, Ta\u00e7a de Portugal e Superta\u00e7a<\/p>\n<p style=\"text-align: center;\"><span style=\"color: #a80000;\">FASES FINAIS &#8211; APURAMENTO DOS CAMPE\u00d5ES<\/span> <a href=\"https:\/\/fpvoleibol.pt\/fpv\/competicoes\/fases-finais-2025-2026\/\">\u25ba<\/a><\/p>\n<p style=\"text-align: center;\"><a class=\"maxbutton-2 maxbutton maxbutton-calendarios\" target=\"_blank\" rel=\"noopener\" href=\"https:\/\/www.portugalvoleibol.com\"><span class='mb-text'>CALEND\u00c1RIOS OFICIAIS, RESULTADOS E CLASSIFICA\u00c7\u00d5ES \u25ba<\/span><\/a><\/p>\n<p>&nbsp;<\/p>\n<p style=\"text-align: center;\"><a href=\"https:\/\/fpv-web.dataproject.com\/MainHome.aspx\"><img loading=\"lazy\" decoding=\"async\" class=\"aligncenter size-full wp-image-3585\" src=\"https:\/\/fpvoleibol.pt\/fpv\/wp-content\/uploads\/2021\/02\/livestream_livescores.png\" alt=\"\" width=\"400\" height=\"95\" srcset=\"https:\/\/fpvoleibol.pt\/fpv\/wp-content\/uploads\/2021\/02\/livestream_livescores.png 400w, https:\/\/fpvoleibol.pt\/fpv\/wp-content\/uploads\/2021\/02\/livestream_livescores-300x71.png 300w\" sizes=\"auto, (max-width: 400px) 100vw, 400px\" \/><\/a><\/p>\n<hr \/>\n<p style=\"text-align: center;\"><strong><span style=\"font-size: 18pt;\"><span style=\"color: #0073c4;\">\u00c1REA PARA OS CLUBES<\/span><\/span><\/strong><\/p>\n<table style=\"width: 100%; border-collapse: collapse; border-color: #ffffff; background-color: #003e6b;\" cellpadding=\"10px\">\n<tbody>\n<tr>\n<td style=\"width: 33.3333%; border-style: solid; border-color: #ffffff; text-align: center; vertical-align: middle;\"><a href=\"https:\/\/fpvoleibol.pt\/fpv\/wp-content\/uploads\/2025\/10\/icon_login.png\"><img loading=\"lazy\" decoding=\"async\" class=\"alignnone size-full wp-image-43689\" src=\"https:\/\/fpvoleibol.pt\/fpv\/wp-content\/uploads\/2025\/10\/icon_login.png\" alt=\"\" width=\"50\" height=\"53\" \/><\/a><\/p>\n<p><span style=\"color: #ffffff;\"><strong><a style=\"color: #ffffff;\" href=\"https:\/\/portugalvoleibol.com\/zona-clubes\/\">LOGIN<\/a>\u00a0<\/strong>\u25ba<\/span><br \/>\n<span style=\"color: #ffffff;\">(Resultados, inscri\u00e7\u00f5es, altera\u00e7\u00f5es de jogos)<\/span><\/td>\n<td style=\"width: 33.3333%; border-style: solid; border-color: #ffffff; text-align: center; vertical-align: middle;\"><a href=\"https:\/\/fpvoleibol.pt\/fpv\/wp-content\/uploads\/2025\/10\/icon_boletim.png\"><img loading=\"lazy\" decoding=\"async\" class=\"alignnone size-full wp-image-43690\" src=\"https:\/\/fpvoleibol.pt\/fpv\/wp-content\/uploads\/2025\/10\/icon_boletim.png\" alt=\"\" width=\"77\" height=\"60\" \/><\/a><\/p>\n<p><span style=\"color: #ffffff;\"><a style=\"color: #ffffff;\" href=\"https:\/\/fpvoleibol.pt\/fpv\/features\/boletim-digital\/\" target=\"_blank\" rel=\"noopener\"><strong>BOLETIM<\/strong>\u00a0<strong>DIGITAL<\/strong><\/a>\u00a0\u25ba<\/span><br \/>\n<span style=\"color: #ffffff;\">(Nova ferramenta para a \u00e9poca 2025\/26)<\/span><\/td>\n<td style=\"width: 33.3333%; border-style: solid; border-color: #ffffff; background-color: #003e6b; text-align: center; vertical-align: middle;\"><a href=\"https:\/\/fpvoleibol.pt\/fpv\/wp-content\/uploads\/2025\/10\/icon_relacao_equipas.png\"><img loading=\"lazy\" decoding=\"async\" class=\"alignnone size-full wp-image-43705\" src=\"https:\/\/fpvoleibol.pt\/fpv\/wp-content\/uploads\/2025\/10\/icon_relacao_equipas.png\" alt=\"\" width=\"50\" height=\"59\" \/><\/a><\/p>\n<p><span style=\"color: #ffffff;\"><a style=\"color: #ffffff;\" href=\"https:\/\/portugalvoleibol.com\/zona-clubes\/constituicao.equipas\" target=\"_blank\" rel=\"noopener\"><strong>RELA\u00c7\u00c3O DE EQUIPAS<\/strong>\u00a0<\/a>\u00a0\u25ba<\/span><br \/>\n<span style=\"color: #ffffff;\">(Comunica\u00e7\u00e3o da constitui\u00e7\u00e3o das equipas)<\/span><\/td>\n<\/tr>\n<\/tbody>\n<\/table>\n<hr \/>\n<p>&nbsp;<\/p>\n","protected":false},"excerpt":{"rendered":"<p>Todos os jogos, resultados e classifica\u00e7\u00f5es das v\u00e1rias competi\u00e7\u00f5es nacionais de Voleibol, \u00e9poca 2025\/2026 &#8211; LIGA UNA SEGUROS, LIGA SOLVERDE.PT, II, III Divis\u00f5es, Escal\u00f5es de Forma\u00e7\u00e3o, Ta\u00e7a de Portugal e [&hellip;]<\/p>\n","protected":false},"author":1,"featured_media":42244,"parent":642,"menu_order":0,"comment_status":"closed","ping_status":"closed","template":"","meta":{"_monsterinsights_skip_tracking":false,"_monsterinsights_sitenote_active":false,"_monsterinsights_sitenote_note":"","_monsterinsights_sitenote_category":0,"footnotes":""},"class_list":["post-651","page","type-page","status-publish","has-post-thumbnail","czr-hentry"],"aioseo_notices":[],"_links":{"self":[{"href":"https:\/\/fpvoleibol.pt\/fpv\/wp-json\/wp\/v2\/pages\/651","targetHints":{"allow":["GET"]}}],"collection":[{"href":"https:\/\/fpvoleibol.pt\/fpv\/wp-json\/wp\/v2\/pages"}],"about":[{"href":"https:\/\/fpvoleibol.pt\/fpv\/wp-json\/wp\/v2\/types\/page"}],"author":[{"embeddable":true,"href":"https:\/\/fpvoleibol.pt\/fpv\/wp-json\/wp\/v2\/users\/1"}],"replies":[{"embeddable":true,"href":"https:\/\/fpvoleibol.pt\/fpv\/wp-json\/wp\/v2\/comments?post=651"}],"version-history":[{"count":51,"href":"https:\/\/fpvoleibol.pt\/fpv\/wp-json\/wp\/v2\/pages\/651\/revisions"}],"predecessor-version":[{"id":46610,"href":"https:\/\/fpvoleibol.pt\/fpv\/wp-json\/wp\/v2\/pages\/651\/revisions\/46610"}],"up":[{"embeddable":true,"href":"https:\/\/fpvoleibol.pt\/fpv\/wp-json\/wp\/v2\/pages\/642"}],"wp:featuredmedia":[{"embeddable":true,"href":"https:\/\/fpvoleibol.pt\/fpv\/wp-json\/wp\/v2\/media\/42244"}],"wp:attachment":[{"href":"https:\/\/fpvoleibol.pt\/fpv\/wp-json\/wp\/v2\/media?parent=651"}],"curies":[{"name":"wp","href":"https:\/\/api.w.org\/{rel}","templated":true}]}}