{"id":596,"date":"2020-04-14T15:32:36","date_gmt":"2020-04-14T15:32:36","guid":{"rendered":"https:\/\/fpvoleibol.pt\/fpv\/?page_id=596"},"modified":"2025-11-03T10:53:28","modified_gmt":"2025-11-03T10:53:28","slug":"deliberacoes-da-direccao","status":"publish","type":"page","link":"https:\/\/fpvoleibol.pt\/fpv\/documentacao\/deliberacoes-da-direccao\/","title":{"rendered":"Delibera\u00e7\u00f5es da Direc\u00e7\u00e3o 2003-2025"},"content":{"rendered":"<div align=\"center\">\n<div style=\"display: inline-block; text-align: center;\"><a href=\"https:\/\/fpvoleibol.pt\/fpv\/wp-content\/uploads\/2025\/11\/24-25.pdf\"><br \/>\n<img loading=\"lazy\" decoding=\"async\" class=\"aligncenter\" src=\"https:\/\/www.fpvoleibol.pt\/fpv\/imagens\/icon-pdf__.jpg\" alt=\"\" width=\"180\" height=\"180\" \/><\/a><span style=\"font-family: inherit; font-size: inherit;\">\u00c9poca <strong>2024-2025<\/strong><\/span><\/div>\n<div style=\"display: inline-block; text-align: center;\"><a href=\"https:\/\/fpvoleibol.pt\/fpv\/wp-content\/uploads\/2024\/08\/23-24-3.pdf\"><img loading=\"lazy\" decoding=\"async\" class=\"aligncenter\" src=\"https:\/\/www.fpvoleibol.pt\/fpv\/imagens\/icon-pdf__.jpg\" alt=\"\" width=\"180\" height=\"180\" \/><\/a><span style=\"font-family: inherit; font-size: inherit;\">\u00c9poca <strong>2023-2024<\/strong><\/span><\/div>\n<div style=\"display: inline-block; text-align: center;\"><a href=\"https:\/\/fpvoleibol.pt\/fpv\/wp-content\/uploads\/2023\/07\/22-23-2.pdf\"><img loading=\"lazy\" decoding=\"async\" class=\"aligncenter\" src=\"https:\/\/www.fpvoleibol.pt\/fpv\/imagens\/icon-pdf__.jpg\" alt=\"\" width=\"180\" height=\"180\" \/><\/a><span style=\"font-family: inherit; font-size: inherit;\">\u00c9poca <strong>2022-2023<\/strong><\/span><\/div>\n<div style=\"display: inline-block; text-align: center;\"><a href=\"https:\/\/fpvoleibol.pt\/fpv\/wp-content\/uploads\/2022\/08\/21-22.pdf\"><img loading=\"lazy\" decoding=\"async\" class=\"aligncenter\" src=\"https:\/\/www.fpvoleibol.pt\/fpv\/imagens\/icon-pdf__.jpg\" alt=\"\" width=\"180\" height=\"180\" \/><\/a><span style=\"font-family: inherit; font-size: inherit;\">\u00c9poca <strong>2021-2022<\/strong><\/span><\/div>\n<div style=\"display: inline-block; text-align: center;\"><a href=\"https:\/\/fpvoleibol.pt\/fpv\/wp-content\/uploads\/2021\/12\/20-21-2.pdf\"><img loading=\"lazy\" decoding=\"async\" class=\"aligncenter\" src=\"https:\/\/www.fpvoleibol.pt\/fpv\/imagens\/icon-pdf__.jpg\" alt=\"\" width=\"180\" height=\"180\" \/><\/a><span style=\"font-family: inherit; font-size: inherit;\">\u00c9poca <strong>2020-2021<\/strong><\/span><\/div>\n<div style=\"display: inline-block; text-align: center;\"><a href=\"https:\/\/www.fpvoleibol.pt\/documentacao\/decisoes_direccao\/19_20.pdf\"><img loading=\"lazy\" decoding=\"async\" class=\"aligncenter\" src=\"https:\/\/www.fpvoleibol.pt\/fpv\/imagens\/icon-pdf__.jpg\" alt=\"\" width=\"180\" height=\"180\" \/><\/a><span style=\"font-family: inherit; font-size: inherit;\">\u00c9poca <strong>2019-2020<\/strong><\/span><\/div>\n<div style=\"display: inline-block; text-align: center;\"><a href=\"https:\/\/www.fpvoleibol.pt\/documentacao\/decisoes_direccao\/18_19.pdf\"><img loading=\"lazy\" decoding=\"async\" class=\"aligncenter\" src=\"https:\/\/www.fpvoleibol.pt\/fpv\/imagens\/icon-pdf__.jpg\" alt=\"\" width=\"180\" height=\"180\" \/><\/a><span style=\"font-family: inherit; font-size: inherit;\">\u00c9poca <strong>2018-2019<\/strong><\/span><\/div>\n<div style=\"display: inline-block; text-align: center;\"><a href=\"https:\/\/www.fpvoleibol.pt\/documentacao\/decisoes_direccao\/17_18.pdf\"><img loading=\"lazy\" decoding=\"async\" class=\"aligncenter\" src=\"https:\/\/www.fpvoleibol.pt\/fpv\/imagens\/icon-pdf__.jpg\" alt=\"\" width=\"180\" height=\"180\" \/><\/a><span style=\"font-family: inherit; font-size: inherit;\">\u00c9poca <strong>2017-2018<\/strong><\/span><\/div>\n<div style=\"display: inline-block; text-align: center;\"><a href=\"https:\/\/www.fpvoleibol.pt\/documentacao\/decisoes_direccao\/16_17.pdf\"><img loading=\"lazy\" decoding=\"async\" class=\"aligncenter\" src=\"https:\/\/www.fpvoleibol.pt\/fpv\/imagens\/icon-pdf__.jpg\" alt=\"\" width=\"180\" height=\"180\" \/><\/a><span style=\"font-family: inherit; font-size: inherit;\">\u00c9poca <strong>2016-2017<\/strong><\/span><\/div>\n<div style=\"display: inline-block; text-align: center;\"><a href=\"https:\/\/www.fpvoleibol.pt\/documentacao\/decisoes_direccao\/15_16.pdf\"><img loading=\"lazy\" decoding=\"async\" class=\"aligncenter\" src=\"https:\/\/www.fpvoleibol.pt\/fpv\/imagens\/icon-pdf__.jpg\" alt=\"\" width=\"180\" height=\"180\" \/><\/a><span style=\"font-family: inherit; font-size: inherit;\">\u00c9poca <strong>2015-2016<\/strong><\/span><\/div>\n<div style=\"display: inline-block; text-align: center;\"><a href=\"https:\/\/www.fpvoleibol.pt\/documentacao\/decisoes_direccao\/14_15.pdf\"><img loading=\"lazy\" decoding=\"async\" class=\"aligncenter\" src=\"https:\/\/www.fpvoleibol.pt\/fpv\/imagens\/icon-pdf__.jpg\" alt=\"\" width=\"180\" height=\"180\" \/><\/a><span style=\"font-family: inherit; font-size: inherit;\">\u00c9poca <strong>2014-2015<\/strong><\/span><\/div>\n<div style=\"display: inline-block; text-align: center;\"><a href=\"https:\/\/www.fpvoleibol.pt\/documentacao\/decisoes_direccao\/13_14.pdf\"><img loading=\"lazy\" decoding=\"async\" class=\"aligncenter\" src=\"https:\/\/www.fpvoleibol.pt\/fpv\/imagens\/icon-pdf__.jpg\" alt=\"\" width=\"180\" height=\"180\" \/><\/a><span style=\"font-family: inherit; font-size: inherit;\">\u00c9poca <strong>2013-2014<\/strong><\/span><\/div>\n<div style=\"display: inline-block; text-align: center;\"><a href=\"https:\/\/www.fpvoleibol.pt\/documentacao\/decisoes_direccao\/12_13.pdf\"><img loading=\"lazy\" decoding=\"async\" class=\"aligncenter\" src=\"https:\/\/www.fpvoleibol.pt\/fpv\/imagens\/icon-pdf__.jpg\" alt=\"\" width=\"180\" height=\"180\" \/><\/a><span style=\"font-family: inherit; font-size: inherit;\">\u00c9poca <strong>2012-2013<\/strong><\/span><\/div>\n<div style=\"display: inline-block; text-align: center;\"><a href=\"https:\/\/www.fpvoleibol.pt\/documentacao\/decisoes_direccao\/11_12.pdf\"><img loading=\"lazy\" decoding=\"async\" class=\"aligncenter\" src=\"https:\/\/www.fpvoleibol.pt\/fpv\/imagens\/icon-pdf__.jpg\" alt=\"\" width=\"180\" height=\"180\" \/><\/a><span style=\"font-family: inherit; font-size: inherit;\">\u00c9poca <strong>2011-2012<\/strong><\/span><\/div>\n<div style=\"display: inline-block; text-align: center;\"><a href=\"https:\/\/www.fpvoleibol.pt\/documentacao\/decisoes_direccao\/10_11.pdf\"><img loading=\"lazy\" decoding=\"async\" class=\"aligncenter\" src=\"https:\/\/www.fpvoleibol.pt\/fpv\/imagens\/icon-pdf__.jpg\" alt=\"\" width=\"180\" height=\"180\" \/><\/a><span style=\"font-family: inherit; font-size: inherit;\">\u00c9poca <strong>2010-2011<\/strong><\/span><\/div>\n<div style=\"display: inline-block; text-align: center;\"><a href=\"https:\/\/www.fpvoleibol.pt\/documentacao\/decisoes_direccao\/09_10.pdf\"><img loading=\"lazy\" decoding=\"async\" class=\"aligncenter\" src=\"https:\/\/www.fpvoleibol.pt\/fpv\/imagens\/icon-pdf__.jpg\" alt=\"\" width=\"180\" height=\"180\" \/><\/a><span style=\"font-family: inherit; font-size: inherit;\">\u00c9poca <strong>2009-2010<\/strong><\/span><\/div>\n<div style=\"display: inline-block; text-align: center;\"><a href=\"https:\/\/www.fpvoleibol.pt\/documentacao\/decisoes_direccao\/08_09.pdf\"><img loading=\"lazy\" decoding=\"async\" class=\"aligncenter\" src=\"https:\/\/www.fpvoleibol.pt\/fpv\/imagens\/icon-pdf__.jpg\" alt=\"\" width=\"180\" height=\"180\" \/><\/a><span style=\"font-family: inherit; font-size: inherit;\">\u00c9poca <strong>2008-2009<\/strong><\/span><\/div>\n<div style=\"display: inline-block; text-align: center;\"><a href=\"https:\/\/www.fpvoleibol.pt\/documentacao\/decisoes_direccao\/07_08.pdf\"><img loading=\"lazy\" decoding=\"async\" class=\"aligncenter\" src=\"https:\/\/www.fpvoleibol.pt\/fpv\/imagens\/icon-pdf__.jpg\" alt=\"\" width=\"180\" height=\"180\" \/><\/a><span style=\"font-family: inherit; font-size: inherit;\">\u00c9poca <strong>2007-2008<\/strong><\/span><\/div>\n<div style=\"display: inline-block; text-align: center;\"><a href=\"https:\/\/www.fpvoleibol.pt\/documentacao\/decisoes_direccao\/06_07.pdf\"><img loading=\"lazy\" decoding=\"async\" class=\"aligncenter\" src=\"https:\/\/www.fpvoleibol.pt\/fpv\/imagens\/icon-pdf__.jpg\" alt=\"\" width=\"180\" height=\"180\" \/><\/a><span style=\"font-family: inherit; font-size: inherit;\">\u00c9poca <strong>2006-2007<\/strong><\/span><\/div>\n<div style=\"display: inline-block; text-align: center;\"><a href=\"https:\/\/www.fpvoleibol.pt\/documentacao\/decisoes_direccao\/05_06.pdf\"><img loading=\"lazy\" decoding=\"async\" class=\"aligncenter\" src=\"https:\/\/www.fpvoleibol.pt\/fpv\/imagens\/icon-pdf__.jpg\" alt=\"\" width=\"180\" height=\"180\" \/><\/a><span style=\"font-family: inherit; font-size: inherit;\">\u00c9poca <strong>2005-2006<\/strong><\/span><\/div>\n<div style=\"display: inline-block; text-align: center;\"><a href=\"https:\/\/www.fpvoleibol.pt\/documentacao\/decisoes_direccao\/04_05.pdf\"><img loading=\"lazy\" decoding=\"async\" class=\"aligncenter\" src=\"https:\/\/www.fpvoleibol.pt\/fpv\/imagens\/icon-pdf__.jpg\" alt=\"\" width=\"180\" height=\"180\" \/><\/a><span style=\"font-family: inherit; font-size: inherit;\">\u00c9poca <strong>2004-2005<\/strong><\/span><\/div>\n<div style=\"display: inline-block; text-align: center;\"><a href=\"https:\/\/www.fpvoleibol.pt\/documentacao\/decisoes_direccao\/03_04.pdf\"><img loading=\"lazy\" decoding=\"async\" class=\"aligncenter\" src=\"https:\/\/www.fpvoleibol.pt\/fpv\/imagens\/icon-pdf__.jpg\" alt=\"\" width=\"180\" height=\"180\" \/><\/a><span style=\"font-family: inherit; font-size: inherit;\">\u00c9poca <strong>2003-2004<\/strong><\/span><\/div>\n<\/div>\n","protected":false},"excerpt":{"rendered":"<p>\u00c9poca 2024-2025 \u00c9poca 2023-2024 \u00c9poca 2022-2023 \u00c9poca 2021-2022 \u00c9poca 2020-2021 \u00c9poca 2019-2020 \u00c9poca 2018-2019 \u00c9poca 2017-2018 \u00c9poca 2016-2017 \u00c9poca 2015-2016 \u00c9poca 2014-2015 \u00c9poca 2013-2014 \u00c9poca 2012-2013 \u00c9poca 2011-2012 \u00c9poca 2010-2011 [&hellip;]<\/p>\n","protected":false},"author":1,"featured_media":0,"parent":361,"menu_order":0,"comment_status":"closed","ping_status":"closed","template":"","meta":{"_monsterinsights_skip_tracking":false,"_monsterinsights_sitenote_active":false,"_monsterinsights_sitenote_note":"","_monsterinsights_sitenote_category":0,"footnotes":""},"class_list":["post-596","page","type-page","status-publish","czr-hentry"],"aioseo_notices":[],"_links":{"self":[{"href":"https:\/\/fpvoleibol.pt\/fpv\/wp-json\/wp\/v2\/pages\/596","targetHints":{"allow":["GET"]}}],"collection":[{"href":"https:\/\/fpvoleibol.pt\/fpv\/wp-json\/wp\/v2\/pages"}],"about":[{"href":"https:\/\/fpvoleibol.pt\/fpv\/wp-json\/wp\/v2\/types\/page"}],"author":[{"embeddable":true,"href":"https:\/\/fpvoleibol.pt\/fpv\/wp-json\/wp\/v2\/users\/1"}],"replies":[{"embeddable":true,"href":"https:\/\/fpvoleibol.pt\/fpv\/wp-json\/wp\/v2\/comments?post=596"}],"version-history":[{"count":28,"href":"https:\/\/fpvoleibol.pt\/fpv\/wp-json\/wp\/v2\/pages\/596\/revisions"}],"predecessor-version":[{"id":43762,"href":"https:\/\/fpvoleibol.pt\/fpv\/wp-json\/wp\/v2\/pages\/596\/revisions\/43762"}],"up":[{"embeddable":true,"href":"https:\/\/fpvoleibol.pt\/fpv\/wp-json\/wp\/v2\/pages\/361"}],"wp:attachment":[{"href":"https:\/\/fpvoleibol.pt\/fpv\/wp-json\/wp\/v2\/media?parent=596"}],"curies":[{"name":"wp","href":"https:\/\/api.w.org\/{rel}","templated":true}]}}