{"id":5537,"date":"2021-05-06T15:11:52","date_gmt":"2021-05-06T14:11:52","guid":{"rendered":"https:\/\/fpvoleibol.pt\/fpv\/?page_id=5537"},"modified":"2021-05-06T15:12:11","modified_gmt":"2021-05-06T14:12:11","slug":"404-esta-pagina-nao-existe","status":"publish","type":"page","link":"https:\/\/fpvoleibol.pt\/fpv\/404-esta-pagina-nao-existe\/","title":{"rendered":"404 &#8211; ESTA P\u00c1GINA N\u00c3O EXISTE"},"content":{"rendered":"<p style=\"text-align: center;\"><a href=\"https:\/\/fpvoleibol.pt\/fpv\/wp-content\/uploads\/2021\/05\/logo_FPV_lettering_azul.png\"><img loading=\"lazy\" decoding=\"async\" class=\"aligncenter size-medium wp-image-5538\" src=\"https:\/\/fpvoleibol.pt\/fpv\/wp-content\/uploads\/2021\/05\/logo_FPV_lettering_azul-300x197.png\" alt=\"\" width=\"300\" height=\"197\" srcset=\"https:\/\/fpvoleibol.pt\/fpv\/wp-content\/uploads\/2021\/05\/logo_FPV_lettering_azul-300x197.png 300w, https:\/\/fpvoleibol.pt\/fpv\/wp-content\/uploads\/2021\/05\/logo_FPV_lettering_azul-1024x674.png 1024w, https:\/\/fpvoleibol.pt\/fpv\/wp-content\/uploads\/2021\/05\/logo_FPV_lettering_azul-768x505.png 768w, https:\/\/fpvoleibol.pt\/fpv\/wp-content\/uploads\/2021\/05\/logo_FPV_lettering_azul.png 1263w\" sizes=\"auto, (max-width: 300px) 100vw, 300px\" \/><\/a><\/p>\n<p style=\"text-align: center;\"><span style=\"font-size: 14pt;\"><strong>A INFORMA\u00c7\u00c3O QUE PROCURA N\u00c3O EST\u00c1 DISPON\u00cdVEL :\/<\/strong><\/span><br \/>\n<span style=\"font-size: 14pt;\">FA\u00c7A UMA NOVA PESQUISA OU VOLTE AO IN\u00cdCIO DESTE <a href=\"https:\/\/www.fpvoleibol.pt\">WEBSITE \u25ba<\/a><\/span><\/p>\n<p>&nbsp;<\/p>\n","protected":false},"excerpt":{"rendered":"<p>A INFORMA\u00c7\u00c3O QUE PROCURA N\u00c3O EST\u00c1 DISPON\u00cdVEL :\/ FA\u00c7A UMA NOVA PESQUISA OU VOLTE AO IN\u00cdCIO DESTE WEBSITE \u25ba &nbsp;<\/p>\n","protected":false},"author":1,"featured_media":0,"parent":0,"menu_order":0,"comment_status":"closed","ping_status":"closed","template":"","meta":{"_monsterinsights_skip_tracking":false,"_monsterinsights_sitenote_active":false,"_monsterinsights_sitenote_note":"","_monsterinsights_sitenote_category":0,"footnotes":""},"class_list":["post-5537","page","type-page","status-publish","czr-hentry"],"aioseo_notices":[],"_links":{"self":[{"href":"https:\/\/fpvoleibol.pt\/fpv\/wp-json\/wp\/v2\/pages\/5537","targetHints":{"allow":["GET"]}}],"collection":[{"href":"https:\/\/fpvoleibol.pt\/fpv\/wp-json\/wp\/v2\/pages"}],"about":[{"href":"https:\/\/fpvoleibol.pt\/fpv\/wp-json\/wp\/v2\/types\/page"}],"author":[{"embeddable":true,"href":"https:\/\/fpvoleibol.pt\/fpv\/wp-json\/wp\/v2\/users\/1"}],"replies":[{"embeddable":true,"href":"https:\/\/fpvoleibol.pt\/fpv\/wp-json\/wp\/v2\/comments?post=5537"}],"version-history":[{"count":2,"href":"https:\/\/fpvoleibol.pt\/fpv\/wp-json\/wp\/v2\/pages\/5537\/revisions"}],"predecessor-version":[{"id":5541,"href":"https:\/\/fpvoleibol.pt\/fpv\/wp-json\/wp\/v2\/pages\/5537\/revisions\/5541"}],"wp:attachment":[{"href":"https:\/\/fpvoleibol.pt\/fpv\/wp-json\/wp\/v2\/media?parent=5537"}],"curies":[{"name":"wp","href":"https:\/\/api.w.org\/{rel}","templated":true}]}}