{"id":538,"date":"2020-03-17T15:02:46","date_gmt":"2020-03-17T15:02:46","guid":{"rendered":"https:\/\/fpvoleibol.pt\/fpv\/?page_id=538"},"modified":"2025-08-05T09:38:08","modified_gmt":"2025-08-05T08:38:08","slug":"associacao-de-voleibol-de-s-miguel","status":"publish","type":"page","link":"https:\/\/fpvoleibol.pt\/fpv\/documentacao\/contratos-programa\/associacao-de-voleibol-de-s-miguel\/","title":{"rendered":"Associa\u00e7\u00e3o de Voleibol de S. Miguel"},"content":{"rendered":"<p><span style=\"font-size: 14pt; color: #003e6b;\"><strong>2025<\/strong><\/span><\/p>\n<ul style=\"list-style-type: disc;\">\n<li>Actividades Regulares <a href=\"http:\/\/www.fpvoleibol.pt\/documentacao\/contratos_programa\/associacoes_regionais\/avsm\/2025_actividades_regulares.pdf\">[PDF]<\/a><\/li>\n<li>Enquadramento T\u00e9cnico <a href=\"https:\/\/www.fpvoleibol.pt\/documentacao\/contratos_programa\/associacoes_regionais\/avsm\/2025_enquadramento_tecnico.pdf\">[PDF]<\/a><\/li>\n<\/ul>\n<p><span style=\"font-size: 14pt; color: #003e6b;\"><strong>2024<\/strong><\/span><\/p>\n<ul style=\"list-style-type: disc;\">\n<li>Actividades Regulares [<a href=\"https:\/\/www.fpvoleibol.pt\/documentacao\/contratos_programa\/associacoes_regionais\/avsm\/2024_actividades_regulares.pdf\">PDF<\/a>]<\/li>\n<\/ul>\n<p><span style=\"font-size: 14pt; color: #003e6b;\"><strong>2023<\/strong><\/span><\/p>\n<ul style=\"list-style-type: disc;\">\n<li>Actividades Regulares [<a href=\"https:\/\/www.fpvoleibol.pt\/documentacao\/contratos_programa\/associacoes_regionais\/avsm\/2023_actividades_regulares.pdf\">PDF<\/a>]<\/li>\n<\/ul>\n<p><span style=\"font-size: 14pt; color: #003e6b;\"><strong>2022<\/strong><\/span><\/p>\n<ul style=\"list-style-type: disc;\">\n<li>Actividades Regulares [<a href=\"https:\/\/www.fpvoleibol.pt\/documentacao\/contratos_programa\/associacoes_regionais\/avsm\/2022_actividades_regulares.pdf\">PDF<\/a>]<\/li>\n<\/ul>\n<p><span style=\"font-size: 14pt; color: #003e6b;\"><strong>2021<\/strong><\/span><\/p>\n<ul style=\"list-style-type: disc;\">\n<li>Actividades Regulares [<a href=\"https:\/\/www.fpvoleibol.pt\/documentacao\/contratos_programa\/associacoes_regionais\/avsm\/2021_actividades_regulares.pdf\">PDF<\/a>]<\/li>\n<\/ul>\n<p><span style=\"font-size: 14pt; color: #003e6b;\"><strong>2020<\/strong><\/span><\/p>\n<ul style=\"list-style-type: disc;\">\n<li>Actividades Regulares [<a href=\"https:\/\/www.fpvoleibol.pt\/documentacao\/contratos_programa\/associacoes_regionais\/avsm\/2020_actividades_regulares.pdf\">PDF<\/a>]<\/li>\n<\/ul>\n<p><span style=\"font-size: 14pt; color: #003e6b;\"><strong>2019<\/strong><\/span><\/p>\n<ul style=\"list-style-type: disc;\">\n<li>Actividades Regulares [<a href=\"https:\/\/www.fpvoleibol.pt\/documentacao\/contratos_programa\/associacoes_regionais\/avsm\/2019_actividades_regulares.pdf\">PDF<\/a>]<\/li>\n<\/ul>\n<p><span style=\"font-size: 14pt; color: #003e6b;\"><strong>2018<\/strong><\/span><\/p>\n<ul style=\"list-style-type: disc;\">\n<li>Projectos [<a href=\"https:\/\/www.fpvoleibol.pt\/documentacao\/contratos_programa\/associacoes_regionais\/avsm\/2018_projectos.pdf\">PDF<\/a>]<\/li>\n<li>Actividades Regulares [<a href=\"https:\/\/www.fpvoleibol.pt\/documentacao\/contratos_programa\/associacoes_regionais\/avsm\/2018_actividades_regulares.pdf\">PDF<\/a>]<\/li>\n<\/ul>\n<p><span style=\"font-size: 14pt; color: #003e6b;\"><strong>2017<\/strong><\/span><\/p>\n<ul style=\"list-style-type: disc;\">\n<li>Actividades Regulares [<a href=\"https:\/\/www.fpvoleibol.pt\/documentacao\/contratos_programa\/associacoes_regionais\/avsm\/2017_actividades_regulares.pdf\">PDF<\/a>]<\/li>\n<li>Desloca\u00e7\u00f5es \u00e0s Ilhas\u00a0[<a href=\"https:\/\/www.fpvoleibol.pt\/documentacao\/contratos_programa\/associacoes_regionais\/avsm\/2017_deslocacoes_ilhas.pdf\">PDF<\/a>]<\/li>\n<\/ul>\n<p><span style=\"font-size: 14pt; color: #003e6b;\"><strong>2016<\/strong><\/span><\/p>\n<ul style=\"list-style-type: disc;\">\n<li>Actividades Regulares [<a href=\"https:\/\/www.fpvoleibol.pt\/documentacao\/contratos_programa\/associacoes_regionais\/avsm\/2016_actividades_regulares.pdf\">PDF<\/a>]<\/li>\n<li>Desloca\u00e7\u00f5es \u00e0s Ilhas\u00a0[<a href=\"https:\/\/www.fpvoleibol.pt\/documentacao\/contratos_programa\/associacoes_regionais\/avsm\/2016_deslocacoes_ilhas.pdf\">PDF<\/a>]<\/li>\n<\/ul>\n<p><span style=\"font-size: 14pt; color: #003e6b;\"><strong>2015<\/strong><\/span><\/p>\n<ul style=\"list-style-type: disc;\">\n<li>Actividades Regulares [<a href=\"https:\/\/www.fpvoleibol.pt\/documentacao\/contratos_programa\/associacoes_regionais\/avsm\/2015_actividades_regulares.pdf\">PDF<\/a>]<\/li>\n<li>Desloca\u00e7\u00f5es \u00e0s Ilhas\u00a0[<a href=\"https:\/\/www.fpvoleibol.pt\/documentacao\/contratos_programa\/associacoes_regionais\/avsm\/2015_deslocacoes_ilhas.pdf\">PDF<\/a>]<\/li>\n<\/ul>\n<p><span style=\"font-size: 14pt; color: #003e6b;\"><strong>2014<\/strong><\/span><\/p>\n<ul style=\"list-style-type: disc;\">\n<li>Actividades Regulares [<a href=\"https:\/\/www.fpvoleibol.pt\/documentacao\/contratos_programa\/associacoes_regionais\/avsm\/2014_actividades_regulares.pdf\">PDF<\/a>]<\/li>\n<\/ul>\n<p><span style=\"font-size: 14pt; color: #003e6b;\"><strong>2013<\/strong><\/span><\/p>\n<ul style=\"list-style-type: disc;\">\n<li>Actividades Regulares [<a href=\"https:\/\/www.fpvoleibol.pt\/documentacao\/contratos_programa\/associacoes_regionais\/avsm\/2013_actividades_regulares.pdf\">PDF<\/a>]<\/li>\n<\/ul>\n<p><span style=\"font-size: 14pt; color: #003e6b;\"><strong>2012<\/strong><\/span><\/p>\n<ul style=\"list-style-type: disc;\">\n<li>Actividades Regulares [<a href=\"https:\/\/www.fpvoleibol.pt\/documentacao\/contratos_programa\/associacoes_regionais\/avsm\/2012_actividades_regulares.pdf\">PDF<\/a>]<\/li>\n<\/ul>\n<p><span style=\"font-size: 14pt; color: #003e6b;\"><strong>2011<\/strong><\/span><\/p>\n<ul style=\"list-style-type: disc;\">\n<li>Actividades Regulares [<a href=\"https:\/\/www.fpvoleibol.pt\/documentacao\/contratos_programa\/associacoes_regionais\/avsm\/2011_actividades_regulares.pdf\">PDF<\/a>]<\/li>\n<\/ul>\n<p><span style=\"font-size: 14pt; color: #003e6b;\"><strong>2010<\/strong><\/span><\/p>\n<ul style=\"list-style-type: disc;\">\n<li>Actividades Regulares [<a href=\"https:\/\/www.fpvoleibol.pt\/documentacao\/contratos_programa\/associacoes_regionais\/avsm\/2010_actividades_regulares.pdf\">PDF<\/a>]<\/li>\n<li>Desloca\u00e7\u00f5es \u00e0s Ilhas\u00a0[<a href=\"https:\/\/www.fpvoleibol.pt\/documentacao\/contratos_programa\/associacoes_regionais\/avsm\/2010_deslocacao_ilhas.pdf\">PDF<\/a>]<\/li>\n<\/ul>\n","protected":false},"excerpt":{"rendered":"<p>2025 Actividades Regulares [PDF] Enquadramento T\u00e9cnico [PDF] 2024 Actividades Regulares [PDF] 2023 Actividades Regulares [PDF] 2022 Actividades Regulares [PDF] 2021 Actividades Regulares [PDF] 2020 Actividades Regulares [PDF] 2019 Actividades Regulares [&hellip;]<\/p>\n","protected":false},"author":1,"featured_media":0,"parent":439,"menu_order":0,"comment_status":"closed","ping_status":"closed","template":"","meta":{"_monsterinsights_skip_tracking":false,"_monsterinsights_sitenote_active":false,"_monsterinsights_sitenote_note":"","_monsterinsights_sitenote_category":0,"footnotes":""},"class_list":["post-538","page","type-page","status-publish","czr-hentry"],"aioseo_notices":[],"_links":{"self":[{"href":"https:\/\/fpvoleibol.pt\/fpv\/wp-json\/wp\/v2\/pages\/538","targetHints":{"allow":["GET"]}}],"collection":[{"href":"https:\/\/fpvoleibol.pt\/fpv\/wp-json\/wp\/v2\/pages"}],"about":[{"href":"https:\/\/fpvoleibol.pt\/fpv\/wp-json\/wp\/v2\/types\/page"}],"author":[{"embeddable":true,"href":"https:\/\/fpvoleibol.pt\/fpv\/wp-json\/wp\/v2\/users\/1"}],"replies":[{"embeddable":true,"href":"https:\/\/fpvoleibol.pt\/fpv\/wp-json\/wp\/v2\/comments?post=538"}],"version-history":[{"count":8,"href":"https:\/\/fpvoleibol.pt\/fpv\/wp-json\/wp\/v2\/pages\/538\/revisions"}],"predecessor-version":[{"id":41948,"href":"https:\/\/fpvoleibol.pt\/fpv\/wp-json\/wp\/v2\/pages\/538\/revisions\/41948"}],"up":[{"embeddable":true,"href":"https:\/\/fpvoleibol.pt\/fpv\/wp-json\/wp\/v2\/pages\/439"}],"wp:attachment":[{"href":"https:\/\/fpvoleibol.pt\/fpv\/wp-json\/wp\/v2\/media?parent=538"}],"curies":[{"name":"wp","href":"https:\/\/api.w.org\/{rel}","templated":true}]}}