{"id":46594,"date":"2026-04-10T14:19:48","date_gmt":"2026-04-10T14:19:48","guid":{"rendered":"https:\/\/fpvoleibol.pt\/fpv\/?page_id=46594"},"modified":"2026-04-10T15:04:37","modified_gmt":"2026-04-10T15:04:37","slug":"fases-finais-2025-2026","status":"publish","type":"page","link":"https:\/\/fpvoleibol.pt\/fpv\/competicoes\/fases-finais-2025-2026\/","title":{"rendered":"FASES FINAIS 2025\/2026"},"content":{"rendered":"<p style=\"text-align: center;\"><a href=\"https:\/\/fpvoleibol.pt\/fpv\/wp-content\/uploads\/2023\/04\/logo_campeonato_nac_fases_finais.png\"><img loading=\"lazy\" decoding=\"async\" class=\"aligncenter wp-image-23940 \" src=\"https:\/\/fpvoleibol.pt\/fpv\/wp-content\/uploads\/2023\/04\/logo_campeonato_nac_fases_finais.png\" alt=\"\" width=\"211\" height=\"203\" srcset=\"https:\/\/fpvoleibol.pt\/fpv\/wp-content\/uploads\/2023\/04\/logo_campeonato_nac_fases_finais.png 512w, https:\/\/fpvoleibol.pt\/fpv\/wp-content\/uploads\/2023\/04\/logo_campeonato_nac_fases_finais-300x289.png 300w, https:\/\/fpvoleibol.pt\/fpv\/wp-content\/uploads\/2023\/04\/logo_campeonato_nac_fases_finais-510x493.png 510w\" sizes=\"auto, (max-width: 211px) 100vw, 211px\" \/><\/a><\/p>\n<p style=\"text-align: center;\"><span style=\"font-size: 24pt; color: #003e6b;\"><strong>CAMPEONATO NACIONAL 2025\/2026<\/strong><\/span><br \/>\n<span style=\"font-size: 24pt; color: #003e6b;\"><strong>FASES FINAIS<br \/>\n<\/strong><\/span><\/p>\n<p style=\"text-align: center;\"><span style=\"background-color: #99ccff; color: #000080; font-size: 14pt;\"><strong>\u00a0 JOGOS TRANSMITIDOS EM DIRETO NA VOLEI.TV <a style=\"background-color: #99ccff; color: #000080;\" href=\"https:\/\/volei.tv\" target=\"_blank\" rel=\"noopener\">\u25ba<\/a><a style=\"background-color: #99ccff; color: #000080;\" href=\"https:\/\/volei.tv\" target=\"_blank\" rel=\"noopener\">\u25ba<\/a>\u00a0\u00a0<\/strong><\/span><\/p>\n<p style=\"text-align: center;\"><strong><span style=\"color: #cc0000;\">ACOMPANHA A FESTA DOS CAMPE\u00d5ES NACIONAIS NAS REDES SOCIAIS <a style=\"color: #cc0000;\" href=\"https:\/\/www.facebook.com\/fpvoleibol\" target=\"_blank\" rel=\"noopener\">FACEBOOK \u25ba<\/a> E <a style=\"color: #cc0000;\" href=\"https:\/\/www.instagram.com\/portugalvoleibol\/\" target=\"_blank\" rel=\"noopener\">INSTAGRAM \u25ba<\/a><\/span><br \/>\n<!--E ACOMPANHA AQUI NA PLAYLIST DAS FASES FINAIS \u25bc<\/strong><\/p>\n\n\n\n\n<p style=\"text-align: center;\"><iframe loading=\"lazy\" src=\"\/\/www.youtube.com\/embed\/videoseries?list=PLZ\" width=\"720\" height=\"404\" allowfullscreen=\"allowfullscreen\"><span data-mce-type=\"bookmark\" style=\"display: inline-block; width: 0px; overflow: hidden; line-height: 0;\" class=\"mce_SELRES_start\"><\/span><span data-mce-type=\"bookmark\" style=\"display: inline-block; width: 0px; overflow: hidden; line-height: 0;\" class=\"mce_SELRES_start\"><\/span><span data-mce-type=\"bookmark\" style=\"display: inline-block; width: 0px; overflow: hidden; line-height: 0;\" class=\"mce_SELRES_start\"><\/span><span data-mce-type=\"bookmark\" style=\"display: inline-block; width: 0px; overflow: hidden; line-height: 0;\" class=\"mce_SELRES_start\"><\/span><\/iframe><\/p>\n\n\n--><br \/>\n<\/strong><br \/>\nJOGOS E CLASSIFICA\u00c7\u00d5ES FINAIS \u25bc<\/p>\n<div align=\"center\">\n<div style=\"display: inline-block; text-align: center;\"><a href=\"https:\/\/www.portugalvoleibol.com\/classificacao\/classificacoes_react?campeonato=NVETBM&amp;fase=F&amp;serie=F\" target=\"_blank\" rel=\"noopener\"><img decoding=\"async\" class=\"aligncenter\" src=\"https:\/\/fpvoleibol.pt\/fpv\/wp-content\/uploads\/2026\/04\/041719_web_vetmascB_f.jpg\" alt=\"\" width=\"395px\" \/><\/a><\/div>\n<\/div>\n<div align=\"center\">\n<div style=\"display: inline-block; text-align: center;\"><a href=\"https:\/\/www.portugalvoleibol.com\/classificacao\/classificacoes_react?campeonato=NVETAM&amp;fase=F&amp;serie=F\" target=\"_blank\" rel=\"noopener\"><img decoding=\"async\" class=\"aligncenter\" src=\"https:\/\/fpvoleibol.pt\/fpv\/wp-content\/uploads\/2026\/04\/042426_web_vetmascA_f.jpg\" alt=\"\" width=\"395px\" \/><\/a><\/div>\n<div style=\"display: inline-block; text-align: center;\"><img decoding=\"async\" class=\"aligncenter\" src=\"https:\/\/giravolei.com\/revistas\/spacer.png\" alt=\"\" width=\"5px\" \/><\/div>\n<div style=\"display: inline-block; text-align: center;\"><a href=\"https:\/\/www.portugalvoleibol.com\/classificacao\/classificacoes_react?campeonato=NVETAF&amp;fase=F&amp;serie=F\" target=\"_blank\" rel=\"noopener\"><img decoding=\"async\" class=\"aligncenter\" src=\"https:\/\/fpvoleibol.pt\/fpv\/wp-content\/uploads\/2026\/04\/042426_web_vetfemA_f.jpg\" alt=\"\" width=\"395px\" \/><\/a><\/div>\n<\/div>\n<div align=\"center\">\n<div style=\"display: inline-block; text-align: center;\"><a href=\"https:\/\/www.portugalvoleibol.com\/classificacao\/classificacoes_react?campeonato=NVETCM&amp;fase=F&amp;serie=F\" target=\"_blank\" rel=\"noopener\"><img decoding=\"async\" class=\"aligncenter\" src=\"https:\/\/fpvoleibol.pt\/fpv\/wp-content\/uploads\/2026\/04\/050810_web_vetmascC_f.jpg\" alt=\"\" width=\"395px\" \/><\/a><\/div>\n<\/div>\n<p style=\"text-align: center;\"><a class=\"maxbutton-2 maxbutton maxbutton-calendarios\" target=\"_blank\" rel=\"noopener\" href=\"https:\/\/www.portugalvoleibol.com\"><span class='mb-text'>CALEND\u00c1RIOS OFICIAIS, RESULTADOS E CLASSIFICA\u00c7\u00d5ES \u25ba<\/span><\/a><\/p>\n<p>&nbsp;<\/p>\n","protected":false},"excerpt":{"rendered":"<p>CAMPEONATO NACIONAL 2025\/2026 FASES FINAIS \u00a0 JOGOS TRANSMITIDOS EM DIRETO NA VOLEI.TV \u25ba\u25ba\u00a0\u00a0 ACOMPANHA A FESTA DOS CAMPE\u00d5ES NACIONAIS NAS REDES SOCIAIS FACEBOOK \u25ba E INSTAGRAM \u25ba JOGOS E CLASSIFICA\u00c7\u00d5ES [&hellip;]<\/p>\n","protected":false},"author":1,"featured_media":23944,"parent":1032,"menu_order":0,"comment_status":"closed","ping_status":"closed","template":"","meta":{"_monsterinsights_skip_tracking":false,"_monsterinsights_sitenote_active":false,"_monsterinsights_sitenote_note":"","_monsterinsights_sitenote_category":0,"footnotes":""},"class_list":["post-46594","page","type-page","status-publish","has-post-thumbnail","czr-hentry"],"aioseo_notices":[],"_links":{"self":[{"href":"https:\/\/fpvoleibol.pt\/fpv\/wp-json\/wp\/v2\/pages\/46594","targetHints":{"allow":["GET"]}}],"collection":[{"href":"https:\/\/fpvoleibol.pt\/fpv\/wp-json\/wp\/v2\/pages"}],"about":[{"href":"https:\/\/fpvoleibol.pt\/fpv\/wp-json\/wp\/v2\/types\/page"}],"author":[{"embeddable":true,"href":"https:\/\/fpvoleibol.pt\/fpv\/wp-json\/wp\/v2\/users\/1"}],"replies":[{"embeddable":true,"href":"https:\/\/fpvoleibol.pt\/fpv\/wp-json\/wp\/v2\/comments?post=46594"}],"version-history":[{"count":16,"href":"https:\/\/fpvoleibol.pt\/fpv\/wp-json\/wp\/v2\/pages\/46594\/revisions"}],"predecessor-version":[{"id":46623,"href":"https:\/\/fpvoleibol.pt\/fpv\/wp-json\/wp\/v2\/pages\/46594\/revisions\/46623"}],"up":[{"embeddable":true,"href":"https:\/\/fpvoleibol.pt\/fpv\/wp-json\/wp\/v2\/pages\/1032"}],"wp:featuredmedia":[{"embeddable":true,"href":"https:\/\/fpvoleibol.pt\/fpv\/wp-json\/wp\/v2\/media\/23944"}],"wp:attachment":[{"href":"https:\/\/fpvoleibol.pt\/fpv\/wp-json\/wp\/v2\/media?parent=46594"}],"curies":[{"name":"wp","href":"https:\/\/api.w.org\/{rel}","templated":true}]}}