{"id":4657,"date":"2021-04-12T15:42:24","date_gmt":"2021-04-12T14:42:24","guid":{"rendered":"https:\/\/fpvoleibol.pt\/fpv\/?page_id=4657"},"modified":"2021-12-09T16:39:56","modified_gmt":"2021-12-09T15:39:56","slug":"cursos-de-voleibol-2021","status":"publish","type":"page","link":"https:\/\/fpvoleibol.pt\/fpv\/formacao\/cursos-de-voleibol-2021\/","title":{"rendered":"CURSOS DE VOLEIBOL &#8211; 2021"},"content":{"rendered":"<p style=\"text-align: center;\"><span style=\"font-size: 18pt;\"><strong><a href=\"https:\/\/fpvoleibol.pt\/fpv\/wp-content\/uploads\/2021\/04\/Logo_formacao_voleibol3.png\"><img loading=\"lazy\" decoding=\"async\" class=\"aligncenter size-medium wp-image-4667\" src=\"https:\/\/fpvoleibol.pt\/fpv\/wp-content\/uploads\/2021\/04\/Logo_formacao_voleibol3-300x210.png\" alt=\"\" width=\"300\" height=\"210\" srcset=\"https:\/\/fpvoleibol.pt\/fpv\/wp-content\/uploads\/2021\/04\/Logo_formacao_voleibol3-300x210.png 300w, https:\/\/fpvoleibol.pt\/fpv\/wp-content\/uploads\/2021\/04\/Logo_formacao_voleibol3-768x537.png 768w, https:\/\/fpvoleibol.pt\/fpv\/wp-content\/uploads\/2021\/04\/Logo_formacao_voleibol3.png 1001w\" sizes=\"auto, (max-width: 300px) 100vw, 300px\" \/><\/a><br \/>\nCURSOS DE VOLEIBOL<br \/>\n2021<\/strong><\/span><\/p>\n<table style=\"height: 117px; width: 100%; border-collapse: collapse; border-style: solid; border-color: #ffffff;\" border=\"2\" cellspacing=\"0\" cellpadding=\"0\">\n<tbody>\n<tr style=\"height: 47px;\">\n<td style=\"width: 457.5px; background-color: #0073c4; height: 47px; border-color: #ffffff; border-style: solid; text-align: center;\"><span style=\"color: #ffffff;\"><strong>FORMA\u00c7\u00c3O CONT\u00cdNUA DE TREINADORES<\/strong><\/span><br \/>\n<span style=\"color: #ffffff;\">&#8220;QUERO JOGAR VOLEIBOL&#8221; [DEZEMBRO-2021]<\/span><\/td>\n<td style=\"width: 458px; background-color: #485e00; height: 47px; border-color: #ffffff; border-style: solid; text-align: center;\"><span style=\"color: #ffffff;\"><strong>FORMA\u00c7\u00c3O DE DIRIGENTES DESPORTIVOS<\/strong><\/span><br \/>\n<span style=\"color: #ffffff;\">20, 22, 24-09-2021<\/span><\/td>\n<td style=\"width: 457.5px; height: 47px; border-color: #ffffff; border-style: solid; text-align: center; background-color: #ffffff;\"><\/td>\n<\/tr>\n<tr style=\"height: 23px;\">\n<td style=\"width: 457.5px; height: 23px; text-align: center; background-color: #f0f0f0; border-color: #ffffff; border-style: solid;\"><a href=\"https:\/\/fpvoleibol.pt\/fpv\/fpv\/associacoes-regionais\/\">Informa\u00e7\u00f5es Gerais e Programa<br \/>\n(Contactar a respetiva Associa\u00e7\u00e3o Regional) \u25ba<\/a><\/td>\n<td style=\"width: 458px; height: 23px; border-color: #ffffff; border-style: solid; background-color: #f0f0f0; text-align: center;\"><a href=\"https:\/\/www.fpvoleibol.pt\/cursos\/info_abertura_curso_dirigentes_2021_set.pdf\">Abertura do Curso <span style=\"font-family: wingdings, 'zapf dingbats';\">\u25ba<\/span><\/a><br \/>\n<a href=\"https:\/\/www.fpvoleibol.pt\/cursos\/info_curso_dirigentes_2021_set.pdf\">Informa\u00e7\u00e3o Geral \u25ba<\/a><\/td>\n<td style=\"width: 457.5px; height: 23px; text-align: center; border-color: #ffffff; border-style: solid; background-color: #ffffff;\"><\/td>\n<\/tr>\n<tr style=\"height: 23px;\">\n<td style=\"width: 457.5px; height: 23px; text-align: center; background-color: #f0f0f0; border-color: #ffffff; border-style: solid;\"><a href=\"https:\/\/forms.gle\/k2t88oZPMzxAZmxdA\">Formul\u00e1rio de Inscri\u00e7\u00e3o <span style=\"font-family: wingdings, 'zapf dingbats';\">\u25ba<\/span><\/a><\/td>\n<td style=\"width: 458px; height: 23px; border-color: #ffffff; border-style: solid; background-color: #f0f0f0; text-align: center;\"><a href=\"https:\/\/forms.gle\/u8rbg79hhZdHW6ao9\">Formul\u00e1rio de Inscri\u00e7\u00e3o <span style=\"font-family: wingdings, 'zapf dingbats';\">\u25ba<\/span><\/a><\/td>\n<td style=\"width: 457.5px; height: 23px; text-align: center; border-color: #ffffff; border-style: solid; background-color: #ffffff;\"><\/td>\n<\/tr>\n<tr style=\"height: 24px;\">\n<td style=\"width: 457.5px; text-align: center; height: 24px; border-color: #ffffff; border-style: solid;\"><\/td>\n<td style=\"width: 458px; text-align: center; height: 24px; border-color: #ffffff; border-style: solid;\"><\/td>\n<td style=\"width: 457.5px; text-align: center; height: 24px; border-color: #ffffff; border-style: solid;\"><\/td>\n<\/tr>\n<\/tbody>\n<\/table>\n<table style=\"height: 117px; width: 100%; border-collapse: collapse; border-style: solid; border-color: #ffffff;\" border=\"2\" cellspacing=\"0\" cellpadding=\"0\">\n<tbody>\n<tr style=\"height: 47px;\">\n<td style=\"width: 33.3333%; background-color: #0073c4; text-align: center; height: 47px; border-color: #ffffff; border-style: solid;\"><span style=\"color: #ffffff;\"><strong>TREINADORES &#8211; GRAU I<\/strong><\/span><br \/>\n<span style=\"color: #ffffff;\">17-09-2021 a 03-10-2021<\/span><\/td>\n<td style=\"width: 33.3333%; background-color: #0073c4; text-align: center; height: 47px; border-color: #ffffff; border-style: solid;\"><span style=\"color: #ffffff;\"><strong>TREINADORES &#8211; GRAU II<\/strong><\/span><br \/>\n<span style=\"color: #ffffff;\">13-09-2021 a 11-10-2021<\/span><\/td>\n<td style=\"width: 33.3333%; background-color: #485e00; height: 47px; border-color: #ffffff; border-style: solid; text-align: center;\"><span style=\"color: #ffffff;\"><strong>9\u00ba EDI\u00c7\u00c3O DA FORMA\u00c7\u00c3O INICIAL DE DIRIGENTES<\/strong><\/span><br \/>\n<span style=\"color: #ffffff;\">11-10-2021 a 10-12-2021<\/span><\/td>\n<\/tr>\n<tr style=\"height: 23px;\">\n<td style=\"width: 33.3333%; height: 23px; text-align: center; background-color: #f0f0f0; border-color: #ffffff; border-style: solid;\"><a href=\"https:\/\/www.fpvoleibol.pt\/cursos\/info_curso_2021_grau1_set.pdf\">Informa\u00e7\u00e3o Geral <span style=\"font-family: wingdings, 'zapf dingbats';\">\u25ba<\/span><\/a><br \/>\n<a href=\"https:\/\/www.fpvoleibol.pt\/cursos\/horario_curso_2021_grau1_set.pdf\">Tabela de Hor\u00e1rios <span style=\"font-family: wingdings, 'zapf dingbats';\">\u25ba<\/span><\/a><\/td>\n<td style=\"width: 33.3333%; height: 23px; text-align: center; background-color: #f0f0f0; border-color: #ffffff; border-style: solid;\"><a href=\"https:\/\/www.fpvoleibol.pt\/cursos\/info_curso_2021_grau2_set.pdf\">Informa\u00e7\u00e3o dispon\u00edvel \u25ba<\/a><br \/>\n<a href=\"https:\/\/www.fpvoleibol.pt\/cursos\/horario_curso_2021_grau2_set.pdf\">Tabela de Hor\u00e1rios <span style=\"font-family: wingdings, 'zapf dingbats';\">\u25ba<\/span><\/a><\/td>\n<td style=\"width: 33.3333%; height: 23px; text-align: center; background-color: #f0f0f0; border-color: #ffffff; border-style: solid;\"><a href=\"https:\/\/www.fpvoleibol.pt\/cursos\/info_curso_2021_dirigentes_out.pdf\">Informa\u00e7\u00e3o<br \/>\ne Hor\u00e1rios dispon\u00edvel \u25ba<\/a><\/td>\n<\/tr>\n<tr style=\"height: 23px;\">\n<td style=\"width: 33.3333%; height: 23px; text-align: center; background-color: #f0f0f0; border-color: #ffffff; border-style: solid;\"><a href=\"https:\/\/forms.gle\/Picisfq798ZCU4mF6\">Formul\u00e1rio de Inscri\u00e7\u00e3o <span style=\"font-family: wingdings, 'zapf dingbats';\">\u25ba<\/span><\/a><\/td>\n<td style=\"width: 33.3333%; height: 23px; text-align: center; background-color: #f0f0f0; border-color: #ffffff; border-style: solid;\"><a href=\"https:\/\/forms.gle\/JCntethJEGTKY5u78\">Formul\u00e1rio de Inscri\u00e7\u00e3o <span style=\"font-family: wingdings, 'zapf dingbats';\">\u25ba<\/span><\/a><\/td>\n<td style=\"width: 33.3333%; height: 23px; text-align: center; background-color: #f0f0f0; border-color: #ffffff; border-style: solid;\"><a href=\"https:\/\/forms.gle\/Y2GaotB3F62NVP8a9\">Formul\u00e1rio de Inscri\u00e7\u00e3o <span style=\"font-family: wingdings, 'zapf dingbats';\">\u25ba<\/span><\/a><\/td>\n<\/tr>\n<tr style=\"height: 24px;\">\n<td style=\"width: 33.3333%; text-align: center; height: 24px; border-color: #ffffff; border-style: solid;\"><\/td>\n<td style=\"width: 33.3333%; text-align: center; height: 24px; border-color: #ffffff; border-style: solid;\"><\/td>\n<td style=\"width: 33.3333%; text-align: center; height: 24px; border-color: #ffffff; border-style: solid;\"><\/td>\n<\/tr>\n<\/tbody>\n<\/table>\n<table style=\"height: 210px; width: 100%; border-collapse: collapse; border-style: solid; border-color: #ffffff;\" border=\"2\" cellspacing=\"0\" cellpadding=\"0\">\n<tbody>\n<tr style=\"height: 47px;\">\n<td style=\"width: 33.3333%; background-color: #0073c4; text-align: center; height: 47px; border-color: #ffffff; border-style: solid;\"><span style=\"color: #ffffff;\"><strong>TREINADORES &#8211; GRAU I<\/strong><\/span><br \/>\n<span style=\"color: #ffffff;\">28-04-2021 a 16-05-2021<\/span><\/td>\n<td style=\"width: 33.3333%; background-color: #0073c4; text-align: center; height: 47px; border-color: #ffffff; border-style: solid;\"><span style=\"color: #ffffff;\"><strong>TREINADORES &#8211; GRAU II<\/strong><\/span><br \/>\n<span style=\"color: #ffffff;\">19-05-2021 a 13-06-2021<\/span><\/td>\n<td style=\"width: 33.3333%; background-color: #0073c4; text-align: center; height: 47px; border-color: #ffffff; border-style: solid;\"><span style=\"color: #ffffff;\"><strong>TREINADORES &#8211; GRAU III<\/strong><\/span><br \/>\n<span style=\"color: #ffffff;\">[07-07-2021 a 28-07-2021)<\/span><\/td>\n<\/tr>\n<tr style=\"height: 23px;\">\n<td style=\"width: 33.3333%; height: 23px; text-align: center; background-color: #f0f0f0; border-color: #ffffff; border-style: solid;\"><a href=\"https:\/\/www.fpvoleibol.pt\/cursos\/info_curso_2021_grau1.pdf\">Informa\u00e7\u00e3o Geral <span style=\"font-family: wingdings, 'zapf dingbats';\">\u25ba<\/span><\/a><br \/>\n<a href=\"https:\/\/www.fpvoleibol.pt\/cursos\/horario_curso_2021_grau1.pdf\">Tabela de Hor\u00e1rios <span style=\"font-family: wingdings, 'zapf dingbats';\">\u25ba<\/span><\/a><\/td>\n<td style=\"width: 33.3333%; height: 23px; text-align: center; background-color: #f0f0f0; border-color: #ffffff; border-style: solid;\"><a href=\"https:\/\/www.fpvoleibol.pt\/cursos\/info_curso_2021_grau2.pdf\">Informa\u00e7\u00e3o dispon\u00edvel \u25ba<\/a><br \/>\n<a href=\"https:\/\/www.fpvoleibol.pt\/cursos\/horario_curso_2021_grau2.pdf\">Tabela de Hor\u00e1rios <span style=\"font-family: wingdings, 'zapf dingbats';\">\u25ba<\/span><\/a><\/td>\n<td style=\"width: 33.3333%; height: 23px; text-align: center; background-color: #f0f0f0; border-color: #ffffff; border-style: solid;\"><a href=\"https:\/\/www.fpvoleibol.pt\/cursos\/info_curso_2021_grau3.pdf\">Informa\u00e7\u00e3o dispon\u00edvel \u25ba<\/a><br \/>\n<a href=\"https:\/\/www.fpvoleibol.pt\/cursos\/horario_curso_2021_grau3.pdf\">Tabela de Hor\u00e1rios <span style=\"font-family: wingdings, 'zapf dingbats';\">\u25ba<\/span><\/a><\/td>\n<\/tr>\n<tr style=\"height: 23px;\">\n<td style=\"width: 33.3333%; height: 23px; text-align: center; background-color: #f0f0f0; border-color: #ffffff; border-style: solid;\"><a href=\"https:\/\/forms.gle\/JdCj4dZ812VEUTkn7\">Formul\u00e1rio de Inscri\u00e7\u00e3o <span style=\"font-family: wingdings, 'zapf dingbats';\">\u25ba<\/span><\/a><\/td>\n<td style=\"width: 33.3333%; height: 23px; text-align: center; background-color: #f0f0f0; border-color: #ffffff; border-style: solid;\"><a href=\"https:\/\/forms.gle\/jrTsBTCwVRnukNhG6\">Formul\u00e1rio de Inscri\u00e7\u00e3o <span style=\"font-family: wingdings, 'zapf dingbats';\">\u25ba<\/span><\/a><\/td>\n<td style=\"width: 33.3333%; height: 23px; text-align: center; background-color: #f0f0f0; border-color: #ffffff; border-style: solid;\"><a href=\"https:\/\/forms.gle\/gypPyQwXwp5BaRLFA\" target=\"_blank\" rel=\"noopener noreferrer\">Formul\u00e1rio de Inscri\u00e7\u00e3o <span style=\"font-family: wingdings, 'zapf dingbats';\">\u25ba<\/span><\/a><\/td>\n<\/tr>\n<tr style=\"height: 24px;\">\n<td style=\"width: 33.3333%; text-align: center; height: 24px; border-color: #ffffff; border-style: solid;\"><\/td>\n<td style=\"width: 33.3333%; text-align: center; height: 24px; border-color: #ffffff; border-style: solid;\"><\/td>\n<td style=\"width: 33.3333%; text-align: center; height: 24px; border-color: #ffffff; border-style: solid;\"><\/td>\n<\/tr>\n<tr style=\"height: 47px;\">\n<td style=\"width: 33.3333%; background-color: #0073c4; text-align: center; height: 47px; border-color: #ffffff; border-style: solid;\"><span style=\"color: #ffffff;\"><strong>TREINADORES &#8211; GRAU I<\/strong><\/span><br \/>\n<span style=\"color: #ffffff;\">18-06-2021 a 04-07-2021<\/span><\/td>\n<td style=\"width: 33.3333%; text-align: center; height: 47px; border-color: #ffffff; border-style: solid;\"><\/td>\n<td style=\"width: 33.3333%; text-align: center; height: 47px; border-color: #ffffff; border-style: solid;\"><\/td>\n<\/tr>\n<tr style=\"height: 23px;\">\n<td style=\"width: 33.3333%; height: 23px; text-align: center; background-color: #f0f0f0; border-color: #ffffff; border-style: solid;\"><a href=\"https:\/\/www.fpvoleibol.pt\/cursos\/info_curso_2021_grau1a.pdf\">Informa\u00e7\u00e3o Geral <span style=\"font-family: wingdings, 'zapf dingbats';\">\u25ba<\/span><\/a><br \/>\n<a href=\"https:\/\/www.fpvoleibol.pt\/cursos\/horario_curso_2021_grau1a.pdf\">Tabela de Hor\u00e1rios <span style=\"font-family: wingdings, 'zapf dingbats';\">\u25ba<\/span><\/a><\/td>\n<td style=\"width: 33.3333%; text-align: center; height: 23px; border-color: #ffffff; border-style: solid;\"><\/td>\n<td style=\"width: 33.3333%; text-align: center; height: 23px; border-color: #ffffff; border-style: solid;\"><\/td>\n<\/tr>\n<tr style=\"height: 23px;\">\n<td style=\"width: 33.3333%; height: 23px; text-align: center; background-color: #f0f0f0; border-color: #ffffff; border-style: solid;\"><a href=\"https:\/\/forms.gle\/n3pTdqNz9X17embe7\" target=\"_blank\" rel=\"noopener noreferrer\">Formul\u00e1rio de Inscri\u00e7\u00e3o <span style=\"font-family: wingdings, 'zapf dingbats';\">\u25ba<\/span><\/a><\/td>\n<td style=\"width: 33.3333%; text-align: center; height: 23px; border-color: #ffffff; border-style: solid;\"><\/td>\n<td style=\"width: 33.3333%; text-align: center; height: 23px; border-color: #ffffff; border-style: solid;\"><\/td>\n<\/tr>\n<\/tbody>\n<\/table>\n<table style=\"height: 210px; width: 100%; border-collapse: collapse; border-style: solid; border-color: #ffffff;\" border=\"2\" cellspacing=\"0\" cellpadding=\"0\">\n<tbody>\n<tr style=\"height: 24px;\">\n<td style=\"width: 33.3333%; text-align: center; height: 24px; border-color: #ffffff; border-style: solid;\"><\/td>\n<td style=\"width: 33.3333%; text-align: center; height: 24px; border-color: #ffffff; border-style: solid;\"><\/td>\n<td style=\"width: 33.3333%; text-align: center; height: 24px; border-color: #ffffff; border-style: solid;\"><\/td>\n<\/tr>\n<tr style=\"height: 47px;\">\n<td style=\"width: 33.3333%; background-color: #c44b00; height: 47px; border-color: #ffffff; border-style: solid; text-align: center;\"><span style=\"color: #ffffff;\"><strong>II ENCONTRO NACIONAL DE VOLEIBOL DE PRAIA<\/strong><\/span><br \/>\n<span style=\"color: #ffffff;\">09-08-2021 e 12-08-2021<\/span><\/td>\n<td style=\"width: 33.3333%; text-align: center; height: 47px; border-color: #ffffff; border-style: solid;\"><\/td>\n<td style=\"width: 33.3333%; text-align: center; height: 47px; border-color: #ffffff; border-style: solid;\"><\/td>\n<\/tr>\n<tr style=\"height: 23px;\">\n<td style=\"width: 33.3333%; height: 23px; text-align: center; background-color: #f0f0f0; border-color: #ffffff; border-style: solid;\"><a href=\"https:\/\/fpvoleibol.pt\/fpv\/wp-content\/uploads\/2021\/08\/2_envp_2021.pdf\">Informa\u00e7\u00e3o Geral <span style=\"font-family: wingdings, 'zapf dingbats';\">\u25ba<\/span><\/a><\/td>\n<td style=\"width: 33.3333%; text-align: center; height: 23px; border-color: #ffffff; border-style: solid;\"><\/td>\n<td style=\"width: 33.3333%; text-align: center; height: 23px; border-color: #ffffff; border-style: solid;\"><\/td>\n<\/tr>\n<tr style=\"height: 23px;\">\n<td style=\"width: 33.3333%; height: 23px; text-align: center; background-color: #f0f0f0; border-color: #ffffff; border-style: solid;\"><a href=\"https:\/\/forms.gle\/4J9MbD3guUMcc6ns5\" target=\"_blank\" rel=\"noopener noreferrer\">Formul\u00e1rio de Inscri\u00e7\u00e3o <span style=\"font-family: wingdings, 'zapf dingbats';\">\u25ba<\/span><\/a><\/td>\n<td style=\"width: 33.3333%; text-align: center; height: 23px; border-color: #ffffff; border-style: solid;\"><\/td>\n<td style=\"width: 33.3333%; text-align: center; height: 23px; border-color: #ffffff; border-style: solid;\"><\/td>\n<\/tr>\n<\/tbody>\n<\/table>\n<p>&nbsp;<\/p>\n","protected":false},"excerpt":{"rendered":"<p>CURSOS DE VOLEIBOL 2021 FORMA\u00c7\u00c3O CONT\u00cdNUA DE TREINADORES &#8220;QUERO JOGAR VOLEIBOL&#8221; [DEZEMBRO-2021] FORMA\u00c7\u00c3O DE DIRIGENTES DESPORTIVOS 20, 22, 24-09-2021 Informa\u00e7\u00f5es Gerais e Programa (Contactar a respetiva Associa\u00e7\u00e3o Regional) \u25ba Abertura [&hellip;]<\/p>\n","protected":false},"author":1,"featured_media":8799,"parent":4655,"menu_order":0,"comment_status":"closed","ping_status":"closed","template":"","meta":{"_monsterinsights_skip_tracking":false,"_monsterinsights_sitenote_active":false,"_monsterinsights_sitenote_note":"","_monsterinsights_sitenote_category":0,"footnotes":""},"class_list":["post-4657","page","type-page","status-publish","has-post-thumbnail","czr-hentry"],"aioseo_notices":[],"_links":{"self":[{"href":"https:\/\/fpvoleibol.pt\/fpv\/wp-json\/wp\/v2\/pages\/4657","targetHints":{"allow":["GET"]}}],"collection":[{"href":"https:\/\/fpvoleibol.pt\/fpv\/wp-json\/wp\/v2\/pages"}],"about":[{"href":"https:\/\/fpvoleibol.pt\/fpv\/wp-json\/wp\/v2\/types\/page"}],"author":[{"embeddable":true,"href":"https:\/\/fpvoleibol.pt\/fpv\/wp-json\/wp\/v2\/users\/1"}],"replies":[{"embeddable":true,"href":"https:\/\/fpvoleibol.pt\/fpv\/wp-json\/wp\/v2\/comments?post=4657"}],"version-history":[{"count":40,"href":"https:\/\/fpvoleibol.pt\/fpv\/wp-json\/wp\/v2\/pages\/4657\/revisions"}],"predecessor-version":[{"id":11732,"href":"https:\/\/fpvoleibol.pt\/fpv\/wp-json\/wp\/v2\/pages\/4657\/revisions\/11732"}],"up":[{"embeddable":true,"href":"https:\/\/fpvoleibol.pt\/fpv\/wp-json\/wp\/v2\/pages\/4655"}],"wp:featuredmedia":[{"embeddable":true,"href":"https:\/\/fpvoleibol.pt\/fpv\/wp-json\/wp\/v2\/media\/8799"}],"wp:attachment":[{"href":"https:\/\/fpvoleibol.pt\/fpv\/wp-json\/wp\/v2\/media?parent=4657"}],"curies":[{"name":"wp","href":"https:\/\/api.w.org\/{rel}","templated":true}]}}