{"id":46107,"date":"2026-03-19T15:27:14","date_gmt":"2026-03-19T15:27:14","guid":{"rendered":"https:\/\/fpvoleibol.pt\/fpv\/?page_id=46107"},"modified":"2026-03-19T15:28:39","modified_gmt":"2026-03-19T15:28:39","slug":"data-volley-2026","status":"publish","type":"page","link":"https:\/\/fpvoleibol.pt\/fpv\/formacao\/data-volley-2026\/","title":{"rendered":"DATA VOLLEY 2026"},"content":{"rendered":"<p style=\"text-align: center;\"><img loading=\"lazy\" decoding=\"async\" class=\"alignnone wp-image-46108 size-full\" src=\"https:\/\/fpvoleibol.pt\/fpv\/wp-content\/uploads\/2026\/03\/titulo_datavolley26.png\" alt=\"\" width=\"800\" height=\"206\" srcset=\"https:\/\/fpvoleibol.pt\/fpv\/wp-content\/uploads\/2026\/03\/titulo_datavolley26.png 800w, https:\/\/fpvoleibol.pt\/fpv\/wp-content\/uploads\/2026\/03\/titulo_datavolley26-300x77.png 300w, https:\/\/fpvoleibol.pt\/fpv\/wp-content\/uploads\/2026\/03\/titulo_datavolley26-768x198.png 768w\" sizes=\"auto, (max-width: 800px) 100vw, 800px\" \/><\/p>\n<p style=\"text-align: center;\"><img loading=\"lazy\" decoding=\"async\" class=\"alignnone wp-image-46109 size-full\" src=\"https:\/\/fpvoleibol.pt\/fpv\/wp-content\/uploads\/2026\/03\/acao_formacao_datavolley26.png\" alt=\"\" width=\"800\" height=\"114\" srcset=\"https:\/\/fpvoleibol.pt\/fpv\/wp-content\/uploads\/2026\/03\/acao_formacao_datavolley26.png 800w, https:\/\/fpvoleibol.pt\/fpv\/wp-content\/uploads\/2026\/03\/acao_formacao_datavolley26-300x43.png 300w, https:\/\/fpvoleibol.pt\/fpv\/wp-content\/uploads\/2026\/03\/acao_formacao_datavolley26-768x109.png 768w\" sizes=\"auto, (max-width: 800px) 100vw, 800px\" \/><\/p>\n<table class=\" aligncenter\" style=\"width: 100%; border-collapse: collapse;\" cellspacing=\"0\" cellpadding=\"0\">\n<tbody>\n<tr>\n<td style=\"text-align: justify; width: 99.855%;\" colspan=\"3\">A Federa\u00e7\u00e3o Portuguesa de Voleibol (FPV) e o Instituto Polit\u00e9cnico da Maia (IPMAIA), est\u00e3o a promover uma iniciativa formativa avan\u00e7ada, focada na integra\u00e7\u00e3o de tecnologia e an\u00e1lise estat\u00edstica no voleibol, direcionada a alunos de Desporto e Educa\u00e7\u00e3o F\u00edsica, professores e treinadores.<\/p>\n<p>Este evento visa elevar o padr\u00e3o t\u00e9cnico do campeonato nacional atrav\u00e9s do uso de ferramentas como o Data Volley, essenciais para a an\u00e1lise de desempenho individual e coletivo.<\/td>\n<\/tr>\n<tr>\n<td style=\"text-align: center; width: 33.285%;\" colspan=\"2\"><span style=\"color: #333333;\"><a href=\"https:\/\/fpvoleibol.pt\/fpv\/wp-content\/uploads\/2026\/03\/programa_datavolley_ipmaia2026.pdf\" target=\"_blank\" rel=\"noopener\"><img loading=\"lazy\" decoding=\"async\" class=\"alignnone wp-image-46110 size-full\" src=\"https:\/\/fpvoleibol.pt\/fpv\/wp-content\/uploads\/2026\/03\/programa_datavolley25.png\" alt=\"\" width=\"300\" height=\"101\" \/><\/a><\/span><\/td>\n<td style=\"text-align: center; width: 33.285%;\"><span style=\"color: #333333;\"><a href=\"https:\/\/forms.gle\/FDNbQKMn2cYDqvGt7\" target=\"_blank\" rel=\"noopener\"><img loading=\"lazy\" decoding=\"async\" class=\"alignnone wp-image-46111 size-full\" src=\"https:\/\/fpvoleibol.pt\/fpv\/wp-content\/uploads\/2026\/03\/formulario_datavolley25.png\" alt=\"\" width=\"300\" height=\"101\" \/><\/a><\/span><\/td>\n<\/tr>\n<\/tbody>\n<\/table>\n<p><img loading=\"lazy\" decoding=\"async\" class=\"wp-image-46112 size-full aligncenter\" src=\"https:\/\/fpvoleibol.pt\/fpv\/wp-content\/uploads\/2026\/03\/inscricao_datavolley25.png\" alt=\"\" width=\"800\" height=\"95\" srcset=\"https:\/\/fpvoleibol.pt\/fpv\/wp-content\/uploads\/2026\/03\/inscricao_datavolley25.png 800w, https:\/\/fpvoleibol.pt\/fpv\/wp-content\/uploads\/2026\/03\/inscricao_datavolley25-300x36.png 300w, https:\/\/fpvoleibol.pt\/fpv\/wp-content\/uploads\/2026\/03\/inscricao_datavolley25-768x91.png 768w\" sizes=\"auto, (max-width: 800px) 100vw, 800px\" \/><\/p>\n<p>&nbsp;<\/p>\n<hr \/>\n<p style=\"text-align: center;\"><a href=\"https:\/\/fpvoleibol.pt\/fpv\/wp-content\/uploads\/2026\/03\/poster_accao_datavolley26.jpg\"><img loading=\"lazy\" decoding=\"async\" class=\"alignnone wp-image-46113 size-large\" src=\"https:\/\/fpvoleibol.pt\/fpv\/wp-content\/uploads\/2026\/03\/poster_accao_datavolley26-724x1024.jpg\" alt=\"\" width=\"724\" height=\"1024\" srcset=\"https:\/\/fpvoleibol.pt\/fpv\/wp-content\/uploads\/2026\/03\/poster_accao_datavolley26-724x1024.jpg 724w, https:\/\/fpvoleibol.pt\/fpv\/wp-content\/uploads\/2026\/03\/poster_accao_datavolley26-212x300.jpg 212w, https:\/\/fpvoleibol.pt\/fpv\/wp-content\/uploads\/2026\/03\/poster_accao_datavolley26-768x1086.jpg 768w, https:\/\/fpvoleibol.pt\/fpv\/wp-content\/uploads\/2026\/03\/poster_accao_datavolley26-1086x1536.jpg 1086w, https:\/\/fpvoleibol.pt\/fpv\/wp-content\/uploads\/2026\/03\/poster_accao_datavolley26.jpg 1358w\" sizes=\"auto, (max-width: 724px) 100vw, 724px\" \/><\/a><\/p>\n","protected":false},"excerpt":{"rendered":"<p>A Federa\u00e7\u00e3o Portuguesa de Voleibol (FPV) e o Instituto Polit\u00e9cnico da Maia (IPMAIA), est\u00e3o a promover uma iniciativa formativa avan\u00e7ada, focada na integra\u00e7\u00e3o de tecnologia e an\u00e1lise estat\u00edstica no voleibol, [&hellip;]<\/p>\n","protected":false},"author":1,"featured_media":46114,"parent":4655,"menu_order":0,"comment_status":"closed","ping_status":"closed","template":"","meta":{"_monsterinsights_skip_tracking":false,"_monsterinsights_sitenote_active":false,"_monsterinsights_sitenote_note":"","_monsterinsights_sitenote_category":0,"footnotes":""},"class_list":["post-46107","page","type-page","status-publish","has-post-thumbnail","czr-hentry"],"aioseo_notices":[],"_links":{"self":[{"href":"https:\/\/fpvoleibol.pt\/fpv\/wp-json\/wp\/v2\/pages\/46107","targetHints":{"allow":["GET"]}}],"collection":[{"href":"https:\/\/fpvoleibol.pt\/fpv\/wp-json\/wp\/v2\/pages"}],"about":[{"href":"https:\/\/fpvoleibol.pt\/fpv\/wp-json\/wp\/v2\/types\/page"}],"author":[{"embeddable":true,"href":"https:\/\/fpvoleibol.pt\/fpv\/wp-json\/wp\/v2\/users\/1"}],"replies":[{"embeddable":true,"href":"https:\/\/fpvoleibol.pt\/fpv\/wp-json\/wp\/v2\/comments?post=46107"}],"version-history":[{"count":4,"href":"https:\/\/fpvoleibol.pt\/fpv\/wp-json\/wp\/v2\/pages\/46107\/revisions"}],"predecessor-version":[{"id":46134,"href":"https:\/\/fpvoleibol.pt\/fpv\/wp-json\/wp\/v2\/pages\/46107\/revisions\/46134"}],"up":[{"embeddable":true,"href":"https:\/\/fpvoleibol.pt\/fpv\/wp-json\/wp\/v2\/pages\/4655"}],"wp:featuredmedia":[{"embeddable":true,"href":"https:\/\/fpvoleibol.pt\/fpv\/wp-json\/wp\/v2\/media\/46114"}],"wp:attachment":[{"href":"https:\/\/fpvoleibol.pt\/fpv\/wp-json\/wp\/v2\/media?parent=46107"}],"curies":[{"name":"wp","href":"https:\/\/api.w.org\/{rel}","templated":true}]}}