{"id":461,"date":"2020-02-05T10:53:14","date_gmt":"2020-02-05T10:53:14","guid":{"rendered":"https:\/\/fpvoleibol.pt\/fpv\/?page_id=461"},"modified":"2025-08-05T09:11:23","modified_gmt":"2025-08-05T08:11:23","slug":"associacao-de-voleibol-de-braga","status":"publish","type":"page","link":"https:\/\/fpvoleibol.pt\/fpv\/documentacao\/contratos-programa\/associacao-de-voleibol-de-braga\/","title":{"rendered":"Associa\u00e7\u00e3o de Voleibol de Braga"},"content":{"rendered":"<p><span style=\"font-size: 14pt; color: #003e6b;\"><strong>2025<\/strong><\/span><\/p>\n<ul style=\"list-style-type: disc;\">\n<li>Projectos <a href=\"https:\/\/www.fpvoleibol.pt\/documentacao\/contratos_programa\/associacoes_regionais\/avb\/2025_projectos.pdf\">[PDF]<\/a><\/li>\n<li>Actividades Regulares <a href=\"https:\/\/www.fpvoleibol.pt\/documentacao\/contratos_programa\/associacoes_regionais\/avb\/2025_actividades_regulares.pdf\">[PDF]<\/a><\/li>\n<li>Enquadramento T\u00e9cnico <a href=\"https:\/\/www.fpvoleibol.pt\/documentacao\/contratos_programa\/associacoes_regionais\/avb\/2025_enquadramento_tecnico.pdf\">[PDF]<\/a><\/li>\n<\/ul>\n<p><span style=\"font-size: 14pt; color: #003e6b;\"><strong>2024<\/strong><\/span><\/p>\n<ul style=\"list-style-type: disc;\">\n<li>Projectos <a href=\"https:\/\/www.fpvoleibol.pt\/documentacao\/contratos_programa\/associacoes_regionais\/avb\/2024_projectos.pdf\">[PDF]<\/a><\/li>\n<li>Actividades Regulares <a href=\"https:\/\/www.fpvoleibol.pt\/documentacao\/contratos_programa\/associacoes_regionais\/avb\/2024_actividades_regulares.pdf\">[PDF]<\/a><\/li>\n<li>Enquadramento T\u00e9cnico <a href=\"https:\/\/www.fpvoleibol.pt\/documentacao\/contratos_programa\/associacoes_regionais\/avb\/2024_enquadramento_tecnico.pdf\">[PDF]<\/a><\/li>\n<\/ul>\n<p><span style=\"font-size: 14pt; color: #003e6b;\"><strong>2023<\/strong><\/span><\/p>\n<ul style=\"list-style-type: disc;\">\n<li>Projectos <a href=\"https:\/\/www.fpvoleibol.pt\/documentacao\/contratos_programa\/associacoes_regionais\/avb\/2023_projectos.pdf\">[PDF]<\/a><\/li>\n<li>Actividades Regulares <a href=\"https:\/\/www.fpvoleibol.pt\/documentacao\/contratos_programa\/associacoes_regionais\/avb\/2023_actividades_regulares.pdf\">[PDF]<\/a><\/li>\n<li>Enquadramento T\u00e9cnico <a href=\"https:\/\/www.fpvoleibol.pt\/documentacao\/contratos_programa\/associacoes_regionais\/avb\/2023_enquadramento_tecnico.pdf\">[PDF]<\/a><\/li>\n<\/ul>\n<p><span style=\"font-size: 14pt; color: #003e6b;\"><strong>2022<\/strong><\/span><\/p>\n<ul style=\"list-style-type: disc;\">\n<li>Projectos <a href=\"https:\/\/www.fpvoleibol.pt\/documentacao\/contratos_programa\/associacoes_regionais\/avb\/2022_projectos.pdf\">[PDF]<\/a><\/li>\n<li>Actividades Regulares <a href=\"https:\/\/www.fpvoleibol.pt\/documentacao\/contratos_programa\/associacoes_regionais\/avb\/2022_actividades_regulares.pdf\">[PDF]<\/a><\/li>\n<li>Enquadramento T\u00e9cnico <a href=\"https:\/\/www.fpvoleibol.pt\/documentacao\/contratos_programa\/associacoes_regionais\/avb\/2022_enquadramento_tecnico.pdf\">[PDF]<\/a><\/li>\n<\/ul>\n<p><span style=\"font-size: 14pt; color: #003e6b;\"><strong>2021<\/strong><\/span><\/p>\n<ul style=\"list-style-type: disc;\">\n<li>Projectos <a href=\"https:\/\/www.fpvoleibol.pt\/documentacao\/contratos_programa\/associacoes_regionais\/avb\/2021_projectos.pdf\">[PDF]<\/a><\/li>\n<li>Actividades Regulares <a href=\"https:\/\/www.fpvoleibol.pt\/documentacao\/contratos_programa\/associacoes_regionais\/avb\/2021_actividades_regulares.pdf\">[PDF]<\/a><\/li>\n<li>Enquadramento T\u00e9cnico <a href=\"https:\/\/www.fpvoleibol.pt\/documentacao\/contratos_programa\/associacoes_regionais\/avb\/2021_enquadramento_tecnico.pdf\">[PDF]<\/a><\/li>\n<\/ul>\n<p><span style=\"font-size: 14pt; color: #003e6b;\"><strong>2020<\/strong><\/span><\/p>\n<ul style=\"list-style-type: disc;\">\n<li>Projectos <a href=\"https:\/\/www.fpvoleibol.pt\/documentacao\/contratos_programa\/associacoes_regionais\/avb\/2020_projectos.pdf\">[PDF]<\/a><\/li>\n<li>Actividades Regulares <a href=\"https:\/\/www.fpvoleibol.pt\/documentacao\/contratos_programa\/associacoes_regionais\/avb\/2020_actividades_regulares.pdf\">[PDF]<\/a><\/li>\n<li>Enquadramento T\u00e9cnico <a href=\"https:\/\/www.fpvoleibol.pt\/documentacao\/contratos_programa\/associacoes_regionais\/avb\/2020_enquadramento_tecnico.pdf\">[PDF]<\/a><\/li>\n<\/ul>\n<p><span style=\"font-size: 14pt; color: #003e6b;\"><strong>2019<\/strong><\/span><\/p>\n<ul style=\"list-style-type: disc;\">\n<li>Projectos <a href=\"https:\/\/www.fpvoleibol.pt\/documentacao\/contratos_programa\/associacoes_regionais\/avb\/2019_projectos.pdf\">[PDF]<\/a><\/li>\n<li>Actividades Regulares <a href=\"https:\/\/www.fpvoleibol.pt\/documentacao\/contratos_programa\/associacoes_regionais\/avb\/2019_actividades_regulares.pdf\">[PDF]<\/a><\/li>\n<li>Enquadramento T\u00e9cnico <a href=\"https:\/\/www.fpvoleibol.pt\/documentacao\/contratos_programa\/associacoes_regionais\/avb\/2019_enquadramento_tecnico.pdf\">[PDF]<\/a><\/li>\n<\/ul>\n<p><span style=\"font-size: 14pt; color: #003e6b;\"><strong>2018<\/strong><\/span><\/p>\n<ul style=\"list-style-type: disc;\">\n<li>Projectos <a href=\"https:\/\/www.fpvoleibol.pt\/documentacao\/contratos_programa\/associacoes_regionais\/avb\/2018_projectos.pdf\">[PDF]<\/a><\/li>\n<li>Actividades Regulares <a href=\"https:\/\/www.fpvoleibol.pt\/documentacao\/contratos_programa\/associacoes_regionais\/avb\/2018_actividades_regulares.pdf\">[PDF]<\/a><\/li>\n<li>Enquadramento T\u00e9cnico <a href=\"https:\/\/www.fpvoleibol.pt\/documentacao\/contratos_programa\/associacoes_regionais\/avb\/2018_enquadramento_tecnico.pdf\">[PDF]<\/a><\/li>\n<\/ul>\n<p><span style=\"font-size: 14pt; color: #003e6b;\"><strong>2017<\/strong><\/span><\/p>\n<ul style=\"list-style-type: disc;\">\n<li>Projectos <a href=\"https:\/\/www.fpvoleibol.pt\/documentacao\/contratos_programa\/associacoes_regionais\/avb\/2017_projectos.pdf\">[PDF]<\/a><\/li>\n<li>Actividades Regulares <a href=\"https:\/\/www.fpvoleibol.pt\/documentacao\/contratos_programa\/associacoes_regionais\/avb\/2017_actividades_regulares.pdf\">[PDF]<\/a><\/li>\n<li>Enquadramento T\u00e9cnico <a href=\"https:\/\/www.fpvoleibol.pt\/documentacao\/contratos_programa\/associacoes_regionais\/avb\/2017_enquadramento_tecnico.pdf\">[PDF]<\/a><\/li>\n<li>Campeonatos <a href=\"https:\/\/www.fpvoleibol.pt\/documentacao\/contratos_programa\/associacoes_regionais\/avb\/2017_campeonatos.pdf\">[PDF]<\/a><\/li>\n<\/ul>\n<p><span style=\"font-size: 14pt; color: #003e6b;\"><strong>2016<\/strong><\/span><\/p>\n<ul style=\"list-style-type: disc;\">\n<li>Actividades Regulares <a href=\"https:\/\/www.fpvoleibol.pt\/documentacao\/contratos_programa\/associacoes_regionais\/avb\/2016_actividades_regulares.pdf\">[PDF]<\/a><\/li>\n<li>Campeonatos <a href=\"https:\/\/www.fpvoleibol.pt\/documentacao\/contratos_programa\/associacoes_regionais\/avb\/2016_campeonatos.pdf\">[PDF]<\/a><\/li>\n<\/ul>\n<p><span style=\"font-size: 14pt; color: #003e6b;\"><strong>2015<\/strong><\/span><\/p>\n<ul style=\"list-style-type: disc;\">\n<li>Projectos <a href=\"https:\/\/www.fpvoleibol.pt\/documentacao\/contratos_programa\/associacoes_regionais\/avb\/2015_projectos.pdf\">[PDF]<\/a><\/li>\n<li>Actividades Regulares <a href=\"https:\/\/www.fpvoleibol.pt\/documentacao\/contratos_programa\/associacoes_regionais\/avb\/2015_actividades_regulares.pdf\">[PDF]<\/a><\/li>\n<li>Campeonatos <a href=\"https:\/\/www.fpvoleibol.pt\/documentacao\/contratos_programa\/associacoes_regionais\/avb\/2015_campeonatos.pdf\">[PDF]<\/a><\/li>\n<\/ul>\n<p><span style=\"font-size: 14pt; color: #003e6b;\"><strong>2014<\/strong><\/span><\/p>\n<ul style=\"list-style-type: disc;\">\n<li>Projectos <a href=\"https:\/\/www.fpvoleibol.pt\/documentacao\/contratos_programa\/associacoes_regionais\/avb\/2014_projectos.pdf\">[PDF]<\/a><\/li>\n<li>Actividades Regulares <a href=\"https:\/\/www.fpvoleibol.pt\/documentacao\/contratos_programa\/associacoes_regionais\/avb\/2014_actividades_regulares.pdf\">[PDF]<\/a><\/li>\n<li>Forma\u00e7\u00e3o <a href=\"https:\/\/www.fpvoleibol.pt\/documentacao\/contratos_programa\/associacoes_regionais\/avb\/2014_formacao.pdf\">[PDF]<\/a><\/li>\n<\/ul>\n<p><span style=\"font-size: 14pt; color: #003e6b;\"><strong>2013<\/strong><\/span><\/p>\n<ul style=\"list-style-type: disc;\">\n<li>Actividades Regulares <a href=\"https:\/\/www.fpvoleibol.pt\/documentacao\/contratos_programa\/associacoes_regionais\/avb\/2013_actividades_regulares.pdf\">[PDF]<\/a><\/li>\n<li>Campeonatos <a href=\"https:\/\/www.fpvoleibol.pt\/documentacao\/contratos_programa\/associacoes_regionais\/avb\/2013_campeonatos.pdf\">[PDF]<\/a><\/li>\n<\/ul>\n<p><span style=\"font-size: 14pt; color: #003e6b;\"><strong>2012<\/strong><\/span><\/p>\n<ul style=\"list-style-type: disc;\">\n<li>Actividades Regulares <a href=\"https:\/\/www.fpvoleibol.pt\/documentacao\/contratos_programa\/associacoes_regionais\/avb\/2012_actividades_regulares.pdf\">[PDF]<\/a><\/li>\n<\/ul>\n<p><span style=\"font-size: 14pt; color: #003e6b;\"><strong>2011<\/strong><\/span><\/p>\n<ul style=\"list-style-type: disc;\">\n<li>Actividades Regulares <a href=\"https:\/\/www.fpvoleibol.pt\/documentacao\/contratos_programa\/associacoes_regionais\/avb\/2011_actividades_regulares.pdf\">[PDF]<\/a><\/li>\n<\/ul>\n","protected":false},"excerpt":{"rendered":"<p>2025 Projectos [PDF] Actividades Regulares [PDF] Enquadramento T\u00e9cnico [PDF] 2024 Projectos [PDF] Actividades Regulares [PDF] Enquadramento T\u00e9cnico [PDF] 2023 Projectos [PDF] Actividades Regulares [PDF] Enquadramento T\u00e9cnico [PDF] 2022 Projectos [PDF] [&hellip;]<\/p>\n","protected":false},"author":1,"featured_media":0,"parent":439,"menu_order":0,"comment_status":"closed","ping_status":"closed","template":"","meta":{"_monsterinsights_skip_tracking":false,"_monsterinsights_sitenote_active":false,"_monsterinsights_sitenote_note":"","_monsterinsights_sitenote_category":0,"footnotes":""},"class_list":["post-461","page","type-page","status-publish","czr-hentry"],"aioseo_notices":[],"_links":{"self":[{"href":"https:\/\/fpvoleibol.pt\/fpv\/wp-json\/wp\/v2\/pages\/461","targetHints":{"allow":["GET"]}}],"collection":[{"href":"https:\/\/fpvoleibol.pt\/fpv\/wp-json\/wp\/v2\/pages"}],"about":[{"href":"https:\/\/fpvoleibol.pt\/fpv\/wp-json\/wp\/v2\/types\/page"}],"author":[{"embeddable":true,"href":"https:\/\/fpvoleibol.pt\/fpv\/wp-json\/wp\/v2\/users\/1"}],"replies":[{"embeddable":true,"href":"https:\/\/fpvoleibol.pt\/fpv\/wp-json\/wp\/v2\/comments?post=461"}],"version-history":[{"count":14,"href":"https:\/\/fpvoleibol.pt\/fpv\/wp-json\/wp\/v2\/pages\/461\/revisions"}],"predecessor-version":[{"id":41936,"href":"https:\/\/fpvoleibol.pt\/fpv\/wp-json\/wp\/v2\/pages\/461\/revisions\/41936"}],"up":[{"embeddable":true,"href":"https:\/\/fpvoleibol.pt\/fpv\/wp-json\/wp\/v2\/pages\/439"}],"wp:attachment":[{"href":"https:\/\/fpvoleibol.pt\/fpv\/wp-json\/wp\/v2\/media?parent=461"}],"curies":[{"name":"wp","href":"https:\/\/api.w.org\/{rel}","templated":true}]}}