{"id":44618,"date":"2025-12-19T15:34:44","date_gmt":"2025-12-19T15:34:44","guid":{"rendered":"https:\/\/fpvoleibol.pt\/fpv\/?page_id=44618"},"modified":"2026-01-12T09:44:05","modified_gmt":"2026-01-12T09:44:05","slug":"torneio-wevza-sub18","status":"publish","type":"page","link":"https:\/\/fpvoleibol.pt\/fpv\/competicoes\/torneio-wevza-sub18\/","title":{"rendered":"TORNEIO WEVZA SUB18"},"content":{"rendered":"<p style=\"text-align: center;\"><a href=\"https:\/\/fpvoleibol.pt\/fpv\/wp-content\/uploads\/2025\/12\/banner_web_wevza_sub18.jpg\"><img loading=\"lazy\" decoding=\"async\" class=\"alignnone size-full wp-image-44620\" src=\"https:\/\/fpvoleibol.pt\/fpv\/wp-content\/uploads\/2025\/12\/banner_web_wevza_sub18.jpg\" alt=\"\" width=\"1920\" height=\"446\" srcset=\"https:\/\/fpvoleibol.pt\/fpv\/wp-content\/uploads\/2025\/12\/banner_web_wevza_sub18.jpg 1920w, https:\/\/fpvoleibol.pt\/fpv\/wp-content\/uploads\/2025\/12\/banner_web_wevza_sub18-300x70.jpg 300w, https:\/\/fpvoleibol.pt\/fpv\/wp-content\/uploads\/2025\/12\/banner_web_wevza_sub18-1024x238.jpg 1024w, https:\/\/fpvoleibol.pt\/fpv\/wp-content\/uploads\/2025\/12\/banner_web_wevza_sub18-768x178.jpg 768w, https:\/\/fpvoleibol.pt\/fpv\/wp-content\/uploads\/2025\/12\/banner_web_wevza_sub18-1536x357.jpg 1536w\" sizes=\"auto, (max-width: 1920px) 100vw, 1920px\" \/><\/a><\/p>\n<table style=\"border-collapse: collapse; width: 100%;\">\n<tbody>\n<tr>\n<td style=\"width: 50%; background-color: #f2f2f2; text-align: center;\" colspan=\"2\"><span style=\"font-size: 18pt;\"><strong>PA\u00cdSES PARTICIPANTES<\/strong><\/span><br \/>\nPortugal (POR), B\u00e9lgica (BEL), Espanha (ESP), Fran\u00e7a (FRA), Alemanha (GER), Pa\u00edses Baixos (NED)<br \/>\n<em>(Formato de Competi\u00e7\u00e3o: todos-contra-todos)<\/em><\/td>\n<\/tr>\n<\/tbody>\n<\/table>\n<p>&nbsp;<\/p>\n<p style=\"text-align: center;\"><span style=\"font-size: 18pt;\"><strong>JOGOS E RESULTADOS<\/strong><\/span><\/p>\n<table style=\"width: 100%; border-collapse: collapse; border-style: hidden;\">\n<tbody>\n<tr>\n<td style=\"width: 50%; text-align: center; vertical-align: middle;\"><span style=\"font-size: 18pt;\"><em>Livestream<br \/>\nTransmiss\u00e3o de todos os jogos<br \/>\n<a href=\"https:\/\/www.youtube.com\/playlist?list=PLZj9Hth2JEaDhFcR1vkj_MFipfT0-4iB7\" target=\"_blank\" rel=\"noopener\"><img loading=\"lazy\" decoding=\"async\" class=\"alignnone size-full wp-image-44711\" src=\"https:\/\/fpvoleibol.pt\/fpv\/wp-content\/uploads\/2026\/01\/youtube-square-icon-11.jpg\" alt=\"\" width=\"100\" height=\"100\" \/><\/a> <\/em><\/span><\/td>\n<td style=\"width: 50%; text-align: center; vertical-align: middle;\"><span style=\"font-size: 18pt;\"><em>Livescores<br \/>\nResultados em tempo real (CEV)<br \/>\n<a href=\"https:\/\/www.cev.eu\/national-team\/age-group-championships\/u18m-2026\/zonal-1st-round\/#wevza\" target=\"_blank\" rel=\"noopener\"><img loading=\"lazy\" decoding=\"async\" class=\"alignnone size-full wp-image-44712\" src=\"https:\/\/fpvoleibol.pt\/fpv\/wp-content\/uploads\/2026\/01\/score-square-icon-11.png\" alt=\"\" width=\"100\" height=\"100\" \/><\/a> <\/em><\/span><\/td>\n<\/tr>\n<\/tbody>\n<\/table>\n<p style=\"text-align: center;\"><span style=\"font-size: 18pt;\"><strong>GALERIA DE FOTOS <a href=\"https:\/\/www.facebook.com\/media\/set\/?set=a.1325472032958178\" target=\"_blank\" rel=\"noopener\">\u25ba<\/a><\/strong><\/span><\/p>\n<p>&nbsp;<\/p>\n<table style=\"border-collapse: collapse; width: 100%; height: 384px;\">\n<tbody>\n<tr style=\"height: 24px;\">\n<td style=\"width: 12.1683%; text-align: center; height: 24px; background-color: #f2f2f2;\"><strong>DATA<\/strong><\/td>\n<td style=\"width: 13.1834%; text-align: center; height: 24px; background-color: #f2f2f2;\"><strong>HORA<\/strong><\/td>\n<td style=\"width: 22.8282%; text-align: center; height: 24px; background-color: #f2f2f2;\"><strong>EQUIPAS<\/strong><\/td>\n<td style=\"width: 41.9724%; text-align: center; height: 24px; background-color: #f2f2f2;\"><strong>RESULTADO<\/strong><\/td>\n<\/tr>\n<tr style=\"height: 24px;\">\n<td style=\"width: 12.1683%; text-align: center; height: 72px;\" rowspan=\"3\">Ter\u00e7a<br \/>\n06.01.2026<\/td>\n<td style=\"width: 13.1834%; text-align: center; height: 24px;\">15H00<\/td>\n<td style=\"width: 22.8282%; text-align: center; height: 24px;\">GER X ESP<\/td>\n<td style=\"width: 41.9724%; text-align: center; height: 24px;\"><strong>0-3<\/strong> (18-25,\u00a019-25,\u00a022-25)<\/td>\n<\/tr>\n<tr style=\"height: 24px;\">\n<td style=\"width: 13.1834%; text-align: center; height: 24px;\">17H30<\/td>\n<td style=\"width: 22.8282%; text-align: center; height: 24px;\">NED X FRA<\/td>\n<td style=\"width: 41.9724%; text-align: center; height: 24px;\"><strong>1-3<\/strong> (19-25,\u00a021-25,\u00a025-22,\u00a012-25)<\/td>\n<\/tr>\n<tr style=\"height: 24px;\">\n<td style=\"width: 13.1834%; text-align: center; height: 24px;\">20H00<\/td>\n<td style=\"width: 22.8282%; text-align: center; height: 24px;\">POR X BEL<\/td>\n<td style=\"width: 41.9724%; text-align: center; height: 24px;\"><strong>0-3<\/strong> (21-25,\u00a023-25,\u00a018-25)<\/td>\n<\/tr>\n<tr style=\"height: 24px;\">\n<td style=\"width: 12.1683%; text-align: center; height: 72px;\" rowspan=\"3\">Quarta<br \/>\n07.01.2026<\/td>\n<td style=\"width: 13.1834%; text-align: center; height: 24px;\">15H00<\/td>\n<td style=\"width: 22.8282%; text-align: center; height: 24px;\">FRA X GER<\/td>\n<td style=\"width: 41.9724%; text-align: center; height: 24px;\"><strong>3-0<\/strong> (25-14,\u00a025-21,\u00a025-20)<\/td>\n<\/tr>\n<tr style=\"height: 24px;\">\n<td style=\"width: 13.1834%; text-align: center; height: 24px;\">17H30<\/td>\n<td style=\"width: 22.8282%; text-align: center; height: 24px;\">BEL X ESP<\/td>\n<td style=\"width: 41.9724%; text-align: center; height: 24px;\"><strong>1-3<\/strong> (21-25, 22-25, 25-16, 20-25)<\/td>\n<\/tr>\n<tr style=\"height: 24px;\">\n<td style=\"width: 13.1834%; text-align: center; height: 24px;\">20H00<\/td>\n<td style=\"width: 22.8282%; text-align: center; height: 24px;\">NED X POR<\/td>\n<td style=\"width: 41.9724%; text-align: center; height: 24px;\"><strong>2-3<\/strong> (25-19,\u00a023-25,\u00a021-25,\u00a025-18,\u00a012-15)<\/td>\n<\/tr>\n<tr style=\"height: 24px;\">\n<td style=\"width: 12.1683%; text-align: center; height: 72px;\" rowspan=\"3\">Quinta<br \/>\n08.01.2026<\/td>\n<td style=\"width: 13.1834%; text-align: center; height: 24px;\">15H00<\/td>\n<td style=\"width: 22.8282%; text-align: center; height: 24px;\">BEL X GER<\/td>\n<td style=\"width: 41.9724%; text-align: center; height: 24px;\"><strong>3-2<\/strong> (25-17,\u00a023-25,\u00a020-25,\u00a025-17,\u00a015-10)<\/td>\n<\/tr>\n<tr style=\"height: 24px;\">\n<td style=\"width: 13.1834%; text-align: center; height: 24px;\">17H30<\/td>\n<td style=\"width: 22.8282%; text-align: center; height: 24px;\">ESP X NED<\/td>\n<td style=\"width: 41.9724%; text-align: center; height: 24px;\"><strong>3-0<\/strong> (25-16,\u00a025-17,\u00a025-21)<\/td>\n<\/tr>\n<tr style=\"height: 24px;\">\n<td style=\"width: 13.1834%; text-align: center; height: 24px;\">20H00<\/td>\n<td style=\"width: 22.8282%; text-align: center; height: 24px;\">POR X FRA<\/td>\n<td style=\"width: 41.9724%; text-align: center; height: 24px;\"><strong>0-3<\/strong> (14-25,\u00a019-25,\u00a022-25)<\/td>\n<\/tr>\n<tr style=\"height: 24px;\">\n<td style=\"width: 12.1683%; text-align: center; height: 72px;\" rowspan=\"3\">Sexta<br \/>\n09.01.2026<\/td>\n<td style=\"width: 13.1834%; text-align: center; height: 24px;\">15H00<\/td>\n<td style=\"width: 22.8282%; text-align: center; height: 24px;\">FRA X BEL<\/td>\n<td style=\"width: 41.9724%; text-align: center; height: 24px;\"><strong>0-3<\/strong> (21-25,\u00a023-25,\u00a020-25)<\/td>\n<\/tr>\n<tr style=\"height: 24px;\">\n<td style=\"width: 13.1834%; text-align: center; height: 24px;\">17H30<\/td>\n<td style=\"width: 22.8282%; text-align: center; height: 24px;\">GER X NED<\/td>\n<td style=\"width: 41.9724%; text-align: center; height: 24px;\"><strong>3-1<\/strong> (23-25,\u00a025-18,\u00a025-21,\u00a025-19)<\/td>\n<\/tr>\n<tr style=\"height: 24px;\">\n<td style=\"width: 13.1834%; text-align: center; height: 24px;\">20H00<\/td>\n<td style=\"width: 22.8282%; text-align: center; height: 24px;\">POR X ESP<\/td>\n<td style=\"width: 41.9724%; text-align: center; height: 24px;\"><strong>0-3<\/strong> (18-25,\u00a021-25,\u00a016-25)<\/td>\n<\/tr>\n<tr style=\"height: 24px;\">\n<td style=\"width: 12.1683%; text-align: center; height: 72px;\" rowspan=\"3\">S\u00e1bado<br \/>\n10.01.2026<\/td>\n<td style=\"width: 13.1834%; text-align: center; height: 24px;\">15H00<\/td>\n<td style=\"width: 22.8282%; text-align: center; height: 24px;\">ESP X FRA<\/td>\n<td style=\"width: 41.9724%; text-align: center; height: 24px;\"><strong>3-2<\/strong> (27-25,\u00a022-25,\u00a023-25,\u00a038-36,\u00a015-11)<\/td>\n<\/tr>\n<tr style=\"height: 24px;\">\n<td style=\"width: 13.1834%; text-align: center; height: 24px;\">17H30<\/td>\n<td style=\"width: 22.8282%; text-align: center; height: 24px;\">BEL X NED<\/td>\n<td style=\"width: 41.9724%; text-align: center; height: 24px;\"><strong>3-0<\/strong> (25-22,\u00a025-13,\u00a025-20)<\/td>\n<\/tr>\n<tr style=\"height: 24px;\">\n<td style=\"width: 13.1834%; text-align: center; height: 24px;\">20H00<\/td>\n<td style=\"width: 22.8282%; text-align: center; height: 24px;\">POR X GER<\/td>\n<td style=\"width: 41.9724%; text-align: center; height: 24px;\"><strong>0-3<\/strong> (17-25,\u00a021-25,\u00a022-25)<\/td>\n<\/tr>\n<\/tbody>\n<\/table>\n<p>&nbsp;<\/p>\n<p style=\"text-align: center;\"><span style=\"font-size: 18pt;\"><strong>CLASSIFICA\u00c7\u00c3O FINAL<\/strong><br \/>\n<\/span><\/p>\n<table style=\"border-collapse: collapse; width: 100%; height: 163px;\">\n<tbody>\n<tr style=\"height: 24px;\">\n<td style=\"width: 11.1111%; text-align: center; height: 24px; background-color: #f2f2f2;\"><strong>EQUIPA<\/strong><\/td>\n<td style=\"width: 11.1111%; text-align: center; height: 24px; background-color: #f2f2f2;\"><strong>JOGOS<\/strong><\/td>\n<td style=\"width: 11.1111%; text-align: center; height: 24px; background-color: #f2f2f2;\"><strong>VIT<\/strong><\/td>\n<td style=\"width: 11.1111%; text-align: center; height: 24px; background-color: #f2f2f2;\"><strong>DER<\/strong><\/td>\n<td style=\"width: 11.1111%; text-align: center; height: 24px; background-color: #f2f2f2;\"><strong>PTS<\/strong><\/td>\n<td style=\"width: 11.1111%; text-align: center; height: 24px; background-color: #f2f2f2;\"><strong>SETS+<\/strong><\/td>\n<td style=\"width: 11.1111%; text-align: center; height: 24px; background-color: #f2f2f2;\"><strong>SETS-<\/strong><\/td>\n<td style=\"width: 11.1111%; text-align: center; height: 24px; background-color: #f2f2f2;\"><strong>PTS+<\/strong><\/td>\n<td style=\"width: 11.1111%; text-align: center; height: 24px; background-color: #f2f2f2;\"><strong>PTS-<\/strong><\/td>\n<\/tr>\n<tr style=\"height: 19px;\">\n<td style=\"width: 11.1111%; text-align: center; height: 19px;\">Espanha (ESP)<\/td>\n<td style=\"width: 11.1111%; text-align: center; height: 19px;\">5<\/td>\n<td style=\"width: 11.1111%; text-align: center; height: 19px;\">5<\/td>\n<td style=\"width: 11.1111%; text-align: center; height: 19px;\">0<\/td>\n<td style=\"width: 11.1111%; text-align: center; height: 19px;\">14<\/td>\n<td style=\"width: 11.1111%; text-align: center; height: 19px;\">15<\/td>\n<td style=\"width: 11.1111%; text-align: center; height: 19px;\">31<\/td>\n<td style=\"width: 11.1111%; text-align: center; height: 19px;\">441<\/td>\n<td style=\"width: 11.1111%; text-align: center; height: 19px;\">378<\/td>\n<\/tr>\n<tr style=\"height: 24px;\">\n<td style=\"width: 11.1111%; text-align: center; height: 24px;\">B\u00e9lgica (BEL)<\/td>\n<td style=\"width: 11.1111%; text-align: center; height: 24px;\">5<\/td>\n<td style=\"width: 11.1111%; text-align: center; height: 24px;\">4<\/td>\n<td style=\"width: 11.1111%; text-align: center; height: 24px;\">1<\/td>\n<td style=\"width: 11.1111%; text-align: center; height: 24px;\">11<\/td>\n<td style=\"width: 11.1111%; text-align: center; height: 24px;\">13<\/td>\n<td style=\"width: 11.1111%; text-align: center; height: 24px;\">5<\/td>\n<td style=\"width: 11.1111%; text-align: center; height: 24px;\">421<\/td>\n<td style=\"width: 11.1111%; text-align: center; height: 24px;\">366<\/td>\n<\/tr>\n<tr style=\"height: 24px;\">\n<td style=\"width: 11.1111%; text-align: center; height: 24px;\">Fran\u00e7a (FRA)<\/td>\n<td style=\"width: 11.1111%; text-align: center; height: 24px;\">5<\/td>\n<td style=\"width: 11.1111%; text-align: center; height: 24px;\">3<\/td>\n<td style=\"width: 11.1111%; text-align: center; height: 24px;\">2<\/td>\n<td style=\"width: 11.1111%; text-align: center; height: 24px;\">10<\/td>\n<td style=\"width: 11.1111%; text-align: center; height: 24px;\">11<\/td>\n<td style=\"width: 11.1111%; text-align: center; height: 24px;\">7<\/td>\n<td style=\"width: 11.1111%; text-align: center; height: 24px;\">433<\/td>\n<td style=\"width: 11.1111%; text-align: center; height: 24px;\">387<\/td>\n<\/tr>\n<tr style=\"height: 24px;\">\n<td style=\"width: 11.1111%; text-align: center; height: 24px;\">Alemanha (GER)<\/td>\n<td style=\"width: 11.1111%; text-align: center; height: 24px;\">5<\/td>\n<td style=\"width: 11.1111%; text-align: center; height: 24px;\">2<\/td>\n<td style=\"width: 11.1111%; text-align: center; height: 24px;\">3<\/td>\n<td style=\"width: 11.1111%; text-align: center; height: 24px;\">7<\/td>\n<td style=\"width: 11.1111%; text-align: center; height: 24px;\">8<\/td>\n<td style=\"width: 11.1111%; text-align: center; height: 24px;\">10<\/td>\n<td style=\"width: 11.1111%; text-align: center; height: 24px;\">381<\/td>\n<td style=\"width: 11.1111%; text-align: center; height: 24px;\">401<\/td>\n<\/tr>\n<tr style=\"height: 24px;\">\n<td style=\"width: 11.1111%; text-align: center; height: 24px;\">PORTUGAL (POR)<\/td>\n<td style=\"width: 11.1111%; text-align: center; height: 24px;\">5<\/td>\n<td style=\"width: 11.1111%; text-align: center; height: 24px;\">1<\/td>\n<td style=\"width: 11.1111%; text-align: center; height: 24px;\">4<\/td>\n<td style=\"width: 11.1111%; text-align: center; height: 24px;\">2<\/td>\n<td style=\"width: 11.1111%; text-align: center; height: 24px;\">3<\/td>\n<td style=\"width: 11.1111%; text-align: center; height: 24px;\">14<\/td>\n<td style=\"width: 11.1111%; text-align: center; height: 24px;\">334<\/td>\n<td style=\"width: 11.1111%; text-align: center; height: 24px;\">406<\/td>\n<\/tr>\n<tr style=\"height: 24px;\">\n<td style=\"width: 11.1111%; text-align: center; height: 24px;\">Pa\u00edses Baixos (NED)<\/td>\n<td style=\"width: 11.1111%; text-align: center; height: 24px;\">5<\/td>\n<td style=\"width: 11.1111%; text-align: center; height: 24px;\">0<\/td>\n<td style=\"width: 11.1111%; text-align: center; height: 24px;\">5<\/td>\n<td style=\"width: 11.1111%; text-align: center; height: 24px;\">1<\/td>\n<td style=\"width: 11.1111%; text-align: center; height: 24px;\">4<\/td>\n<td style=\"width: 11.1111%; text-align: center; height: 24px;\">15<\/td>\n<td style=\"width: 11.1111%; text-align: center; height: 24px;\">375<\/td>\n<td style=\"width: 11.1111%; text-align: center; height: 24px;\">447<\/td>\n<\/tr>\n<\/tbody>\n<\/table>\n<p>&nbsp;<\/p>\n<p style=\"text-align: center;\"><span style=\"font-size: 18pt;\"><strong>CLASSIFICA\u00c7\u00c3O FINAL<br \/>\n&amp; DREAM TEAM<\/strong><\/span><\/p>\n<table style=\"width: 100%; border-collapse: collapse; border-style: none; height: 216px;\">\n<tbody>\n<tr style=\"height: 24px;\">\n<td style=\"width: 50%; text-align: right; border-style: none; height: 24px;\"><strong>1\u00ba<\/strong><\/td>\n<td style=\"width: 50%; border-style: none; height: 24px;\">\u00a0 <strong>ESPANHA (ESP)<\/strong><\/td>\n<\/tr>\n<tr style=\"height: 24px;\">\n<td style=\"width: 50%; text-align: right; border-style: none; height: 24px;\"><strong>2\u00ba<\/strong><\/td>\n<td style=\"width: 50%; border-style: none; height: 24px;\">\u00a0 B\u00e9lgica (BEL)<\/td>\n<\/tr>\n<tr style=\"height: 24px;\">\n<td style=\"width: 50%; text-align: right; border-style: none; height: 24px;\"><strong>3\u00ba<\/strong><\/td>\n<td style=\"width: 50%; border-style: none; height: 24px;\">\u00a0 Fran\u00e7a (FRA)<\/td>\n<\/tr>\n<tr style=\"height: 24px;\">\n<td style=\"width: 50%; text-align: right; border-style: none; height: 24px;\"><strong>4\u00ba<\/strong><\/td>\n<td style=\"width: 50%; border-style: none; height: 24px;\">\u00a0 Alemanha (GER)<\/td>\n<\/tr>\n<tr style=\"height: 24px;\">\n<td style=\"width: 50%; text-align: right; border-style: none; height: 24px;\"><strong>5\u00ba<\/strong><\/td>\n<td style=\"width: 50%; border-style: none; height: 24px;\">\u00a0 Portugal (POR)<\/td>\n<\/tr>\n<tr style=\"height: 24px;\">\n<td style=\"width: 50%; text-align: right; border-style: none; height: 24px;\"><strong>6\u00ba<\/strong><\/td>\n<td style=\"width: 50%; border-style: none; height: 24px;\">\u00a0 Pa\u00edses Baixos (NED)<\/td>\n<\/tr>\n<tr style=\"height: 24px;\">\n<td style=\"width: 50%; text-align: right; border-style: none; height: 24px;\"><strong>\u00a0<\/strong><\/td>\n<td style=\"width: 50%; border-style: none; height: 24px;\"><\/td>\n<\/tr>\n<tr style=\"height: 24px;\">\n<td style=\"width: 50%; text-align: right; border-style: none; height: 24px;\"><strong>Distribuidor\/Setter<\/strong><\/td>\n<td style=\"width: 50%; border-style: none; height: 24px;\">\u00a0 Thiago Pozzato Torrico (ESP)<\/td>\n<\/tr>\n<tr style=\"height: 24px;\">\n<td style=\"width: 50%; text-align: right; border-style: none; height: 24px;\"><strong>Libero<\/strong><\/td>\n<td style=\"width: 50%; border-style: none; height: 24px;\">\u00a0 Afonso Coelho (POR)<\/td>\n<\/tr>\n<tr>\n<td style=\"width: 50%; text-align: right; border-style: none;\"><strong>Oposto\/Opposite<\/strong><\/td>\n<td style=\"width: 50%; border-style: none;\">\u00a0 Roger Monzo Luengo (ESP)<\/td>\n<\/tr>\n<tr>\n<td style=\"width: 50%; text-align: right; border-style: none;\"><strong>Zona 4\/Outside Hitters<\/strong><\/td>\n<td style=\"width: 50%; border-style: none;\">\u00a0 Matteo Mrozek (FRA), Jannes Strobbe (BEL)<\/td>\n<\/tr>\n<tr>\n<td style=\"width: 50%; text-align: right; border-style: none;\"><strong>Centrais\/Middle Blockers<\/strong><\/td>\n<td style=\"width: 50%; border-style: none;\">\u00a0 Kehdinga Kemtchou (GER) e Billy Mo Suter (NED)<\/td>\n<\/tr>\n<tr>\n<td style=\"width: 50%; text-align: right; border-style: none;\"><strong>MVP<\/strong><\/td>\n<td style=\"width: 50%; border-style: none;\">\u00a0 Natxo Larranaga Prats (ESP)<\/td>\n<\/tr>\n<\/tbody>\n<\/table>\n<hr \/>\n<p><strong>Mais Informa\u00e7\u00f5es:<\/strong><br \/>\nCartaz Oficial do Evento <a href=\"https:\/\/fpvoleibol.pt\/fpv\/wp-content\/uploads\/2025\/12\/WEVZA_U18M_cartazs_d.jpg\" target=\"_blank\" rel=\"noopener\">\u25ba<\/a><br \/>\nLiveStream dos jogos <a href=\"https:\/\/www.youtube.com\/playlist?list=PLZj9Hth2JEaDhFcR1vkj_MFipfT0-4iB7\" target=\"_blank\" rel=\"noopener\">\u25ba<\/a><br \/>\nCompeti\u00e7\u00e3o do website oficial CEV <a href=\"https:\/\/www.cev.eu\/national-team\/age-group-championships\/u18m-2026\/zonal-1st-round\/#wevza\" target=\"_blank\" rel=\"noopener\">\u25ba<\/a><br \/>\nGaleria de Fotos <a href=\"https:\/\/www.facebook.com\/media\/set\/?set=a.1325472032958178\" target=\"_blank\" rel=\"noopener\">\u25ba<\/a><br \/>\nNot\u00edcias <a href=\"https:\/\/fpvoleibol.pt\/fpv\/tag\/wevza\/\" target=\"_blank\" rel=\"noopener\">\u25ba<\/a><\/p>\n","protected":false},"excerpt":{"rendered":"<p>PA\u00cdSES PARTICIPANTES Portugal (POR), B\u00e9lgica (BEL), Espanha (ESP), Fran\u00e7a (FRA), Alemanha (GER), Pa\u00edses Baixos (NED) (Formato de Competi\u00e7\u00e3o: todos-contra-todos) &nbsp; JOGOS E RESULTADOS Livestream Transmiss\u00e3o de todos os jogos Livescores [&hellip;]<\/p>\n","protected":false},"author":1,"featured_media":44643,"parent":1032,"menu_order":0,"comment_status":"closed","ping_status":"closed","template":"","meta":{"_monsterinsights_skip_tracking":false,"_monsterinsights_sitenote_active":false,"_monsterinsights_sitenote_note":"","_monsterinsights_sitenote_category":0,"footnotes":""},"class_list":["post-44618","page","type-page","status-publish","has-post-thumbnail","czr-hentry"],"aioseo_notices":[],"_links":{"self":[{"href":"https:\/\/fpvoleibol.pt\/fpv\/wp-json\/wp\/v2\/pages\/44618","targetHints":{"allow":["GET"]}}],"collection":[{"href":"https:\/\/fpvoleibol.pt\/fpv\/wp-json\/wp\/v2\/pages"}],"about":[{"href":"https:\/\/fpvoleibol.pt\/fpv\/wp-json\/wp\/v2\/types\/page"}],"author":[{"embeddable":true,"href":"https:\/\/fpvoleibol.pt\/fpv\/wp-json\/wp\/v2\/users\/1"}],"replies":[{"embeddable":true,"href":"https:\/\/fpvoleibol.pt\/fpv\/wp-json\/wp\/v2\/comments?post=44618"}],"version-history":[{"count":29,"href":"https:\/\/fpvoleibol.pt\/fpv\/wp-json\/wp\/v2\/pages\/44618\/revisions"}],"predecessor-version":[{"id":44962,"href":"https:\/\/fpvoleibol.pt\/fpv\/wp-json\/wp\/v2\/pages\/44618\/revisions\/44962"}],"up":[{"embeddable":true,"href":"https:\/\/fpvoleibol.pt\/fpv\/wp-json\/wp\/v2\/pages\/1032"}],"wp:featuredmedia":[{"embeddable":true,"href":"https:\/\/fpvoleibol.pt\/fpv\/wp-json\/wp\/v2\/media\/44643"}],"wp:attachment":[{"href":"https:\/\/fpvoleibol.pt\/fpv\/wp-json\/wp\/v2\/media?parent=44618"}],"curies":[{"name":"wp","href":"https:\/\/api.w.org\/{rel}","templated":true}]}}