{"id":43891,"date":"2025-11-10T11:34:16","date_gmt":"2025-11-10T11:34:16","guid":{"rendered":"https:\/\/fpvoleibol.pt\/fpv\/?page_id=43891"},"modified":"2025-12-02T09:26:26","modified_gmt":"2025-12-02T09:26:26","slug":"loja-fpv","status":"publish","type":"page","link":"https:\/\/fpvoleibol.pt\/fpv\/features\/loja-fpv\/","title":{"rendered":"LOJA FPV"},"content":{"rendered":"<p style=\"text-align: center;\"><a href=\"https:\/\/portugalvoleibol.com\/store\/\" target=\"_blank\" rel=\"noopener\"><img loading=\"lazy\" decoding=\"async\" class=\"alignnone size-full wp-image-43892\" src=\"https:\/\/fpvoleibol.pt\/fpv\/wp-content\/uploads\/2025\/11\/youareyourlimit_banner.png\" alt=\"\" width=\"1950\" height=\"500\" srcset=\"https:\/\/fpvoleibol.pt\/fpv\/wp-content\/uploads\/2025\/11\/youareyourlimit_banner.png 1950w, https:\/\/fpvoleibol.pt\/fpv\/wp-content\/uploads\/2025\/11\/youareyourlimit_banner-300x77.png 300w, https:\/\/fpvoleibol.pt\/fpv\/wp-content\/uploads\/2025\/11\/youareyourlimit_banner-1024x263.png 1024w, https:\/\/fpvoleibol.pt\/fpv\/wp-content\/uploads\/2025\/11\/youareyourlimit_banner-768x197.png 768w, https:\/\/fpvoleibol.pt\/fpv\/wp-content\/uploads\/2025\/11\/youareyourlimit_banner-1536x394.png 1536w\" sizes=\"auto, (max-width: 1950px) 100vw, 1950px\" \/><\/a><\/p>\n<p>A <strong>Loja Online Oficial da Federa\u00e7\u00e3o Portuguesa de Voleibol<\/strong> \u00e9 o destino perfeito para f\u00e3s, atletas e clubes que procuram produtos aut\u00eanticos relacionados com o voleibol portugu\u00eas. Aqui, encontrar\u00e1 uma vasta sele\u00e7\u00e3o de artigos oficiais, incluindo equipamentos das sele\u00e7\u00f5es nacionais masculinas e femininas, linhas especiais de vestu\u00e1rio, acess\u00f3rios exclusivos como mochilas, porta-chaves e guarda-chuvas, bem como material desportivo como bolas e quadros t\u00e1ticos. O site facilita a navega\u00e7\u00e3o e a escolha dos seus produtos preferidos, destacando novidades e cole\u00e7\u00f5es especiais, como os equipamentos antigos e edi\u00e7\u00f5es \u201cPortugal Voleibol &#8211; 1947\u201d.<\/p>\n<p>Comprar na loja FPV \u00e9 garantir qualidade, autenticidade e liga\u00e7\u00e3o direta ao universo do voleibol nacional. Com diversas op\u00e7\u00f5es para atletas de todas as idades e f\u00e3s da modalidade, a loja aposta em pre\u00e7os justos e atendimento personalizado, dispondo de v\u00e1rios m\u00e9todos de contacto e informa\u00e7\u00e3o \u00fatil para os clientes. Seja para renovar o guarda-roupa desportivo ou adquirir acess\u00f3rios, a loja proporciona uma experi\u00eancia simples, segura e eficiente, refor\u00e7ando o esp\u00edrito do voleibol em Portugal.<\/p>\n<p>Visite j\u00e1 a loja <a href=\"https:\/\/portugalvoleibol.com\/store\/\" target=\"_blank\" rel=\"noopener\"><strong>AQUI \u25ba<\/strong><\/a><\/p>\n<p style=\"text-align: center;\"><span style=\"font-size: 24px;\">&#8230; E FIQUE ATENTO\u00a0\u00c0S <strong>NOVIDADES!<\/strong><\/span><\/p>\n","protected":false},"excerpt":{"rendered":"<p>A Loja Online Oficial da Federa\u00e7\u00e3o Portuguesa de Voleibol \u00e9 o destino perfeito para f\u00e3s, atletas e clubes que procuram produtos aut\u00eanticos relacionados com o voleibol portugu\u00eas. Aqui, encontrar\u00e1 uma [&hellip;]<\/p>\n","protected":false},"author":1,"featured_media":43894,"parent":642,"menu_order":0,"comment_status":"closed","ping_status":"closed","template":"","meta":{"_monsterinsights_skip_tracking":false,"_monsterinsights_sitenote_active":false,"_monsterinsights_sitenote_note":"","_monsterinsights_sitenote_category":0,"footnotes":""},"class_list":["post-43891","page","type-page","status-publish","has-post-thumbnail","czr-hentry"],"aioseo_notices":[],"_links":{"self":[{"href":"https:\/\/fpvoleibol.pt\/fpv\/wp-json\/wp\/v2\/pages\/43891","targetHints":{"allow":["GET"]}}],"collection":[{"href":"https:\/\/fpvoleibol.pt\/fpv\/wp-json\/wp\/v2\/pages"}],"about":[{"href":"https:\/\/fpvoleibol.pt\/fpv\/wp-json\/wp\/v2\/types\/page"}],"author":[{"embeddable":true,"href":"https:\/\/fpvoleibol.pt\/fpv\/wp-json\/wp\/v2\/users\/1"}],"replies":[{"embeddable":true,"href":"https:\/\/fpvoleibol.pt\/fpv\/wp-json\/wp\/v2\/comments?post=43891"}],"version-history":[{"count":4,"href":"https:\/\/fpvoleibol.pt\/fpv\/wp-json\/wp\/v2\/pages\/43891\/revisions"}],"predecessor-version":[{"id":44269,"href":"https:\/\/fpvoleibol.pt\/fpv\/wp-json\/wp\/v2\/pages\/43891\/revisions\/44269"}],"up":[{"embeddable":true,"href":"https:\/\/fpvoleibol.pt\/fpv\/wp-json\/wp\/v2\/pages\/642"}],"wp:featuredmedia":[{"embeddable":true,"href":"https:\/\/fpvoleibol.pt\/fpv\/wp-json\/wp\/v2\/media\/43894"}],"wp:attachment":[{"href":"https:\/\/fpvoleibol.pt\/fpv\/wp-json\/wp\/v2\/media?parent=43891"}],"curies":[{"name":"wp","href":"https:\/\/api.w.org\/{rel}","templated":true}]}}