{"id":435,"date":"2020-02-04T10:54:33","date_gmt":"2020-02-04T10:54:33","guid":{"rendered":"https:\/\/fpvoleibol.pt\/fpv\/?page_id=435"},"modified":"2026-01-22T14:38:34","modified_gmt":"2026-01-22T14:38:34","slug":"arquivo-dos-planos-e-orcamentos","status":"publish","type":"page","link":"https:\/\/fpvoleibol.pt\/fpv\/documentacao\/arquivo-dos-planos-e-orcamentos\/","title":{"rendered":"Arquivo dos Planos e Or\u00e7amentos"},"content":{"rendered":"<table style=\"width: 100%;\" border=\"0\" cellspacing=\"0\">\n<tbody>\n<tr>\n<td style=\"width: 75%;\" align=\"left\" width=\"500\" height=\"45\">Plano e Or\u00e7amento <strong>2025<\/strong><\/td>\n<td style=\"width: 25%;\" align=\"center\" width=\"50\" height=\"45\"><a href=\"https:\/\/fpvoleibol.pt\/fpv\/documentacao\/plano-e-orcamento-2025\/\" target=\"_blank\" rel=\"noopener noreferrer\"><img loading=\"lazy\" decoding=\"async\" class=\"alignnone\" src=\"https:\/\/www.fpvoleibol.pt\/documentacao\/relatorios_contas_gerencia\/2018\/pdf_blue.png\" alt=\"\" width=\"30\" height=\"35\" border=\"0\" \/><\/a><\/td>\n<\/tr>\n<tr>\n<td style=\"width: 75%;\" align=\"left\" width=\"500\" height=\"45\">Plano e Or\u00e7amento <strong>2024<\/strong><\/td>\n<td style=\"width: 25%;\" align=\"center\" width=\"50\" height=\"45\"><a href=\"https:\/\/fpvoleibol.pt\/fpv\/documentacao\/plano-e-orcamento-2024\/\" target=\"_blank\" rel=\"noopener noreferrer\"><img loading=\"lazy\" decoding=\"async\" class=\"alignnone\" src=\"https:\/\/www.fpvoleibol.pt\/documentacao\/relatorios_contas_gerencia\/2018\/pdf_blue.png\" alt=\"\" width=\"30\" height=\"35\" border=\"0\" \/><\/a><\/td>\n<\/tr>\n<tr>\n<td style=\"width: 75%;\" align=\"left\" width=\"500\" height=\"45\">Plano e Or\u00e7amento <strong>2023<\/strong><\/td>\n<td style=\"width: 25%;\" align=\"center\" width=\"50\" height=\"45\"><a href=\"https:\/\/fpvoleibol.pt\/fpv\/documentacao\/plano-e-orcamento-2023\/\" target=\"_blank\" rel=\"noopener noreferrer\"><img decoding=\"async\" src=\"https:\/\/www.fpvoleibol.pt\/documentacao\/relatorios_contas_gerencia\/2018\/pdf_blue.png\" border=\"0\" \/><\/a><\/td>\n<\/tr>\n<tr>\n<td style=\"width: 75%;\" align=\"left\" width=\"500\" height=\"45\">Plano e Or\u00e7amento <strong>2022<\/strong><\/td>\n<td style=\"width: 25%;\" align=\"center\" width=\"50\" height=\"45\"><a href=\"https:\/\/fpvoleibol.pt\/fpv\/documentacao\/plano-e-orcamento-2022\/\" target=\"_blank\" rel=\"noopener noreferrer\"><img decoding=\"async\" src=\"https:\/\/www.fpvoleibol.pt\/documentacao\/relatorios_contas_gerencia\/2018\/pdf_blue.png\" border=\"0\" \/><\/a><\/td>\n<\/tr>\n<tr>\n<td style=\"width: 75%;\" align=\"left\" width=\"500\" height=\"45\">Plano e Or\u00e7amento <strong>2021<\/strong><\/td>\n<td style=\"width: 25%;\" align=\"center\" width=\"50\" height=\"45\"><a href=\"https:\/\/fpvoleibol.pt\/fpv\/documentacao\/plano-e-orcamento-2021\/\" target=\"_blank\" rel=\"noopener noreferrer\"><img decoding=\"async\" src=\"https:\/\/www.fpvoleibol.pt\/documentacao\/relatorios_contas_gerencia\/2018\/pdf_blue.png\" border=\"0\" \/><\/a><\/td>\n<\/tr>\n<tr>\n<td style=\"width: 75%;\" align=\"left\" width=\"500\" height=\"45\">Plano e Or\u00e7amento <strong>2020<\/strong><\/td>\n<td style=\"width: 25%;\" align=\"center\" width=\"50\" height=\"45\"><a href=\"https:\/\/fpvoleibol.pt\/fpv\/documentacao\/plano-e-orcamento-2020\/\" target=\"_blank\" rel=\"noopener noreferrer\"><img decoding=\"async\" src=\"https:\/\/www.fpvoleibol.pt\/documentacao\/relatorios_contas_gerencia\/2018\/pdf_blue.png\" border=\"0\" \/><\/a><\/td>\n<\/tr>\n<tr>\n<td style=\"width: 75%;\" align=\"left\" width=\"500\" height=\"45\">Plano e Or\u00e7amento <strong>2019<\/strong><\/td>\n<td style=\"width: 25%;\" align=\"center\" width=\"50\" height=\"45\"><a href=\"https:\/\/www.fpvoleibol.pt\/documentacao\/planos_orcamentos\/2019\/plano_orcamento_2019.html\" target=\"_blank\" rel=\"noopener noreferrer\"><img decoding=\"async\" src=\"https:\/\/www.fpvoleibol.pt\/documentacao\/relatorios_contas_gerencia\/2018\/pdf_blue.png\" border=\"0\" \/><\/a><\/td>\n<\/tr>\n<tr>\n<td style=\"width: 75%;\" align=\"left\" width=\"500\" height=\"45\">Plano e Or\u00e7amento <strong>2018<\/strong><\/td>\n<td style=\"width: 25%;\" align=\"center\" width=\"50\" height=\"45\"><a href=\"https:\/\/www.fpvoleibol.pt\/documentacao\/planos_orcamentos\/2018\/plano_orcamento_2018.html\" target=\"_blank\" rel=\"noopener noreferrer\"><img decoding=\"async\" src=\"https:\/\/www.fpvoleibol.pt\/documentacao\/relatorios_contas_gerencia\/2018\/pdf_blue.png\" border=\"0\" \/><\/a><\/td>\n<\/tr>\n<tr>\n<td style=\"width: 75%;\" align=\"left\" width=\"500\" height=\"45\">Plano e Or\u00e7amento <strong>2017<\/strong><\/td>\n<td style=\"width: 25%;\" align=\"center\" width=\"50\" height=\"45\"><a href=\"https:\/\/www.fpvoleibol.pt\/documentacao\/planos_orcamentos\/2017\/plano_orcamento_2017.html\" target=\"_blank\" rel=\"noopener noreferrer\"><img decoding=\"async\" src=\"https:\/\/www.fpvoleibol.pt\/documentacao\/relatorios_contas_gerencia\/2018\/pdf_blue.png\" border=\"0\" \/><\/a><\/td>\n<\/tr>\n<tr>\n<td style=\"width: 75%;\" align=\"left\" width=\"500\" height=\"45\">Plano e Or\u00e7amento <strong>2016<\/strong><\/td>\n<td style=\"width: 25%;\" align=\"center\" width=\"50\" height=\"45\"><a href=\"https:\/\/www.fpvoleibol.pt\/documentacao\/planos_orcamentos\/2016\/plano_orcamento_2016.html\" target=\"_blank\" rel=\"noopener noreferrer\"><img decoding=\"async\" src=\"https:\/\/www.fpvoleibol.pt\/documentacao\/relatorios_contas_gerencia\/2018\/pdf_blue.png\" border=\"0\" \/><\/a><\/td>\n<\/tr>\n<tr>\n<td style=\"width: 75%;\" align=\"left\" width=\"500\" height=\"45\">Plano e Or\u00e7amento <strong>2015<\/strong><\/td>\n<td style=\"width: 25%;\" align=\"center\" width=\"50\" height=\"45\"><a href=\"https:\/\/www.fpvoleibol.pt\/documentacao\/planos_orcamentos\/2015\/plano_orcamento_2015.html\" target=\"_blank\" rel=\"noopener noreferrer\"><img decoding=\"async\" src=\"https:\/\/www.fpvoleibol.pt\/documentacao\/relatorios_contas_gerencia\/2018\/pdf_blue.png\" border=\"0\" \/><\/a><\/td>\n<\/tr>\n<tr>\n<td style=\"width: 75%;\" align=\"left\" width=\"500\" height=\"45\">Plano e Or\u00e7amento <strong>2014<\/strong><\/td>\n<td style=\"width: 25%;\" align=\"center\" width=\"50\" height=\"45\"><a href=\"https:\/\/www.fpvoleibol.pt\/documentacao\/planos_orcamentos\/2014\/plano_orcamento_2014.html\" target=\"_blank\" rel=\"noopener noreferrer\"><img decoding=\"async\" src=\"https:\/\/www.fpvoleibol.pt\/documentacao\/relatorios_contas_gerencia\/2018\/pdf_blue.png\" border=\"0\" \/><\/a><\/td>\n<\/tr>\n<tr>\n<td style=\"width: 75%;\" align=\"left\" width=\"500\" height=\"45\">Plano e Or\u00e7amento <strong>2013<\/strong><\/td>\n<td style=\"width: 25%;\" align=\"center\" width=\"50\" height=\"45\"><a href=\"https:\/\/www.fpvoleibol.pt\/documentacao\/planos_orcamentos\/2013\/plano_orcamento_2013.html\" target=\"_blank\" rel=\"noopener noreferrer\"><img decoding=\"async\" src=\"https:\/\/www.fpvoleibol.pt\/documentacao\/relatorios_contas_gerencia\/2018\/pdf_blue.png\" border=\"0\" \/><\/a><\/td>\n<\/tr>\n<tr>\n<td style=\"width: 75%;\" align=\"left\" width=\"500\" height=\"45\">Plano e Or\u00e7amento <strong>2012<\/strong><\/td>\n<td style=\"width: 25%;\" align=\"center\" width=\"50\" height=\"45\"><a href=\"https:\/\/www.fpvoleibol.pt\/documentacao\/planos_orcamentos\/2012\/plano_orcamento_2012.html\" target=\"_blank\" rel=\"noopener noreferrer\"><img decoding=\"async\" src=\"https:\/\/www.fpvoleibol.pt\/documentacao\/relatorios_contas_gerencia\/2018\/pdf_blue.png\" border=\"0\" \/><\/a><\/td>\n<\/tr>\n<tr>\n<td style=\"width: 75%;\" align=\"left\" width=\"500\" height=\"45\">Plano e Or\u00e7amento <strong>2011<\/strong><\/td>\n<td style=\"width: 25%;\" align=\"center\" width=\"50\" height=\"45\"><a href=\"https:\/\/www.fpvoleibol.pt\/documentacao\/planos_orcamentos\/2011\/plano_orcamento_2011.html\" target=\"_blank\" rel=\"noopener noreferrer\"><img decoding=\"async\" src=\"https:\/\/www.fpvoleibol.pt\/documentacao\/relatorios_contas_gerencia\/2018\/pdf_blue.png\" border=\"0\" \/><\/a><\/td>\n<\/tr>\n<tr>\n<td style=\"width: 75%;\" align=\"left\" width=\"500\" height=\"45\">Plano e Or\u00e7amento <strong>2010<\/strong><\/td>\n<td style=\"width: 25%;\" align=\"center\" width=\"50\" height=\"45\"><a href=\"https:\/\/www.fpvoleibol.pt\/documentacao\/planos_orcamentos\/2010\/plano_orcamento_2010.html\" target=\"_blank\" rel=\"noopener noreferrer\"><img decoding=\"async\" src=\"https:\/\/www.fpvoleibol.pt\/documentacao\/relatorios_contas_gerencia\/2018\/pdf_blue.png\" border=\"0\" \/><\/a><\/td>\n<\/tr>\n<tr>\n<td style=\"width: 75%;\" align=\"left\" width=\"500\" height=\"45\">Plano e Or\u00e7amento <strong>2009<\/strong><\/td>\n<td style=\"width: 25%;\" align=\"center\" width=\"50\" height=\"45\"><a href=\"https:\/\/www.fpvoleibol.pt\/documentacao\/planos_orcamentos\/2009\/plano_orcamento_2009.html\" target=\"_blank\" rel=\"noopener noreferrer\"><img decoding=\"async\" src=\"https:\/\/www.fpvoleibol.pt\/documentacao\/relatorios_contas_gerencia\/2018\/pdf_blue.png\" border=\"0\" \/><\/a><\/td>\n<\/tr>\n<tr>\n<td style=\"width: 75%;\" align=\"left\" width=\"500\" height=\"45\">Plano e Or\u00e7amento <strong>2008<\/strong><\/td>\n<td style=\"width: 25%;\" align=\"center\" width=\"50\" height=\"45\"><a href=\"https:\/\/www.fpvoleibol.pt\/documentacao\/planos_orcamentos\/2008\/plano_orcamento_2008.html\" target=\"_blank\" rel=\"noopener noreferrer\"><img decoding=\"async\" src=\"https:\/\/www.fpvoleibol.pt\/documentacao\/relatorios_contas_gerencia\/2018\/pdf_blue.png\" border=\"0\" \/><\/a><\/td>\n<\/tr>\n<tr>\n<td style=\"width: 75%;\" align=\"left\" width=\"500\" height=\"45\">Plano e Or\u00e7amento <strong>2007<\/strong><\/td>\n<td style=\"width: 25%;\" align=\"center\" width=\"50\" height=\"45\"><a href=\"https:\/\/www.fpvoleibol.pt\/documentacao\/planos_orcamentos\/2007\/plano_orcamento_2007.html\" target=\"_blank\" rel=\"noopener noreferrer\"><img decoding=\"async\" src=\"https:\/\/www.fpvoleibol.pt\/documentacao\/relatorios_contas_gerencia\/2018\/pdf_blue.png\" border=\"0\" \/><\/a><\/td>\n<\/tr>\n<\/tbody>\n<\/table>\n","protected":false},"excerpt":{"rendered":"<p>Plano e Or\u00e7amento 2025 Plano e Or\u00e7amento 2024 Plano e Or\u00e7amento 2023 Plano e Or\u00e7amento 2022 Plano e Or\u00e7amento 2021 Plano e Or\u00e7amento 2020 Plano e Or\u00e7amento 2019 Plano e [&hellip;]<\/p>\n","protected":false},"author":1,"featured_media":0,"parent":361,"menu_order":0,"comment_status":"closed","ping_status":"closed","template":"","meta":{"_monsterinsights_skip_tracking":false,"_monsterinsights_sitenote_active":false,"_monsterinsights_sitenote_note":"","_monsterinsights_sitenote_category":0,"footnotes":""},"class_list":["post-435","page","type-page","status-publish","czr-hentry"],"aioseo_notices":[],"_links":{"self":[{"href":"https:\/\/fpvoleibol.pt\/fpv\/wp-json\/wp\/v2\/pages\/435","targetHints":{"allow":["GET"]}}],"collection":[{"href":"https:\/\/fpvoleibol.pt\/fpv\/wp-json\/wp\/v2\/pages"}],"about":[{"href":"https:\/\/fpvoleibol.pt\/fpv\/wp-json\/wp\/v2\/types\/page"}],"author":[{"embeddable":true,"href":"https:\/\/fpvoleibol.pt\/fpv\/wp-json\/wp\/v2\/users\/1"}],"replies":[{"embeddable":true,"href":"https:\/\/fpvoleibol.pt\/fpv\/wp-json\/wp\/v2\/comments?post=435"}],"version-history":[{"count":8,"href":"https:\/\/fpvoleibol.pt\/fpv\/wp-json\/wp\/v2\/pages\/435\/revisions"}],"predecessor-version":[{"id":45147,"href":"https:\/\/fpvoleibol.pt\/fpv\/wp-json\/wp\/v2\/pages\/435\/revisions\/45147"}],"up":[{"embeddable":true,"href":"https:\/\/fpvoleibol.pt\/fpv\/wp-json\/wp\/v2\/pages\/361"}],"wp:attachment":[{"href":"https:\/\/fpvoleibol.pt\/fpv\/wp-json\/wp\/v2\/media?parent=435"}],"curies":[{"name":"wp","href":"https:\/\/api.w.org\/{rel}","templated":true}]}}