{"id":42352,"date":"2025-08-29T09:05:53","date_gmt":"2025-08-29T08:05:53","guid":{"rendered":"https:\/\/fpvoleibol.pt\/fpv\/?page_id=42352"},"modified":"2025-10-28T18:09:57","modified_gmt":"2025-10-28T17:09:57","slug":"boletim-digital","status":"publish","type":"page","link":"https:\/\/fpvoleibol.pt\/fpv\/features\/boletim-digital\/","title":{"rendered":"BOLETIM DIGITAL"},"content":{"rendered":"<p style=\"text-align: center;\"><a href=\"https:\/\/fpvoleibol.pt\/fpv\/wp-content\/uploads\/2025\/08\/boletim_digital_net1.jpg\"><img loading=\"lazy\" decoding=\"async\" class=\"aligncenter wp-image-42363 size-full\" src=\"https:\/\/fpvoleibol.pt\/fpv\/wp-content\/uploads\/2025\/08\/boletim_digital_net1.jpg\" alt=\"\" width=\"1024\" height=\"227\" srcset=\"https:\/\/fpvoleibol.pt\/fpv\/wp-content\/uploads\/2025\/08\/boletim_digital_net1.jpg 1024w, https:\/\/fpvoleibol.pt\/fpv\/wp-content\/uploads\/2025\/08\/boletim_digital_net1-300x67.jpg 300w, https:\/\/fpvoleibol.pt\/fpv\/wp-content\/uploads\/2025\/08\/boletim_digital_net1-768x170.jpg 768w\" sizes=\"auto, (max-width: 1024px) 100vw, 1024px\" \/><\/a><\/p>\n<p>A Federa\u00e7\u00e3o Portuguesa de Voleibol implementou o boletim digital de jogo em <strong>todos os escal\u00f5es de forma\u00e7\u00e3o<\/strong>, refor\u00e7ando o compromisso com a <strong>sustentabilidade e a inova\u00e7\u00e3o<\/strong>.<\/p>\n<p>Esta medida <strong>elimina o uso de papel, aumenta a efici\u00eancia e transpar\u00eancia dos processos competitivos e promove a equidade territorial<\/strong>, alinhando a FPV com as melhores pr\u00e1ticas de moderniza\u00e7\u00e3o e com os Objetivos de Desenvolvimento Sustent\u00e1vel, indo ao encontro do objetivo de diminuir a pegada ecol\u00f3gica e refor\u00e7ar a sustentabilidade ambiental.<\/p>\n<p><strong>O Boletim Digital est\u00e1 dispon\u00edvel na \u00e1rea reservada aos clubes <\/strong><a href=\"https:\/\/www.portugalvoleibol.com\/zona-clubes\" target=\"_blank\" rel=\"noopener\"><strong>AQUI<\/strong> \u25ba<\/a><\/p>\n<p>&nbsp;<\/p>\n","protected":false},"excerpt":{"rendered":"<p>A Federa\u00e7\u00e3o Portuguesa de Voleibol implementou o boletim digital de jogo em todos os escal\u00f5es de forma\u00e7\u00e3o, refor\u00e7ando o compromisso com a sustentabilidade e a inova\u00e7\u00e3o. Esta medida elimina o [&hellip;]<\/p>\n","protected":false},"author":1,"featured_media":42374,"parent":642,"menu_order":0,"comment_status":"closed","ping_status":"closed","template":"","meta":{"_monsterinsights_skip_tracking":false,"_monsterinsights_sitenote_active":false,"_monsterinsights_sitenote_note":"","_monsterinsights_sitenote_category":0,"footnotes":""},"class_list":["post-42352","page","type-page","status-publish","has-post-thumbnail","czr-hentry"],"aioseo_notices":[],"_links":{"self":[{"href":"https:\/\/fpvoleibol.pt\/fpv\/wp-json\/wp\/v2\/pages\/42352","targetHints":{"allow":["GET"]}}],"collection":[{"href":"https:\/\/fpvoleibol.pt\/fpv\/wp-json\/wp\/v2\/pages"}],"about":[{"href":"https:\/\/fpvoleibol.pt\/fpv\/wp-json\/wp\/v2\/types\/page"}],"author":[{"embeddable":true,"href":"https:\/\/fpvoleibol.pt\/fpv\/wp-json\/wp\/v2\/users\/1"}],"replies":[{"embeddable":true,"href":"https:\/\/fpvoleibol.pt\/fpv\/wp-json\/wp\/v2\/comments?post=42352"}],"version-history":[{"count":8,"href":"https:\/\/fpvoleibol.pt\/fpv\/wp-json\/wp\/v2\/pages\/42352\/revisions"}],"predecessor-version":[{"id":43684,"href":"https:\/\/fpvoleibol.pt\/fpv\/wp-json\/wp\/v2\/pages\/42352\/revisions\/43684"}],"up":[{"embeddable":true,"href":"https:\/\/fpvoleibol.pt\/fpv\/wp-json\/wp\/v2\/pages\/642"}],"wp:featuredmedia":[{"embeddable":true,"href":"https:\/\/fpvoleibol.pt\/fpv\/wp-json\/wp\/v2\/media\/42374"}],"wp:attachment":[{"href":"https:\/\/fpvoleibol.pt\/fpv\/wp-json\/wp\/v2\/media?parent=42352"}],"curies":[{"name":"wp","href":"https:\/\/api.w.org\/{rel}","templated":true}]}}