{"id":42001,"date":"2025-08-07T14:46:58","date_gmt":"2025-08-07T13:46:58","guid":{"rendered":"https:\/\/fpvoleibol.pt\/fpv\/?page_id=42001"},"modified":"2025-08-07T14:46:58","modified_gmt":"2025-08-07T13:46:58","slug":"estatutos-regulamentos","status":"publish","type":"page","link":"https:\/\/fpvoleibol.pt\/fpv\/fpv\/estatutos-regulamentos\/","title":{"rendered":"Estatutos e Regulamentos da FPV"},"content":{"rendered":"<p style=\"text-align: center;\"><span style=\"font-size: 18pt; color: #003e6b;\"><strong>ESTATUTOS<\/strong><\/span><\/p>\n<table style=\"width: 100%; border-style: hidden;\" border=\"0\" width=\"100%\" cellspacing=\"1\">\n<tbody>\n<tr>\n<td style=\"width: 75%; height: 45px; border-style: hidden;\" align=\"left\" width=\"500\" height=\"45\">Estatutos da Federa\u00e7\u00e3o Portuguesa de Voleibol<\/td>\n<td style=\"width: 25%; border-style: hidden;\" align=\"center\" width=\"50\" height=\"45\"><a href=\"https:\/\/www.fpvoleibol.pt\/regulamentos\/estatutos.pdf\" target=\"_blank\" rel=\"noopener noreferrer\"><img loading=\"lazy\" decoding=\"async\" class=\"alignnone\" src=\"https:\/\/www.fpvoleibol.pt\/documentacao\/planos_orcamentos\/2020\/pdf_blue.png\" alt=\"\" width=\"30\" height=\"35\" border=\"0\" \/><\/a><\/td>\n<\/tr>\n<\/tbody>\n<\/table>\n<p>&nbsp;<\/p>\n<p style=\"text-align: center;\"><span style=\"font-size: 18pt; color: #003e6b;\"><strong>REGULAMENTOS<\/strong><\/span><\/p>\n<table style=\"width: 100%; border-style: hidden;\" border=\"0\" width=\"100%\" cellspacing=\"1\">\n<tbody>\n<tr>\n<td style=\"width: 75%; border-style: hidden;\" align=\"left\" width=\"500\" height=\"45\"><strong>INSTITUCIONAL<\/strong><\/td>\n<td style=\"width: 25%; border-style: hidden;\" align=\"center\" width=\"50\" height=\"45\"><\/td>\n<\/tr>\n<tr>\n<td style=\"width: 75%; border-style: hidden;\" align=\"left\" width=\"500\" height=\"45\">\n<ul>\n<li>Regulamento Eleitoral<\/li>\n<\/ul>\n<\/td>\n<td style=\"width: 25%; border-style: hidden;\" align=\"center\" width=\"50\" height=\"45\"><a href=\"https:\/\/www.fpvoleibol.pt\/regulamentos\/reg_processo_eleitoral.pdf\" target=\"_blank\" rel=\"noopener noreferrer\"><img loading=\"lazy\" decoding=\"async\" class=\"alignnone\" src=\"https:\/\/www.fpvoleibol.pt\/documentacao\/planos_orcamentos\/2020\/pdf_blue.png\" alt=\"\" width=\"30\" height=\"35\" border=\"0\" \/><\/a><\/td>\n<\/tr>\n<tr>\n<td style=\"width: 75%; border-style: hidden;\" align=\"left\" width=\"500\" height=\"45\">\n<ul>\n<li>Regulamento da Defesa da \u00c9tica<\/li>\n<\/ul>\n<\/td>\n<td style=\"width: 25%; border-style: hidden;\" align=\"center\" width=\"50\" height=\"45\"><a href=\"https:\/\/www.fpvoleibol.pt\/regulamentos\/reg_defesa_etica.pdf\" target=\"_blank\" rel=\"noopener noreferrer\"><img loading=\"lazy\" decoding=\"async\" class=\"alignnone\" src=\"https:\/\/www.fpvoleibol.pt\/documentacao\/planos_orcamentos\/2020\/pdf_blue.png\" alt=\"\" width=\"30\" height=\"35\" border=\"0\" \/><\/a><\/td>\n<\/tr>\n<tr>\n<td style=\"width: 75%; border-style: hidden;\" align=\"left\" width=\"500\" height=\"45\">\n<ul>\n<li>Regulamento da Integridade<\/li>\n<\/ul>\n<\/td>\n<td style=\"width: 25%; border-style: hidden;\" align=\"center\" width=\"50\" height=\"45\"><a href=\"https:\/\/www.fpvoleibol.pt\/regulamentos\/reg_integridade.pdf\" target=\"_blank\" rel=\"noopener noreferrer\"><img loading=\"lazy\" decoding=\"async\" class=\"alignnone\" src=\"https:\/\/www.fpvoleibol.pt\/documentacao\/planos_orcamentos\/2020\/pdf_blue.png\" alt=\"\" width=\"30\" height=\"35\" border=\"0\" \/><\/a><\/td>\n<\/tr>\n<tr>\n<td style=\"width: 75%; height: 45px; border-style: hidden;\" align=\"left\" width=\"500\" height=\"45\"><strong>ESQUEMA DE PROVAS<\/strong><\/td>\n<td style=\"width: 25%; border-style: hidden;\" align=\"center\" width=\"50\" height=\"45\"><\/td>\n<\/tr>\n<tr>\n<td style=\"width: 75%; border-style: hidden;\" align=\"left\" width=\"500\" height=\"45\">\n<ul>\n<li>Regulamento dos Escal\u00f5es de Forma\u00e7\u00e3o<\/li>\n<\/ul>\n<\/td>\n<td style=\"width: 25%; border-style: hidden;\" align=\"center\" width=\"50\" height=\"45\"><a href=\"https:\/\/www.fpvoleibol.pt\/regulamentos\/reg_esc_formacao.pdf\" target=\"_blank\" rel=\"noopener noreferrer\"><img loading=\"lazy\" decoding=\"async\" class=\"alignnone\" src=\"https:\/\/www.fpvoleibol.pt\/documentacao\/planos_orcamentos\/2020\/pdf_blue.png\" alt=\"\" width=\"30\" height=\"35\" border=\"0\" \/><\/a><\/td>\n<\/tr>\n<tr>\n<td style=\"width: 75%; border-style: hidden;\" align=\"left\" width=\"500\" height=\"45\">\n<ul>\n<li>Regulamento do Esquema de Provas de Veteranos<\/li>\n<\/ul>\n<\/td>\n<td style=\"width: 25%; border-style: hidden;\" align=\"center\" width=\"50\" height=\"45\"><a href=\"https:\/\/www.fpvoleibol.pt\/regulamentos\/esquema_provas_veteranos.pdf\" target=\"_blank\" rel=\"noopener noreferrer\"><img loading=\"lazy\" decoding=\"async\" class=\"alignnone\" src=\"https:\/\/www.fpvoleibol.pt\/documentacao\/planos_orcamentos\/2020\/pdf_blue.png\" alt=\"\" width=\"30\" height=\"35\" border=\"0\" \/><\/a><\/td>\n<\/tr>\n<tr>\n<td style=\"width: 75%; border-style: hidden;\" align=\"left\" width=\"500\" height=\"45\">\n<ul>\n<li>Regulamento dos Juniores Sub 20<\/li>\n<\/ul>\n<\/td>\n<td style=\"width: 25%; border-style: hidden;\" align=\"center\" width=\"50\" height=\"45\"><a href=\"https:\/\/www.fpvoleibol.pt\/regulamentos\/reg_juniores_sub20.pdf\" target=\"_blank\" rel=\"noopener noreferrer\"><img loading=\"lazy\" decoding=\"async\" class=\"alignnone\" src=\"https:\/\/www.fpvoleibol.pt\/documentacao\/planos_orcamentos\/2020\/pdf_blue.png\" alt=\"\" width=\"30\" height=\"35\" border=\"0\" \/><\/a><\/td>\n<\/tr>\n<tr>\n<td style=\"width: 75%; border-style: hidden;\" align=\"left\" width=\"500\" height=\"45\">\n<ul>\n<li>Regulamento do Mini Voleibol<\/li>\n<\/ul>\n<\/td>\n<td style=\"width: 25%; border-style: hidden;\" align=\"center\" width=\"50\" height=\"45\"><a href=\"https:\/\/www.fpvoleibol.pt\/regulamentos\/reg_minivolei.pdf\" target=\"_blank\" rel=\"noopener noreferrer\"><img loading=\"lazy\" decoding=\"async\" class=\"alignnone\" src=\"https:\/\/www.fpvoleibol.pt\/documentacao\/planos_orcamentos\/2020\/pdf_blue.png\" alt=\"\" width=\"30\" height=\"35\" border=\"0\" \/><\/a><\/td>\n<\/tr>\n<tr>\n<td style=\"width: 75%; border-style: hidden;\" align=\"left\" width=\"500\" height=\"45\">\n<ul>\n<li>Regulamento dos Seniores<\/li>\n<\/ul>\n<\/td>\n<td style=\"width: 25%; border-style: hidden;\" align=\"center\" width=\"50\" height=\"45\"><a href=\"https:\/\/www.fpvoleibol.pt\/regulamentos\/reg_esc_seniores_.pdf\" target=\"_blank\" rel=\"noopener noreferrer\"><img loading=\"lazy\" decoding=\"async\" class=\"alignnone\" src=\"https:\/\/www.fpvoleibol.pt\/documentacao\/planos_orcamentos\/2020\/pdf_blue.png\" alt=\"\" width=\"30\" height=\"35\" border=\"0\" \/><\/a><\/td>\n<\/tr>\n<tr>\n<td style=\"width: 75%; border-style: hidden;\" align=\"left\" width=\"500\" height=\"45\">\n<ul>\n<li>Regulamento da Ta\u00e7a<\/li>\n<\/ul>\n<\/td>\n<td style=\"width: 25%; border-style: hidden;\" align=\"center\" width=\"50\" height=\"45\"><a href=\"https:\/\/www.fpvoleibol.pt\/regulamentos\/reg_tportugal.pdf\" target=\"_blank\" rel=\"noopener noreferrer\"><img loading=\"lazy\" decoding=\"async\" class=\"alignnone\" src=\"https:\/\/www.fpvoleibol.pt\/documentacao\/planos_orcamentos\/2020\/pdf_blue.png\" alt=\"\" width=\"30\" height=\"35\" border=\"0\" \/><\/a><\/td>\n<\/tr>\n<tr>\n<td style=\"width: 75%; height: 45px; border-style: hidden;\" align=\"left\" width=\"500\" height=\"45\"><strong>VOLEIBOL DE PAVILH\u00c3O<\/strong><\/td>\n<td style=\"width: 25%; border-style: hidden;\" align=\"center\" width=\"50\" height=\"45\"><\/td>\n<\/tr>\n<tr>\n<td style=\"width: 75%; border-style: hidden;\" align=\"left\" width=\"500\" height=\"45\">\n<ul>\n<li>Regulamento de Controlo de Dopagem<\/li>\n<\/ul>\n<\/td>\n<td style=\"width: 25%; border-style: hidden;\" align=\"center\" width=\"50\" height=\"45\"><a href=\"https:\/\/www.fpvoleibol.pt\/regulamentos\/reg_controlo_antidopagem.pdf\" target=\"_blank\" rel=\"noopener noreferrer\"><img loading=\"lazy\" decoding=\"async\" class=\"alignnone\" src=\"https:\/\/www.fpvoleibol.pt\/documentacao\/planos_orcamentos\/2020\/pdf_blue.png\" alt=\"\" width=\"30\" height=\"35\" border=\"0\" \/><\/a><\/td>\n<\/tr>\n<tr>\n<td style=\"width: 75%; border-style: hidden;\" align=\"left\" width=\"500\" height=\"45\">\n<ul>\n<li>Regulamento de Disciplina<\/li>\n<\/ul>\n<\/td>\n<td style=\"width: 25%; border-style: hidden;\" align=\"center\" width=\"50\" height=\"45\"><a href=\"https:\/\/www.fpvoleibol.pt\/regulamentos\/reg_disciplina__.pdf\" target=\"_blank\" rel=\"noopener noreferrer\"><img loading=\"lazy\" decoding=\"async\" class=\"alignnone\" src=\"https:\/\/www.fpvoleibol.pt\/documentacao\/planos_orcamentos\/2020\/pdf_blue.png\" alt=\"\" width=\"30\" height=\"35\" border=\"0\" \/><\/a><\/td>\n<\/tr>\n<tr>\n<td style=\"width: 75%; border-style: hidden;\" align=\"left\" width=\"500\" height=\"45\">\n<ul>\n<li>Regulamento Interno<\/li>\n<\/ul>\n<\/td>\n<td style=\"width: 25%; border-style: hidden;\" align=\"center\" width=\"50\" height=\"45\"><a href=\"https:\/\/www.fpvoleibol.pt\/regulamentos\/reg_interno_.pdf\" target=\"_blank\" rel=\"noopener noreferrer\"><img loading=\"lazy\" decoding=\"async\" class=\"alignnone\" src=\"https:\/\/www.fpvoleibol.pt\/documentacao\/planos_orcamentos\/2020\/pdf_blue.png\" alt=\"\" width=\"30\" height=\"35\" border=\"0\" \/><\/a><\/td>\n<\/tr>\n<tr>\n<td style=\"width: 75%; border-style: hidden;\" align=\"left\" width=\"500\" height=\"45\">\n<ul>\n<li>Regulamento de Mais Que Uma Equipa<\/li>\n<\/ul>\n<\/td>\n<td style=\"width: 25%; border-style: hidden;\" align=\"center\" width=\"50\" height=\"45\"><a href=\"https:\/\/www.fpvoleibol.pt\/regulamentos\/reg_equipa.pdf\" target=\"_blank\" rel=\"noopener noreferrer\"><img loading=\"lazy\" decoding=\"async\" class=\"alignnone\" src=\"https:\/\/www.fpvoleibol.pt\/documentacao\/planos_orcamentos\/2020\/pdf_blue.png\" alt=\"\" width=\"30\" height=\"35\" border=\"0\" \/><\/a><\/td>\n<\/tr>\n<tr>\n<td style=\"width: 75%; border-style: hidden;\" align=\"left\" width=\"500\" height=\"45\">\n<ul>\n<li>Regulamento de Participa\u00e7\u00e3o Directa na I Divis\u00e3o<\/li>\n<\/ul>\n<\/td>\n<td style=\"width: 25%; border-style: hidden;\" align=\"center\" width=\"50\" height=\"45\"><a href=\"https:\/\/www.fpvoleibol.pt\/regulamentos\/reg_participacaodirecta-Idiv.pdf\" target=\"_blank\" rel=\"noopener noreferrer\"><img loading=\"lazy\" decoding=\"async\" class=\"alignnone\" src=\"https:\/\/www.fpvoleibol.pt\/documentacao\/planos_orcamentos\/2020\/pdf_blue.png\" alt=\"\" width=\"30\" height=\"35\" border=\"0\" \/><\/a><\/td>\n<\/tr>\n<tr>\n<td style=\"width: 75%; border-style: hidden;\" align=\"left\" width=\"500\" height=\"45\">\n<ul>\n<li>Regulamento do Policiamento e Seguran\u00e7a<\/li>\n<\/ul>\n<\/td>\n<td style=\"width: 25%; border-style: hidden;\" align=\"center\" width=\"50\" height=\"45\"><a href=\"https:\/\/www.fpvoleibol.pt\/regulamentos\/reg_policiamento.pdf\" target=\"_blank\" rel=\"noopener noreferrer\"><img loading=\"lazy\" decoding=\"async\" class=\"alignnone\" src=\"https:\/\/www.fpvoleibol.pt\/documentacao\/planos_orcamentos\/2020\/pdf_blue.png\" alt=\"\" width=\"30\" height=\"35\" border=\"0\" \/><\/a><\/td>\n<\/tr>\n<tr>\n<td style=\"width: 75%; border-style: hidden;\" align=\"left\" width=\"500\" height=\"45\">\n<ul>\n<li>Regulamento de Provas<\/li>\n<\/ul>\n<\/td>\n<td style=\"width: 25%; border-style: hidden;\" align=\"center\" width=\"50\" height=\"45\"><a href=\"https:\/\/www.fpvoleibol.pt\/regulamentos\/reg_provas.pdf\" target=\"_blank\" rel=\"noopener noreferrer\"><img loading=\"lazy\" decoding=\"async\" class=\"alignnone\" src=\"https:\/\/www.fpvoleibol.pt\/documentacao\/planos_orcamentos\/2020\/pdf_blue.png\" alt=\"\" width=\"30\" height=\"35\" border=\"0\" \/><\/a><\/td>\n<\/tr>\n<tr>\n<td style=\"width: 75%; border-style: hidden;\" align=\"left\" width=\"500\" height=\"45\">\n<ul>\n<li>Regulamento da Viol\u00eancia no Voleibol<\/li>\n<\/ul>\n<\/td>\n<td style=\"width: 25%; border-style: hidden;\" align=\"center\" width=\"50\" height=\"45\"><a href=\"https:\/\/www.fpvoleibol.pt\/regulamentos\/reg_violencia.pdf\" target=\"_blank\" rel=\"noopener noreferrer\"><img loading=\"lazy\" decoding=\"async\" class=\"alignnone\" src=\"https:\/\/www.fpvoleibol.pt\/documentacao\/planos_orcamentos\/2020\/pdf_blue.png\" alt=\"\" width=\"30\" height=\"35\" border=\"0\" \/><\/a><\/td>\n<\/tr>\n<tr>\n<td style=\"width: 75%; border-style: hidden;\" align=\"left\" width=\"500\" height=\"45\">\n<ul>\n<li>Regulamento do Conselho de Disciplina<\/li>\n<\/ul>\n<\/td>\n<td style=\"width: 25%; border-style: hidden;\" align=\"center\" width=\"50\" height=\"45\"><a href=\"https:\/\/www.fpvoleibol.pt\/regulamentos\/regimento_disciplina.pdf\" target=\"_blank\" rel=\"noopener noreferrer\"><img loading=\"lazy\" decoding=\"async\" class=\"alignnone\" src=\"https:\/\/www.fpvoleibol.pt\/documentacao\/planos_orcamentos\/2020\/pdf_blue.png\" alt=\"\" width=\"30\" height=\"35\" border=\"0\" \/><\/a><\/td>\n<\/tr>\n<tr>\n<td style=\"width: 75%; border-style: hidden;\" align=\"left\" width=\"500\" height=\"45\">\n<ul>\n<li>Regulamento do Conselho de Justi\u00e7a<\/li>\n<\/ul>\n<\/td>\n<td style=\"width: 25%; border-style: hidden;\" align=\"center\" width=\"50\" height=\"45\"><a href=\"https:\/\/www.fpvoleibol.pt\/regulamentos\/regimento_justica.pdf\" target=\"_blank\" rel=\"noopener noreferrer\"><img loading=\"lazy\" decoding=\"async\" class=\"alignnone\" src=\"https:\/\/www.fpvoleibol.pt\/documentacao\/planos_orcamentos\/2020\/pdf_blue.png\" alt=\"\" width=\"30\" height=\"35\" border=\"0\" \/><\/a><\/td>\n<\/tr>\n<tr>\n<td style=\"width: 75%; height: 45px; border-style: hidden;\" align=\"left\" width=\"500\" height=\"45\"><strong>VOLEIBOL DE PRAIA<\/strong><\/td>\n<td style=\"width: 25%; border-style: hidden;\" align=\"center\" width=\"50\" height=\"45\"><\/td>\n<\/tr>\n<tr>\n<td style=\"width: 75%; border-style: hidden;\" align=\"left\" width=\"500\" height=\"45\">\n<ul>\n<li>Regulamento do Campeonato Nacional de Voleibol de Praia &#8211; Clubes<\/li>\n<\/ul>\n<\/td>\n<td style=\"width: 25%; border-style: hidden;\" align=\"center\" width=\"50\" height=\"45\"><a href=\"https:\/\/www.fpvoleibol.pt\/regulamentos\/regulamento_vp_campnac_clubes.pdf\" target=\"_blank\" rel=\"noopener noreferrer\"><img loading=\"lazy\" decoding=\"async\" class=\"alignnone\" src=\"https:\/\/www.fpvoleibol.pt\/documentacao\/planos_orcamentos\/2020\/pdf_blue.png\" alt=\"\" width=\"30\" height=\"35\" border=\"0\" \/><\/a><\/td>\n<\/tr>\n<tr>\n<td style=\"width: 75%; border-style: hidden;\" align=\"left\" width=\"500\" height=\"45\">\n<ul>\n<li>Regulamento do Voleibol de Praia<\/li>\n<\/ul>\n<\/td>\n<td style=\"width: 25%; border-style: hidden;\" align=\"center\" width=\"50\" height=\"45\"><a href=\"https:\/\/www.fpvoleibol.pt\/regulamentos\/reg_voleipraia.pdf\" target=\"_blank\" rel=\"noopener noreferrer\"><img loading=\"lazy\" decoding=\"async\" class=\"alignnone\" src=\"https:\/\/www.fpvoleibol.pt\/documentacao\/planos_orcamentos\/2020\/pdf_blue.png\" alt=\"\" width=\"30\" height=\"35\" border=\"0\" \/><\/a><\/td>\n<\/tr>\n<tr>\n<td style=\"width: 75%; border-style: hidden;\" align=\"left\" width=\"500\" height=\"45\">\n<ul>\n<li>Regulamento do Campeonato Nacional de Clubes de Voleibol de Praia &#8211; Veteranos<\/li>\n<\/ul>\n<\/td>\n<td style=\"width: 25%; border-style: hidden;\" align=\"center\" width=\"50\" height=\"45\"><a href=\"https:\/\/www.fpvoleibol.pt\/regulamentos\/reg_vpclubes_veteranos.pdf\" target=\"_blank\" rel=\"noopener noreferrer\"><img loading=\"lazy\" decoding=\"async\" class=\"alignnone\" src=\"https:\/\/www.fpvoleibol.pt\/documentacao\/planos_orcamentos\/2020\/pdf_blue.png\" alt=\"\" width=\"30\" height=\"35\" border=\"0\" \/><\/a><\/td>\n<\/tr>\n<tr>\n<td style=\"width: 75%; border-style: hidden;\" align=\"left\" width=\"500\" height=\"45\">\n<ul>\n<li>Regualento do Voleibol de Praia &#8211; Circuitos Regionais<\/li>\n<\/ul>\n<\/td>\n<td style=\"width: 25%; border-style: hidden;\" align=\"center\" width=\"50\" height=\"45\"><a href=\"https:\/\/www.fpvoleibol.pt\/regulamentos\/reg_vp_circuitos_regionais.pdf\" target=\"_blank\" rel=\"noopener noreferrer\"><img loading=\"lazy\" decoding=\"async\" class=\"alignnone\" src=\"https:\/\/www.fpvoleibol.pt\/documentacao\/planos_orcamentos\/2020\/pdf_blue.png\" alt=\"\" width=\"30\" height=\"35\" border=\"0\" \/><\/a><\/td>\n<\/tr>\n<tr>\n<td style=\"width: 75%; height: 45px; border-style: hidden;\" align=\"left\" width=\"500\" height=\"45\"><strong>TORNEIOS DE VOLEIBOL<\/strong><\/td>\n<td style=\"width: 25%; border-style: hidden;\" align=\"center\" width=\"50\" height=\"45\"><\/td>\n<\/tr>\n<tr>\n<td style=\"width: 75%; border-style: hidden;\" align=\"left\" width=\"500\" height=\"45\">\n<ul>\n<li>Regulamento dos Torneios Abertos<\/li>\n<\/ul>\n<\/td>\n<td style=\"width: 25%; border-style: hidden;\" align=\"center\" width=\"50\" height=\"45\"><a href=\"https:\/\/www.fpvoleibol.pt\/regulamentos\/reg_torneios_a.pdf\" target=\"_blank\" rel=\"noopener noreferrer\"><img loading=\"lazy\" decoding=\"async\" class=\"alignnone\" src=\"https:\/\/www.fpvoleibol.pt\/documentacao\/planos_orcamentos\/2020\/pdf_blue.png\" alt=\"\" width=\"30\" height=\"35\" border=\"0\" \/><\/a><\/td>\n<\/tr>\n<tr>\n<td style=\"width: 75%; border-style: hidden;\" align=\"left\" width=\"500\" height=\"45\">\n<ul>\n<li>Regulamento dos Torneios Homologados<\/li>\n<\/ul>\n<\/td>\n<td style=\"width: 25%; border-style: hidden;\" align=\"center\" width=\"50\" height=\"45\"><a href=\"https:\/\/www.fpvoleibol.pt\/regulamentos\/reg_torneios_h.pdf\" target=\"_blank\" rel=\"noopener noreferrer\"><img loading=\"lazy\" decoding=\"async\" class=\"alignnone\" src=\"https:\/\/www.fpvoleibol.pt\/documentacao\/planos_orcamentos\/2020\/pdf_blue.png\" alt=\"\" width=\"30\" height=\"35\" border=\"0\" \/><\/a><\/td>\n<\/tr>\n<tr>\n<td style=\"width: 75%; height: 45px; border-style: hidden;\" align=\"left\" width=\"500\" height=\"45\"><strong>ARBITRAGEM<\/strong><\/td>\n<td style=\"width: 25%; border-style: hidden;\" align=\"center\" width=\"50\" height=\"45\"><\/td>\n<\/tr>\n<tr>\n<td style=\"width: 75%; height: 45px; border-style: hidden;\" align=\"left\" width=\"500\" height=\"45\">\n<ul>\n<li>Regulamento da Arbitragem<\/li>\n<\/ul>\n<\/td>\n<td style=\"width: 25%; border-style: hidden;\" align=\"center\" width=\"50\" height=\"45\"><a href=\"https:\/\/www.fpvoleibol.pt\/regulamentos\/reg_arbitragem.pdf\" target=\"_blank\" rel=\"noopener noreferrer\"><img loading=\"lazy\" decoding=\"async\" class=\"alignnone\" src=\"https:\/\/www.fpvoleibol.pt\/documentacao\/planos_orcamentos\/2020\/pdf_blue.png\" alt=\"\" width=\"30\" height=\"35\" border=\"0\" \/><\/a><\/td>\n<\/tr>\n<tr>\n<td style=\"width: 75%; border-style: hidden;\" align=\"left\" width=\"500\" height=\"45\">\n<ul>\n<li>Regulamento do Cart\u00e3o Branco<\/li>\n<\/ul>\n<\/td>\n<td style=\"width: 25%; border-style: hidden;\" align=\"center\" width=\"50\" height=\"45\"><a href=\"https:\/\/www.fpvoleibol.pt\/regulamentos\/reg_cartao_branco_2020.pdf\" target=\"_blank\" rel=\"noopener noreferrer\"><img loading=\"lazy\" decoding=\"async\" class=\"alignnone\" src=\"https:\/\/www.fpvoleibol.pt\/documentacao\/planos_orcamentos\/2020\/pdf_blue.png\" alt=\"\" width=\"30\" height=\"35\" border=\"0\" \/><\/a><\/td>\n<\/tr>\n<\/tbody>\n<\/table>\n","protected":false},"excerpt":{"rendered":"<p>ESTATUTOS Estatutos da Federa\u00e7\u00e3o Portuguesa de Voleibol &nbsp; REGULAMENTOS INSTITUCIONAL Regulamento Eleitoral Regulamento da Defesa da \u00c9tica Regulamento da Integridade ESQUEMA DE PROVAS Regulamento dos Escal\u00f5es de Forma\u00e7\u00e3o Regulamento do [&hellip;]<\/p>\n","protected":false},"author":1,"featured_media":0,"parent":97,"menu_order":0,"comment_status":"closed","ping_status":"closed","template":"","meta":{"_monsterinsights_skip_tracking":false,"_monsterinsights_sitenote_active":false,"_monsterinsights_sitenote_note":"","_monsterinsights_sitenote_category":0,"footnotes":""},"class_list":["post-42001","page","type-page","status-publish","czr-hentry"],"aioseo_notices":[],"_links":{"self":[{"href":"https:\/\/fpvoleibol.pt\/fpv\/wp-json\/wp\/v2\/pages\/42001","targetHints":{"allow":["GET"]}}],"collection":[{"href":"https:\/\/fpvoleibol.pt\/fpv\/wp-json\/wp\/v2\/pages"}],"about":[{"href":"https:\/\/fpvoleibol.pt\/fpv\/wp-json\/wp\/v2\/types\/page"}],"author":[{"embeddable":true,"href":"https:\/\/fpvoleibol.pt\/fpv\/wp-json\/wp\/v2\/users\/1"}],"replies":[{"embeddable":true,"href":"https:\/\/fpvoleibol.pt\/fpv\/wp-json\/wp\/v2\/comments?post=42001"}],"version-history":[{"count":33,"href":"https:\/\/fpvoleibol.pt\/fpv\/wp-json\/wp\/v2\/pages\/42001\/revisions"}],"predecessor-version":[{"id":42034,"href":"https:\/\/fpvoleibol.pt\/fpv\/wp-json\/wp\/v2\/pages\/42001\/revisions\/42034"}],"up":[{"embeddable":true,"href":"https:\/\/fpvoleibol.pt\/fpv\/wp-json\/wp\/v2\/pages\/97"}],"wp:attachment":[{"href":"https:\/\/fpvoleibol.pt\/fpv\/wp-json\/wp\/v2\/media?parent=42001"}],"curies":[{"name":"wp","href":"https:\/\/api.w.org\/{rel}","templated":true}]}}