{"id":41953,"date":"2025-08-05T12:13:11","date_gmt":"2025-08-05T11:13:11","guid":{"rendered":"https:\/\/fpvoleibol.pt\/fpv\/?page_id=41953"},"modified":"2025-08-05T15:19:37","modified_gmt":"2025-08-05T14:19:37","slug":"clubes-2024-2025","status":"publish","type":"page","link":"https:\/\/fpvoleibol.pt\/fpv\/documentacao\/contratos-programa\/clubes-2024-2025\/","title":{"rendered":"Clubes (2024-2025)"},"content":{"rendered":"<p style=\"text-align: center;\"><span style=\"font-size: 18pt; color: #003e6b;\"><strong>\u00c9POCA 2024-2025<\/strong><\/span><\/p>\n<div align=\"center\">\n<div style=\"display: inline-block; text-align: center;\"><a href=\"https:\/\/www.fpvoleibol.pt\/documentacao\/contratos_programa\/clubes\/alanunalvares_24_25.pdf\"><img loading=\"lazy\" decoding=\"async\" class=\"aligncenter\" src=\"https:\/\/www.fpvoleibol.pt\/fpv\/imagens\/icon-pdf__.jpg\" alt=\"\" width=\"180\" height=\"180\" \/><\/a><span style=\"font-family: inherit; font-size: inherit;\">Ala Nun&#8217;\u00c1lvares Gondomar<\/span><\/div>\n<div style=\"display: inline-block; text-align: center;\"><a href=\"https:\/\/www.fpvoleibol.pt\/documentacao\/contratos_programa\/clubes\/aaespinho_24_25.pdf\"><img loading=\"lazy\" decoding=\"async\" class=\"aligncenter\" src=\"https:\/\/www.fpvoleibol.pt\/fpv\/imagens\/icon-pdf__.jpg\" alt=\"\" width=\"180\" height=\"180\" \/><\/a><span style=\"font-family: inherit; font-size: inherit;\">AA Espinho<\/span><\/div>\n<div style=\"display: inline-block; text-align: center;\"><a href=\"https:\/\/www.fpvoleibol.pt\/documentacao\/contratos_programa\/clubes\/aavenseaa78_24_25.pdf\"><img loading=\"lazy\" decoding=\"async\" class=\"aligncenter\" src=\"https:\/\/www.fpvoleibol.pt\/fpv\/imagens\/icon-pdf__.jpg\" alt=\"\" width=\"180\" height=\"180\" \/><\/a><span style=\"font-family: inherit; font-size: inherit;\">A Avense AA 78<\/span><\/div>\n<div style=\"display: inline-block; text-align: center;\"><a href=\"https:\/\/www.fpvoleibol.pt\/documentacao\/contratos_programa\/clubes\/aasmamede_24_25.pdf\"><img loading=\"lazy\" decoding=\"async\" class=\"aligncenter\" src=\"https:\/\/www.fpvoleibol.pt\/fpv\/imagens\/icon-pdf__.jpg\" alt=\"\" width=\"180\" height=\"180\" \/><\/a><span style=\"font-family: inherit; font-size: inherit;\">AA S. Mamede<\/span><\/div>\n<div style=\"display: inline-block; text-align: center;\"><a href=\"https:\/\/www.fpvoleibol.pt\/documentacao\/contratos_programa\/clubes\/avilhaterceira_24_25.pdf\"><img loading=\"lazy\" decoding=\"async\" class=\"aligncenter\" src=\"https:\/\/www.fpvoleibol.pt\/fpv\/imagens\/icon-pdf__.jpg\" alt=\"\" width=\"180\" height=\"180\" \/><\/a><span style=\"font-family: inherit; font-size: inherit;\">AV Ilha Terceira<\/span><\/div>\n<div style=\"display: inline-block; text-align: center;\"><a href=\"https:\/\/www.fpvoleibol.pt\/documentacao\/contratos_programa\/clubes\/avsmiguel_24_25.pdf\"><img loading=\"lazy\" decoding=\"async\" class=\"aligncenter\" src=\"https:\/\/www.fpvoleibol.pt\/fpv\/imagens\/icon-pdf__.jpg\" alt=\"\" width=\"180\" height=\"180\" \/><\/a><span style=\"font-family: inherit; font-size: inherit;\">AV S. Miguel<\/span><\/div>\n<div style=\"display: inline-block; text-align: center;\"><a href=\"https:\/\/www.fpvoleibol.pt\/documentacao\/contratos_programa\/clubes\/camadalena_24_25.pdf\"><img loading=\"lazy\" decoding=\"async\" class=\"aligncenter\" src=\"https:\/\/www.fpvoleibol.pt\/fpv\/imagens\/icon-pdf__.jpg\" alt=\"\" width=\"180\" height=\"180\" \/><\/a><span style=\"font-family: inherit; font-size: inherit;\">CA Madalena<\/span><\/div>\n<div style=\"display: inline-block; text-align: center;\"><a href=\"https:\/\/www.fpvoleibol.pt\/documentacao\/contratos_programa\/clubes\/cdfiaes_24_25.pdf\"><img loading=\"lazy\" decoding=\"async\" class=\"aligncenter\" src=\"https:\/\/www.fpvoleibol.pt\/fpv\/imagens\/icon-pdf__.jpg\" alt=\"\" width=\"180\" height=\"180\" \/><\/a><span style=\"font-family: inherit; font-size: inherit;\">CD Fi\u00e3es<\/span><\/div>\n<div style=\"display: inline-block; text-align: center;\"><a href=\"https:\/\/www.fpvoleibol.pt\/documentacao\/contratos_programa\/clubes\/cfbelenenses_24_25.pdf\"><img loading=\"lazy\" decoding=\"async\" class=\"aligncenter\" src=\"https:\/\/www.fpvoleibol.pt\/fpv\/imagens\/icon-pdf__.jpg\" alt=\"\" width=\"180\" height=\"180\" \/><\/a><span style=\"font-family: inherit; font-size: inherit;\">CF &#8220;Os Belenenses&#8221;<\/span><\/div>\n<div style=\"display: inline-block; text-align: center;\"><a href=\"https:\/\/www.fpvoleibol.pt\/documentacao\/contratos_programa\/clubes\/castelomaiagc_24_25.pdf\"><img loading=\"lazy\" decoding=\"async\" class=\"aligncenter\" src=\"https:\/\/www.fpvoleibol.pt\/fpv\/imagens\/icon-pdf__.jpg\" alt=\"\" width=\"180\" height=\"180\" \/><\/a><span style=\"font-family: inherit; font-size: inherit;\">Castelo Maia GC<\/span><\/div>\n<div style=\"display: inline-block; text-align: center;\"><a href=\"https:\/\/www.fpvoleibol.pt\/documentacao\/contratos_programa\/clubes\/cnginastica_24_25.pdf\"><img loading=\"lazy\" decoding=\"async\" class=\"aligncenter\" src=\"https:\/\/www.fpvoleibol.pt\/fpv\/imagens\/icon-pdf__.jpg\" alt=\"\" width=\"180\" height=\"180\" \/><\/a><span style=\"font-family: inherit; font-size: inherit;\">CN Gin\u00e1stica<\/span><\/div>\n<div style=\"display: inline-block; text-align: center;\"><a href=\"https:\/\/www.fpvoleibol.pt\/documentacao\/contratos_programa\/clubes\/cvoeiras_24_25.pdf\"><img loading=\"lazy\" decoding=\"async\" class=\"aligncenter\" src=\"https:\/\/www.fpvoleibol.pt\/fpv\/imagens\/icon-pdf__.jpg\" alt=\"\" width=\"180\" height=\"180\" \/><\/a><span style=\"font-family: inherit; font-size: inherit;\">CV Oeiras<\/span><\/div>\n<div style=\"display: inline-block; text-align: center;\"><a href=\"https:\/\/www.fpvoleibol.pt\/documentacao\/contratos_programa\/clubes\/esmorizgc_24_25.pdf\"><img loading=\"lazy\" decoding=\"async\" class=\"aligncenter\" src=\"https:\/\/www.fpvoleibol.pt\/fpv\/imagens\/icon-pdf__.jpg\" alt=\"\" width=\"180\" height=\"180\" \/><\/a><span style=\"font-family: inherit; font-size: inherit;\">Esmoriz GC<\/span><\/div>\n<div style=\"display: inline-block; text-align: center;\"><a href=\"https:\/\/www.fpvoleibol.pt\/documentacao\/contratos_programa\/clubes\/fcporto_24_25.pdf\"><img loading=\"lazy\" decoding=\"async\" class=\"aligncenter\" src=\"https:\/\/www.fpvoleibol.pt\/fpv\/imagens\/icon-pdf__.jpg\" alt=\"\" width=\"180\" height=\"180\" \/><\/a><span style=\"font-family: inherit; font-size: inherit;\">FC Porto<\/span><\/div>\n<div style=\"display: inline-block; text-align: center;\"><a href=\"https:\/\/www.fpvoleibol.pt\/documentacao\/contratos_programa\/clubes\/gcsantotirso_24_25.pdf\"><img loading=\"lazy\" decoding=\"async\" class=\"aligncenter\" src=\"https:\/\/www.fpvoleibol.pt\/fpv\/imagens\/icon-pdf__.jpg\" alt=\"\" width=\"180\" height=\"180\" \/><\/a><span style=\"font-family: inherit; font-size: inherit;\">GC Santo Tirso<\/span><\/div>\n<div style=\"display: inline-block; text-align: center;\"><a href=\"https:\/\/www.fpvoleibol.pt\/documentacao\/contratos_programa\/clubes\/gcvilacondense_24_25.pdf\"><img loading=\"lazy\" decoding=\"async\" class=\"aligncenter\" src=\"https:\/\/www.fpvoleibol.pt\/fpv\/imagens\/icon-pdf__.jpg\" alt=\"\" width=\"180\" height=\"180\" \/><\/a><span style=\"font-family: inherit; font-size: inherit;\">GC Vilacondense<\/span><\/div>\n<div style=\"display: inline-block; text-align: center;\"><a href=\"https:\/\/www.fpvoleibol.pt\/documentacao\/contratos_programa\/clubes\/leixoessc_24_25.pdf\"><img loading=\"lazy\" decoding=\"async\" class=\"aligncenter\" src=\"https:\/\/www.fpvoleibol.pt\/fpv\/imagens\/icon-pdf__.jpg\" alt=\"\" width=\"180\" height=\"180\" \/><\/a><span style=\"font-family: inherit; font-size: inherit;\">Leix\u00f5es SC<\/span><\/div>\n<div style=\"display: inline-block; text-align: center;\"><a href=\"https:\/\/www.fpvoleibol.pt\/documentacao\/contratos_programa\/clubes\/pv2014colefanor_24_25.pdf\"><img loading=\"lazy\" decoding=\"async\" class=\"aligncenter\" src=\"https:\/\/www.fpvoleibol.pt\/fpv\/imagens\/icon-pdf__.jpg\" alt=\"\" width=\"180\" height=\"180\" \/><\/a><span style=\"font-family: inherit; font-size: inherit;\">PV2014\/Col\u00e9gio Efanor<\/span><\/div>\n<div style=\"display: inline-block; text-align: center;\"><a href=\"https:\/\/www.fpvoleibol.pt\/documentacao\/contratos_programa\/clubes\/scbraga_24_25.pdf\"><img loading=\"lazy\" decoding=\"async\" class=\"aligncenter\" src=\"https:\/\/www.fpvoleibol.pt\/fpv\/imagens\/icon-pdf__.jpg\" alt=\"\" width=\"180\" height=\"180\" \/><\/a><span style=\"font-family: inherit; font-size: inherit;\">SC Braga<\/span><\/div>\n<div style=\"display: inline-block; text-align: center;\"><a href=\"https:\/\/www.fpvoleibol.pt\/documentacao\/contratos_programa\/clubes\/sccaldas_24_25.pdf\"><img loading=\"lazy\" decoding=\"async\" class=\"aligncenter\" src=\"https:\/\/www.fpvoleibol.pt\/fpv\/imagens\/icon-pdf__.jpg\" alt=\"\" width=\"180\" height=\"180\" \/><\/a><span style=\"font-family: inherit; font-size: inherit;\">SC Caldas<\/span><\/div>\n<div style=\"display: inline-block; text-align: center;\"><a href=\"https:\/\/www.fpvoleibol.pt\/documentacao\/contratos_programa\/clubes\/scespinho_24_25.pdf\"><img loading=\"lazy\" decoding=\"async\" class=\"aligncenter\" src=\"https:\/\/www.fpvoleibol.pt\/fpv\/imagens\/icon-pdf__.jpg\" alt=\"\" width=\"180\" height=\"180\" \/><\/a><span style=\"font-family: inherit; font-size: inherit;\">SC Espinho<\/span><\/div>\n<div style=\"display: inline-block; text-align: center;\"><a href=\"https:\/\/www.fpvoleibol.pt\/documentacao\/contratos_programa\/clubes\/slbenfica_24_25.pdf\"><img loading=\"lazy\" decoding=\"async\" class=\"aligncenter\" src=\"https:\/\/www.fpvoleibol.pt\/fpv\/imagens\/icon-pdf__.jpg\" alt=\"\" width=\"180\" height=\"180\" \/><\/a><span style=\"font-family: inherit; font-size: inherit;\">SL Benfica<\/span><\/div>\n<div style=\"display: inline-block; text-align: center;\"><a href=\"https:\/\/www.fpvoleibol.pt\/documentacao\/contratos_programa\/clubes\/sportingcp_24_25.pdf\"><img loading=\"lazy\" decoding=\"async\" class=\"aligncenter\" src=\"https:\/\/www.fpvoleibol.pt\/fpv\/imagens\/icon-pdf__.jpg\" alt=\"\" width=\"180\" height=\"180\" \/><\/a><span style=\"font-family: inherit; font-size: inherit;\">Sporting CP<\/span><\/div>\n<div style=\"display: inline-block; text-align: center;\"><a href=\"https:\/\/www.fpvoleibol.pt\/documentacao\/contratos_programa\/clubes\/vcviana_24_25.pdf\"><img loading=\"lazy\" decoding=\"async\" class=\"aligncenter\" src=\"https:\/\/www.fpvoleibol.pt\/fpv\/imagens\/icon-pdf__.jpg\" alt=\"\" width=\"180\" height=\"180\" \/><\/a><span style=\"font-family: inherit; font-size: inherit;\">VC Viana<\/span><\/div>\n<div style=\"display: inline-block; text-align: center;\"><a href=\"https:\/\/www.fpvoleibol.pt\/documentacao\/contratos_programa\/clubes\/vitoriasc_24_25.pdf\"><img loading=\"lazy\" decoding=\"async\" class=\"aligncenter\" src=\"https:\/\/www.fpvoleibol.pt\/fpv\/imagens\/icon-pdf__.jpg\" alt=\"\" width=\"180\" height=\"180\" \/><\/a><span style=\"font-family: inherit; font-size: inherit;\">Vit\u00f3ria SC<\/span><\/div>\n<div><\/div>\n<div><\/div>\n<\/div>\n","protected":false},"excerpt":{"rendered":"<p>\u00c9POCA 2024-2025 Ala Nun&#8217;\u00c1lvares Gondomar AA Espinho A Avense AA 78 AA S. Mamede AV Ilha Terceira AV S. Miguel CA Madalena CD Fi\u00e3es CF &#8220;Os Belenenses&#8221; Castelo Maia GC [&hellip;]<\/p>\n","protected":false},"author":1,"featured_media":0,"parent":439,"menu_order":0,"comment_status":"closed","ping_status":"closed","template":"","meta":{"_monsterinsights_skip_tracking":false,"_monsterinsights_sitenote_active":false,"_monsterinsights_sitenote_note":"","_monsterinsights_sitenote_category":0,"footnotes":""},"class_list":["post-41953","page","type-page","status-publish","czr-hentry"],"aioseo_notices":[],"_links":{"self":[{"href":"https:\/\/fpvoleibol.pt\/fpv\/wp-json\/wp\/v2\/pages\/41953","targetHints":{"allow":["GET"]}}],"collection":[{"href":"https:\/\/fpvoleibol.pt\/fpv\/wp-json\/wp\/v2\/pages"}],"about":[{"href":"https:\/\/fpvoleibol.pt\/fpv\/wp-json\/wp\/v2\/types\/page"}],"author":[{"embeddable":true,"href":"https:\/\/fpvoleibol.pt\/fpv\/wp-json\/wp\/v2\/users\/1"}],"replies":[{"embeddable":true,"href":"https:\/\/fpvoleibol.pt\/fpv\/wp-json\/wp\/v2\/comments?post=41953"}],"version-history":[{"count":5,"href":"https:\/\/fpvoleibol.pt\/fpv\/wp-json\/wp\/v2\/pages\/41953\/revisions"}],"predecessor-version":[{"id":41958,"href":"https:\/\/fpvoleibol.pt\/fpv\/wp-json\/wp\/v2\/pages\/41953\/revisions\/41958"}],"up":[{"embeddable":true,"href":"https:\/\/fpvoleibol.pt\/fpv\/wp-json\/wp\/v2\/pages\/439"}],"wp:attachment":[{"href":"https:\/\/fpvoleibol.pt\/fpv\/wp-json\/wp\/v2\/media?parent=41953"}],"curies":[{"name":"wp","href":"https:\/\/api.w.org\/{rel}","templated":true}]}}