{"id":391,"date":"2020-01-31T16:31:37","date_gmt":"2020-01-31T16:31:37","guid":{"rendered":"https:\/\/fpvoleibol.pt\/fpv\/?page_id=391"},"modified":"2020-02-04T10:21:46","modified_gmt":"2020-02-04T10:21:46","slug":"relatorio-e-contas-da-gerencia-2018","status":"publish","type":"page","link":"https:\/\/fpvoleibol.pt\/fpv\/documentacao\/relatorio-e-contas-da-gerencia-2018\/","title":{"rendered":"Relat\u00f3rio e Contas da Ger\u00eancia 2018"},"content":{"rendered":"<table style=\"width: 100%;\" border=\"0\" width=\"100%\" cellspacing=\"0\">\n<tbody>\n<tr>\n<td style=\"width: 75%;\" align=\"left\" width=\"500\" height=\"45\"><strong>01.<\/strong> \u00cdndice Corpos Gerentes<\/td>\n<td style=\"width: 25%;\" align=\"center\" width=\"50\" height=\"45\"><a href=\"https:\/\/www.fpvoleibol.pt\/documentacao\/relatorios_contas_gerencia\/2018\/01_Indice_Corpos_Gerentes.pdf\" target=\"_blank\" rel=\"noopener noreferrer\"><img decoding=\"async\" src=\"https:\/\/www.fpvoleibol.pt\/documentacao\/relatorios_contas_gerencia\/2018\/pdf_blue.png\" border=\"0\" \/><\/a><\/td>\n<\/tr>\n<tr>\n<td style=\"width: 75%;\" align=\"left\" width=\"500\" height=\"45\"><strong>02.<\/strong> Introdu\u00e7\u00e3o Geral<\/td>\n<td style=\"width: 25%;\" align=\"center\" width=\"50\" height=\"45\"><a href=\"https:\/\/www.fpvoleibol.pt\/documentacao\/relatorios_contas_gerencia\/2018\/02_Introducao_Geral.pdf\" target=\"_blank\" rel=\"noopener noreferrer\"><img decoding=\"async\" src=\"https:\/\/www.fpvoleibol.pt\/documentacao\/relatorios_contas_gerencia\/2018\/pdf_blue.png\" border=\"0\" \/><\/a><\/td>\n<\/tr>\n<tr>\n<td style=\"width: 75%;\" align=\"left\" width=\"500\" height=\"45\"><strong>03.<\/strong> Anexo I &#8211; Estat\u00edstica<\/td>\n<td style=\"width: 25%;\" align=\"center\" width=\"50\" height=\"45\"><a href=\"https:\/\/www.fpvoleibol.pt\/documentacao\/relatorios_contas_gerencia\/2018\/03_Anexo_I_Estatistica.pdf\" target=\"_blank\" rel=\"noopener noreferrer\"><img decoding=\"async\" src=\"https:\/\/www.fpvoleibol.pt\/documentacao\/relatorios_contas_gerencia\/2018\/pdf_blue.png\" border=\"0\" \/><\/a><\/td>\n<\/tr>\n<tr>\n<td style=\"width: 75%;\" align=\"left\" width=\"500\" height=\"45\"><strong>04<\/strong>. Anexo II &#8211; Finan\u00e7as e Gest\u00e3o<\/td>\n<td style=\"width: 25%;\" align=\"center\" width=\"50\" height=\"45\"><a href=\"https:\/\/www.fpvoleibol.pt\/documentacao\/relatorios_contas_gerencia\/2018\/04_Anexo_II_Financas_e_Gestao.pdf\" target=\"_blank\" rel=\"noopener noreferrer\"><img decoding=\"async\" src=\"https:\/\/www.fpvoleibol.pt\/documentacao\/relatorios_contas_gerencia\/2018\/pdf_blue.png\" border=\"0\" \/><\/a><\/td>\n<\/tr>\n<tr>\n<td style=\"width: 75%;\" align=\"left\" width=\"500\" height=\"45\"><strong>05.<\/strong> Anexo III &#8211; Quadros Competitivos<\/td>\n<td style=\"width: 25%;\" align=\"center\" width=\"50\" height=\"45\"><a href=\"https:\/\/www.fpvoleibol.pt\/documentacao\/relatorios_contas_gerencia\/2018\/05_Anexo_III_Quadros_Competitivos.pdf\" target=\"_blank\" rel=\"noopener noreferrer\"><img decoding=\"async\" src=\"https:\/\/www.fpvoleibol.pt\/documentacao\/relatorios_contas_gerencia\/2018\/pdf_blue.png\" border=\"0\" \/><\/a><\/td>\n<\/tr>\n<tr>\n<td style=\"width: 75%;\" align=\"left\" width=\"500\" height=\"45\"><strong>06.<\/strong> Anexo IV &#8211; Conselho Disciplina<\/td>\n<td style=\"width: 25%;\" align=\"center\" width=\"50\" height=\"45\"><a href=\"https:\/\/www.fpvoleibol.pt\/documentacao\/relatorios_contas_gerencia\/2018\/06_Anexo_IV_Conselho_Disciplina.pdf\" target=\"_blank\" rel=\"noopener noreferrer\"><img decoding=\"async\" src=\"https:\/\/www.fpvoleibol.pt\/documentacao\/relatorios_contas_gerencia\/2018\/pdf_blue.png\" border=\"0\" \/><\/a><\/td>\n<\/tr>\n<tr>\n<td style=\"width: 75%;\" align=\"left\" width=\"500\" height=\"45\"><strong>07.<\/strong> Anexo V &#8211; Alta Competi\u00e7\u00e3o Selec\u00e7\u00f5es Nacionais<\/td>\n<td style=\"width: 25%;\" align=\"center\" width=\"50\" height=\"45\"><a href=\"https:\/\/www.fpvoleibol.pt\/documentacao\/relatorios_contas_gerencia\/2018\/07_Anexo_V_Alta_Competicao_Seleccoes_Nacionais.pdf\" target=\"_blank\" rel=\"noopener noreferrer\"><img decoding=\"async\" src=\"https:\/\/www.fpvoleibol.pt\/documentacao\/relatorios_contas_gerencia\/2018\/pdf_blue.png\" border=\"0\" \/><\/a><\/td>\n<\/tr>\n<tr>\n<td style=\"width: 75%;\" align=\"left\" width=\"500\" height=\"45\"><strong>08.<\/strong> Anexo VI &#8211; Forma\u00e7\u00e3o<\/td>\n<td style=\"width: 25%;\" align=\"center\" width=\"50\" height=\"45\"><a href=\"https:\/\/www.fpvoleibol.pt\/documentacao\/relatorios_contas_gerencia\/2018\/08_Anexo_VI_Formacao.pdf\" target=\"_blank\" rel=\"noopener noreferrer\"><img decoding=\"async\" src=\"https:\/\/www.fpvoleibol.pt\/documentacao\/relatorios_contas_gerencia\/2018\/pdf_blue.png\" border=\"0\" \/><\/a><\/td>\n<\/tr>\n<tr>\n<td style=\"width: 75%;\" align=\"left\" width=\"500\" height=\"45\"><strong>09.<\/strong> Anexo VII &#8211; Voleibol de Praia<\/td>\n<td style=\"width: 25%;\" align=\"center\" width=\"50\" height=\"45\"><a href=\"https:\/\/www.fpvoleibol.pt\/documentacao\/relatorios_contas_gerencia\/2018\/09_Anexo_VII_Voleibol_Praia.pdf\" target=\"_blank\" rel=\"noopener noreferrer\"><img decoding=\"async\" src=\"https:\/\/www.fpvoleibol.pt\/documentacao\/relatorios_contas_gerencia\/2018\/pdf_blue.png\" border=\"0\" \/><\/a><\/td>\n<\/tr>\n<tr>\n<td style=\"width: 75%;\" align=\"left\" width=\"500\" height=\"45\"><strong>10.<\/strong> Anexo VIII &#8211; Gira-Volei<\/td>\n<td style=\"width: 25%;\" align=\"center\" width=\"50\" height=\"45\"><a href=\"https:\/\/www.fpvoleibol.pt\/documentacao\/relatorios_contas_gerencia\/2018\/10_Anexo_VIII_Gira_Volei.pdf\" target=\"_blank\" rel=\"noopener noreferrer\"><img decoding=\"async\" src=\"https:\/\/www.fpvoleibol.pt\/documentacao\/relatorios_contas_gerencia\/2018\/pdf_blue.png\" border=\"0\" \/><\/a><\/td>\n<\/tr>\n<tr>\n<td style=\"width: 75%;\" align=\"left\" width=\"500\" height=\"45\"><strong>11.<\/strong> Anexo IX &#8211; Gira +<\/td>\n<td style=\"width: 25%;\" align=\"center\" width=\"50\" height=\"45\"><a href=\"https:\/\/www.fpvoleibol.pt\/documentacao\/relatorios_contas_gerencia\/2018\/11_Anexo_IX_Gira_Mais.pdf\" target=\"_blank\" rel=\"noopener noreferrer\"><img decoding=\"async\" src=\"https:\/\/www.fpvoleibol.pt\/documentacao\/relatorios_contas_gerencia\/2018\/pdf_blue.png\" border=\"0\" \/><\/a><\/td>\n<\/tr>\n<tr>\n<td style=\"width: 75%;\" align=\"left\" width=\"500\" height=\"45\"><strong>12.<\/strong> Anexo X &#8211; Gira-Praia<\/td>\n<td style=\"width: 25%;\" align=\"center\" width=\"50\" height=\"45\"><a href=\"https:\/\/www.fpvoleibol.pt\/documentacao\/relatorios_contas_gerencia\/2018\/12_Anexo_X_Gira_Praia.pdf\" target=\"_blank\" rel=\"noopener noreferrer\"><img loading=\"lazy\" decoding=\"async\" src=\"https:\/\/www.fpvoleibol.pt\/documentacao\/relatorios_contas_gerencia\/2018\/pdf_blue.png\" width=\"30\" height=\"35\" border=\"0\" \/><\/a><\/td>\n<\/tr>\n<tr>\n<td style=\"width: 75%;\" align=\"left\" width=\"500\" height=\"45\"><strong>13.<\/strong> Anexo XI &#8211; Campo de F\u00e9rias<\/td>\n<td style=\"width: 25%;\" align=\"center\" width=\"50\" height=\"45\"><a href=\"https:\/\/www.fpvoleibol.pt\/documentacao\/relatorios_contas_gerencia\/2018\/13_Anexo_XI_Campo_Ferias.pdf\" target=\"_blank\" rel=\"noopener noreferrer\"><img loading=\"lazy\" decoding=\"async\" src=\"https:\/\/www.fpvoleibol.pt\/documentacao\/relatorios_contas_gerencia\/2018\/pdf_blue.png\" width=\"30\" height=\"35\" border=\"0\" \/><\/a><\/td>\n<\/tr>\n<tr>\n<td style=\"width: 75%;\" align=\"left\" width=\"500\" height=\"45\"><strong>14.<\/strong> Anexo XII &#8211; Voleibol ao Ar Livre e Kinder Cup<\/td>\n<td style=\"width: 25%;\" align=\"center\" width=\"50\" height=\"45\"><a href=\"https:\/\/www.fpvoleibol.pt\/documentacao\/relatorios_contas_gerencia\/2018\/14_Anexo_XII_Voleibol_Ar_Livre_Kinder_Cup_.pdf\" target=\"_blank\" rel=\"noopener noreferrer\"><img loading=\"lazy\" decoding=\"async\" src=\"https:\/\/www.fpvoleibol.pt\/documentacao\/relatorios_contas_gerencia\/2018\/pdf_blue.png\" width=\"30\" height=\"35\" border=\"0\" \/><\/a><\/td>\n<\/tr>\n<tr>\n<td style=\"width: 75%;\" align=\"left\" width=\"500\" height=\"45\"><strong>15.<\/strong> Anexo XIII &#8211; ParaVolei<\/td>\n<td style=\"width: 25%;\" align=\"center\" width=\"50\" height=\"45\"><a href=\"https:\/\/www.fpvoleibol.pt\/documentacao\/relatorios_contas_gerencia\/2018\/15_Anexo_XIII_Paravolei_.pdf\" target=\"_blank\" rel=\"noopener noreferrer\"><img loading=\"lazy\" decoding=\"async\" src=\"https:\/\/www.fpvoleibol.pt\/documentacao\/relatorios_contas_gerencia\/2018\/pdf_blue.png\" width=\"30\" height=\"35\" border=\"0\" \/><\/a><\/td>\n<\/tr>\n<tr>\n<td style=\"width: 75%;\" align=\"left\" width=\"500\" height=\"45\"><strong>16.<\/strong> Anexo XIV &#8211; Comunica\u00e7\u00e3o<\/td>\n<td style=\"width: 25%;\" align=\"center\" width=\"50\" height=\"45\"><a href=\"https:\/\/www.fpvoleibol.pt\/documentacao\/relatorios_contas_gerencia\/2018\/16_Anexo_XIV_Comunicacao_.pdf\" target=\"_blank\" rel=\"noopener noreferrer\"><img loading=\"lazy\" decoding=\"async\" src=\"https:\/\/www.fpvoleibol.pt\/documentacao\/relatorios_contas_gerencia\/2018\/pdf_blue.png\" width=\"30\" height=\"35\" border=\"0\" \/><\/a><\/td>\n<\/tr>\n<tr>\n<td style=\"width: 75%;\" align=\"left\" width=\"500\" height=\"45\"><strong>17.<\/strong> Anexo XV &#8211; Multim\u00e9dia<\/td>\n<td style=\"width: 25%;\" align=\"center\" width=\"50\" height=\"45\"><a href=\"https:\/\/www.fpvoleibol.pt\/documentacao\/relatorios_contas_gerencia\/2018\/17_Anexo_XV_Multimedia_.pdf\" target=\"_blank\" rel=\"noopener noreferrer\"><img loading=\"lazy\" decoding=\"async\" src=\"https:\/\/www.fpvoleibol.pt\/documentacao\/relatorios_contas_gerencia\/2018\/pdf_blue.png\" width=\"30\" height=\"35\" border=\"0\" \/><\/a><\/td>\n<\/tr>\n<tr>\n<td style=\"width: 75%;\" align=\"left\" width=\"500\" height=\"45\"><strong>18.<\/strong> Anexo XVI &#8211; Parecer e Certifica\u00e7\u00e3o SROC<\/td>\n<td style=\"width: 25%;\" align=\"center\" width=\"50\" height=\"45\"><a href=\"https:\/\/www.fpvoleibol.pt\/documentacao\/relatorios_contas_gerencia\/2018\/18_Anexo_XVI_Parecer_e_Certificacao_SROC_.pdf\" target=\"_blank\" rel=\"noopener noreferrer\"><img loading=\"lazy\" decoding=\"async\" src=\"https:\/\/www.fpvoleibol.pt\/documentacao\/relatorios_contas_gerencia\/2018\/pdf_blue.png\" width=\"30\" height=\"35\" border=\"0\" \/><\/a><\/td>\n<\/tr>\n<tr>\n<td colspan=\"2\" align=\"left\" width=\"550\" height=\"45\">\n<hr \/>\n<\/td>\n<\/tr>\n<tr>\n<td style=\"width: 75%;\" align=\"left\" width=\"500\" height=\"45\">Acta<\/td>\n<td style=\"width: 25%;\" align=\"center\" width=\"50\" height=\"45\"><a href=\"https:\/\/www.fpvoleibol.pt\/documentacao\/relatorios_contas_gerencia\/2018\/acta.pdf\" target=\"_blank\" rel=\"noopener noreferrer\"><img loading=\"lazy\" decoding=\"async\" src=\"https:\/\/www.fpvoleibol.pt\/documentacao\/relatorios_contas_gerencia\/2018\/pdf_blue.png\" width=\"30\" height=\"35\" border=\"0\" \/><\/a><\/td>\n<\/tr>\n<\/tbody>\n<\/table>\n","protected":false},"excerpt":{"rendered":"<p>01. \u00cdndice Corpos Gerentes 02. Introdu\u00e7\u00e3o Geral 03. Anexo I &#8211; Estat\u00edstica 04. Anexo II &#8211; Finan\u00e7as e Gest\u00e3o 05. Anexo III &#8211; Quadros Competitivos 06. Anexo IV &#8211; Conselho [&hellip;]<\/p>\n","protected":false},"author":1,"featured_media":0,"parent":361,"menu_order":0,"comment_status":"closed","ping_status":"closed","template":"","meta":{"_monsterinsights_skip_tracking":false,"_monsterinsights_sitenote_active":false,"_monsterinsights_sitenote_note":"","_monsterinsights_sitenote_category":0,"footnotes":""},"class_list":["post-391","page","type-page","status-publish","czr-hentry"],"aioseo_notices":[],"_links":{"self":[{"href":"https:\/\/fpvoleibol.pt\/fpv\/wp-json\/wp\/v2\/pages\/391","targetHints":{"allow":["GET"]}}],"collection":[{"href":"https:\/\/fpvoleibol.pt\/fpv\/wp-json\/wp\/v2\/pages"}],"about":[{"href":"https:\/\/fpvoleibol.pt\/fpv\/wp-json\/wp\/v2\/types\/page"}],"author":[{"embeddable":true,"href":"https:\/\/fpvoleibol.pt\/fpv\/wp-json\/wp\/v2\/users\/1"}],"replies":[{"embeddable":true,"href":"https:\/\/fpvoleibol.pt\/fpv\/wp-json\/wp\/v2\/comments?post=391"}],"version-history":[{"count":6,"href":"https:\/\/fpvoleibol.pt\/fpv\/wp-json\/wp\/v2\/pages\/391\/revisions"}],"predecessor-version":[{"id":423,"href":"https:\/\/fpvoleibol.pt\/fpv\/wp-json\/wp\/v2\/pages\/391\/revisions\/423"}],"up":[{"embeddable":true,"href":"https:\/\/fpvoleibol.pt\/fpv\/wp-json\/wp\/v2\/pages\/361"}],"wp:attachment":[{"href":"https:\/\/fpvoleibol.pt\/fpv\/wp-json\/wp\/v2\/media?parent=391"}],"curies":[{"name":"wp","href":"https:\/\/api.w.org\/{rel}","templated":true}]}}