{"id":38522,"date":"2025-02-27T15:23:26","date_gmt":"2025-02-27T15:23:26","guid":{"rendered":"https:\/\/fpvoleibol.pt\/fpv\/?page_id=38522"},"modified":"2025-08-07T10:07:50","modified_gmt":"2025-08-07T09:07:50","slug":"taca-de-portugal-2025-final-4","status":"publish","type":"page","link":"https:\/\/fpvoleibol.pt\/fpv\/competicoes\/taca-de-portugal-2025-final-4\/","title":{"rendered":"TA\u00c7A DE PORTUGAL 2025"},"content":{"rendered":"<p style=\"text-align: center;\"><a href=\"https:\/\/fpvoleibol.pt\/fpv\/wp-content\/uploads\/2025\/02\/taca_2025_banner_sorteios-1.jpg\"><img loading=\"lazy\" decoding=\"async\" class=\"aligncenter wp-image-38523 size-full\" src=\"https:\/\/fpvoleibol.pt\/fpv\/wp-content\/uploads\/2025\/02\/taca_2025_banner_sorteios-1.jpg\" alt=\"\" width=\"1022\" height=\"210\" srcset=\"https:\/\/fpvoleibol.pt\/fpv\/wp-content\/uploads\/2025\/02\/taca_2025_banner_sorteios-1.jpg 1022w, https:\/\/fpvoleibol.pt\/fpv\/wp-content\/uploads\/2025\/02\/taca_2025_banner_sorteios-1-300x62.jpg 300w, https:\/\/fpvoleibol.pt\/fpv\/wp-content\/uploads\/2025\/02\/taca_2025_banner_sorteios-1-768x158.jpg 768w\" sizes=\"auto, (max-width: 1022px) 100vw, 1022px\" \/><\/a><\/p>\n<table style=\"width: 100%; border-collapse: collapse; border-style: none; border-color: #ffffff; height: 310px;\">\n<tbody>\n<tr style=\"height: 23px;\">\n<td style=\"width: 50%; background-color: #2c480f; height: 23px; border-style: solid; border-color: #ffffff; text-align: center;\"><span style=\"color: #ffffff;\"><strong>FEMININOS<\/strong><\/span><\/td>\n<td style=\"width: 50%; background-color: #bf2015; height: 23px; border-style: solid; border-color: #ffffff; text-align: center;\"><span style=\"color: #ffffff;\"><strong>MASCULINOS<\/strong><\/span><\/td>\n<\/tr>\n<tr>\n<td style=\"width: 50%; height: 71px; border-style: solid; border-color: #ffffff; text-align: center;\"><span style=\"background-color: #2c480f; color: #ffffff;\"><strong>\u00a0 SEXTA-FEIRA &#8211; 7.MAR\u00c7O (Meias-Finais) \u00a0<\/strong><\/span><br \/>\n<strong>18H00<\/strong> | Vit\u00f3ria SC \u2500 Clube Kair\u00f3s<br \/>\n<span style=\"color: #008000;\"><em>(3-1: 25\/22, 25\/16, 20\/25, 25\/23)<\/em><\/span><br \/>\n<strong>21H00<\/strong> | Sporting CP \u2500 GC Vilacondense<br \/>\n<em><span style=\"color: #008000;\">(3-0: 25\/17, 25\/17, 25\/16<span id=\"Label9\">)<\/span><\/span><br \/>\n<\/em><strong>(C. D. Congressos de Matosinhos)<\/strong><br \/>\n\u2193<br \/>\n<span style=\"background-color: #2c480f; color: #ffffff;\"><strong>\u00a0 S\u00c1BADO &#8211; 8.MAR\u00c7O (Final) \u00a0<\/strong><\/span><br \/>\n<strong>21H00<\/strong> | Vit\u00f3ria SC \u2500 <strong>Sporting CP<\/strong><br \/>\n<span style=\"color: #008000;\"><em>(0-3: 13\/25, 21\/25, 27\/29)<\/em><\/span><br \/>\n<strong>(C. D. Congressos de Matosinhos)<\/strong><br \/>\n\u2193<br \/>\n<a href=\"https:\/\/fpv-web.dataproject.com\/CompetitionMatches.aspx?ID=116&amp;PID=160\" target=\"_blank\" rel=\"noopener noreferrer\"><img loading=\"lazy\" decoding=\"async\" class=\"aligncenter wp-image-3585 size-medium\" src=\"https:\/\/fpvoleibol.pt\/fpv\/wp-content\/uploads\/2021\/02\/livestream_livescores-300x71.png\" alt=\"\" width=\"300\" height=\"71\" srcset=\"https:\/\/fpvoleibol.pt\/fpv\/wp-content\/uploads\/2021\/02\/livestream_livescores-300x71.png 300w, https:\/\/fpvoleibol.pt\/fpv\/wp-content\/uploads\/2021\/02\/livestream_livescores.png 400w\" sizes=\"auto, (max-width: 300px) 100vw, 300px\" \/><\/a><\/td>\n<td style=\"width: 50%; height: 71px; border-style: solid; border-color: #ffffff; text-align: center;\"><span style=\"background-color: #bf2015; color: #ffffff;\"><strong><br \/>\n<\/strong><\/span><span style=\"background-color: #bf2015; color: #ffffff;\"><strong>\u00a0 S\u00c1BADO &#8211; 8.MAR\u00c7O (Meias-Finais)\u00a0\u00a0<\/strong><\/span><br \/>\n<strong>15H00<\/strong> | Castelo Maia GC \u2500 Leix\u00f5es SC\/Mercainox<br \/>\n<span style=\"color: #b50000;\"><em>(2-3: 21\/25, 25\/22, 21\/25, 25\/21, 16\/18)<\/em><\/span><strong><br \/>\n18H00<\/strong> | Ala Nun&#8217;\u00c1lv. Gondomar \u2500 SL Benfica<br \/>\n<span style=\"color: #b50000;\"><em>(0-3: 18\/25, 20\/25, 12\/25)<\/em><\/span><strong><em><br \/>\n<\/em>(C. D. Congressos de Matosinhos)<\/strong><br \/>\n\u2193<br \/>\n<span style=\"background-color: #bf2015; color: #ffffff;\"><strong>\u00a0 DOMINGO &#8211; 9.MAR\u00c7O (Final)\u00a0\u00a0<\/strong><\/span><br \/>\n<strong>17H00<\/strong> | Leix\u00f5es SC\/Mercainox \u2500 <strong>SL Benfica<\/strong><br \/>\n<span style=\"color: #b50000;\"><em>(0-3: 22\/25, 25\/27, 19\/25)<\/em><\/span><br \/>\n<strong>(C. D. Congressos de Matosinhos)<\/strong><br \/>\n\u2193<br \/>\n<a href=\"https:\/\/fpv-web.dataproject.com\/CompetitionMatches.aspx?ID=113&amp;PID=157\" target=\"_blank\" rel=\"noopener noreferrer\"><img loading=\"lazy\" decoding=\"async\" class=\"aligncenter wp-image-3585 size-medium\" src=\"https:\/\/fpvoleibol.pt\/fpv\/wp-content\/uploads\/2021\/02\/livestream_livescores-300x71.png\" alt=\"\" width=\"300\" height=\"71\" srcset=\"https:\/\/fpvoleibol.pt\/fpv\/wp-content\/uploads\/2021\/02\/livestream_livescores-300x71.png 300w, https:\/\/fpvoleibol.pt\/fpv\/wp-content\/uploads\/2021\/02\/livestream_livescores.png 400w\" sizes=\"auto, (max-width: 300px) 100vw, 300px\" \/><\/a><\/td>\n<\/tr>\n<tr style=\"height: 24px;\">\n<td style=\"width: 50%; border-style: solid; border-color: #ffffff; text-align: center; height: 24px;\"><strong><a href=\"https:\/\/www.portugalvoleibol.com\/classificacao\/tpf\" target=\"_blank\" rel=\"noopener noreferrer\">TODOS OS RESULTADOS E CLASSIFICA\u00c7\u00d5ES (FEM) \u25ba<\/a><\/strong><\/td>\n<td style=\"width: 50%; border-style: solid; border-color: #ffffff; text-align: center; vertical-align: top; height: 24px;\"><strong><a href=\"https:\/\/www.portugalvoleibol.com\/classificacao\/tpm\" target=\"_blank\" rel=\"noopener noreferrer\">TODOS OS RESULTADOS E CLASSIFICA\u00c7\u00d5ES (MASC) \u25ba<\/a><\/strong><\/td>\n<\/tr>\n<tr style=\"height: 192px;\">\n<td style=\"width: 50%; border-style: solid; border-color: #ffffff; height: 192px; background-color: #f0f0f0; text-align: center;\" colspan=\"2\"><strong>BILHETEIRA<br \/>\n<\/strong>Os bilhetes t\u00eam o pre\u00e7o \u00fanico de 5 euros.<br \/>\n<span style=\"color: #ff0000;\">Os ingressos est\u00e3o \u00e0 venda online nos seguintes links:<\/span><br \/>\n<a href=\"https:\/\/smartfan.tickets\/comptacadeportugalvolei\" target=\"_blank\" rel=\"noopener\">MASCULINA \u25ba<\/a>\u00a0 |\u00a0 <a href=\"https:\/\/smartfan.tickets\/tacaportugalfem-voleibol\" target=\"_blank\" rel=\"noopener\">FEMININA \u25ba<\/a>E no CDC Matosinhos com o seguinte hor\u00e1rio:&gt; a partir das 16h no dia 7 de Mar\u00e7o<br \/>\n&gt; a partir das 13h no dia 8 de Mar\u00e7o<br \/>\n&gt; a partir das 15h no dia 9 de Mar\u00e7o<br \/>\n<span style=\"color: #ff0000;\">(Pagamento exclusivo em dinheiro)<\/span><\/td>\n<\/tr>\n<\/tbody>\n<\/table>\n<table style=\"width: 100%; border-collapse: collapse; border-style: none; border-color: #ffffff; height: 166px;\">\n<tbody>\n<tr style=\"height: 119px;\">\n<td style=\"border-style: solid; border-color: #ffffff; text-align: center; width: 100%; height: 119px;\" colspan=\"2\">SEGUE A TA\u00c7A DE PORTUGAL NAS REDES SOCIAIS DESTA FEDERA\u00c7\u00c3O: <a href=\"https:\/\/www.facebook.com\/fpvoleibol\" target=\"_blank\" rel=\"noopener noreferrer\">FACEBOOK \u25ba<\/a> E <a href=\"https:\/\/www.instagram.com\/portugalvoleibol\/\" target=\"_blank\" rel=\"noopener noreferrer\">INSTAGRAM \u25ba<\/a><br \/>\n<strong>TRANSMISS\u00c3O NA SPORT TV <a href=\"https:\/\/www.sporttv.pt\/pesquisa\/voleibol\/\" target=\"_blank\" rel=\"noopener\">\u25ba<\/a><\/strong><\/td>\n<\/tr>\n<tr style=\"height: 24px;\">\n<td style=\"width: 50%; height: 23px; border-style: solid; border-color: #ffffff; text-align: center;\"><iframe loading=\"lazy\" title=\"YouTube video player\" src=\"https:\/\/www.youtube.com\/embed\/SC9fFOsRSrU\" width=\"560\" height=\"315\" frameborder=\"0\" allowfullscreen=\"allowfullscreen\"><span data-mce-type=\"bookmark\" style=\"display: inline-block; width: 0px; overflow: hidden; line-height: 0;\" class=\"mce_SELRES_start\">\ufeff<\/span><span data-mce-type=\"bookmark\" style=\"display: inline-block; width: 0px; overflow: hidden; line-height: 0;\" class=\"mce_SELRES_start\">\ufeff<\/span><span data-mce-type=\"bookmark\" style=\"display: inline-block; width: 0px; overflow: hidden; line-height: 0;\" class=\"mce_SELRES_start\">\ufeff<\/span><span data-mce-type=\"bookmark\" style=\"display: inline-block; width: 0px; overflow: hidden; line-height: 0;\" class=\"mce_SELRES_start\">\ufeff<\/span><span data-mce-type=\"bookmark\" style=\"display: inline-block; width: 0px; overflow: hidden; line-height: 0;\" class=\"mce_SELRES_start\">\ufeff<\/span><\/iframe><\/p>\n<p><a href=\"https:\/\/fpvoleibol.pt\/fpv\/wp-content\/uploads\/2025\/02\/cartaz_taca_portugal_2025_FEM_gold.jpg\"><img loading=\"lazy\" decoding=\"async\" class=\"aligncenter wp-image-38524 size-full\" src=\"https:\/\/fpvoleibol.pt\/fpv\/wp-content\/uploads\/2025\/02\/cartaz_taca_portugal_2025_FEM_gold.jpg\" alt=\"\" width=\"1358\" height=\"1920\" srcset=\"https:\/\/fpvoleibol.pt\/fpv\/wp-content\/uploads\/2025\/02\/cartaz_taca_portugal_2025_FEM_gold.jpg 1358w, https:\/\/fpvoleibol.pt\/fpv\/wp-content\/uploads\/2025\/02\/cartaz_taca_portugal_2025_FEM_gold-212x300.jpg 212w, https:\/\/fpvoleibol.pt\/fpv\/wp-content\/uploads\/2025\/02\/cartaz_taca_portugal_2025_FEM_gold-724x1024.jpg 724w, https:\/\/fpvoleibol.pt\/fpv\/wp-content\/uploads\/2025\/02\/cartaz_taca_portugal_2025_FEM_gold-768x1086.jpg 768w, https:\/\/fpvoleibol.pt\/fpv\/wp-content\/uploads\/2025\/02\/cartaz_taca_portugal_2025_FEM_gold-1086x1536.jpg 1086w\" sizes=\"auto, (max-width: 1358px) 100vw, 1358px\" \/><\/a><\/td>\n<td style=\"width: 50%; height: 23px; border-style: solid; border-color: #ffffff; text-align: center;\"><iframe loading=\"lazy\" title=\"YouTube video player\" src=\"https:\/\/www.youtube.com\/embed\/WxLlzGjY8Xw\" width=\"560\" height=\"315\" frameborder=\"0\" allowfullscreen=\"allowfullscreen\"><\/iframe><\/p>\n<p><a href=\"https:\/\/fpvoleibol.pt\/fpv\/wp-content\/uploads\/2025\/02\/cartaz_taca_portugal_2025_MASC_gold.jpg\"><img loading=\"lazy\" decoding=\"async\" class=\"aligncenter wp-image-38527 size-full\" src=\"https:\/\/fpvoleibol.pt\/fpv\/wp-content\/uploads\/2025\/02\/cartaz_taca_portugal_2025_MASC_gold.jpg\" alt=\"\" width=\"1358\" height=\"1920\" srcset=\"https:\/\/fpvoleibol.pt\/fpv\/wp-content\/uploads\/2025\/02\/cartaz_taca_portugal_2025_MASC_gold.jpg 1358w, https:\/\/fpvoleibol.pt\/fpv\/wp-content\/uploads\/2025\/02\/cartaz_taca_portugal_2025_MASC_gold-212x300.jpg 212w, https:\/\/fpvoleibol.pt\/fpv\/wp-content\/uploads\/2025\/02\/cartaz_taca_portugal_2025_MASC_gold-724x1024.jpg 724w, https:\/\/fpvoleibol.pt\/fpv\/wp-content\/uploads\/2025\/02\/cartaz_taca_portugal_2025_MASC_gold-768x1086.jpg 768w, https:\/\/fpvoleibol.pt\/fpv\/wp-content\/uploads\/2025\/02\/cartaz_taca_portugal_2025_MASC_gold-1086x1536.jpg 1086w\" sizes=\"auto, (max-width: 1358px) 100vw, 1358px\" \/><\/a><\/td>\n<td style=\"width: 50%; height: 23px; border-style: solid; border-color: #ffffff; text-align: center;\"><span style=\"color: #ffffff;\"><a href=\"https:\/\/fpvoleibol.pt\/fpv\/wp-content\/uploads\/2025\/02\/cartaz_taca_portugal_2025_MASC_gold.jpg\"><img loading=\"lazy\" decoding=\"async\" class=\"aligncenter wp-image-38527 size-large\" src=\"https:\/\/fpvoleibol.pt\/fpv\/wp-content\/uploads\/2025\/02\/cartaz_taca_portugal_2025_MASC_gold-724x1024.jpg\" alt=\"\" width=\"724\" height=\"1024\" srcset=\"https:\/\/fpvoleibol.pt\/fpv\/wp-content\/uploads\/2025\/02\/cartaz_taca_portugal_2025_MASC_gold-724x1024.jpg 724w, https:\/\/fpvoleibol.pt\/fpv\/wp-content\/uploads\/2025\/02\/cartaz_taca_portugal_2025_MASC_gold-212x300.jpg 212w, https:\/\/fpvoleibol.pt\/fpv\/wp-content\/uploads\/2025\/02\/cartaz_taca_portugal_2025_MASC_gold-768x1086.jpg 768w, https:\/\/fpvoleibol.pt\/fpv\/wp-content\/uploads\/2025\/02\/cartaz_taca_portugal_2025_MASC_gold-1086x1536.jpg 1086w, https:\/\/fpvoleibol.pt\/fpv\/wp-content\/uploads\/2025\/02\/cartaz_taca_portugal_2025_MASC_gold.jpg 1358w\" sizes=\"auto, (max-width: 724px) 100vw, 724px\" \/><\/a><\/span><\/td>\n<\/tr>\n<\/tbody>\n<\/table>\n<p><strong>ALBUNS DE FOTOGRAFIAS:<\/strong><\/p>\n<div class=\"xu06os2 x1ok221b\">\n<div class=\"x1n2onr6 x1ja2u2z x9f619 xdt5ytf x2lah0s x193iq5w x1lliihq x1yztbdb\">\n<div class=\"x9f619 x1n2onr6 x1ja2u2z x78zum5 xdt5ytf x1iyjqo2 x2lwn1j\">\n<div class=\"x9f619 x1n2onr6 x1ja2u2z x78zum5 xdt5ytf x2lah0s x193iq5w x1xmf6yo x1e56ztr xzboxd6 x14l7nz5\">\n<div class=\"x78zum5 xdt5ytf xz62fqu x16ldp7u\">\n<div class=\"xu06os2 x1ok221b\">Confer\u00eancia de Imprensa Feminina <a href=\"https:\/\/www.facebook.com\/media\/set\/?set=a.1072699661568751&amp;type=3\" target=\"_blank\" rel=\"noopener\">\u25ba<\/a><br \/>\nTa\u00e7a de Portugal &#8211; Meia-final &#8211; Vit\u00f3ria 3-1 Clube Kair\u00f3s <a href=\"https:\/\/www.facebook.com\/media\/set\/?set=a.1073718911466826&amp;type=3\" target=\"_blank\" rel=\"noopener\">\u25ba<\/a><br \/>\nTa\u00e7a de Portugal &#8211; Meia-final &#8211; Sporting CP 3-0 GC Vilacondense <a href=\"https:\/\/www.facebook.com\/media\/set\/?set=a.1074166024755448&amp;type=3\" target=\"_blank\" rel=\"noopener\">\u25ba<\/a><\/p>\n<div class=\"x1n2onr6 x1ja2u2z x9f619 xdt5ytf x2lah0s x193iq5w x1lliihq x1yztbdb\">\n<div class=\"x9f619 x1n2onr6 x1ja2u2z x78zum5 xdt5ytf x1iyjqo2 x2lwn1j\">\n<div class=\"x9f619 x1n2onr6 x1ja2u2z x78zum5 xdt5ytf x2lah0s x193iq5w x1xmf6yo x1e56ztr xzboxd6 x14l7nz5\">\n<div class=\"x78zum5 xdt5ytf xz62fqu x16ldp7u\">\n<div class=\"xu06os2 x1ok221b\"><span class=\"x193iq5w xeuugli x13faqbe x1vvkbs x1xmvt09 x1lliihq x1s928wv xhkezso x1gmr53x x1cpjm7i x1fgarty x1943h6x xudqn12 x3x7a5m x6prxxf xvq8zen x1s688f xzsf02u x1yc453h\" dir=\"auto\">Ta\u00e7a de Portugal &#8211; Meia-final &#8211; Leix\u00f5es SC 3-2 Cast\u00ealo da Maia GC <a href=\"https:\/\/www.facebook.com\/media\/set\/?set=a.1074991238006260&amp;type=3\" target=\"_blank\" rel=\"noopener\">\u25ba<\/a><br \/>\n<\/span><\/div>\n<\/div>\n<\/div>\n<\/div>\n<\/div>\n<div class=\"x1n2onr6 x1ja2u2z x9f619 xdt5ytf x2lah0s x193iq5w x1lliihq x1yztbdb\">\n<div class=\"x9f619 x1n2onr6 x1ja2u2z x78zum5 xdt5ytf x1iyjqo2 x2lwn1j\">\n<div class=\"x9f619 x1n2onr6 x1ja2u2z x78zum5 xdt5ytf x2lah0s x193iq5w x1xmf6yo x1e56ztr xzboxd6 x14l7nz5\">\n<div class=\"x78zum5 xdt5ytf xz62fqu x16ldp7u\">\n<div class=\"xu06os2 x1ok221b\"><span class=\"x193iq5w xeuugli x13faqbe x1vvkbs x1xmvt09 x1lliihq x1s928wv xhkezso x1gmr53x x1cpjm7i x1fgarty x1943h6x xudqn12 x3x7a5m x6prxxf xvq8zen x1s688f xzsf02u x1yc453h\" dir=\"auto\"><span class=\"x193iq5w xeuugli x13faqbe x1vvkbs x1xmvt09 x1lliihq x1s928wv xhkezso x1gmr53x x1cpjm7i x1fgarty x1943h6x xudqn12 x3x7a5m x6prxxf xvq8zen x1s688f xzsf02u x1yc453h\" dir=\"auto\">Ta\u00e7a de Portugal &#8211; Meia-final &#8211; SL Benfica 3-0 Ala Gondomar <a href=\"https:\/\/www.facebook.com\/media\/set\/?set=a.1074998391338878&amp;type=3\" target=\"_blank\" rel=\"noopener\">\u25ba<\/a><br \/>\n<\/span><\/span><\/p>\n<div class=\"x1n2onr6 x1ja2u2z x9f619 xdt5ytf x2lah0s x193iq5w x1lliihq x1yztbdb\">\n<div class=\"x9f619 x1n2onr6 x1ja2u2z x78zum5 xdt5ytf x1iyjqo2 x2lwn1j\">\n<div class=\"x9f619 x1n2onr6 x1ja2u2z x78zum5 xdt5ytf x2lah0s x193iq5w x1xmf6yo x1e56ztr xzboxd6 x14l7nz5\">\n<div class=\"x78zum5 xdt5ytf xz62fqu x16ldp7u\">\n<div class=\"xu06os2 x1ok221b\"><span class=\"x193iq5w xeuugli x13faqbe x1vvkbs x1xmvt09 x1lliihq x1s928wv xhkezso x1gmr53x x1cpjm7i x1fgarty x1943h6x xudqn12 x3x7a5m x6prxxf xvq8zen x1s688f xzsf02u x1yc453h\" dir=\"auto\">Ta\u00e7a de Portugal &#8211; Final &#8211; Sporting CP 3-0 Vit\u00f3ria SC <a href=\"https:\/\/www.facebook.com\/media\/set\/?set=a.1075348914637159&amp;type=3\" target=\"_blank\" rel=\"noopener\">\u25ba<\/a><\/span><\/div>\n<\/div>\n<\/div>\n<\/div>\n<\/div>\n<\/div>\n<\/div>\n<\/div>\n<\/div>\n<\/div>\n<div class=\"x1n2onr6 x1ja2u2z x9f619 xdt5ytf x2lah0s x193iq5w x1lliihq x1yztbdb\">\n<div class=\"x9f619 x1n2onr6 x1ja2u2z x78zum5 xdt5ytf x1iyjqo2 x2lwn1j\">\n<div class=\"x9f619 x1n2onr6 x1ja2u2z x78zum5 xdt5ytf x2lah0s x193iq5w x1xmf6yo x1e56ztr xzboxd6 x14l7nz5\">\n<div class=\"x78zum5 xdt5ytf xz62fqu x16ldp7u\">\n<div class=\"xu06os2 x1ok221b\"><span class=\"x193iq5w xeuugli x13faqbe x1vvkbs x1xmvt09 x1lliihq x1s928wv xhkezso x1gmr53x x1cpjm7i x1fgarty x1943h6x xudqn12 x3x7a5m x6prxxf xvq8zen x1s688f xzsf02u x1yc453h\" dir=\"auto\">Ta\u00e7a de Portugal &#8211; Final &#8211; SL Benfica 3-0 Leix\u00f5es SC <a href=\"https:\/\/www.facebook.com\/media\/set\/?set=a.1075356817969702&amp;type=3\" target=\"_blank\" rel=\"noopener\">\u25ba<\/a><\/span><\/div>\n<\/div>\n<\/div>\n<\/div>\n<\/div>\n<\/div>\n<div>\n<div class=\"x1n2onr6 x1ja2u2z x9f619 xdt5ytf x2lah0s x193iq5w x1lliihq x1yztbdb\">\n<div class=\"x9f619 x1n2onr6 x1ja2u2z x78zum5 xdt5ytf x1iyjqo2 x2lwn1j\">\n<div class=\"x9f619 x1n2onr6 x1ja2u2z x78zum5 xdt5ytf x2lah0s x193iq5w x1xmf6yo x1e56ztr xzboxd6 x14l7nz5\">\n<div class=\"x78zum5 xdt5ytf xz62fqu x16ldp7u\">\n<div>\n<div class=\"x1n2onr6 x1ja2u2z x9f619 xdt5ytf x2lah0s x193iq5w x1lliihq x1yztbdb\">\n<div class=\"x9f619 x1n2onr6 x1ja2u2z x78zum5 xdt5ytf x1iyjqo2 x2lwn1j\">\n<div class=\"x9f619 x1n2onr6 x1ja2u2z x78zum5 xdt5ytf x2lah0s x193iq5w x1xmf6yo x1e56ztr xzboxd6 x14l7nz5\">\n<div class=\"x78zum5 xdt5ytf xz62fqu x16ldp7u\">\n<div>\n<div class=\"x1n2onr6 x1ja2u2z x9f619 xdt5ytf x2lah0s x193iq5w x1lliihq x1yztbdb\">\n<div class=\"x9f619 x1n2onr6 x1ja2u2z x78zum5 xdt5ytf x1iyjqo2 x2lwn1j\">\n<div class=\"x9f619 x1n2onr6 x1ja2u2z x78zum5 xdt5ytf x2lah0s x193iq5w x1xmf6yo x1e56ztr xzboxd6 x14l7nz5\">\n<div class=\"x78zum5 xdt5ytf xz62fqu x16ldp7u\">\n<div>\n<div class=\"x1n2onr6 x1ja2u2z x9f619 xdt5ytf x2lah0s x193iq5w x1lliihq x1yztbdb\">\n<div class=\"x9f619 x1n2onr6 x1ja2u2z x78zum5 xdt5ytf x1iyjqo2 x2lwn1j\">\n<div class=\"x9f619 x1n2onr6 x1ja2u2z x78zum5 xdt5ytf x2lah0s x193iq5w x1xmf6yo x1e56ztr xzboxd6 x14l7nz5\">\n<div class=\"x78zum5 xdt5ytf xz62fqu x16ldp7u\">\n<div>\n<div class=\"x1n2onr6 x1ja2u2z x9f619 xdt5ytf x2lah0s x193iq5w x1lliihq x1yztbdb\">\n<div class=\"x9f619 x1n2onr6 x1ja2u2z x78zum5 xdt5ytf x1iyjqo2 x2lwn1j\">\n<div class=\"x9f619 x1n2onr6 x1ja2u2z x78zum5 xdt5ytf x2lah0s x193iq5w x1xmf6yo x1e56ztr xzboxd6 x14l7nz5\">\n<div class=\"x78zum5 xdt5ytf xz62fqu x16ldp7u\">\n<div>\n<div class=\"x1n2onr6 x1ja2u2z x9f619 xdt5ytf x2lah0s x193iq5w x1lliihq x1yztbdb\">\n<div class=\"x9f619 x1n2onr6 x1ja2u2z x78zum5 xdt5ytf x1iyjqo2 x2lwn1j\">\n<div class=\"x9f619 x1n2onr6 x1ja2u2z x78zum5 xdt5ytf x2lah0s x193iq5w x1xmf6yo x1e56ztr xzboxd6 x14l7nz5\">\n<div class=\"x78zum5 xdt5ytf xz62fqu x16ldp7u\">\n<div>\n<div>\n<p><strong>PLAYLIST DE V\u00cdDEOS \u25ba<\/strong><\/p>\n<p>Confer\u00eancia de Imprensa Feminina <a href=\"https:\/\/youtu.be\/SC9fFOsRSrU\" target=\"_blank\" rel=\"noopener\">\u25ba<\/a><br \/>\nConfer\u00eancia de Imprensa Masculina <a href=\"https:\/\/youtu.be\/WxLlzGjY8Xw\" target=\"_blank\" rel=\"noopener\">\u25ba<\/a><\/p>\n<\/div>\n<\/div>\n<\/div>\n<\/div>\n<\/div>\n<\/div>\n<\/div>\n<\/div>\n<\/div>\n<\/div>\n<\/div>\n<\/div>\n<\/div>\n<\/div>\n<\/div>\n<\/div>\n<\/div>\n<\/div>\n<\/div>\n<\/div>\n<\/div>\n<\/div>\n<\/div>\n<\/div>\n<\/div>\n<\/div>\n<\/div>\n<\/div>\n<\/div>\n<\/div>\n<\/div>\n<\/div>\n<\/div>\n<\/div>\n<\/div>\n<\/div>\n<\/div>\n","protected":false},"excerpt":{"rendered":"<p>FEMININOS MASCULINOS \u00a0 SEXTA-FEIRA &#8211; 7.MAR\u00c7O (Meias-Finais) \u00a0 18H00 | Vit\u00f3ria SC \u2500 Clube Kair\u00f3s (3-1: 25\/22, 25\/16, 20\/25, 25\/23) 21H00 | Sporting CP \u2500 GC Vilacondense (3-0: 25\/17, 25\/17, [&hellip;]<\/p>\n","protected":false},"author":1,"featured_media":38529,"parent":1032,"menu_order":0,"comment_status":"closed","ping_status":"closed","template":"","meta":{"_monsterinsights_skip_tracking":false,"_monsterinsights_sitenote_active":false,"_monsterinsights_sitenote_note":"","_monsterinsights_sitenote_category":0,"footnotes":""},"class_list":["post-38522","page","type-page","status-publish","has-post-thumbnail","czr-hentry"],"aioseo_notices":[],"_links":{"self":[{"href":"https:\/\/fpvoleibol.pt\/fpv\/wp-json\/wp\/v2\/pages\/38522","targetHints":{"allow":["GET"]}}],"collection":[{"href":"https:\/\/fpvoleibol.pt\/fpv\/wp-json\/wp\/v2\/pages"}],"about":[{"href":"https:\/\/fpvoleibol.pt\/fpv\/wp-json\/wp\/v2\/types\/page"}],"author":[{"embeddable":true,"href":"https:\/\/fpvoleibol.pt\/fpv\/wp-json\/wp\/v2\/users\/1"}],"replies":[{"embeddable":true,"href":"https:\/\/fpvoleibol.pt\/fpv\/wp-json\/wp\/v2\/comments?post=38522"}],"version-history":[{"count":14,"href":"https:\/\/fpvoleibol.pt\/fpv\/wp-json\/wp\/v2\/pages\/38522\/revisions"}],"predecessor-version":[{"id":42000,"href":"https:\/\/fpvoleibol.pt\/fpv\/wp-json\/wp\/v2\/pages\/38522\/revisions\/42000"}],"up":[{"embeddable":true,"href":"https:\/\/fpvoleibol.pt\/fpv\/wp-json\/wp\/v2\/pages\/1032"}],"wp:featuredmedia":[{"embeddable":true,"href":"https:\/\/fpvoleibol.pt\/fpv\/wp-json\/wp\/v2\/media\/38529"}],"wp:attachment":[{"href":"https:\/\/fpvoleibol.pt\/fpv\/wp-json\/wp\/v2\/media?parent=38522"}],"curies":[{"name":"wp","href":"https:\/\/api.w.org\/{rel}","templated":true}]}}