{"id":36602,"date":"2024-11-14T10:33:54","date_gmt":"2024-11-14T10:33:54","guid":{"rendered":"https:\/\/fpvoleibol.pt\/fpv\/?page_id=36602"},"modified":"2024-11-18T10:19:00","modified_gmt":"2024-11-18T10:19:00","slug":"39o-congresso-mundial-da-fivb","status":"publish","type":"page","link":"https:\/\/fpvoleibol.pt\/fpv\/features\/39o-congresso-mundial-da-fivb\/","title":{"rendered":"39\u00ba CONGRESSO MUNDIAL DA FIVB"},"content":{"rendered":"<p style=\"text-align: center;\"><a href=\"https:\/\/fpvoleibol.pt\/fpv\/wp-content\/uploads\/2024\/11\/banner_congresso.jpg\"><img loading=\"lazy\" decoding=\"async\" class=\"aligncenter size-full wp-image-36604\" src=\"https:\/\/fpvoleibol.pt\/fpv\/wp-content\/uploads\/2024\/11\/banner_congresso.jpg\" alt=\"\" width=\"1199\" height=\"415\" srcset=\"https:\/\/fpvoleibol.pt\/fpv\/wp-content\/uploads\/2024\/11\/banner_congresso.jpg 1199w, https:\/\/fpvoleibol.pt\/fpv\/wp-content\/uploads\/2024\/11\/banner_congresso-300x104.jpg 300w, https:\/\/fpvoleibol.pt\/fpv\/wp-content\/uploads\/2024\/11\/banner_congresso-1024x354.jpg 1024w, https:\/\/fpvoleibol.pt\/fpv\/wp-content\/uploads\/2024\/11\/banner_congresso-768x266.jpg 768w\" sizes=\"auto, (max-width: 1199px) 100vw, 1199px\" \/><\/a><\/p>\n<p style=\"text-align: center;\"><strong><span style=\"font-size: 18px;\">CONGRESSO MUNDIAL DA FIVB VISA DAR CONTINUIDADE AO CAMINHO DE SUCESSO DO VOLEIBOL ATRAV\u00c9S DA INOVA\u00c7\u00c3O E OPORTUNIDADES<\/span><\/strong><\/p>\n<p>O 39\u00ba Congresso Mundial da FIVB decorre de 15 a 17 de novembro de 2024, na cidade do Porto, Portugal.<\/p>\n<p>O evento reune membros de toda a Fam\u00edlia Global do Voleibol para refletir sobre as realiza\u00e7\u00f5es not\u00e1veis dos \u00faltimos 12 anos &#8211; marcados por inova\u00e7\u00e3o e oportunidade &#8211; e para tomar decis\u00f5es chave para a cont\u00ednua evolu\u00e7\u00e3o do desporto.<\/p>\n<p>O Congresso oferece uma plataforma \u00fanica para a troca de ideias, o fortalecimento de rela\u00e7\u00f5es e o avan\u00e7o do desenvolvimento e promo\u00e7\u00e3o do voleibol \u00e0 escala global.<\/p>\n<p>Promete ser um marco importante no crescimento do desporto.<\/p>\n<p>Agenda do Congresso [<a href=\"https:\/\/fpvoleibol.pt\/fpv\/wp-content\/uploads\/2024\/11\/FIVB-39th-World-Congress-2024-AGENDA.pdf\" target=\"_blank\" rel=\"noopener\">PDF<\/a>]<\/p>\n<p><strong>O Congresso em direto:<\/strong><a href=\"https:\/\/fpvoleibol.pt\/fpv\/wp-content\/uploads\/2024\/11\/imagem_nova_congresso.jpg\"><br \/>\n<img loading=\"lazy\" decoding=\"async\" class=\"wp-image-36603 size-medium alignleft\" src=\"https:\/\/fpvoleibol.pt\/fpv\/wp-content\/uploads\/2024\/11\/imagem_nova_congresso-300x169.jpg\" alt=\"\" width=\"300\" height=\"169\" srcset=\"https:\/\/fpvoleibol.pt\/fpv\/wp-content\/uploads\/2024\/11\/imagem_nova_congresso-300x169.jpg 300w, https:\/\/fpvoleibol.pt\/fpv\/wp-content\/uploads\/2024\/11\/imagem_nova_congresso-768x432.jpg 768w, https:\/\/fpvoleibol.pt\/fpv\/wp-content\/uploads\/2024\/11\/imagem_nova_congresso-528x297.jpg 528w, https:\/\/fpvoleibol.pt\/fpv\/wp-content\/uploads\/2024\/11\/imagem_nova_congresso.jpg 960w\" sizes=\"auto, (max-width: 300px) 100vw, 300px\" \/><\/a><\/p>\n<p><strong>Dia 1<\/strong> (15.NOV.2024) <a href=\"https:\/\/youtube.com\/live\/PzNUHttyTPA?feature=share\" target=\"_blank\" rel=\"noopener\">\u25ba<\/a><\/p>\n<p><strong>Dia 2<\/strong> (16.NOV.2024) <a href=\"https:\/\/youtube.com\/live\/7fyRcPEyrvk?feature=share\" target=\"_blank\" rel=\"noopener\">\u25ba<\/a><\/p>\n<p><strong>Dia 3<\/strong> (17.NOV.2024) <a href=\"https:\/\/youtube.com\/live\/kGmPv0esiBw?feature=share\" target=\"_blank\" rel=\"noopener\">\u25ba<\/a><\/p>\n<p>&nbsp;<\/p>\n<p>&nbsp;<\/p>\n<p>Website Oficial na FIVB: <a href=\"https:\/\/www.fivb.com\/inside-fivb\/fivb\/fivb-world-congress\/fivb-world-congress-2024\" target=\"_blank\" rel=\"noopener\">www.fivb.com\/inside-fivb\/fivb\/fivb-world-congress\/fivb-world-congress-2024<\/a><\/p>\n<p style=\"text-align: center;\"><a href=\"https:\/\/fpvoleibol.pt\/fpv\/wp-content\/uploads\/2024\/11\/39congresso_03.jpg\"><img loading=\"lazy\" decoding=\"async\" class=\"aligncenter size-full wp-image-36668\" src=\"https:\/\/fpvoleibol.pt\/fpv\/wp-content\/uploads\/2024\/11\/39congresso_03.jpg\" alt=\"\" width=\"960\" height=\"570\" srcset=\"https:\/\/fpvoleibol.pt\/fpv\/wp-content\/uploads\/2024\/11\/39congresso_03.jpg 960w, https:\/\/fpvoleibol.pt\/fpv\/wp-content\/uploads\/2024\/11\/39congresso_03-300x178.jpg 300w, https:\/\/fpvoleibol.pt\/fpv\/wp-content\/uploads\/2024\/11\/39congresso_03-768x456.jpg 768w\" sizes=\"auto, (max-width: 960px) 100vw, 960px\" \/><\/a><\/p>\n<p style=\"text-align: center;\">&#8211; &#8211; &#8211;<\/p>\n<p><strong>Not\u00edcias relacionadas com o evento:<\/strong><\/p>\n<ul>\n<li><a href=\"fpvoleibol.pt\/fpv\/2024\/11\/16\/fabio-azevedo-e-o-novo-presidente-da-fivb\" target=\"_blank\" rel=\"noopener\">fpvoleibol.pt\/fpv\/2024\/11\/16\/fabio-azevedo-e-o-novo-presidente-da-fivb<\/a><\/li>\n<li><a href=\"https:\/\/fpvoleibol.pt\/fpv\/2024\/11\/14\/director-geral-da-fivb-visita-sede-da-fpv\/\" target=\"_blank\" rel=\"noopener\">fpvoleibol.pt\/fpv\/2024\/11\/14\/director-geral-da-fivb-visita-sede-da-fpv<\/a><\/li>\n<li><a href=\"https:\/\/fpvoleibol.pt\/fpv\/2024\/11\/13\/familia-do-voleibol-reunida-em-portugal\" target=\"_blank\" rel=\"noopener\">fpvoleibol.pt\/fpv\/2024\/11\/13\/familia-do-voleibol-reunida-em-portugal<\/a><\/li>\n<li><a href=\"https:\/\/fpvoleibol.pt\/fpv\/2024\/11\/08\/39-o-congresso-mundial-do-voleibol\" target=\"_blank\" rel=\"noopener\">fpvoleibol.pt\/fpv\/2024\/11\/08\/39-o-congresso-mundial-do-voleibol<\/a><\/li>\n<\/ul>\n<p>&nbsp;<\/p>\n","protected":false},"excerpt":{"rendered":"<p>CONGRESSO MUNDIAL DA FIVB VISA DAR CONTINUIDADE AO CAMINHO DE SUCESSO DO VOLEIBOL ATRAV\u00c9S DA INOVA\u00c7\u00c3O E OPORTUNIDADES O 39\u00ba Congresso Mundial da FIVB decorre de 15 a 17 de [&hellip;]<\/p>\n","protected":false},"author":1,"featured_media":36603,"parent":642,"menu_order":0,"comment_status":"closed","ping_status":"closed","template":"","meta":{"_monsterinsights_skip_tracking":false,"_monsterinsights_sitenote_active":false,"_monsterinsights_sitenote_note":"","_monsterinsights_sitenote_category":0,"footnotes":""},"class_list":["post-36602","page","type-page","status-publish","has-post-thumbnail","czr-hentry"],"aioseo_notices":[],"_links":{"self":[{"href":"https:\/\/fpvoleibol.pt\/fpv\/wp-json\/wp\/v2\/pages\/36602","targetHints":{"allow":["GET"]}}],"collection":[{"href":"https:\/\/fpvoleibol.pt\/fpv\/wp-json\/wp\/v2\/pages"}],"about":[{"href":"https:\/\/fpvoleibol.pt\/fpv\/wp-json\/wp\/v2\/types\/page"}],"author":[{"embeddable":true,"href":"https:\/\/fpvoleibol.pt\/fpv\/wp-json\/wp\/v2\/users\/1"}],"replies":[{"embeddable":true,"href":"https:\/\/fpvoleibol.pt\/fpv\/wp-json\/wp\/v2\/comments?post=36602"}],"version-history":[{"count":9,"href":"https:\/\/fpvoleibol.pt\/fpv\/wp-json\/wp\/v2\/pages\/36602\/revisions"}],"predecessor-version":[{"id":36721,"href":"https:\/\/fpvoleibol.pt\/fpv\/wp-json\/wp\/v2\/pages\/36602\/revisions\/36721"}],"up":[{"embeddable":true,"href":"https:\/\/fpvoleibol.pt\/fpv\/wp-json\/wp\/v2\/pages\/642"}],"wp:featuredmedia":[{"embeddable":true,"href":"https:\/\/fpvoleibol.pt\/fpv\/wp-json\/wp\/v2\/media\/36603"}],"wp:attachment":[{"href":"https:\/\/fpvoleibol.pt\/fpv\/wp-json\/wp\/v2\/media?parent=36602"}],"curies":[{"name":"wp","href":"https:\/\/api.w.org\/{rel}","templated":true}]}}