{"id":35140,"date":"2024-09-06T09:22:11","date_gmt":"2024-09-06T09:22:11","guid":{"rendered":"https:\/\/fpvoleibol.pt\/fpv\/?page_id=35140"},"modified":"2024-09-29T20:15:46","modified_gmt":"2024-09-29T20:15:46","slug":"supertaca-2024","status":"publish","type":"page","link":"https:\/\/fpvoleibol.pt\/fpv\/competicoes\/supertaca-2024\/","title":{"rendered":"SUPERTA\u00c7A 2024"},"content":{"rendered":"<p style=\"text-align: center;\"><a href=\"https:\/\/fpvoleibol.pt\/fpv\/wp-content\/uploads\/2024\/09\/title_web.jpg\"><img loading=\"lazy\" decoding=\"async\" class=\"aligncenter wp-image-35141 size-full\" src=\"https:\/\/fpvoleibol.pt\/fpv\/wp-content\/uploads\/2024\/09\/title_web.jpg\" alt=\"\" width=\"1024\" height=\"341\" srcset=\"https:\/\/fpvoleibol.pt\/fpv\/wp-content\/uploads\/2024\/09\/title_web.jpg 1024w, https:\/\/fpvoleibol.pt\/fpv\/wp-content\/uploads\/2024\/09\/title_web-300x100.jpg 300w, https:\/\/fpvoleibol.pt\/fpv\/wp-content\/uploads\/2024\/09\/title_web-768x256.jpg 768w\" sizes=\"auto, (max-width: 1024px) 100vw, 1024px\" \/><\/a><\/p>\n<table style=\"width: 100%; border-collapse: collapse; border-style: none; border-color: #ffffff; height: 454px;\">\n<tbody>\n<tr style=\"height: 23px;\">\n<td style=\"width: 50%; background-color: #265bab; height: 23px; border-style: solid; border-color: #ffffff; text-align: center;\"><span style=\"color: #ffffff;\"><strong>SUPERTA\u00c7A &#8211; MASCULINOS<\/strong><\/span><\/td>\n<td style=\"width: 50%; background-color: #801e94; height: 23px; border-style: solid; border-color: #ffffff; text-align: center;\"><span style=\"color: #ffffff;\"><strong>SUPERTA\u00c7A &#8211; FEMININOS<\/strong><\/span><\/td>\n<\/tr>\n<tr style=\"height: 71px;\">\n<td style=\"width: 50%; height: 71px; border-style: solid; border-color: #ffffff; text-align: center;\">29 Setembro 2024 | 18H00<br \/>\nPavilh\u00e3o Desportivo Municipal de Santo Tirso<\/p>\n<p><strong style=\"font-family: inherit; font-size: inherit;\">SL BENFICA\u00a0 <\/strong><span style=\"font-family: inherit; font-size: inherit;\">X<\/span><strong style=\"font-family: inherit; font-size: inherit;\">\u00a0 SPORTING CP<br \/>\n<\/strong><span style=\"font-family: inherit; font-size: inherit;\">(1-3: 23-25, 25-19, 22-25, 19-25)<\/span><\/td>\n<td style=\"width: 50%; height: 71px; border-style: solid; border-color: #ffffff; text-align: center; vertical-align: top;\">28 Setembro 2024 | 16H00<br \/>\nPavilh\u00e3o Desportivo Municipal de Santo Tirso<\/p>\n<p><strong style=\"font-family: inherit; font-size: inherit;\">FC PORTO\u00a0 <\/strong><span style=\"font-family: inherit; font-size: inherit;\">X<\/span><strong style=\"font-family: inherit; font-size: inherit;\">\u00a0 SL BENFICA<br \/>\n<\/strong><span style=\"font-family: inherit; font-size: inherit;\">(1-3: 25-16, 19-25, 23-25, 15-25)<\/span><\/td>\n<\/tr>\n<tr style=\"height: 119px;\">\n<td style=\"border-style: solid; border-color: #ffffff; text-align: center; width: 100%; height: 119px;\" colspan=\"2\"><span style=\"background-color: #9c0000;\"><a href=\"https:\/\/fpv-web.dataproject.com\/MainHome.aspx\"><img loading=\"lazy\" decoding=\"async\" class=\"aligncenter size-full wp-image-3585\" src=\"https:\/\/fpvoleibol.pt\/fpv\/wp-content\/uploads\/2021\/02\/livestream_livescores.png\" alt=\"\" width=\"400\" height=\"95\" srcset=\"https:\/\/fpvoleibol.pt\/fpv\/wp-content\/uploads\/2021\/02\/livestream_livescores.png 400w, https:\/\/fpvoleibol.pt\/fpv\/wp-content\/uploads\/2021\/02\/livestream_livescores-300x71.png 300w\" sizes=\"auto, (max-width: 400px) 100vw, 400px\" \/><\/a><\/span><strong>SUPERTA\u00c7A MASCULINA <a href=\"https:\/\/fpv-web.dataproject.com\/MatchStatistics.aspx?mID=9887&amp;ID=106&amp;CID=359&amp;PID=148&amp;type=LegList\" target=\"_blank\" rel=\"noopener\">\u25ba<\/a>\u00a0 \u00a0|\u00a0 \u00a0SUPERTA\u00c7A FEMININA <a href=\"https:\/\/fpv-web.dataproject.com\/MatchStatistics.aspx?mID=9886&amp;ID=105&amp;CID=358&amp;PID=147&amp;type=LegList\" target=\"_blank\" rel=\"noopener\">\u25ba<\/a><\/strong><\/p>\n<p><span style=\"background-color: #bd0000; color: #ffffff;\"><strong><span style=\"color: #000000;\">\u00a0 <span style=\"color: #ffffff;\">BILHETEIRA\u00a0\u00a0<\/span><\/span><\/strong><\/span><\/p>\n<p><span style=\"background-color: #bd0000; color: #ffffff;\"><strong><span style=\"color: #000000;\"><span style=\"color: #ffffff;\">\u00a0 Superta\u00e7a Masculina <a href=\"https:\/\/smartfan.tickets\/compsupertacamasc-voleibol\" target=\"_blank\" rel=\"noopener\">\u25ba<\/a><\/span>\u00a0<span style=\"color: #ffffff;\"> \u00a0|\u00a0<\/span> \u00a0<span style=\"color: #ffffff;\">Superta\u00e7a Feminina <a href=\"https:\/\/smartfan.tickets\/compsupertacafem-voleibol\" target=\"_blank\" rel=\"noopener\">\u25ba<\/a> \u00a0 <\/span><\/span><\/strong><\/span><\/p>\n<p>SEGUE A 1\u00aa PROVA NACIONAL DO ANO NAS REDES SOCIAIS DESTA FEDERA\u00c7\u00c3O:<br \/>\n<a href=\"https:\/\/www.facebook.com\/fpvoleibol\" target=\"_blank\" rel=\"noopener noreferrer\">FACEBOOK \u25ba<\/a> E <a href=\"https:\/\/www.instagram.com\/portugalvoleibol\/\" target=\"_blank\" rel=\"noopener noreferrer\">INSTAGRAM \u25ba<\/a><br \/>\n<strong>TRANSMISS\u00c3O TELEVISIVA:<\/strong> MASCULINOS E FEMININOS (SPORTTV) <a href=\"https:\/\/www.sporttv.pt\/pesquisa\/voleibol\/\" target=\"_blank\" rel=\"noopener\">\u25ba<\/a><\/td>\n<\/tr>\n<tr style=\"height: 218px;\">\n<td style=\"width: 100%; border-style: solid; border-color: #ffffff; text-align: center; height: 218px;\" colspan=\"2\"><span style=\"background-color: #9c0000;\"><a href=\"https:\/\/fpvoleibol.pt\/fpv\/wp-content\/uploads\/2023\/09\/supertaca_estrelas.png\"><img loading=\"lazy\" decoding=\"async\" class=\"aligncenter wp-image-27940 size-full\" src=\"https:\/\/fpvoleibol.pt\/fpv\/wp-content\/uploads\/2023\/09\/supertaca_estrelas.png\" alt=\"\" width=\"300\" height=\"214\" \/><\/a><\/span><\/td>\n<\/tr>\n<tr style=\"height: 23px;\">\n<td style=\"width: 50%; height: 23px; border-style: solid; border-color: #ffffff; text-align: center;\"><a href=\"http:\/\/www.portugalvoleibol.com\/classificacao\/stmasc.php\" target=\"_blank\" rel=\"noopener noreferrer\"><strong>RESULTADO E CLASSIFICA\u00c7\u00c3O OFICIAL<\/strong><\/a><\/p>\n<p><a href=\"https:\/\/fpvoleibol.pt\/fpv\/wp-content\/uploads\/2024\/09\/Supertaca2024_MASC.jpg\"><img loading=\"lazy\" decoding=\"async\" class=\"aligncenter wp-image-35264 size-large\" src=\"https:\/\/fpvoleibol.pt\/fpv\/wp-content\/uploads\/2024\/09\/Supertaca2024_MASC-731x1024.jpg\" alt=\"\" width=\"731\" height=\"1024\" srcset=\"https:\/\/fpvoleibol.pt\/fpv\/wp-content\/uploads\/2024\/09\/Supertaca2024_MASC-731x1024.jpg 731w, https:\/\/fpvoleibol.pt\/fpv\/wp-content\/uploads\/2024\/09\/Supertaca2024_MASC-214x300.jpg 214w, https:\/\/fpvoleibol.pt\/fpv\/wp-content\/uploads\/2024\/09\/Supertaca2024_MASC-768x1076.jpg 768w, https:\/\/fpvoleibol.pt\/fpv\/wp-content\/uploads\/2024\/09\/Supertaca2024_MASC.jpg 914w\" sizes=\"auto, (max-width: 731px) 100vw, 731px\" \/><\/a><\/td>\n<td style=\"width: 50%; height: 23px; border-style: solid; border-color: #ffffff; text-align: center;\"><a href=\"http:\/\/www.portugalvoleibol.com\/classificacao\/stfem.php\" target=\"_blank\" rel=\"noopener noreferrer\"><strong>RESULTADO E CLASSIFICA\u00c7\u00c3O OFICIAL<\/strong><\/a><\/p>\n<p><a href=\"https:\/\/fpvoleibol.pt\/fpv\/wp-content\/uploads\/2024\/09\/Supertaca2024_FEM.jpg\"><img loading=\"lazy\" decoding=\"async\" class=\"aligncenter wp-image-35266 size-large\" src=\"https:\/\/fpvoleibol.pt\/fpv\/wp-content\/uploads\/2024\/09\/Supertaca2024_FEM-731x1024.jpg\" alt=\"\" width=\"731\" height=\"1024\" srcset=\"https:\/\/fpvoleibol.pt\/fpv\/wp-content\/uploads\/2024\/09\/Supertaca2024_FEM-731x1024.jpg 731w, https:\/\/fpvoleibol.pt\/fpv\/wp-content\/uploads\/2024\/09\/Supertaca2024_FEM-214x300.jpg 214w, https:\/\/fpvoleibol.pt\/fpv\/wp-content\/uploads\/2024\/09\/Supertaca2024_FEM-768x1076.jpg 768w, https:\/\/fpvoleibol.pt\/fpv\/wp-content\/uploads\/2024\/09\/Supertaca2024_FEM.jpg 914w\" sizes=\"auto, (max-width: 731px) 100vw, 731px\" \/><\/a><\/td>\n<\/tr>\n<\/tbody>\n<\/table>\n","protected":false},"excerpt":{"rendered":"<p>SUPERTA\u00c7A &#8211; MASCULINOS SUPERTA\u00c7A &#8211; FEMININOS 29 Setembro 2024 | 18H00 Pavilh\u00e3o Desportivo Municipal de Santo Tirso SL BENFICA\u00a0 X\u00a0 SPORTING CP (1-3: 23-25, 25-19, 22-25, 19-25) 28 Setembro 2024 [&hellip;]<\/p>\n","protected":false},"author":1,"featured_media":35145,"parent":1032,"menu_order":0,"comment_status":"closed","ping_status":"closed","template":"","meta":{"_monsterinsights_skip_tracking":false,"_monsterinsights_sitenote_active":false,"_monsterinsights_sitenote_note":"","_monsterinsights_sitenote_category":0,"footnotes":""},"class_list":["post-35140","page","type-page","status-publish","has-post-thumbnail","czr-hentry"],"aioseo_notices":[],"_links":{"self":[{"href":"https:\/\/fpvoleibol.pt\/fpv\/wp-json\/wp\/v2\/pages\/35140","targetHints":{"allow":["GET"]}}],"collection":[{"href":"https:\/\/fpvoleibol.pt\/fpv\/wp-json\/wp\/v2\/pages"}],"about":[{"href":"https:\/\/fpvoleibol.pt\/fpv\/wp-json\/wp\/v2\/types\/page"}],"author":[{"embeddable":true,"href":"https:\/\/fpvoleibol.pt\/fpv\/wp-json\/wp\/v2\/users\/1"}],"replies":[{"embeddable":true,"href":"https:\/\/fpvoleibol.pt\/fpv\/wp-json\/wp\/v2\/comments?post=35140"}],"version-history":[{"count":17,"href":"https:\/\/fpvoleibol.pt\/fpv\/wp-json\/wp\/v2\/pages\/35140\/revisions"}],"predecessor-version":[{"id":35265,"href":"https:\/\/fpvoleibol.pt\/fpv\/wp-json\/wp\/v2\/pages\/35140\/revisions\/35265"}],"up":[{"embeddable":true,"href":"https:\/\/fpvoleibol.pt\/fpv\/wp-json\/wp\/v2\/pages\/1032"}],"wp:featuredmedia":[{"embeddable":true,"href":"https:\/\/fpvoleibol.pt\/fpv\/wp-json\/wp\/v2\/media\/35145"}],"wp:attachment":[{"href":"https:\/\/fpvoleibol.pt\/fpv\/wp-json\/wp\/v2\/media?parent=35140"}],"curies":[{"name":"wp","href":"https:\/\/api.w.org\/{rel}","templated":true}]}}