{"id":34599,"date":"2024-08-14T14:00:35","date_gmt":"2024-08-14T14:00:35","guid":{"rendered":"https:\/\/fpvoleibol.pt\/fpv\/?page_id=34599"},"modified":"2024-08-14T14:46:23","modified_gmt":"2024-08-14T14:46:23","slug":"clubes-2023-2024","status":"publish","type":"page","link":"https:\/\/fpvoleibol.pt\/fpv\/documentacao\/contratos-programa\/clubes-2023-2024\/","title":{"rendered":"Clubes (2023-2024)"},"content":{"rendered":"<p style=\"text-align: center;\"><span style=\"font-size: 18pt; color: #003e6b;\"><strong>\u00c9POCA 2023-2024<\/strong><\/span><\/p>\n<div align=\"center\">\n<div style=\"display: inline-block; text-align: center;\"><a href=\"https:\/\/www.fpvoleibol.pt\/documentacao\/contratos_programa\/clubes\/aaespinho_23_24.pdf\"><img loading=\"lazy\" decoding=\"async\" class=\"aligncenter\" src=\"https:\/\/www.fpvoleibol.pt\/fpv\/imagens\/icon-pdf__.jpg\" alt=\"\" width=\"180\" height=\"180\" \/><\/a><span style=\"font-family: inherit; font-size: inherit;\">AA Espinho<\/span><\/div>\n<div style=\"display: inline-block; text-align: center;\"><a href=\"https:\/\/www.fpvoleibol.pt\/documentacao\/contratos_programa\/clubes\/aavenseaa78_23_24.pdf\"><img loading=\"lazy\" decoding=\"async\" class=\"aligncenter\" src=\"https:\/\/www.fpvoleibol.pt\/fpv\/imagens\/icon-pdf__.jpg\" alt=\"\" width=\"180\" height=\"180\" \/><\/a><span style=\"font-family: inherit; font-size: inherit;\">A Avense AA 78<\/span><\/div>\n<div style=\"display: inline-block; text-align: center;\"><a href=\"https:\/\/www.fpvoleibol.pt\/documentacao\/contratos_programa\/clubes\/avilhaterceira_23_24.pdf\"><img loading=\"lazy\" decoding=\"async\" class=\"aligncenter\" src=\"https:\/\/www.fpvoleibol.pt\/fpv\/imagens\/icon-pdf__.jpg\" alt=\"\" width=\"180\" height=\"180\" \/><\/a><span style=\"font-family: inherit; font-size: inherit;\">AV Ilha Terceira<\/span><\/div>\n<div style=\"display: inline-block; text-align: center;\"><a href=\"https:\/\/www.fpvoleibol.pt\/documentacao\/contratos_programa\/clubes\/avsmiguel_23_24.pdf\"><img loading=\"lazy\" decoding=\"async\" class=\"aligncenter\" src=\"https:\/\/www.fpvoleibol.pt\/fpv\/imagens\/icon-pdf__.jpg\" alt=\"\" width=\"180\" height=\"180\" \/><\/a><span style=\"font-family: inherit; font-size: inherit;\">AV S. Miguel<\/span><\/div>\n<div style=\"display: inline-block; text-align: center;\"><a href=\"https:\/\/www.fpvoleibol.pt\/documentacao\/contratos_programa\/clubes\/camadalena_23_24.pdf\"><img loading=\"lazy\" decoding=\"async\" class=\"aligncenter\" src=\"https:\/\/www.fpvoleibol.pt\/fpv\/imagens\/icon-pdf__.jpg\" alt=\"\" width=\"180\" height=\"180\" \/><\/a><span style=\"font-family: inherit; font-size: inherit;\">CA Madalena<\/span><\/div>\n<div style=\"display: inline-block; text-align: center;\"><a href=\"https:\/\/www.fpvoleibol.pt\/documentacao\/contratos_programa\/clubes\/cdfiaes_23_24.pdf\"><img loading=\"lazy\" decoding=\"async\" class=\"aligncenter\" src=\"https:\/\/www.fpvoleibol.pt\/fpv\/imagens\/icon-pdf__.jpg\" alt=\"\" width=\"180\" height=\"180\" \/><\/a><span style=\"font-family: inherit; font-size: inherit;\">CD Fi\u00e3es<\/span><\/div>\n<div style=\"display: inline-block; text-align: center;\"><a href=\"https:\/\/www.fpvoleibol.pt\/documentacao\/contratos_programa\/clubes\/cfbelenenses_23_24.pdf\"><img loading=\"lazy\" decoding=\"async\" class=\"aligncenter\" src=\"https:\/\/www.fpvoleibol.pt\/fpv\/imagens\/icon-pdf__.jpg\" alt=\"\" width=\"180\" height=\"180\" \/><\/a><span style=\"font-family: inherit; font-size: inherit;\">CF &#8220;Os Belenenses&#8221;<\/span><\/div>\n<div style=\"display: inline-block; text-align: center;\"><a href=\"https:\/\/www.fpvoleibol.pt\/documentacao\/contratos_programa\/clubes\/castelomaiagc_23_24.pdf\"><img loading=\"lazy\" decoding=\"async\" class=\"aligncenter\" src=\"https:\/\/www.fpvoleibol.pt\/fpv\/imagens\/icon-pdf__.jpg\" alt=\"\" width=\"180\" height=\"180\" \/><\/a><span style=\"font-family: inherit; font-size: inherit;\">Castelo Maia GC<\/span><\/div>\n<div style=\"display: inline-block; text-align: center;\"><a href=\"https:\/\/www.fpvoleibol.pt\/documentacao\/contratos_programa\/clubes\/cnginastica_23_24.pdf\"><img loading=\"lazy\" decoding=\"async\" class=\"aligncenter\" src=\"https:\/\/www.fpvoleibol.pt\/fpv\/imagens\/icon-pdf__.jpg\" alt=\"\" width=\"180\" height=\"180\" \/><\/a><span style=\"font-family: inherit; font-size: inherit;\">CN Gin\u00e1stica<\/span><\/div>\n<div style=\"display: inline-block; text-align: center;\"><a href=\"https:\/\/www.fpvoleibol.pt\/documentacao\/contratos_programa\/clubes\/cparrupe_23_24.pdf\"><img loading=\"lazy\" decoding=\"async\" class=\"aligncenter\" src=\"https:\/\/www.fpvoleibol.pt\/fpv\/imagens\/icon-pdf__.jpg\" alt=\"\" width=\"180\" height=\"180\" \/><\/a><span style=\"font-family: inherit; font-size: inherit;\">CP Arrupe<\/span><\/div>\n<div style=\"display: inline-block; text-align: center;\"><a href=\"https:\/\/www.fpvoleibol.pt\/documentacao\/contratos_programa\/clubes\/cvoeiras_23_24.pdf\"><img loading=\"lazy\" decoding=\"async\" class=\"aligncenter\" src=\"https:\/\/www.fpvoleibol.pt\/fpv\/imagens\/icon-pdf__.jpg\" alt=\"\" width=\"180\" height=\"180\" \/><\/a><span style=\"font-family: inherit; font-size: inherit;\">CV Oeiras<\/span><\/div>\n<div style=\"display: inline-block; text-align: center;\"><a href=\"https:\/\/www.fpvoleibol.pt\/documentacao\/contratos_programa\/clubes\/esmorizgc_23_24.pdf\"><img loading=\"lazy\" decoding=\"async\" class=\"aligncenter\" src=\"https:\/\/www.fpvoleibol.pt\/fpv\/imagens\/icon-pdf__.jpg\" alt=\"\" width=\"180\" height=\"180\" \/><\/a><span style=\"font-family: inherit; font-size: inherit;\">Esmoriz GC<\/span><\/div>\n<div style=\"display: inline-block; text-align: center;\"><a href=\"https:\/\/www.fpvoleibol.pt\/documentacao\/contratos_programa\/clubes\/fcporto_23_24.pdf\"><img loading=\"lazy\" decoding=\"async\" class=\"aligncenter\" src=\"https:\/\/www.fpvoleibol.pt\/fpv\/imagens\/icon-pdf__.jpg\" alt=\"\" width=\"180\" height=\"180\" \/><\/a><span style=\"font-family: inherit; font-size: inherit;\">FC Porto<\/span><\/div>\n<div style=\"display: inline-block; text-align: center;\"><a href=\"https:\/\/www.fpvoleibol.pt\/documentacao\/contratos_programa\/clubes\/gcsantotirso_23_24.pdf\"><img loading=\"lazy\" decoding=\"async\" class=\"aligncenter\" src=\"https:\/\/www.fpvoleibol.pt\/fpv\/imagens\/icon-pdf__.jpg\" alt=\"\" width=\"180\" height=\"180\" \/><\/a><span style=\"font-family: inherit; font-size: inherit;\">GC Santo Tirso<\/span><\/div>\n<div style=\"display: inline-block; text-align: center;\"><a href=\"https:\/\/www.fpvoleibol.pt\/documentacao\/contratos_programa\/clubes\/gcvilacondense_23_24.pdf\"><img loading=\"lazy\" decoding=\"async\" class=\"aligncenter\" src=\"https:\/\/www.fpvoleibol.pt\/fpv\/imagens\/icon-pdf__.jpg\" alt=\"\" width=\"180\" height=\"180\" \/><\/a><span style=\"font-family: inherit; font-size: inherit;\">GC Vilacondense<\/span><\/div>\n<div style=\"display: inline-block; text-align: center;\"><a href=\"https:\/\/www.fpvoleibol.pt\/documentacao\/contratos_programa\/clubes\/gdcgueifaes_23_24.pdf\"><img loading=\"lazy\" decoding=\"async\" class=\"aligncenter\" src=\"https:\/\/www.fpvoleibol.pt\/fpv\/imagens\/icon-pdf__.jpg\" alt=\"\" width=\"180\" height=\"180\" \/><\/a><span style=\"font-family: inherit; font-size: inherit;\">GDC Gueif\u00e3es<\/span><\/div>\n<div style=\"display: inline-block; text-align: center;\"><a href=\"https:\/\/www.fpvoleibol.pt\/documentacao\/contratos_programa\/clubes\/leixoessc_23_24.pdf\"><img loading=\"lazy\" decoding=\"async\" class=\"aligncenter\" src=\"https:\/\/www.fpvoleibol.pt\/fpv\/imagens\/icon-pdf__.jpg\" alt=\"\" width=\"180\" height=\"180\" \/><\/a><span style=\"font-family: inherit; font-size: inherit;\">Leix\u00f5es SC<\/span><\/div>\n<div style=\"display: inline-block; text-align: center;\"><a href=\"https:\/\/www.fpvoleibol.pt\/documentacao\/contratos_programa\/clubes\/scbraga_23_24.pdf\"><img loading=\"lazy\" decoding=\"async\" class=\"aligncenter\" src=\"https:\/\/www.fpvoleibol.pt\/fpv\/imagens\/icon-pdf__.jpg\" alt=\"\" width=\"180\" height=\"180\" \/><\/a><span style=\"font-family: inherit; font-size: inherit;\">SC Braga<\/span><\/div>\n<div style=\"display: inline-block; text-align: center;\"><a href=\"https:\/\/www.fpvoleibol.pt\/documentacao\/contratos_programa\/clubes\/sccaldas_23_24.pdf\"><img loading=\"lazy\" decoding=\"async\" class=\"aligncenter\" src=\"https:\/\/www.fpvoleibol.pt\/fpv\/imagens\/icon-pdf__.jpg\" alt=\"\" width=\"180\" height=\"180\" \/><\/a><span style=\"font-family: inherit; font-size: inherit;\">SC Caldas<\/span><\/div>\n<div style=\"display: inline-block; text-align: center;\"><a href=\"https:\/\/www.fpvoleibol.pt\/documentacao\/contratos_programa\/clubes\/scespinho_23_24.pdf\"><img loading=\"lazy\" decoding=\"async\" class=\"aligncenter\" src=\"https:\/\/www.fpvoleibol.pt\/fpv\/imagens\/icon-pdf__.jpg\" alt=\"\" width=\"180\" height=\"180\" \/><\/a><span style=\"font-family: inherit; font-size: inherit;\">SC Espinho<\/span><\/div>\n<div style=\"display: inline-block; text-align: center;\"><a href=\"https:\/\/www.fpvoleibol.pt\/documentacao\/contratos_programa\/clubes\/slbenfica_23_24.pdf\"><img loading=\"lazy\" decoding=\"async\" class=\"aligncenter\" src=\"https:\/\/www.fpvoleibol.pt\/fpv\/imagens\/icon-pdf__.jpg\" alt=\"\" width=\"180\" height=\"180\" \/><\/a><span style=\"font-family: inherit; font-size: inherit;\">SL Benfica<\/span><\/div>\n<div style=\"display: inline-block; text-align: center;\"><a href=\"https:\/\/www.fpvoleibol.pt\/documentacao\/contratos_programa\/clubes\/sportingcp_23_24.pdf\"><img loading=\"lazy\" decoding=\"async\" class=\"aligncenter\" src=\"https:\/\/www.fpvoleibol.pt\/fpv\/imagens\/icon-pdf__.jpg\" alt=\"\" width=\"180\" height=\"180\" \/><\/a><span style=\"font-family: inherit; font-size: inherit;\">Sporting CP<\/span><\/div>\n<div style=\"display: inline-block; text-align: center;\"><a href=\"https:\/\/www.fpvoleibol.pt\/documentacao\/contratos_programa\/clubes\/vcviana_23_24.pdf\"><img loading=\"lazy\" decoding=\"async\" class=\"aligncenter\" src=\"https:\/\/www.fpvoleibol.pt\/fpv\/imagens\/icon-pdf__.jpg\" alt=\"\" width=\"180\" height=\"180\" \/><\/a><span style=\"font-family: inherit; font-size: inherit;\">VC Viana<\/span><\/div>\n<div style=\"display: inline-block; text-align: center;\"><a href=\"https:\/\/www.fpvoleibol.pt\/documentacao\/contratos_programa\/clubes\/vitoriasc_23_24.pdf\"><img loading=\"lazy\" decoding=\"async\" class=\"aligncenter\" src=\"https:\/\/www.fpvoleibol.pt\/fpv\/imagens\/icon-pdf__.jpg\" alt=\"\" width=\"180\" height=\"180\" \/><\/a><span style=\"font-family: inherit; font-size: inherit;\">Vit\u00f3ria SC<\/span><\/div>\n<div><\/div>\n<div><\/div>\n<\/div>\n","protected":false},"excerpt":{"rendered":"<p>\u00c9POCA 2023-2024 AA Espinho A Avense AA 78 AV Ilha Terceira AV S. Miguel CA Madalena CD Fi\u00e3es CF &#8220;Os Belenenses&#8221; Castelo Maia GC CN Gin\u00e1stica CP Arrupe CV Oeiras [&hellip;]<\/p>\n","protected":false},"author":1,"featured_media":0,"parent":439,"menu_order":0,"comment_status":"closed","ping_status":"closed","template":"","meta":{"_monsterinsights_skip_tracking":false,"_monsterinsights_sitenote_active":false,"_monsterinsights_sitenote_note":"","_monsterinsights_sitenote_category":0,"footnotes":""},"class_list":["post-34599","page","type-page","status-publish","czr-hentry"],"aioseo_notices":[],"_links":{"self":[{"href":"https:\/\/fpvoleibol.pt\/fpv\/wp-json\/wp\/v2\/pages\/34599","targetHints":{"allow":["GET"]}}],"collection":[{"href":"https:\/\/fpvoleibol.pt\/fpv\/wp-json\/wp\/v2\/pages"}],"about":[{"href":"https:\/\/fpvoleibol.pt\/fpv\/wp-json\/wp\/v2\/types\/page"}],"author":[{"embeddable":true,"href":"https:\/\/fpvoleibol.pt\/fpv\/wp-json\/wp\/v2\/users\/1"}],"replies":[{"embeddable":true,"href":"https:\/\/fpvoleibol.pt\/fpv\/wp-json\/wp\/v2\/comments?post=34599"}],"version-history":[{"count":5,"href":"https:\/\/fpvoleibol.pt\/fpv\/wp-json\/wp\/v2\/pages\/34599\/revisions"}],"predecessor-version":[{"id":34613,"href":"https:\/\/fpvoleibol.pt\/fpv\/wp-json\/wp\/v2\/pages\/34599\/revisions\/34613"}],"up":[{"embeddable":true,"href":"https:\/\/fpvoleibol.pt\/fpv\/wp-json\/wp\/v2\/pages\/439"}],"wp:attachment":[{"href":"https:\/\/fpvoleibol.pt\/fpv\/wp-json\/wp\/v2\/media?parent=34599"}],"curies":[{"name":"wp","href":"https:\/\/api.w.org\/{rel}","templated":true}]}}