{"id":34550,"date":"2024-08-27T14:18:48","date_gmt":"2024-08-27T14:18:48","guid":{"rendered":"https:\/\/fpvoleibol.pt\/fpv\/?page_id=34550"},"modified":"2024-09-27T15:54:55","modified_gmt":"2024-09-27T15:54:55","slug":"taca-iberica-2024","status":"publish","type":"page","link":"https:\/\/fpvoleibol.pt\/fpv\/competicoes\/taca-iberica-2024\/","title":{"rendered":"TA\u00c7A IB\u00c9RICA 2024"},"content":{"rendered":"<p style=\"text-align: center;\"><a href=\"https:\/\/fpvoleibol.pt\/fpv\/wp-content\/uploads\/2024\/08\/taca_iberica_topo24.png\"><img loading=\"lazy\" decoding=\"async\" class=\"aligncenter wp-image-34552 size-full\" src=\"https:\/\/fpvoleibol.pt\/fpv\/wp-content\/uploads\/2024\/08\/taca_iberica_topo24.png\" alt=\"\" width=\"639\" height=\"488\" srcset=\"https:\/\/fpvoleibol.pt\/fpv\/wp-content\/uploads\/2024\/08\/taca_iberica_topo24.png 639w, https:\/\/fpvoleibol.pt\/fpv\/wp-content\/uploads\/2024\/08\/taca_iberica_topo24-300x229.png 300w\" sizes=\"auto, (max-width: 639px) 100vw, 639px\" \/><\/a><\/p>\n<p>&nbsp;<\/p>\n<p style=\"text-align: justify;\">A\u00a0<strong>Ta\u00e7a Ib\u00e9rica de Voleibol<\/strong> volta a disputar-se em 2024, agora com Portugal a receber a competi\u00e7\u00e3o masculina e a Espanha, a feminina.<\/p>\n<p style=\"text-align: justify;\">O Centro de Desportos e Congressos de Matosinhos, vai acolher nos dias 21 e 22 de Setembro a Ta\u00e7a Ib\u00e9rica de masculinos, que coloca frente a frente as equipas portuguesas do <strong>Sporting Clube de Portugal\u00a0<\/strong>e do<strong> Sport Lisboa e Benfica<\/strong> e as representantes espanholas <strong>CV Guaguas <\/strong>e<strong> Grupo Herce Soria<\/strong>, respetivamente campe\u00e3 nacional e vice-campe\u00e3 da Superliga Espanhola.<\/p>\n<p>&nbsp;<\/p>\n<p style=\"text-align: center;\"><span style=\"color: #c40000;\"><strong>BILHETE 5\u20ac\/JOGO &#8211; ADQUIRIR <a href=\"https:\/\/smartfan.tickets\/comptacaiberica-voleibol\" target=\"_blank\" rel=\"noopener\">AQUI \u25ba<\/a><\/strong><\/span><\/p>\n<p>&nbsp;<\/p>\n<table class=\" aligncenter\" style=\"width: 80%; border-collapse: collapse;\">\n<tbody>\n<tr>\n<td style=\"width: 20%; text-align: center; background-color: #f5f5f5;\"><strong><span style=\"font-size: 12pt;\">21-09-2024<br \/>\n15h<\/span><\/strong><\/td>\n<td style=\"width: 10%; background-color: #f5f5f5; text-align: center;\"><img loading=\"lazy\" decoding=\"async\" src=\"https:\/\/fpvoleibol.pt\/fpv\/wp-content\/uploads\/2024\/08\/guaguas.png\" alt=\"\" width=\"50\" height=\"50\" \/><\/td>\n<td style=\"width: 25%; background-color: #f5f5f5; text-align: center;\"><b>CV GUAGUAS<\/b><\/td>\n<td style=\"width: 10%; text-align: center; background-color: #f5f5f5;\"><span style=\"font-size: 12pt;\">X<\/span><\/td>\n<td style=\"width: 10%; background-color: #f5f5f5; text-align: center;\"><img loading=\"lazy\" decoding=\"async\" src=\"https:\/\/fpvoleibol.pt\/fpv\/wp-content\/uploads\/2024\/08\/sporting.png\" alt=\"\" width=\"37\" height=\"49\" \/><\/td>\n<td style=\"width: 25%; background-color: #f5f5f5; text-align: center;\"><strong><span style=\"font-size: 12pt;\">SPORTING CP<\/span><\/strong><\/td>\n<\/tr>\n<tr>\n<td style=\"width: 100%; text-align: center;\" colspan=\"6\"><span style=\"font-size: 12pt; color: #993300;\">(1-3: 25\/15, 20\/25, 23\/25, 23\/25) \u2192 <a href=\"https:\/\/fpv-web.dataproject.com\/MatchStatistics.aspx?mID=9900&amp;ID=120&amp;CID=420&amp;PID=164&amp;type=LegList\" target=\"_blank\" rel=\"noopener\">LIVESCORE<\/a><\/span><\/td>\n<\/tr>\n<tr>\n<td style=\"width: 20%; text-align: center; background-color: #f5f5f5;\"><strong><span style=\"font-size: 12pt;\">21-09-2024<br \/>\n18h<\/span><\/strong><\/td>\n<td style=\"width: 10%; background-color: #f5f5f5; text-align: center;\"><img loading=\"lazy\" decoding=\"async\" src=\"https:\/\/fpvoleibol.pt\/fpv\/wp-content\/uploads\/2024\/08\/benfica.png\" alt=\"\" width=\"50\" height=\"50\" \/><\/td>\n<td style=\"width: 25%; background-color: #f5f5f5; text-align: center;\"><strong>SL BENFICA<\/strong><\/td>\n<td style=\"width: 10%; text-align: center; background-color: #f5f5f5;\"><span style=\"font-size: 12pt;\">X<\/span><\/td>\n<td style=\"width: 10%; background-color: #f5f5f5; text-align: center;\"><img loading=\"lazy\" decoding=\"async\" src=\"https:\/\/fpvoleibol.pt\/fpv\/wp-content\/uploads\/2024\/08\/soria.png\" alt=\"\" width=\"32\" height=\"49\" \/><\/td>\n<td style=\"width: 25%; background-color: #f5f5f5; text-align: center;\"><b>GRUPO HERCE SORIA<\/b><\/td>\n<\/tr>\n<tr>\n<td style=\"width: 100%; text-align: center;\" colspan=\"6\"><span style=\"font-size: 12pt; color: #993300;\">(3-0: 30\/28, 25\/22, 26\/24) \u2192 <a href=\"https:\/\/fpv-web.dataproject.com\/MatchStatistics.aspx?mID=9901&amp;ID=120&amp;CID=420&amp;PID=164&amp;type=LegList\" target=\"_blank\" rel=\"noopener\">LIVESCORE<\/a><\/span><\/td>\n<\/tr>\n<\/tbody>\n<\/table>\n<p>&nbsp;<\/p>\n<table class=\" aligncenter\" style=\"width: 80%; border-collapse: collapse;\">\n<tbody>\n<tr>\n<td style=\"width: 20%; text-align: center; background-color: #f5f5f5;\"><strong><span style=\"font-size: 12pt;\">22-09-2024<br \/>\n15h<\/span><\/strong><\/td>\n<td style=\"width: 10%; background-color: #f5f5f5; text-align: center;\"><img loading=\"lazy\" decoding=\"async\" src=\"https:\/\/fpvoleibol.pt\/fpv\/wp-content\/uploads\/2024\/08\/guaguas.png\" alt=\"\" width=\"50\" height=\"50\" \/><\/td>\n<td style=\"width: 25%; background-color: #f5f5f5; text-align: center;\"><b>CV GUAGUAS<\/b><\/td>\n<td style=\"width: 10%; text-align: center; background-color: #f5f5f5;\"><span style=\"font-size: 12pt;\">X<\/span><\/td>\n<td style=\"width: 10%; background-color: #f5f5f5; text-align: center;\"><img loading=\"lazy\" decoding=\"async\" src=\"https:\/\/fpvoleibol.pt\/fpv\/wp-content\/uploads\/2024\/08\/soria.png\" alt=\"\" width=\"32\" height=\"49\" \/><\/td>\n<td style=\"width: 25%; background-color: #f5f5f5; text-align: center;\"><b>GRUPO HERCE SORIA<\/b><\/td>\n<\/tr>\n<tr>\n<td style=\"width: 100%; text-align: center;\" colspan=\"6\"><span style=\"font-size: 12pt; color: #993300;\">(3-0: 25\/20, 26\/24, 25\/23) \u2192 <a href=\"https:\/\/fpv-web.dataproject.com\/MatchStatistics.aspx?mID=10480&amp;ID=120&amp;CID=420&amp;PID=164&amp;type=LegList\" target=\"_blank\" rel=\"noopener\">LIVESCORE<\/a><\/span><\/td>\n<\/tr>\n<tr>\n<td style=\"width: 20%; text-align: center; background-color: #f5f5f5;\"><strong><span style=\"font-size: 12pt;\">22-09-2024<br \/>\n18h<\/span><\/strong><\/td>\n<td style=\"width: 10%; background-color: #f5f5f5; text-align: center;\"><img loading=\"lazy\" decoding=\"async\" src=\"https:\/\/fpvoleibol.pt\/fpv\/wp-content\/uploads\/2024\/08\/sporting.png\" alt=\"\" width=\"37\" height=\"49\" \/><\/td>\n<td style=\"width: 25%; background-color: #f5f5f5; text-align: center;\"><strong><span style=\"font-size: 12pt;\">SPORTING CP<\/span><\/strong><\/td>\n<td style=\"width: 10%; text-align: center; background-color: #f5f5f5;\"><span style=\"font-size: 12pt;\">X<\/span><\/td>\n<td style=\"width: 10%; background-color: #f5f5f5; text-align: center;\"><img loading=\"lazy\" decoding=\"async\" src=\"https:\/\/fpvoleibol.pt\/fpv\/wp-content\/uploads\/2024\/08\/benfica.png\" alt=\"\" width=\"50\" height=\"50\" \/><\/td>\n<td style=\"width: 25%; background-color: #f5f5f5; text-align: center;\"><strong>SL BENFICA<\/strong><\/td>\n<\/tr>\n<tr>\n<td style=\"width: 100%; text-align: center;\" colspan=\"6\"><span style=\"font-size: 12pt; color: #993300;\">(3-1: 25\/22, 18\/25, 25\/18, 25\/22) \u2192 <a href=\"https:\/\/fpv-web.dataproject.com\/MatchStatistics.aspx?mID=10481&amp;ID=120&amp;CID=420&amp;PID=164&amp;type=LegList\" target=\"_blank\" rel=\"noopener\">LIVESCORE<\/a><\/span><\/td>\n<\/tr>\n<\/tbody>\n<\/table>\n<p style=\"text-align: center;\"><strong>CLASSIFICA\u00c7\u00c3O FINAL<br \/>\n1\u00ba<\/strong> <span style=\"font-size: 12pt;\">SPORTING CP<\/span><br \/>\n<strong>2\u00ba<\/strong> SL BENFICA<br \/>\n<strong>3\u00ba<\/strong> CV GUAGUAS<br \/>\n<strong>4\u00ba<\/strong> GRUPO HERCE SORIA<\/p>\n<p><a href=\"https:\/\/fpvoleibol.pt\/fpv\/wp-content\/uploads\/2024\/08\/cartaz_taca_iberica_2024.jpg\"><img loading=\"lazy\" decoding=\"async\" class=\"aligncenter wp-image-34871 size-large\" src=\"https:\/\/fpvoleibol.pt\/fpv\/wp-content\/uploads\/2024\/08\/cartaz_taca_iberica_2024-724x1024.jpg\" alt=\"\" width=\"724\" height=\"1024\" srcset=\"https:\/\/fpvoleibol.pt\/fpv\/wp-content\/uploads\/2024\/08\/cartaz_taca_iberica_2024-724x1024.jpg 724w, https:\/\/fpvoleibol.pt\/fpv\/wp-content\/uploads\/2024\/08\/cartaz_taca_iberica_2024-212x300.jpg 212w, https:\/\/fpvoleibol.pt\/fpv\/wp-content\/uploads\/2024\/08\/cartaz_taca_iberica_2024-768x1087.jpg 768w, https:\/\/fpvoleibol.pt\/fpv\/wp-content\/uploads\/2024\/08\/cartaz_taca_iberica_2024.jpg 904w\" sizes=\"auto, (max-width: 724px) 100vw, 724px\" \/><\/a><\/p>\n<p style=\"text-align: center;\"><strong><span style=\"color: #993300;\"><br \/>\n* * * * * *<br \/>\nMELHORES MOMENTOS DA EDI\u00c7\u00c3O 2024 \u2193<\/span><\/strong><\/p>\n<p style=\"text-align: center;\"><iframe loading=\"lazy\" src=\"\/\/www.youtube.com\/embed\/4FhLPyfSS8o?list=PLZj9Hth2JEaBGxAQiWSuGeJS157HqF06-\" width=\"720\" height=\"404\" allowfullscreen=\"allowfullscreen\"><span data-mce-type=\"bookmark\" style=\"display: inline-block; width: 0px; overflow: hidden; line-height: 0;\" class=\"mce_SELRES_start\">\ufeff<\/span><\/iframe><\/p>\n<p><strong>JOGOS DA TA\u00c7A IB\u00c9RICA (FEMININOS):<br \/>\nCompeti\u00e7\u00e3o <a href=\"https:\/\/rfevb-web.dataproject.com\/CompetitionHome.aspx?ID=149\" target=\"_blank\" rel=\"noopener\">\u25ba<\/a><\/strong><\/p>\n<p style=\"font-weight: 400;\"><strong>Transmiss\u00f5es em Direto:<\/strong><br \/>\nGran Canaria &#8211; SL Benfica <a href=\"https:\/\/youtu.be\/J30PDkQY_OY\" target=\"_blank\" rel=\"noopener\">\u25ba<\/a><br \/>\nMenorca \u2013 FC Porto <a href=\"https:\/\/youtu.be\/5eBDYNLZTGE\" target=\"_blank\" rel=\"noopener\">\u25ba<\/a><br \/>\n3\u00ba\/4\u00ba Lugares <a href=\"https:\/\/youtu.be\/QxYqyEUdCQI\" target=\"_blank\" rel=\"noopener\">\u25ba<\/a><br \/>\nFinal <a href=\"https:\/\/youtu.be\/i4m0os8CwyQ\" target=\"_blank\" rel=\"noopener\">\u25ba<\/a><\/p>\n","protected":false},"excerpt":{"rendered":"<p>&nbsp; A\u00a0Ta\u00e7a Ib\u00e9rica de Voleibol volta a disputar-se em 2024, agora com Portugal a receber a competi\u00e7\u00e3o masculina e a Espanha, a feminina. O Centro de Desportos e Congressos de [&hellip;]<\/p>\n","protected":false},"author":1,"featured_media":27464,"parent":1032,"menu_order":0,"comment_status":"closed","ping_status":"closed","template":"","meta":{"_monsterinsights_skip_tracking":false,"_monsterinsights_sitenote_active":false,"_monsterinsights_sitenote_note":"","_monsterinsights_sitenote_category":0,"footnotes":""},"class_list":["post-34550","page","type-page","status-publish","has-post-thumbnail","czr-hentry"],"aioseo_notices":[],"_links":{"self":[{"href":"https:\/\/fpvoleibol.pt\/fpv\/wp-json\/wp\/v2\/pages\/34550","targetHints":{"allow":["GET"]}}],"collection":[{"href":"https:\/\/fpvoleibol.pt\/fpv\/wp-json\/wp\/v2\/pages"}],"about":[{"href":"https:\/\/fpvoleibol.pt\/fpv\/wp-json\/wp\/v2\/types\/page"}],"author":[{"embeddable":true,"href":"https:\/\/fpvoleibol.pt\/fpv\/wp-json\/wp\/v2\/users\/1"}],"replies":[{"embeddable":true,"href":"https:\/\/fpvoleibol.pt\/fpv\/wp-json\/wp\/v2\/comments?post=34550"}],"version-history":[{"count":26,"href":"https:\/\/fpvoleibol.pt\/fpv\/wp-json\/wp\/v2\/pages\/34550\/revisions"}],"predecessor-version":[{"id":35584,"href":"https:\/\/fpvoleibol.pt\/fpv\/wp-json\/wp\/v2\/pages\/34550\/revisions\/35584"}],"up":[{"embeddable":true,"href":"https:\/\/fpvoleibol.pt\/fpv\/wp-json\/wp\/v2\/pages\/1032"}],"wp:featuredmedia":[{"embeddable":true,"href":"https:\/\/fpvoleibol.pt\/fpv\/wp-json\/wp\/v2\/media\/27464"}],"wp:attachment":[{"href":"https:\/\/fpvoleibol.pt\/fpv\/wp-json\/wp\/v2\/media?parent=34550"}],"curies":[{"name":"wp","href":"https:\/\/api.w.org\/{rel}","templated":true}]}}