{"id":3437,"date":"2021-02-18T12:58:53","date_gmt":"2021-02-18T12:58:53","guid":{"rendered":"https:\/\/fpvoleibol.pt\/fpv\/?page_id=3437"},"modified":"2024-04-05T10:59:56","modified_gmt":"2024-04-05T10:59:56","slug":"taca-de-portugal-2024","status":"publish","type":"page","link":"https:\/\/fpvoleibol.pt\/fpv\/competicoes\/taca-de-portugal-2024\/","title":{"rendered":"TA\u00c7A DE PORTUGAL 2024"},"content":{"rendered":"<p style=\"text-align: center;\"><a href=\"https:\/\/fpvoleibol.pt\/fpv\/wp-content\/uploads\/2024\/03\/banner_tp_2024_web.png\"><img loading=\"lazy\" decoding=\"async\" class=\"aligncenter wp-image-31133 size-full\" src=\"https:\/\/fpvoleibol.pt\/fpv\/wp-content\/uploads\/2024\/03\/banner_tp_2024_web.png\" alt=\"\" width=\"1022\" height=\"210\" srcset=\"https:\/\/fpvoleibol.pt\/fpv\/wp-content\/uploads\/2024\/03\/banner_tp_2024_web.png 1022w, https:\/\/fpvoleibol.pt\/fpv\/wp-content\/uploads\/2024\/03\/banner_tp_2024_web-300x62.png 300w, https:\/\/fpvoleibol.pt\/fpv\/wp-content\/uploads\/2024\/03\/banner_tp_2024_web-768x158.png 768w\" sizes=\"auto, (max-width: 1022px) 100vw, 1022px\" \/><\/a><\/p>\n<p>&nbsp;<\/p>\n<table style=\"width: 100%; border-collapse: collapse; border-style: none; border-color: #ffffff; height: 310px;\">\n<tbody>\n<tr style=\"height: 23px;\">\n<td style=\"width: 50%; background-color: #2c480f; height: 23px; border-style: solid; border-color: #ffffff; text-align: center;\"><span style=\"color: #ffffff;\"><strong>FEMININOS<\/strong><\/span><\/td>\n<td style=\"width: 50%; background-color: #bf2015; height: 23px; border-style: solid; border-color: #ffffff; text-align: center;\"><span style=\"color: #ffffff;\"><strong>MASCULINOS<\/strong><\/span><\/td>\n<\/tr>\n<tr>\n<td style=\"width: 50%; height: 71px; border-style: solid; border-color: #ffffff; text-align: center;\"><span style=\"background-color: #2c480f; color: #ffffff;\"><strong>\u00a0 SEXTA-FEIRA &#8211; 22.MAR\u00c7O (Meias-Finais) \u00a0<\/strong><\/span><br \/>\n<strong>18H00<\/strong> | Vit\u00f3ria SC \u2500 SL Benfica<br \/>\n<em>(1-3: <span id=\"Label5\">18-25, <\/span><span id=\"Label7\">19-25, <\/span><span id=\"Label9\">25-21, <\/span><span id=\"Label11\">18-25<\/span>)<\/em><br \/>\n<strong>21H00<\/strong> | PV 2014\/C Efanor \u2500 Sporting CP<br \/>\n<em>(3-0: <span id=\"Label5\">25-20, <\/span><span id=\"Label7\">25-20, <\/span><span id=\"Label9\">25-23)<\/span><br \/>\n<\/em><strong>(Centro Cultural de Viana do Castelo)<\/strong><br \/>\n\u2193<br \/>\n<span style=\"background-color: #2c480f; color: #ffffff;\"><strong>\u00a0 S\u00c1BADO &#8211; 23.MAR\u00c7O (Final) \u00a0<\/strong><\/span><br \/>\n<strong>21H00<\/strong> | SL Benfica \u2500 PV 2014\/C Efanor<br \/>\n<em>(3-2: 25-22, 25-18, 21-25, 13-25, 15-12)<\/em><br \/>\n<strong>(Centro Cultural de Viana do Castelo)<\/strong><br \/>\n\u2193<br \/>\n<a href=\"https:\/\/fpv-web.dataproject.com\/CompetitionHome.aspx?ID=98\" target=\"_blank\" rel=\"noopener noreferrer\"><img loading=\"lazy\" decoding=\"async\" class=\"aligncenter wp-image-3585 size-medium\" src=\"https:\/\/fpvoleibol.pt\/fpv\/wp-content\/uploads\/2021\/02\/livestream_livescores-300x71.png\" alt=\"\" width=\"300\" height=\"71\" srcset=\"https:\/\/fpvoleibol.pt\/fpv\/wp-content\/uploads\/2021\/02\/livestream_livescores-300x71.png 300w, https:\/\/fpvoleibol.pt\/fpv\/wp-content\/uploads\/2021\/02\/livestream_livescores.png 400w\" sizes=\"auto, (max-width: 300px) 100vw, 300px\" \/><\/a><\/td>\n<td style=\"width: 50%; height: 71px; border-style: solid; border-color: #ffffff; text-align: center;\"><span style=\"background-color: #bf2015; color: #ffffff;\"><strong><br \/>\nS\u00c1BADO &#8211; 23.MAR\u00c7O (Meias-Finais)\u00a0\u00a0<\/strong><\/span><br \/>\n<strong>15H00<\/strong> | Sporting CP \u2500 SL Benfica<br \/>\n<em>(3-1: 25-21, 20-25, 25-20, 25\/20)<\/em><strong><br \/>\n18H00<\/strong> | AJ Fonte do Bastardo \u2500 Leix\u00f5es SC<br \/>\n<em>(3-2: 25-19, 22-25, 25-22, 32-34, 15\/11)<\/em><strong><em><br \/>\n<\/em>(Centro Cultural de Viana do Castelo)<\/strong><br \/>\n\u2193<br \/>\n<span style=\"background-color: #bf2015; color: #ffffff;\"><strong>\u00a0 DOMINGO &#8211; 24.MAR\u00c7O (Final)\u00a0\u00a0<\/strong><\/span><br \/>\n<strong>17H00<\/strong> | Sporting CP \u2500 AJ Fonte do Bastardo<br \/>\n<em>(3-2: <span id=\"Label5\">25-16, <\/span><span id=\"Label7\">20-25, <\/span><span id=\"Label9\">25-22, <\/span><span id=\"Label11\">20-25, <\/span><span id=\"Label13\">22-20<\/span>)<\/em><br \/>\n<strong>(Centro Cultural de Viana do Castelo)<\/strong><br \/>\n\u2193<br \/>\n<a href=\"https:\/\/fpv-web.dataproject.com\/CompetitionHome.aspx?ID=95\" target=\"_blank\" rel=\"noopener noreferrer\"><img loading=\"lazy\" decoding=\"async\" class=\"aligncenter wp-image-3585 size-medium\" src=\"https:\/\/fpvoleibol.pt\/fpv\/wp-content\/uploads\/2021\/02\/livestream_livescores-300x71.png\" alt=\"\" width=\"300\" height=\"71\" srcset=\"https:\/\/fpvoleibol.pt\/fpv\/wp-content\/uploads\/2021\/02\/livestream_livescores-300x71.png 300w, https:\/\/fpvoleibol.pt\/fpv\/wp-content\/uploads\/2021\/02\/livestream_livescores.png 400w\" sizes=\"auto, (max-width: 300px) 100vw, 300px\" \/><\/a><\/td>\n<\/tr>\n<tr style=\"height: 24px;\">\n<td style=\"width: 50%; border-style: solid; border-color: #ffffff; text-align: center; height: 24px;\"><strong><a href=\"https:\/\/www.portugalvoleibol.com\/classificacao\/tpf\" target=\"_blank\" rel=\"noopener noreferrer\">RESULTADOS E CLASSIFICA\u00c7\u00d5ES (FEM) \u25ba<\/a><\/strong><\/td>\n<td style=\"width: 50%; border-style: solid; border-color: #ffffff; text-align: center; vertical-align: top; height: 24px;\"><strong><a href=\"https:\/\/www.portugalvoleibol.com\/classificacao\/tpm\" target=\"_blank\" rel=\"noopener noreferrer\">RESULTADOS E CLASSIFICA\u00c7\u00d5ES (MASC) \u25ba<\/a><\/strong><\/td>\n<\/tr>\n<tr style=\"height: 192px;\">\n<td style=\"width: 50%; border-style: solid; border-color: #ffffff; height: 192px; background-color: #f0f0f0; text-align: center;\" colspan=\"2\"><strong>BILHETEIRA<br \/>\n<\/strong>Os bilhetes t\u00eam o pre\u00e7o \u00fanico de 5 euros.<br \/>\nOs ingressos estar\u00e3o \u00e0 venda na sede da FPV (hor\u00e1rio de expediente) a partir do dia 11 de Mar\u00e7o, e no Centro Cultural nos seguintes hor\u00e1rios:<br \/>\nDia 21 de Mar\u00e7o (quinta-feira) \u2013 entre as 14h30 e as 18h30<br \/>\nDia 22 de Mar\u00e7o (sexta-feira) \u2013 das 10h00 \u00e0s 12h30 e das 14h30 \u00e0s 22h00<br \/>\nDia 23 de Mar\u00e7o (s\u00e1bado) \u2013 entre as 10h00 e as 22h00<br \/>\nDia 24 de Mar\u00e7o (domingo) \u2013 a partir das 10h00<\/td>\n<\/tr>\n<\/tbody>\n<\/table>\n<table style=\"width: 100%; border-collapse: collapse; border-style: none; border-color: #ffffff; height: 166px;\">\n<tbody>\n<tr style=\"height: 119px;\">\n<td style=\"border-style: solid; border-color: #ffffff; text-align: center; width: 100%; height: 119px;\" colspan=\"2\">SEGUE A TA\u00c7A DE PORTUGAL NAS REDES SOCIAIS DESTA FEDERA\u00c7\u00c3O: <a href=\"https:\/\/www.facebook.com\/fpvoleibol\" target=\"_blank\" rel=\"noopener noreferrer\">FACEBOOK \u25ba<\/a> E <a href=\"https:\/\/www.instagram.com\/portugalvoleibol\/\" target=\"_blank\" rel=\"noopener noreferrer\">INSTAGRAM \u25ba<\/a><br \/>\n<strong>TRANSMISS\u00c3O NA SPORT TV <a href=\"https:\/\/www.sporttv.pt\/pesquisa\/voleibol\/\" target=\"_blank\" rel=\"noopener\">\u25ba<\/a><\/strong><\/td>\n<\/tr>\n<tr style=\"height: 24px;\">\n<td style=\"width: 50%; height: 23px; border-style: solid; border-color: #ffffff; text-align: center;\"><iframe loading=\"lazy\" title=\"YouTube video player\" src=\"https:\/\/www.youtube.com\/embed\/NO_3xKkjW-U?si=1DwEgafYoNOwuN5C\" width=\"560\" height=\"315\" frameborder=\"0\" allowfullscreen=\"allowfullscreen\"><\/iframe><\/p>\n<p><a href=\"https:\/\/fpvoleibol.pt\/fpv\/wp-content\/uploads\/2024\/03\/cartaz_tp_fem_web.jpg\"><img loading=\"lazy\" decoding=\"async\" class=\"aligncenter wp-image-31134 size-large\" src=\"https:\/\/fpvoleibol.pt\/fpv\/wp-content\/uploads\/2024\/03\/cartaz_tp_fem_web-724x1024.jpg\" alt=\"\" width=\"724\" height=\"1024\" srcset=\"https:\/\/fpvoleibol.pt\/fpv\/wp-content\/uploads\/2024\/03\/cartaz_tp_fem_web-724x1024.jpg 724w, https:\/\/fpvoleibol.pt\/fpv\/wp-content\/uploads\/2024\/03\/cartaz_tp_fem_web-212x300.jpg 212w, https:\/\/fpvoleibol.pt\/fpv\/wp-content\/uploads\/2024\/03\/cartaz_tp_fem_web-768x1086.jpg 768w, https:\/\/fpvoleibol.pt\/fpv\/wp-content\/uploads\/2024\/03\/cartaz_tp_fem_web.jpg 905w\" sizes=\"auto, (max-width: 724px) 100vw, 724px\" \/><\/a><\/td>\n<td style=\"width: 50%; height: 23px; border-style: solid; border-color: #ffffff; text-align: center;\"><iframe loading=\"lazy\" title=\"YouTube video player\" src=\"https:\/\/www.youtube.com\/embed\/DORxtVLzUD4?si=vE0lrHdYWkQ494kc\" width=\"560\" height=\"315\" frameborder=\"0\" allowfullscreen=\"allowfullscreen\"><\/iframe><\/p>\n<p><span style=\"color: #ffffff;\"><a href=\"https:\/\/fpvoleibol.pt\/fpv\/wp-content\/uploads\/2024\/03\/cartaz_tp_masc_web.jpg\"><img loading=\"lazy\" decoding=\"async\" class=\"aligncenter wp-image-31135 size-large\" src=\"https:\/\/fpvoleibol.pt\/fpv\/wp-content\/uploads\/2024\/03\/cartaz_tp_masc_web-724x1024.jpg\" alt=\"\" width=\"724\" height=\"1024\" srcset=\"https:\/\/fpvoleibol.pt\/fpv\/wp-content\/uploads\/2024\/03\/cartaz_tp_masc_web-724x1024.jpg 724w, https:\/\/fpvoleibol.pt\/fpv\/wp-content\/uploads\/2024\/03\/cartaz_tp_masc_web-212x300.jpg 212w, https:\/\/fpvoleibol.pt\/fpv\/wp-content\/uploads\/2024\/03\/cartaz_tp_masc_web-768x1086.jpg 768w, https:\/\/fpvoleibol.pt\/fpv\/wp-content\/uploads\/2024\/03\/cartaz_tp_masc_web.jpg 905w\" sizes=\"auto, (max-width: 724px) 100vw, 724px\" \/><\/a><\/span><\/td>\n<\/tr>\n<\/tbody>\n<\/table>\n<p><strong>ALBUNS DE FOTOGRAFIAS:<\/strong><\/p>\n<div class=\"xu06os2 x1ok221b\">\n<div class=\"x1n2onr6 x1ja2u2z x9f619 xdt5ytf x2lah0s x193iq5w x1lliihq x1yztbdb\">\n<div class=\"x9f619 x1n2onr6 x1ja2u2z x78zum5 xdt5ytf x1iyjqo2 x2lwn1j\">\n<div class=\"x9f619 x1n2onr6 x1ja2u2z x78zum5 xdt5ytf x2lah0s x193iq5w x1xmf6yo x1e56ztr xzboxd6 x14l7nz5\">\n<div class=\"x78zum5 xdt5ytf xz62fqu x16ldp7u\">\n<div class=\"xu06os2 x1ok221b\"><span class=\"x193iq5w xeuugli x13faqbe x1vvkbs x1xmvt09 x1lliihq x1s928wv xhkezso x1gmr53x x1cpjm7i x1fgarty x1943h6x xudqn12 x3x7a5m x6prxxf xvq8zen x1s688f xzsf02u x1yc453h\" dir=\"auto\">Final 4 &#8211; Ta\u00e7a de Portugal &#8211; Confer\u00eancia Feminina <a href=\"https:\/\/www.facebook.com\/media\/set\/?set=a.824929859679067&amp;type=3\">\u25ba<\/a><\/span><\/div>\n<div>\n<div class=\"x1n2onr6 x1ja2u2z x9f619 xdt5ytf x2lah0s x193iq5w x1lliihq x1yztbdb\">\n<div class=\"x9f619 x1n2onr6 x1ja2u2z x78zum5 xdt5ytf x1iyjqo2 x2lwn1j\">\n<div class=\"x9f619 x1n2onr6 x1ja2u2z x78zum5 xdt5ytf x2lah0s x193iq5w x1xmf6yo x1e56ztr xzboxd6 x14l7nz5\">\n<div class=\"x78zum5 xdt5ytf xz62fqu x16ldp7u\">\n<div class=\"xu06os2 x1ok221b\"><span class=\"x193iq5w xeuugli x13faqbe x1vvkbs x1xmvt09 x1lliihq x1s928wv xhkezso x1gmr53x x1cpjm7i x1fgarty x1943h6x xudqn12 x3x7a5m x6prxxf xvq8zen x1s688f xzsf02u x1yc453h\" dir=\"auto\">Meia-Final &#8211; Ta\u00e7a de Portugal Fem &#8211; Vit\u00f3ria SC 1-3 SL Benfica <a href=\"https:\/\/www.facebook.com\/media\/set\/?set=a.825608252944561&amp;type=3\">\u25ba<\/a><\/span><\/div>\n<div>\n<div class=\"x1n2onr6 x1ja2u2z x9f619 xdt5ytf x2lah0s x193iq5w x1lliihq x1yztbdb\">\n<div class=\"x9f619 x1n2onr6 x1ja2u2z x78zum5 xdt5ytf x1iyjqo2 x2lwn1j\">\n<div class=\"x9f619 x1n2onr6 x1ja2u2z x78zum5 xdt5ytf x2lah0s x193iq5w x1xmf6yo x1e56ztr xzboxd6 x14l7nz5\">\n<div class=\"x78zum5 xdt5ytf xz62fqu x16ldp7u\">\n<div class=\"xu06os2 x1ok221b\"><span class=\"x193iq5w xeuugli x13faqbe x1vvkbs x1xmvt09 x1lliihq x1s928wv xhkezso x1gmr53x x1cpjm7i x1fgarty x1943h6x xudqn12 x3x7a5m x6prxxf xvq8zen x1s688f xzsf02u x1yc453h\" dir=\"auto\">Meia-Final &#8211; Ta\u00e7a de Portugal Fem &#8211; PV Col Efanor 3-0 Sporting CP <a href=\"https:\/\/www.facebook.com\/media\/set\/?set=a.825681519603901&amp;type=3\">\u25ba<\/a><\/span><\/div>\n<div>\n<div class=\"x1n2onr6 x1ja2u2z x9f619 xdt5ytf x2lah0s x193iq5w x1lliihq x1yztbdb\">\n<div class=\"x9f619 x1n2onr6 x1ja2u2z x78zum5 xdt5ytf x1iyjqo2 x2lwn1j\">\n<div class=\"x9f619 x1n2onr6 x1ja2u2z x78zum5 xdt5ytf x2lah0s x193iq5w x1xmf6yo x1e56ztr xzboxd6 x14l7nz5\">\n<div class=\"x78zum5 xdt5ytf xz62fqu x16ldp7u\">\n<div class=\"xu06os2 x1ok221b\"><span class=\"x193iq5w xeuugli x13faqbe x1vvkbs x1xmvt09 x1lliihq x1s928wv xhkezso x1gmr53x x1cpjm7i x1fgarty x1943h6x xudqn12 x3x7a5m x6prxxf xvq8zen x1s688f xzsf02u x1yc453h\" dir=\"auto\">Final 4 &#8211; Ta\u00e7a de Portugal &#8211; Confer\u00eancia Masculina <a href=\"https:\/\/www.facebook.com\/media\/set\/?set=a.825961142909272&amp;type=3\">\u25ba<\/a><\/span><\/div>\n<div>\n<div class=\"x1n2onr6 x1ja2u2z x9f619 xdt5ytf x2lah0s x193iq5w x1lliihq x1yztbdb\">\n<div class=\"x9f619 x1n2onr6 x1ja2u2z x78zum5 xdt5ytf x1iyjqo2 x2lwn1j\">\n<div class=\"x9f619 x1n2onr6 x1ja2u2z x78zum5 xdt5ytf x2lah0s x193iq5w x1xmf6yo x1e56ztr xzboxd6 x14l7nz5\">\n<div class=\"x78zum5 xdt5ytf xz62fqu x16ldp7u\">\n<div class=\"xu06os2 x1ok221b\"><span class=\"x193iq5w xeuugli x13faqbe x1vvkbs x1xmvt09 x1lliihq x1s928wv xhkezso x1gmr53x x1cpjm7i x1fgarty x1943h6x xudqn12 x3x7a5m x6prxxf xvq8zen x1s688f xzsf02u x1yc453h\" dir=\"auto\">Meia-Final &#8211; Ta\u00e7a de Portugal &#8211; Sporting CP 3-1 SL Benfica <a href=\"https:\/\/www.facebook.com\/media\/set\/?set=a.826205912884795&amp;type=3\">\u25ba<\/a><\/span><\/div>\n<div>\n<div class=\"x1n2onr6 x1ja2u2z x9f619 xdt5ytf x2lah0s x193iq5w x1lliihq x1yztbdb\">\n<div class=\"x9f619 x1n2onr6 x1ja2u2z x78zum5 xdt5ytf x1iyjqo2 x2lwn1j\">\n<div class=\"x9f619 x1n2onr6 x1ja2u2z x78zum5 xdt5ytf x2lah0s x193iq5w x1xmf6yo x1e56ztr xzboxd6 x14l7nz5\">\n<div class=\"x78zum5 xdt5ytf xz62fqu x16ldp7u\">\n<div class=\"xu06os2 x1ok221b\"><span class=\"x193iq5w xeuugli x13faqbe x1vvkbs x1xmvt09 x1lliihq x1s928wv xhkezso x1gmr53x x1cpjm7i x1fgarty x1943h6x xudqn12 x3x7a5m x6prxxf xvq8zen x1s688f xzsf02u x1yc453h\" dir=\"auto\">Meia-Final &#8211; Ta\u00e7a de Portugal &#8211; AJF Bastardo 3-2 Leix\u00f5es SC <a href=\"https:\/\/www.facebook.com\/media\/set\/?set=a.826293546209365&amp;type=3\">\u25ba<\/a><\/span><\/div>\n<div>\n<div class=\"x1n2onr6 x1ja2u2z x9f619 xdt5ytf x2lah0s x193iq5w x1lliihq x1yztbdb\">\n<div class=\"x9f619 x1n2onr6 x1ja2u2z x78zum5 xdt5ytf x1iyjqo2 x2lwn1j\">\n<div class=\"x9f619 x1n2onr6 x1ja2u2z x78zum5 xdt5ytf x2lah0s x193iq5w x1xmf6yo x1e56ztr xzboxd6 x14l7nz5\">\n<div class=\"x78zum5 xdt5ytf xz62fqu x16ldp7u\">\n<div class=\"xu06os2 x1ok221b\"><span class=\"x193iq5w xeuugli x13faqbe x1vvkbs x1xmvt09 x1lliihq x1s928wv xhkezso x1gmr53x x1cpjm7i x1fgarty x1943h6x xudqn12 x3x7a5m x6prxxf xvq8zen x1s688f xzsf02u x1yc453h\" dir=\"auto\">Final &#8211; Ta\u00e7a de Portugal &#8211; SL Benfica 3-2 PV Col Efanor <a href=\"https:\/\/www.facebook.com\/media\/set\/?set=a.826674782837908&amp;type=3\">\u25ba<\/a><\/span><\/div>\n<div>\n<div class=\"x1n2onr6 x1ja2u2z x9f619 xdt5ytf x2lah0s x193iq5w x1lliihq x1yztbdb\">\n<div class=\"x9f619 x1n2onr6 x1ja2u2z x78zum5 xdt5ytf x1iyjqo2 x2lwn1j\">\n<div class=\"x9f619 x1n2onr6 x1ja2u2z x78zum5 xdt5ytf x2lah0s x193iq5w x1xmf6yo x1e56ztr xzboxd6 x14l7nz5\">\n<div class=\"x78zum5 xdt5ytf xz62fqu x16ldp7u\">\n<div class=\"xu06os2 x1ok221b\"><span class=\"x193iq5w xeuugli x13faqbe x1vvkbs x1xmvt09 x1lliihq x1s928wv xhkezso x1gmr53x x1cpjm7i x1fgarty x1943h6x xudqn12 x3x7a5m x6prxxf xvq8zen x1s688f xzsf02u x1yc453h\" dir=\"auto\">Final &#8211; Ta\u00e7a de Portugal &#8211; Sporting CP 3-2 AJF Bastardo <a href=\"https:\/\/www.facebook.com\/media\/set\/?set=a.827440332761353&amp;type=3\">\u25ba<\/a><\/span><\/div>\n<\/div>\n<\/div>\n<\/div>\n<\/div>\n<div>\n<p><strong>PLAYLIST DE V\u00cdDEOS <a href=\"https:\/\/youtube.com\/playlist?list=PLZj9Hth2JEaA9gN7E7VJ1tm-o8HNdx0G0&amp;si=CLId6SjbhidXgrXI\">\u25ba<\/a><\/strong><\/p>\n<\/div>\n<\/div>\n<\/div>\n<\/div>\n<\/div>\n<\/div>\n<\/div>\n<\/div>\n<\/div>\n<\/div>\n<\/div>\n<\/div>\n<\/div>\n<\/div>\n<\/div>\n<\/div>\n<\/div>\n<\/div>\n<\/div>\n<\/div>\n<\/div>\n<\/div>\n<\/div>\n<\/div>\n<\/div>\n<\/div>\n<\/div>\n<\/div>\n<\/div>\n<\/div>\n<\/div>\n<\/div>\n<\/div>\n<\/div>\n<\/div>\n<\/div>\n<\/div>\n","protected":false},"excerpt":{"rendered":"<p>&nbsp; FEMININOS MASCULINOS \u00a0 SEXTA-FEIRA &#8211; 22.MAR\u00c7O (Meias-Finais) \u00a0 18H00 | Vit\u00f3ria SC \u2500 SL Benfica (1-3: 18-25, 19-25, 25-21, 18-25) 21H00 | PV 2014\/C Efanor \u2500 Sporting CP (3-0: [&hellip;]<\/p>\n","protected":false},"author":1,"featured_media":31132,"parent":1032,"menu_order":0,"comment_status":"closed","ping_status":"closed","template":"","meta":{"_monsterinsights_skip_tracking":false,"_monsterinsights_sitenote_active":false,"_monsterinsights_sitenote_note":"","_monsterinsights_sitenote_category":0,"footnotes":""},"class_list":["post-3437","page","type-page","status-publish","has-post-thumbnail","czr-hentry"],"aioseo_notices":[],"_links":{"self":[{"href":"https:\/\/fpvoleibol.pt\/fpv\/wp-json\/wp\/v2\/pages\/3437","targetHints":{"allow":["GET"]}}],"collection":[{"href":"https:\/\/fpvoleibol.pt\/fpv\/wp-json\/wp\/v2\/pages"}],"about":[{"href":"https:\/\/fpvoleibol.pt\/fpv\/wp-json\/wp\/v2\/types\/page"}],"author":[{"embeddable":true,"href":"https:\/\/fpvoleibol.pt\/fpv\/wp-json\/wp\/v2\/users\/1"}],"replies":[{"embeddable":true,"href":"https:\/\/fpvoleibol.pt\/fpv\/wp-json\/wp\/v2\/comments?post=3437"}],"version-history":[{"count":122,"href":"https:\/\/fpvoleibol.pt\/fpv\/wp-json\/wp\/v2\/pages\/3437\/revisions"}],"predecessor-version":[{"id":31723,"href":"https:\/\/fpvoleibol.pt\/fpv\/wp-json\/wp\/v2\/pages\/3437\/revisions\/31723"}],"up":[{"embeddable":true,"href":"https:\/\/fpvoleibol.pt\/fpv\/wp-json\/wp\/v2\/pages\/1032"}],"wp:featuredmedia":[{"embeddable":true,"href":"https:\/\/fpvoleibol.pt\/fpv\/wp-json\/wp\/v2\/media\/31132"}],"wp:attachment":[{"href":"https:\/\/fpvoleibol.pt\/fpv\/wp-json\/wp\/v2\/media?parent=3437"}],"curies":[{"name":"wp","href":"https:\/\/api.w.org\/{rel}","templated":true}]}}