{"id":34355,"date":"2024-07-26T11:41:07","date_gmt":"2024-07-26T11:41:07","guid":{"rendered":"https:\/\/fpvoleibol.pt\/fpv\/?page_id=34355"},"modified":"2024-08-08T08:42:25","modified_gmt":"2024-08-08T08:42:25","slug":"final-gira-praia-2024","status":"publish","type":"page","link":"https:\/\/fpvoleibol.pt\/fpv\/competicoes\/final-gira-praia-2024\/","title":{"rendered":"FINAL GIRA-PRAIA 2024"},"content":{"rendered":"<p style=\"text-align: center;\"><a href=\"https:\/\/fpvoleibol.pt\/fpv\/wp-content\/uploads\/2024\/07\/web_banner_final_girapraia_2024.jpg\"><img loading=\"lazy\" decoding=\"async\" class=\"aligncenter wp-image-34356 size-full\" src=\"https:\/\/fpvoleibol.pt\/fpv\/wp-content\/uploads\/2024\/07\/web_banner_final_girapraia_2024.jpg\" alt=\"\" width=\"1024\" height=\"482\" srcset=\"https:\/\/fpvoleibol.pt\/fpv\/wp-content\/uploads\/2024\/07\/web_banner_final_girapraia_2024.jpg 1024w, https:\/\/fpvoleibol.pt\/fpv\/wp-content\/uploads\/2024\/07\/web_banner_final_girapraia_2024-300x141.jpg 300w, https:\/\/fpvoleibol.pt\/fpv\/wp-content\/uploads\/2024\/07\/web_banner_final_girapraia_2024-768x362.jpg 768w\" sizes=\"auto, (max-width: 1024px) 100vw, 1024px\" \/><\/a><\/p>\n<p style=\"text-align: justify;\"><span style=\"font-size: 14pt;\">As finais do Gira-Praia 2024 s\u00e3o organizadas pela Federa\u00e7\u00e3o Portuguesa de Voleibol em colabora\u00e7\u00e3o com a C\u00e2mara Municipal de Ovar e Junta de Freguesia de Esmoriz. Em competi\u00e7\u00e3o est\u00e3o os escal\u00f5es de Sub-14, Sub-16 e Sub-18 masculinos e femininos que disputam no fim-de-semana de 10 e 11 de Agosto na Praia de Esmoriz, os t\u00edtulos de Campe\u00f5es Nacionais 2024!<br \/>\n<\/span><\/p>\n<p style=\"text-align: center;\"><span style=\"font-size: 14pt;\"><strong>SEGUE AQUI A COMPETI\u00c7\u00c3O \u25bc<\/strong><\/span><\/p>\n<p style=\"text-align: center;\"><span style=\"color: #bd0000;\"><strong>Reuni\u00f5es T\u00e9cnicas: 10 de agosto<\/strong><br \/>\nSUB16 Masc e Fem &#8211; 9:00\u00a0 |\u00a0 SUB18 Masc e Fem &#8211; 9:30\u00a0 |\u00a0 SUB14 Masc e Fem- 10:00<br \/>\n<\/span><br \/>\n<span style=\"color: #bd0000;\"><strong>Sistema de Competi\u00e7\u00e3o: 10 e 11 de agosto<\/strong><br \/>\nDupla Eliminat\u00f3ria<\/span><\/p>\n<table style=\"border-collapse: collapse; width: 100%;\">\n<tbody>\n<tr>\n<td style=\"width: 33.3333%; text-align: center;\"><a href=\"https:\/\/fpvoleibol.pt\/fpv\/wp-content\/uploads\/2024\/07\/web_sub14_final_girapraia_2024-1.jpg\"><img loading=\"lazy\" decoding=\"async\" class=\"aligncenter wp-image-34358 size-full\" src=\"https:\/\/fpvoleibol.pt\/fpv\/wp-content\/uploads\/2024\/07\/web_sub14_final_girapraia_2024-1.jpg\" alt=\"\" width=\"300\" height=\"414\" srcset=\"https:\/\/fpvoleibol.pt\/fpv\/wp-content\/uploads\/2024\/07\/web_sub14_final_girapraia_2024-1.jpg 300w, https:\/\/fpvoleibol.pt\/fpv\/wp-content\/uploads\/2024\/07\/web_sub14_final_girapraia_2024-1-217x300.jpg 217w\" sizes=\"auto, (max-width: 300px) 100vw, 300px\" \/><\/a><\/p>\n<p><strong>MASCULINOS<br \/>\n<\/strong><a href=\"https:\/\/docs.google.com\/spreadsheets\/d\/e\/2PACX-1vSP13ZntnwfPOzcln4nY6tL3r8tKCbzkH9mP9zOSyyQwEu_xW91hIywifFTXj3R9aClA3S0tEF5Kk6e\/pubhtml\" target=\"_blank\" rel=\"noopener\"><span style=\"color: #ffcc00;\">Duplas\/Resultados\/Ranking<\/span><\/a><\/p>\n<p><strong>FEMININOS<br \/>\n<\/strong><span style=\"color: #ffcc00;\"><a style=\"color: #ffcc00;\" href=\"https:\/\/docs.google.com\/spreadsheets\/d\/e\/2PACX-1vQKTH2NpnpjwHSYl3DXiyseiPDGvQGBZ1qj93hC8hBgmGPx08qW7yuDs4czgOOd9GRywuF2Wpe2a6Ii\/pubhtml\" target=\"_blank\" rel=\"noopener\">Duplas\/Resultados\/Ranking<\/a><\/span><\/td>\n<td style=\"width: 33.3333%; text-align: center;\"><a href=\"https:\/\/fpvoleibol.pt\/fpv\/wp-content\/uploads\/2024\/07\/web_sub16_final_girapraia_2024.jpg\"><img loading=\"lazy\" decoding=\"async\" class=\"aligncenter wp-image-34359 size-full\" src=\"https:\/\/fpvoleibol.pt\/fpv\/wp-content\/uploads\/2024\/07\/web_sub16_final_girapraia_2024.jpg\" alt=\"\" width=\"300\" height=\"414\" srcset=\"https:\/\/fpvoleibol.pt\/fpv\/wp-content\/uploads\/2024\/07\/web_sub16_final_girapraia_2024.jpg 300w, https:\/\/fpvoleibol.pt\/fpv\/wp-content\/uploads\/2024\/07\/web_sub16_final_girapraia_2024-217x300.jpg 217w\" sizes=\"auto, (max-width: 300px) 100vw, 300px\" \/><\/a><\/p>\n<p><strong>MASCULINOS<br \/>\n<\/strong><span style=\"color: #008000;\"><a style=\"color: #008000;\" href=\"https:\/\/docs.google.com\/spreadsheets\/d\/e\/2PACX-1vRs5kZVIwLFza_6cp4Ja79Of6Xt1Tj9_4XdNZxSp8mSx6EOmKuDWBbLvsRsXUcM9sEhhnk3gOsG5s-t\/pubhtml\" target=\"_blank\" rel=\"noopener\">Duplas\/Resultados\/Ranking<\/a><\/span><\/p>\n<p><strong>FEMININOS<br \/>\n<\/strong><span style=\"color: #008000;\"><a style=\"color: #008000;\" href=\"https:\/\/docs.google.com\/spreadsheets\/d\/e\/2PACX-1vSvoNU-94fVOoCc12hthnGqbCbikNvijkPrSyb4VrKbpX7IKw05E3KzkesG1TQAZmaiskBjLkYb7k5J\/pubhtml\" target=\"_blank\" rel=\"noopener\">Duplas\/Resultados\/Ranking<\/a><\/span><\/td>\n<td style=\"width: 33.3333%; text-align: center;\"><a href=\"https:\/\/fpvoleibol.pt\/fpv\/wp-content\/uploads\/2024\/07\/web_sub18_final_girapraia_2024.jpg\"><img loading=\"lazy\" decoding=\"async\" class=\"aligncenter wp-image-34360 size-full\" src=\"https:\/\/fpvoleibol.pt\/fpv\/wp-content\/uploads\/2024\/07\/web_sub18_final_girapraia_2024.jpg\" alt=\"\" width=\"300\" height=\"414\" srcset=\"https:\/\/fpvoleibol.pt\/fpv\/wp-content\/uploads\/2024\/07\/web_sub18_final_girapraia_2024.jpg 300w, https:\/\/fpvoleibol.pt\/fpv\/wp-content\/uploads\/2024\/07\/web_sub18_final_girapraia_2024-217x300.jpg 217w\" sizes=\"auto, (max-width: 300px) 100vw, 300px\" \/><\/a><\/p>\n<p><strong>MASCULINOS<br \/>\n<\/strong><span style=\"color: #ff0000;\"><a style=\"color: #ff0000;\" href=\"https:\/\/docs.google.com\/spreadsheets\/d\/e\/2PACX-1vRT_lIks8Gbj2Esi_xAqxCb82-LqBKJ0aNFLkkdApNcuwN9feeQKkkqpMLDLNZIf3yg243Yfu1DOD-M\/pubhtml\" target=\"_blank\" rel=\"noopener\">Duplas\/Resultados\/Ranking<\/a><\/span><\/p>\n<p><strong>FEMININOS<br \/>\n<\/strong><span style=\"color: #ff0000;\"><a style=\"color: #ff0000;\" href=\"https:\/\/docs.google.com\/spreadsheets\/d\/e\/2PACX-1vT4_pXhtZBGhDjYaYd0ryajCYXIelgGJCGyoSW0AUWxpXqNfMBi_Uu-ZPp5fnh4oXKbIjqwWM8IJy05\/pubhtml\" target=\"_blank\" rel=\"noopener\">Duplas\/Resultados\/Ranking<\/a><\/span><\/td>\n<\/tr>\n<\/tbody>\n<\/table>\n<p style=\"text-align: center;\"><a href=\"https:\/\/fpvoleibol.pt\/fpv\/wp-content\/uploads\/2024\/07\/poster_final_girapraia_2024.jpg\"><img loading=\"lazy\" decoding=\"async\" class=\"aligncenter wp-image-34361 size-large\" src=\"https:\/\/fpvoleibol.pt\/fpv\/wp-content\/uploads\/2024\/07\/poster_final_girapraia_2024-724x1024.jpg\" alt=\"\" width=\"724\" height=\"1024\" srcset=\"https:\/\/fpvoleibol.pt\/fpv\/wp-content\/uploads\/2024\/07\/poster_final_girapraia_2024-724x1024.jpg 724w, https:\/\/fpvoleibol.pt\/fpv\/wp-content\/uploads\/2024\/07\/poster_final_girapraia_2024-212x300.jpg 212w, https:\/\/fpvoleibol.pt\/fpv\/wp-content\/uploads\/2024\/07\/poster_final_girapraia_2024-768x1086.jpg 768w, https:\/\/fpvoleibol.pt\/fpv\/wp-content\/uploads\/2024\/07\/poster_final_girapraia_2024-1086x1536.jpg 1086w, https:\/\/fpvoleibol.pt\/fpv\/wp-content\/uploads\/2024\/07\/poster_final_girapraia_2024.jpg 1358w\" sizes=\"auto, (max-width: 724px) 100vw, 724px\" \/><\/a><\/p>\n","protected":false},"excerpt":{"rendered":"<p>As finais do Gira-Praia 2024 s\u00e3o organizadas pela Federa\u00e7\u00e3o Portuguesa de Voleibol em colabora\u00e7\u00e3o com a C\u00e2mara Municipal de Ovar e Junta de Freguesia de Esmoriz. Em competi\u00e7\u00e3o est\u00e3o os [&hellip;]<\/p>\n","protected":false},"author":1,"featured_media":26752,"parent":1032,"menu_order":0,"comment_status":"closed","ping_status":"closed","template":"","meta":{"_monsterinsights_skip_tracking":false,"_monsterinsights_sitenote_active":false,"_monsterinsights_sitenote_note":"","_monsterinsights_sitenote_category":0,"footnotes":""},"class_list":["post-34355","page","type-page","status-publish","has-post-thumbnail","czr-hentry"],"aioseo_notices":[],"_links":{"self":[{"href":"https:\/\/fpvoleibol.pt\/fpv\/wp-json\/wp\/v2\/pages\/34355","targetHints":{"allow":["GET"]}}],"collection":[{"href":"https:\/\/fpvoleibol.pt\/fpv\/wp-json\/wp\/v2\/pages"}],"about":[{"href":"https:\/\/fpvoleibol.pt\/fpv\/wp-json\/wp\/v2\/types\/page"}],"author":[{"embeddable":true,"href":"https:\/\/fpvoleibol.pt\/fpv\/wp-json\/wp\/v2\/users\/1"}],"replies":[{"embeddable":true,"href":"https:\/\/fpvoleibol.pt\/fpv\/wp-json\/wp\/v2\/comments?post=34355"}],"version-history":[{"count":6,"href":"https:\/\/fpvoleibol.pt\/fpv\/wp-json\/wp\/v2\/pages\/34355\/revisions"}],"predecessor-version":[{"id":34425,"href":"https:\/\/fpvoleibol.pt\/fpv\/wp-json\/wp\/v2\/pages\/34355\/revisions\/34425"}],"up":[{"embeddable":true,"href":"https:\/\/fpvoleibol.pt\/fpv\/wp-json\/wp\/v2\/pages\/1032"}],"wp:featuredmedia":[{"embeddable":true,"href":"https:\/\/fpvoleibol.pt\/fpv\/wp-json\/wp\/v2\/media\/26752"}],"wp:attachment":[{"href":"https:\/\/fpvoleibol.pt\/fpv\/wp-json\/wp\/v2\/media?parent=34355"}],"curies":[{"name":"wp","href":"https:\/\/api.w.org\/{rel}","templated":true}]}}