{"id":32213,"date":"2024-04-24T11:32:05","date_gmt":"2024-04-24T11:32:05","guid":{"rendered":"https:\/\/fpvoleibol.pt\/fpv\/?page_id=32213"},"modified":"2024-09-10T08:45:24","modified_gmt":"2024-09-10T08:45:24","slug":"cursos-de-voleibol-2024","status":"publish","type":"page","link":"https:\/\/fpvoleibol.pt\/fpv\/formacao\/cursos-de-voleibol-2024\/","title":{"rendered":"CURSOS DE VOLEIBOL &#8211; 2024"},"content":{"rendered":"<p style=\"text-align: center;\"><span style=\"font-size: 18pt;\"><strong><a href=\"https:\/\/fpvoleibol.pt\/fpv\/wp-content\/uploads\/2021\/04\/Logo_formacao_voleibol3.png\"><img loading=\"lazy\" decoding=\"async\" class=\"aligncenter size-medium wp-image-4667\" src=\"https:\/\/fpvoleibol.pt\/fpv\/wp-content\/uploads\/2021\/04\/Logo_formacao_voleibol3-300x210.png\" alt=\"\" width=\"300\" height=\"210\" srcset=\"https:\/\/fpvoleibol.pt\/fpv\/wp-content\/uploads\/2021\/04\/Logo_formacao_voleibol3-300x210.png 300w, https:\/\/fpvoleibol.pt\/fpv\/wp-content\/uploads\/2021\/04\/Logo_formacao_voleibol3-768x537.png 768w, https:\/\/fpvoleibol.pt\/fpv\/wp-content\/uploads\/2021\/04\/Logo_formacao_voleibol3.png 1001w\" sizes=\"auto, (max-width: 300px) 100vw, 300px\" \/><\/a><\/strong><\/span><\/p>\n<p>&nbsp;<\/p>\n<table style=\"height: 234px; width: 100%; border-collapse: collapse; border-style: solid; border-color: #ffffff;\" border=\"2\" cellspacing=\"0\" cellpadding=\"0\">\n<tbody>\n<tr style=\"height: 47px;\">\n<td style=\"width: 457.5px; background-color: #485e00; height: 47px; border-color: #ffffff; border-style: solid; text-align: center;\"><span style=\"color: #ffffff;\"><strong>FORMA\u00c7\u00c3O DE DIRIGENTES DESPORTIVOS<\/strong><\/span><br \/>\n<span style=\"color: #ffffff;\">30-09-2024 a 15-11-2024<\/span><\/td>\n<td style=\"width: 458px; background-color: #ffffff; height: 47px; border-color: #ffffff; border-style: solid; text-align: center;\"><\/td>\n<td style=\"width: 457.5px; height: 47px; border-color: #ffffff; border-style: solid; text-align: center; background-color: #ffffff;\"><\/td>\n<\/tr>\n<tr style=\"height: 23px;\">\n<td style=\"width: 457.5px; height: 23px; text-align: center; background-color: #f0f0f0; border-color: #ffffff; border-style: solid;\"><a href=\"https:\/\/www.fpvoleibol.pt\/cursos\/info_curso_2024_dirigentes_desportivos.pdf\">Abertura do Curso <span style=\"font-family: wingdings, 'zapf dingbats';\">\u25ba<\/span><\/a><br \/>\n<a href=\"https:\/\/www.fpvoleibol.pt\/cursos\/programa_curso_2024_dirigentes_desportivos.pdf\">Programa Geral \u25ba<\/a><\/td>\n<td style=\"width: 458px; height: 23px; border-color: #ffffff; border-style: solid; text-align: center; background-color: #ffffff;\"><\/td>\n<td style=\"width: 457.5px; height: 23px; text-align: center; border-color: #ffffff; border-style: solid; background-color: #ffffff;\"><\/td>\n<\/tr>\n<tr style=\"height: 23px;\">\n<td style=\"width: 457.5px; height: 23px; text-align: center; background-color: #f0f0f0; border-color: #ffffff; border-style: solid;\"><a href=\"https:\/\/forms.gle\/DcgjrbUzisfa7jcY7\">Formul\u00e1rio de Inscri\u00e7\u00e3o <span style=\"font-family: wingdings, 'zapf dingbats';\">\u25ba<\/span><\/a><\/td>\n<td style=\"width: 458px; height: 23px; border-color: #ffffff; border-style: solid; text-align: center; background-color: #ffffff;\"><\/td>\n<td style=\"width: 457.5px; height: 23px; text-align: center; border-color: #ffffff; border-style: solid; background-color: #ffffff;\"><\/td>\n<\/tr>\n<tr style=\"height: 24px;\">\n<td style=\"width: 457.5px; text-align: center; height: 24px; border-color: #ffffff; border-style: solid;\"><\/td>\n<td style=\"width: 458px; text-align: center; height: 24px; border-color: #ffffff; border-style: solid;\"><\/td>\n<td style=\"width: 457.5px; text-align: center; height: 24px; border-color: #ffffff; border-style: solid;\"><\/td>\n<\/tr>\n<\/tbody>\n<tbody>\n<tr style=\"height: 47px;\">\n<td style=\"width: 33.3333%; background-color: #0073c4; text-align: center; height: 47px; border-color: #ffffff; border-style: solid;\"><span style=\"color: #ffffff;\"><strong>TREINADORES &#8211; GRAU I<\/strong><\/span><br \/>\n<span style=\"color: #ffffff;\">13-09-2024 a 29-09-2024<\/span><\/td>\n<td style=\"width: 33.3333%; height: 47px; border-color: #ffffff; border-style: solid; background-color: #ffffff; text-align: center;\"><\/td>\n<td style=\"width: 33.3333%; height: 47px; border-color: #ffffff; border-style: solid; background-color: #ffffff; text-align: center;\"><\/td>\n<\/tr>\n<tr style=\"height: 23px;\">\n<td style=\"width: 33.3333%; height: 23px; text-align: center; background-color: #f0f0f0; border-color: #ffffff; border-style: solid;\"><a href=\"https:\/\/www.fpvoleibol.pt\/cursos\/info_curso_2024_grau1_setembro.pdf\">Informa\u00e7\u00e3o Geral <span style=\"font-family: wingdings, 'zapf dingbats';\">\u25ba<\/span><\/a><br \/>\n<a href=\"https:\/\/www.fpvoleibol.pt\/cursos\/horario_curso_2024_grau1_setembro.pdf\">Tabela de Hor\u00e1rios <span style=\"font-family: wingdings, 'zapf dingbats';\">\u25ba<\/span><\/a><\/td>\n<td style=\"width: 33.3333%; height: 23px; border-color: #ffffff; border-style: solid; background-color: #ffffff; text-align: center;\"><\/td>\n<td style=\"width: 33.3333%; height: 23px; border-color: #ffffff; border-style: solid; background-color: #ffffff; text-align: center;\"><\/td>\n<\/tr>\n<tr style=\"height: 23px;\">\n<td style=\"width: 33.3333%; height: 23px; text-align: center; background-color: #f0f0f0; border-color: #ffffff; border-style: solid;\"><a href=\"https:\/\/forms.gle\/y1t1D7fXwWXEgt4B7\" target=\"_blank\" rel=\"noopener\">Formul\u00e1rio de Inscri\u00e7\u00e3o<\/a> <span style=\"font-family: wingdings, 'zapf dingbats';\">\u25ba<\/span><\/td>\n<td style=\"width: 33.3333%; height: 23px; border-color: #ffffff; border-style: solid; background-color: #ffffff; text-align: center;\"><\/td>\n<td style=\"width: 33.3333%; height: 23px; border-color: #ffffff; border-style: solid; background-color: #ffffff; text-align: center;\"><\/td>\n<\/tr>\n<tr style=\"height: 24px;\">\n<td style=\"width: 33.3333%; text-align: center; height: 24px; border-color: #ffffff; border-style: solid;\"><\/td>\n<td style=\"width: 33.3333%; text-align: center; height: 24px; border-color: #ffffff; border-style: solid;\"><\/td>\n<td style=\"width: 33.3333%; text-align: center; height: 24px; border-color: #ffffff; border-style: solid;\"><\/td>\n<\/tr>\n<\/tbody>\n<\/table>\n<table style=\"height: 117px; width: 100%; border-collapse: collapse; border-style: solid; border-color: #ffffff;\" border=\"2\" cellspacing=\"0\" cellpadding=\"0\">\n<tbody>\n<tr style=\"height: 47px;\">\n<td style=\"width: 33.3333%; background-color: #0073c4; text-align: center; height: 47px; border-color: #ffffff; border-style: solid;\"><span style=\"color: #ffffff;\"><strong>TREINADORES &#8211; GRAU I<\/strong><\/span><br \/>\n<span style=\"color: #ffffff;\">07-06-2024 a 23-06-2024<\/span><\/td>\n<td style=\"width: 33.3333%; height: 47px; border-color: #ffffff; border-style: solid; background-color: #0073c4; text-align: center;\"><span style=\"color: #ffffff;\"><strong>TREINADORES &#8211; GRAU II<\/strong><\/span><br \/>\n<span style=\"color: #ffffff;\">26-06-2024 a 26-07-2024<\/span><\/td>\n<td style=\"width: 33.3333%; height: 47px; border-color: #ffffff; border-style: solid; background-color: #ffffff; text-align: center;\"><\/td>\n<\/tr>\n<tr style=\"height: 23px;\">\n<td style=\"width: 33.3333%; height: 23px; text-align: center; background-color: #f0f0f0; border-color: #ffffff; border-style: solid;\"><a href=\"https:\/\/www.fpvoleibol.pt\/cursos\/info_curso_2024_grau1_junho.pdf\">Informa\u00e7\u00e3o Geral <span style=\"font-family: wingdings, 'zapf dingbats';\">\u25ba<\/span><\/a><br \/>\n<a href=\"https:\/\/www.fpvoleibol.pt\/cursos\/horario_curso_2024_grau1_junho.pdf\">Tabela de Hor\u00e1rios <span style=\"font-family: wingdings, 'zapf dingbats';\">\u25ba<\/span><\/a><\/td>\n<td style=\"width: 33.3333%; height: 23px; border-color: #ffffff; border-style: solid; background-color: #f0f0f0; text-align: center;\"><a href=\"https:\/\/www.fpvoleibol.pt\/cursos\/info_curso_2024_grau2_junho_julho.pdf\">Informa\u00e7\u00e3o Geral <span style=\"font-family: wingdings, 'zapf dingbats';\">\u25ba<\/span><\/a><br \/>\n<a href=\"https:\/\/www.fpvoleibol.pt\/cursos\/horario_curso_2024_grau2_junho_julho.pdf\">Tabela de Hor\u00e1rios <span style=\"font-family: wingdings, 'zapf dingbats';\">\u25ba<\/span><\/a><\/td>\n<td style=\"width: 33.3333%; height: 23px; border-color: #ffffff; border-style: solid; background-color: #ffffff; text-align: center;\"><\/td>\n<\/tr>\n<tr style=\"height: 23px;\">\n<td style=\"width: 33.3333%; height: 23px; text-align: center; background-color: #f0f0f0; border-color: #ffffff; border-style: solid;\"><a href=\"https:\/\/forms.gle\/tFaswanmZpWGxDwB8\" target=\"_blank\" rel=\"noopener\">Formul\u00e1rio de Inscri\u00e7\u00e3o <span style=\"font-family: wingdings, 'zapf dingbats';\">\u25ba<\/span><\/a><\/td>\n<td style=\"width: 33.3333%; height: 23px; border-color: #ffffff; border-style: solid; background-color: #f0f0f0; text-align: center;\"><a href=\"https:\/\/forms.gle\/Kyx5tu1Xh8mwXhA9A\" target=\"_blank\" rel=\"noopener\">Formul\u00e1rio de Inscri\u00e7\u00e3o <span style=\"font-family: wingdings, 'zapf dingbats';\">\u25ba<\/span><\/a><\/td>\n<td style=\"width: 33.3333%; height: 23px; border-color: #ffffff; border-style: solid; background-color: #ffffff; text-align: center;\"><\/td>\n<\/tr>\n<tr style=\"height: 24px;\">\n<td style=\"width: 33.3333%; text-align: center; height: 24px; border-color: #ffffff; border-style: solid;\"><\/td>\n<td style=\"width: 33.3333%; text-align: center; height: 24px; border-color: #ffffff; border-style: solid;\"><\/td>\n<td style=\"width: 33.3333%; text-align: center; height: 24px; border-color: #ffffff; border-style: solid;\"><\/td>\n<\/tr>\n<\/tbody>\n<\/table>\n<p>&nbsp;<\/p>\n","protected":false},"excerpt":{"rendered":"<p>&nbsp; FORMA\u00c7\u00c3O DE DIRIGENTES DESPORTIVOS 30-09-2024 a 15-11-2024 Abertura do Curso \u25ba Programa Geral \u25ba Formul\u00e1rio de Inscri\u00e7\u00e3o \u25ba TREINADORES &#8211; GRAU I 13-09-2024 a 29-09-2024 Informa\u00e7\u00e3o Geral \u25ba Tabela [&hellip;]<\/p>\n","protected":false},"author":1,"featured_media":14381,"parent":4655,"menu_order":0,"comment_status":"closed","ping_status":"closed","template":"","meta":{"_monsterinsights_skip_tracking":false,"_monsterinsights_sitenote_active":false,"_monsterinsights_sitenote_note":"","_monsterinsights_sitenote_category":0,"footnotes":""},"class_list":["post-32213","page","type-page","status-publish","has-post-thumbnail","czr-hentry"],"aioseo_notices":[],"_links":{"self":[{"href":"https:\/\/fpvoleibol.pt\/fpv\/wp-json\/wp\/v2\/pages\/32213","targetHints":{"allow":["GET"]}}],"collection":[{"href":"https:\/\/fpvoleibol.pt\/fpv\/wp-json\/wp\/v2\/pages"}],"about":[{"href":"https:\/\/fpvoleibol.pt\/fpv\/wp-json\/wp\/v2\/types\/page"}],"author":[{"embeddable":true,"href":"https:\/\/fpvoleibol.pt\/fpv\/wp-json\/wp\/v2\/users\/1"}],"replies":[{"embeddable":true,"href":"https:\/\/fpvoleibol.pt\/fpv\/wp-json\/wp\/v2\/comments?post=32213"}],"version-history":[{"count":8,"href":"https:\/\/fpvoleibol.pt\/fpv\/wp-json\/wp\/v2\/pages\/32213\/revisions"}],"predecessor-version":[{"id":35226,"href":"https:\/\/fpvoleibol.pt\/fpv\/wp-json\/wp\/v2\/pages\/32213\/revisions\/35226"}],"up":[{"embeddable":true,"href":"https:\/\/fpvoleibol.pt\/fpv\/wp-json\/wp\/v2\/pages\/4655"}],"wp:featuredmedia":[{"embeddable":true,"href":"https:\/\/fpvoleibol.pt\/fpv\/wp-json\/wp\/v2\/media\/14381"}],"wp:attachment":[{"href":"https:\/\/fpvoleibol.pt\/fpv\/wp-json\/wp\/v2\/media?parent=32213"}],"curies":[{"name":"wp","href":"https:\/\/api.w.org\/{rel}","templated":true}]}}