{"id":306,"date":"2020-01-30T10:43:12","date_gmt":"2020-01-30T10:43:12","guid":{"rendered":"https:\/\/fpvoleibol.pt\/fpv\/?page_id=306"},"modified":"2026-03-12T12:16:47","modified_gmt":"2026-03-12T12:16:47","slug":"historia-do-voleibol-de-praia-em-portugal","status":"publish","type":"page","link":"https:\/\/fpvoleibol.pt\/fpv\/menu-voleibol-de-praia\/historia-do-voleibol-de-praia-em-portugal\/","title":{"rendered":"Hist\u00f3ria do Voleibol de Praia em Portugal"},"content":{"rendered":"<p style=\"font-weight: 400;\"><img loading=\"lazy\" decoding=\"async\" class=\"alignleft\" src=\"https:\/\/www.fpvoleibol.pt\/historia\/hist001.jpg\" alt=\"\" width=\"342\" height=\"166\" \/>A pr\u00e1tica do voleibol nas praias portuguesas tem a sua origem nos anos cinquenta, quando, em algumas das praias mais frequentadas, como, Espinho, Matosinhos, P\u00f3voa de Varzim, Figueira da Foz, Vila Praia de \u00c2ncora, Costa da Caparica, Carcavelos, Pa\u00e7os de Arcos e Praia das Ma\u00e7\u00e3s, os banhistas come\u00e7aram a sua pr\u00e1tica.<\/p>\n<p style=\"font-weight: 400;\">A primeira refer\u00eancia oficial ao Voleibol de Praia encontra-mo-la na acta da reuni\u00e3o da Direc\u00e7\u00e3o da Federa\u00e7\u00e3o Portuguesa de Voleibol de 14 de Junho de 1967 quando \u00e9 tomado conhecimento do of\u00edcio enviado por &#8220;Public Parks and Recreation Administration&#8221; de Porto Rico, comunicando a realiza\u00e7\u00e3o do 1\u00ba Torneio Mundial de Praias em equipas de 2 jogadores.<\/p>\n<p style=\"font-weight: 400;\">Em 12 de Julho desse ano, a F.P.V. decide organizar um &#8220;Torneio de Praias&#8221; podendo cada praia participar com mais de uma equipa. Desta decis\u00e3o foi dado conhecimento a todas as Associa\u00e7\u00f5es. Sabe-se ainda que, em 26 de Julho foi apreciado pela direc\u00e7\u00e3o da F.P.V. o of\u00edcio da Comiss\u00e3o Municipal de Turismo da P\u00f3voa de Varzim disponibilizando a praia da P\u00f3voa para a realiza\u00e7\u00e3o do Torneio. Dias depois, a Junta de Turismo de Vila Praia de \u00c2ncora manifesta id\u00eantico interesse.<\/p>\n<p style=\"font-weight: 400;\">Em 23 de Agosto desse ano a Direc\u00e7\u00e3o da F.P.V. decide relativamente ao 1\u00ba Torneio:<br \/>\n&#8220;Organizar uma fase regional constitu\u00edda por dois grupos:<br \/>\n&#8211; Grupo Norte: para as equipas da P\u00f3voa de Varzim e Vila Praia de \u00c2ncora;<br \/>\n&#8211; Grupo Sul: com as equipas da Praia das Ma\u00e7\u00e3s, Ericeira, Costa da Caparica e Barreiro; Decide ainda que a Final se realizaria na Figueira da Foz em 23 de Setembro e atribui um subs\u00eddio de mil escudos a cada uma das equipas finalistas&#8221;.<\/p>\n<p style=\"font-weight: 400;\">Este 1\u00ba Torneio de Voleibol de Praia foi ganho por uma equipa da P\u00f3voa de Varzim denominada &#8220;Os Catedr\u00e1ticos&#8221;. O 2\u00ba Torneio realizado no ano seguinte tem o seguinte desfecho:<br \/>\n1\u00ba Classificado: Praia do Alem\u00e3o &#8211; Matosinhos<br \/>\n2\u00ba Classificado: Praia de Peniche<\/p>\n<p style=\"font-weight: 400;\">Durante a d\u00e9cada de 70 a pr\u00e1tica do Voleibol de Praia atravessa uma fase de ofuscamento \u00e0 qual n\u00e3o ser\u00e3o alheios os acontecimentos s\u00f3cio-pol\u00edticos que o pa\u00eds viveu [&#8230;]<\/p>\n<p style=\"text-align: center;\"><span style=\"font-size: 18pt; color: #003e6b;\"><strong><span style=\"font-size: 18pt;\"><a href=\"https:\/\/www.fpvoleibol.pt\/historia\/historia_voleibolpraia_portugal_2025.pdf\" target=\"_blank\" rel=\"noopener noreferrer\"><img loading=\"lazy\" decoding=\"async\" class=\"aligncenter\" src=\"https:\/\/www.fpvoleibol.pt\/fpv\/imagens\/icon-pdf__.jpg\" alt=\"\" width=\"180\" height=\"180\" \/><\/a><\/span>VERS\u00c3O COMPLETA [PDF\u25bc]<\/strong><\/span><\/p>\n<p style=\"text-align: center;\">(em constante actualiza\u00e7\u00e3o&#8230;)<\/p>\n","protected":false},"excerpt":{"rendered":"<p>A pr\u00e1tica do voleibol nas praias portuguesas tem a sua origem nos anos cinquenta, quando, em algumas das praias mais frequentadas, como, Espinho, Matosinhos, P\u00f3voa de Varzim, Figueira da Foz, [&hellip;]<\/p>\n","protected":false},"author":1,"featured_media":0,"parent":304,"menu_order":0,"comment_status":"closed","ping_status":"closed","template":"","meta":{"_monsterinsights_skip_tracking":false,"_monsterinsights_sitenote_active":false,"_monsterinsights_sitenote_note":"","_monsterinsights_sitenote_category":0,"footnotes":""},"class_list":["post-306","page","type-page","status-publish","czr-hentry"],"aioseo_notices":[],"_links":{"self":[{"href":"https:\/\/fpvoleibol.pt\/fpv\/wp-json\/wp\/v2\/pages\/306","targetHints":{"allow":["GET"]}}],"collection":[{"href":"https:\/\/fpvoleibol.pt\/fpv\/wp-json\/wp\/v2\/pages"}],"about":[{"href":"https:\/\/fpvoleibol.pt\/fpv\/wp-json\/wp\/v2\/types\/page"}],"author":[{"embeddable":true,"href":"https:\/\/fpvoleibol.pt\/fpv\/wp-json\/wp\/v2\/users\/1"}],"replies":[{"embeddable":true,"href":"https:\/\/fpvoleibol.pt\/fpv\/wp-json\/wp\/v2\/comments?post=306"}],"version-history":[{"count":15,"href":"https:\/\/fpvoleibol.pt\/fpv\/wp-json\/wp\/v2\/pages\/306\/revisions"}],"predecessor-version":[{"id":45944,"href":"https:\/\/fpvoleibol.pt\/fpv\/wp-json\/wp\/v2\/pages\/306\/revisions\/45944"}],"up":[{"embeddable":true,"href":"https:\/\/fpvoleibol.pt\/fpv\/wp-json\/wp\/v2\/pages\/304"}],"wp:attachment":[{"href":"https:\/\/fpvoleibol.pt\/fpv\/wp-json\/wp\/v2\/media?parent=306"}],"curies":[{"name":"wp","href":"https:\/\/api.w.org\/{rel}","templated":true}]}}