{"id":2939,"date":"2021-01-07T11:30:28","date_gmt":"2021-01-07T10:30:28","guid":{"rendered":"https:\/\/fpvoleibol.pt\/fpv\/?page_id=2939"},"modified":"2025-10-14T10:54:43","modified_gmt":"2025-10-14T09:54:43","slug":"live-stream","status":"publish","type":"page","link":"https:\/\/fpvoleibol.pt\/fpv\/features\/live-stream\/","title":{"rendered":"LIVE STREAM"},"content":{"rendered":"<p style=\"text-align: center;\"><a href=\"https:\/\/fpv-web.dataproject.com\/MainHome.aspx\" target=\"_blank\" rel=\"noopener\"><img loading=\"lazy\" decoding=\"async\" class=\"aligncenter wp-image-42247 size-full\" src=\"https:\/\/fpvoleibol.pt\/fpv\/wp-content\/uploads\/2025\/08\/banner_website_1024_341_20252026.png\" alt=\"\" width=\"1023\" height=\"341\" srcset=\"https:\/\/fpvoleibol.pt\/fpv\/wp-content\/uploads\/2025\/08\/banner_website_1024_341_20252026.png 1023w, https:\/\/fpvoleibol.pt\/fpv\/wp-content\/uploads\/2025\/08\/banner_website_1024_341_20252026-300x100.png 300w, https:\/\/fpvoleibol.pt\/fpv\/wp-content\/uploads\/2025\/08\/banner_website_1024_341_20252026-768x256.png 768w\" sizes=\"auto, (max-width: 1023px) 100vw, 1023px\" \/><\/a><\/p>\n<p style=\"text-align: center;\">Live Stream dos jogos da <strong>Liga UNA Seguros<\/strong> (Seniores Masculinos) e <strong>Liga SOLVERDE.PT<\/strong>\u00a0(Seniores Femininos) com acompanhamento das jogadas ponto-a-ponto e estat\u00edsticas dos jogos e jogadores.<\/p>\n<p>&nbsp;<\/p>\n<p style=\"text-align: center;\"><span style=\"font-size: 14pt;\"><span style=\"color: #b00000;\"><strong>JOGOS PARA HOJE E PR\u00d3XIMOS JOGOS \u25bc<\/strong><br \/>\n<span style=\"color: #c40000;\">(Transmiss\u00e3o dispon\u00edvel 15 minutos antes do jogo)<\/span><br \/>\n<\/span><\/span><\/p>\n<p><span style=\"background-color: #9c0000;\"><a href=\"https:\/\/fpv-web.dataproject.com\/MainStreaming.aspx?filsts=onto+upcoming\"><img loading=\"lazy\" decoding=\"async\" class=\"aligncenter size-full wp-image-3585\" src=\"https:\/\/fpvoleibol.pt\/fpv\/wp-content\/uploads\/2021\/02\/livestream_livescores.png\" alt=\"\" width=\"400\" height=\"95\" srcset=\"https:\/\/fpvoleibol.pt\/fpv\/wp-content\/uploads\/2021\/02\/livestream_livescores.png 400w, https:\/\/fpvoleibol.pt\/fpv\/wp-content\/uploads\/2021\/02\/livestream_livescores-300x71.png 300w\" sizes=\"auto, (max-width: 400px) 100vw, 400px\" \/><\/a><\/span><\/p>\n<hr \/>\n<p style=\"text-align: center;\"><strong><span style=\"font-size: 18pt;\"><span style=\"color: #0073c4;\">ESTAT\u00cdSTICAS, RESULTADOS EM TEMPO REAL, CLASSIFICA\u00c7\u00d5ES<\/span><\/span><\/strong><\/p>\n<p style=\"text-align: center;\"><a class=\"maxbutton-5 maxbutton maxbutton-ver-aqui-mircrosite\" target=\"_blank\" rel=\"noopener\" href=\"https:\/\/fpv-web.dataproject.com\/MainHome.aspx\"><span class='mb-text'>VER AQUI \u25ba<\/span><\/a><\/p>\n<p>&nbsp;<\/p>\n","protected":false},"excerpt":{"rendered":"<p>Live Stream dos jogos da Liga UNA Seguros (Seniores Masculinos) e Liga SOLVERDE.PT\u00a0(Seniores Femininos) com acompanhamento das jogadas ponto-a-ponto e estat\u00edsticas dos jogos e jogadores. &nbsp; JOGOS PARA HOJE E [&hellip;]<\/p>\n","protected":false},"author":1,"featured_media":19960,"parent":642,"menu_order":0,"comment_status":"closed","ping_status":"closed","template":"","meta":{"_monsterinsights_skip_tracking":false,"_monsterinsights_sitenote_active":false,"_monsterinsights_sitenote_note":"","_monsterinsights_sitenote_category":0,"footnotes":""},"class_list":["post-2939","page","type-page","status-publish","has-post-thumbnail","czr-hentry"],"aioseo_notices":[],"_links":{"self":[{"href":"https:\/\/fpvoleibol.pt\/fpv\/wp-json\/wp\/v2\/pages\/2939","targetHints":{"allow":["GET"]}}],"collection":[{"href":"https:\/\/fpvoleibol.pt\/fpv\/wp-json\/wp\/v2\/pages"}],"about":[{"href":"https:\/\/fpvoleibol.pt\/fpv\/wp-json\/wp\/v2\/types\/page"}],"author":[{"embeddable":true,"href":"https:\/\/fpvoleibol.pt\/fpv\/wp-json\/wp\/v2\/users\/1"}],"replies":[{"embeddable":true,"href":"https:\/\/fpvoleibol.pt\/fpv\/wp-json\/wp\/v2\/comments?post=2939"}],"version-history":[{"count":24,"href":"https:\/\/fpvoleibol.pt\/fpv\/wp-json\/wp\/v2\/pages\/2939\/revisions"}],"predecessor-version":[{"id":42273,"href":"https:\/\/fpvoleibol.pt\/fpv\/wp-json\/wp\/v2\/pages\/2939\/revisions\/42273"}],"up":[{"embeddable":true,"href":"https:\/\/fpvoleibol.pt\/fpv\/wp-json\/wp\/v2\/pages\/642"}],"wp:featuredmedia":[{"embeddable":true,"href":"https:\/\/fpvoleibol.pt\/fpv\/wp-json\/wp\/v2\/media\/19960"}],"wp:attachment":[{"href":"https:\/\/fpvoleibol.pt\/fpv\/wp-json\/wp\/v2\/media?parent=2939"}],"curies":[{"name":"wp","href":"https:\/\/api.w.org\/{rel}","templated":true}]}}