{"id":28719,"date":"2023-11-02T15:27:59","date_gmt":"2023-11-02T15:27:59","guid":{"rendered":"https:\/\/fpvoleibol.pt\/fpv\/?page_id=28719"},"modified":"2026-02-28T10:50:42","modified_gmt":"2026-02-28T10:50:42","slug":"deliberacoes-da-direcao-2025-2026","status":"publish","type":"page","link":"https:\/\/fpvoleibol.pt\/fpv\/documentacao\/deliberacoes-da-direcao-2025-2026\/","title":{"rendered":"Delibera\u00e7\u00f5es da Dire\u00e7\u00e3o 2025-2026"},"content":{"rendered":"<a href=\"https:\/\/fpvoleibol.pt\/fpv\/wp-content\/uploads\/2026\/02\/25-26-3.pdf\" class=\"pdfemb-viewer\" style=\"\" data-width=\"max\" data-height=\"max\" data-toolbar=\"bottom\" data-toolbar-fixed=\"on\">25-26<\/a>\n<p>Descarregar <a href=\"https:\/\/fpvoleibol.pt\/fpv\/wp-content\/uploads\/2026\/02\/25-26-3.pdf\">PDF<\/a><\/p>\n","protected":false},"excerpt":{"rendered":"<p>Descarregar PDF<\/p>\n","protected":false},"author":1,"featured_media":1228,"parent":361,"menu_order":0,"comment_status":"closed","ping_status":"closed","template":"","meta":{"_monsterinsights_skip_tracking":false,"_monsterinsights_sitenote_active":false,"_monsterinsights_sitenote_note":"","_monsterinsights_sitenote_category":0,"footnotes":""},"class_list":["post-28719","page","type-page","status-publish","has-post-thumbnail","czr-hentry"],"aioseo_notices":[],"_links":{"self":[{"href":"https:\/\/fpvoleibol.pt\/fpv\/wp-json\/wp\/v2\/pages\/28719","targetHints":{"allow":["GET"]}}],"collection":[{"href":"https:\/\/fpvoleibol.pt\/fpv\/wp-json\/wp\/v2\/pages"}],"about":[{"href":"https:\/\/fpvoleibol.pt\/fpv\/wp-json\/wp\/v2\/types\/page"}],"author":[{"embeddable":true,"href":"https:\/\/fpvoleibol.pt\/fpv\/wp-json\/wp\/v2\/users\/1"}],"replies":[{"embeddable":true,"href":"https:\/\/fpvoleibol.pt\/fpv\/wp-json\/wp\/v2\/comments?post=28719"}],"version-history":[{"count":34,"href":"https:\/\/fpvoleibol.pt\/fpv\/wp-json\/wp\/v2\/pages\/28719\/revisions"}],"predecessor-version":[{"id":45729,"href":"https:\/\/fpvoleibol.pt\/fpv\/wp-json\/wp\/v2\/pages\/28719\/revisions\/45729"}],"up":[{"embeddable":true,"href":"https:\/\/fpvoleibol.pt\/fpv\/wp-json\/wp\/v2\/pages\/361"}],"wp:featuredmedia":[{"embeddable":true,"href":"https:\/\/fpvoleibol.pt\/fpv\/wp-json\/wp\/v2\/media\/1228"}],"wp:attachment":[{"href":"https:\/\/fpvoleibol.pt\/fpv\/wp-json\/wp\/v2\/media?parent=28719"}],"curies":[{"name":"wp","href":"https:\/\/api.w.org\/{rel}","templated":true}]}}