{"id":27773,"date":"2023-09-21T08:33:09","date_gmt":"2023-09-21T08:33:09","guid":{"rendered":"https:\/\/fpvoleibol.pt\/fpv\/?page_id=27773"},"modified":"2023-09-21T08:37:54","modified_gmt":"2023-09-21T08:37:54","slug":"integridade","status":"publish","type":"page","link":"https:\/\/fpvoleibol.pt\/fpv\/integridade\/","title":{"rendered":"Integridade"},"content":{"rendered":"<p><img decoding=\"async\" class=\"aligncenter\" src=\"https:\/\/www.fpvoleibol.pt\/avisos\/integridade_800.jpg\" alt=\"\" \/><\/p>\n<p><strong>O QUE \u00c9?<\/strong><\/p>\n<p>A manipula\u00e7\u00e3o de competi\u00e7\u00f5es desportivas \u00e9 uma amea\u00e7a global \u00e0 integridade do desporto, nomeadamente para a sua credibilidade e salvaguarda dos seus valores sociais, educativos e culturais em rela\u00e7\u00e3o \u00e0 qual o Movimento Ol\u00edmpico e Desportivo tem vindo a implementar uma pol\u00edtica de\u00a0<a href=\"https:\/\/www.olympic.org\/news\/international-forum-for-sports-integrity-steps-up-action-to-prevent-competition-manipulation-and-corruption-in-sport\">Toler\u00e2ncia Zero.<\/a><\/p>\n<p>\u201c<em>A\u00a0<a href=\"https:\/\/dre.pt\/application\/file\/69968574\">Manipula\u00e7\u00e3o de Competi\u00e7\u00f5es Desportivas<\/a>\u00a0\u00e9 um acordo, ato ou omiss\u00e3o intencional, que vise uma altera\u00e7\u00e3o irregular do resultado ou do desenrolar de uma competi\u00e7\u00e3o desportiva, a fim de eliminar, no todo ou em parte, a natureza imprevis\u00edvel da referida competi\u00e7\u00e3o desportiva, com vista \u00e0 obten\u00e7\u00e3o de vantagens indevidas para si ou para outrem<\/em>\u201d<\/p>\n<p><strong>A manipula\u00e7\u00e3o de competi\u00e7\u00f5es desportivas \u00e9 pun\u00edvel pelos regulamentos desportivos e pela legisla\u00e7\u00e3o em vigor em Portugal<\/strong><\/p>\n<p><strong>O QUE FAZER?<\/strong><\/p>\n<p>Perante o avolumar de casos de manipula\u00e7\u00e3o de competi\u00e7\u00f5es e integridade nas apostas desportivas nas mais diversas modalidades e n\u00edveis competitivos, onde se manifestam s\u00e9rias limita\u00e7\u00f5es e vulnerabilidades das organiza\u00e7\u00f5es e agentes desportivos em responder com efic\u00e1cia a estes fen\u00f3menos, o Comit\u00e9 Ol\u00edmpico de Portugal, com o suporte do Comit\u00e9 Ol\u00edmpico Internacional e de outras organiza\u00e7\u00f5es de refer\u00eancia, delineou uma estrat\u00e9gia global com um programa de a\u00e7\u00e3o de preven\u00e7\u00e3o, educa\u00e7\u00e3o e forma\u00e7\u00e3o.<\/p>\n<p>Deste programa faz parte um\u00a0<strong>C\u00f3digo de Conduta<\/strong>\u00a0a implementar pelas Federa\u00e7\u00f5es Desportivas Nacionais e membros do COP que assinaram a\u00a0<strong>Declara\u00e7\u00e3o de Compromisso<\/strong>\u00a0para a sua implementa\u00e7\u00e3o nas organiza\u00e7\u00f5es e modalidades desportivas, tendo em vista uma a\u00e7\u00e3o firme e concertada neste dom\u00ednio de acordo as\u00a0<a href=\"https:\/\/www.coe.int\/en\/web\/sport\/manipulation-of-sports-competitions\">principais orienta\u00e7\u00f5es internacionais<\/a>\u00a0e o ordenamento jur\u00eddico nacional neste \u00e2mbito.<\/p>\n<p><strong>COMO FAZER?<\/strong><\/p>\n<p>Esta iniciativa surge no seguimento das orienta\u00e7\u00f5es de Toler\u00e2ncia Zero do COI para ado\u00e7\u00e3o do\u00a0<a href=\"https:\/\/www.olympic.org\/news\/ioc-publishes-unprecedented-olympic-movement-code-for-preventing-competition-manipulation\">C\u00f3digo do Movimento Ol\u00edmpico sobre a Preven\u00e7\u00e3o de Manipula\u00e7\u00e3o de Competi\u00e7\u00f5es<\/a>\u00a0e suas\u00a0<a href=\"https:\/\/stillmed.olympic.org\/media\/Document%20Library\/OlympicOrg\/IOC\/What-We-Do\/Leading-the-Olympic-Movement\/Sporting-Regulations\/Regulation-Legislation\/Model-Rules-Code-on-the-Prevention-of-the-Manipulation-of-Competitions.pdf#_ga=2.197429487.1746436340.1500381410-1126825845.1405605007\">regras de adapta\u00e7\u00e3o <\/a>pelos Comit\u00e9s Ol\u00edmpicos Nacionais, Federa\u00e7\u00f5es Desportivas Internacionais e seus respetivos membros continentais, como requisito de elegibilidade \u00e0 participa\u00e7\u00e3o em competi\u00e7\u00f5es ol\u00edmpicas.<\/p>\n<p>Tratam-se, por isso, de sess\u00f5es de trabalho orientadas para a a\u00e7\u00e3o e ajustadas a dotar o p\u00fablico-alvo (atletas de diversos escal\u00f5es et\u00e1rios, treinadores, \u00e1rbitros, ju\u00edzes, dirigentes e pais) de instrumentos concretos sobre a preven\u00e7\u00e3o, reconhecimento e reporte deste fen\u00f3meno.<\/p>\n<p><strong>QUAIS OS OBJETIVOS?<\/strong><\/p>\n<p>O presente programa disp\u00f5e de um conjunto de medidas destinadas a capacitar os agentes desportivos (atletas, treinadores, \u00e1rbitros\/ju\u00edzes, dirigentes) com instrumentos de preven\u00e7\u00e3o e reconhecimento de manipula\u00e7\u00e3o de competi\u00e7\u00f5es, nomeadamente:<\/p>\n<p>\u2013\u00a0<strong>O que \u00e9 a manipula\u00e7\u00e3o de competi\u00e7\u00f5es desportivas<\/strong>\u00a0\u2013 diferentes modelos existentes e estrat\u00e9gias associadas<\/p>\n<p>\u2013\u00a0<strong>Qual o impacto da manipula\u00e7\u00e3o de competi\u00e7\u00f5es desportivas\u00a0<\/strong>na sua carreira desportiva, bem como as principais consequ\u00eancias para a sua vida pessoal e para a sua modalidade<\/p>\n<p>\u2013\u00a0<strong>Qual a moldura penal e as san\u00e7\u00f5es desportivas associadas<\/strong>\u00a0a viola\u00e7\u00f5es desta natureza<\/p>\n<p>\u2013\u00a0<strong>Quais os principais instrumentos para reconhecer, resistir e reportar (3 R\u2019s)<\/strong>\u00a0qualquer abordagem e\/ou tentativa de manipula\u00e7\u00e3o de competi\u00e7\u00f5es<\/p>\n<p><strong>RECONHECER:<\/strong><br \/>\nReconhece as abordagens suspeitas e invulgares, evitando a partilha de informa\u00e7\u00e3o sobre ti, os teus pares e a tua modalidade.<br \/>\n<strong>RESISTIR<\/strong><br \/>\nNunca apostes na tua modalidade nem aceites nenhum benef\u00edcio, seja em dinheiro ou outras ofertas.<br \/>\nEvita situa\u00e7\u00f5es que te exponham \u00e0 depend\u00eancia de favores de terceiros.<br \/>\nRecusa de imediato qualquer oferta. Diz N\u00c3O!<br \/>\n<strong>REPORTAR<\/strong><br \/>\nAtuar de forma correta e respons\u00e1vel significa reportar de imediato qualquer abordagem desta natureza \u00e0s autoridades competentes, nomeadamente ao teu clube, federa\u00e7\u00e3o e \u00f3rg\u00e3os policiais.<br \/>\nA omiss\u00e3o do dever de reporte \u00e9 pun\u00edvel.<\/p>\n<p><strong>Mostra o que sabes<\/strong>\u00a0<a href=\"https:\/\/docs.google.com\/forms\/d\/e\/1FAIpQLSdjWQlSE7umqoO6mUWB3TPF_M1nukYi9csjHPisIJK5XLLGMw\/viewform\">aqui.<\/a><\/p>\n<p><strong>Todas as informa\u00e7\u00f5es relacionadas com manipula\u00e7\u00e3o de competi\u00e7\u00f5es desportivas e a ado\u00e7\u00e3o deste C\u00f3digo devem ser exclusivamente enviadas para o endere\u00e7o eletr\u00f3nico integridade@comiteolimpicoportugal.pt ou solicitadas para o n\u00famero de telefone 213617260.<\/strong><\/p>\n<p><strong>Entidades Aderentes\u00a0<\/strong><br \/>\nFedera\u00e7\u00e3o Portuguesa de Atletismo<br \/>\nAcademia Ol\u00edmpica de Portugal<br \/>\nAssocia\u00e7\u00e3o de Atletas Ol\u00edmpicos de Portugal<br \/>\nAssocia\u00e7\u00e3o Nacional de Treinadores de Futebol<br \/>\nAssocia\u00e7\u00e3o Portuguesa de Direito Desportivo<br \/>\nComiss\u00e3o de Atletas Ol\u00edmpicos<br \/>\nConfedera\u00e7\u00e3o de Treinadores de Portugal<br \/>\nFedera\u00e7\u00e3o Campismo\/Montanhismo de Portugal<br \/>\nFedera\u00e7\u00e3o de Andebol de Portugal<br \/>\nFedera\u00e7\u00e3o de Desportos de Inverno de Portugal<br \/>\nFedera\u00e7\u00e3o de Gin\u00e1stica de Portugal<br \/>\nFedera\u00e7\u00e3o de Patinagem de Portugal<br \/>\nFedera\u00e7\u00e3o Nacional de Karat\u00e9<br \/>\nFedera\u00e7\u00e3o Nacional de Squash<br \/>\nFedera\u00e7\u00e3o Portuguesa de Badminton<br \/>\nFedera\u00e7\u00e3o Portuguesa de Basquetebol<br \/>\nFedera\u00e7\u00e3o Portuguesa de Canoagem<br \/>\nFedera\u00e7\u00e3o Portuguesa de Ciclismo<br \/>\nFedera\u00e7\u00e3o Portuguesa de Damas<br \/>\nFedera\u00e7\u00e3o Portuguesa de Desporto para Pessoas com Defici\u00eancia<br \/>\nFedera\u00e7\u00e3o Portuguesa de Judo<br \/>\nFedera\u00e7\u00e3o Portuguesa de Moton\u00e1utica<br \/>\nFedera\u00e7\u00e3o Portuguesa de Nata\u00e7\u00e3o<br \/>\nFedera\u00e7\u00e3o Portuguesa de Pentatlo Moderno<br \/>\nFedera\u00e7\u00e3o Portuguesa de Rugby<br \/>\nFedera\u00e7\u00e3o Portuguesa de Surf<br \/>\nFedera\u00e7\u00e3o Portuguesa de Taekwondo<br \/>\nFedera\u00e7\u00e3o Portuguesa de T\u00e9nis<br \/>\nFedera\u00e7\u00e3o Portuguesa de T\u00e9nis de Mesa<br \/>\nFedera\u00e7\u00e3o Portuguesa de Triatlo<br \/>\nFedera\u00e7\u00e3o Portuguesa de Voleibol<br \/>\nLiga Portuguesa de Futebol Profissional<br \/>\nMunic\u00edpio de Lousada<br \/>\nMunic\u00edpio de Portalegre<br \/>\nPanathlon Clube de Lisboa<br \/>\nSociedade Portuguesa de Psicologia do Desporto<\/p>\n<p>Mais Informa\u00e7\u00f5es (COP) <a href=\"https:\/\/comiteolimpicoportugal.pt\/integridade\/\" target=\"_blank\" rel=\"noopener\">\u25ba<\/a><\/p>\n<p><strong>EMAIL DE CONTACTO: <span style=\"color: #a60303;\">integridade@fpvoleibol.pt<\/span><\/strong><\/p>\n","protected":false},"excerpt":{"rendered":"<p>O QUE \u00c9? A manipula\u00e7\u00e3o de competi\u00e7\u00f5es desportivas \u00e9 uma amea\u00e7a global \u00e0 integridade do desporto, nomeadamente para a sua credibilidade e salvaguarda dos seus valores sociais, educativos e culturais [&hellip;]<\/p>\n","protected":false},"author":1,"featured_media":1341,"parent":0,"menu_order":0,"comment_status":"closed","ping_status":"closed","template":"","meta":{"_monsterinsights_skip_tracking":false,"_monsterinsights_sitenote_active":false,"_monsterinsights_sitenote_note":"","_monsterinsights_sitenote_category":0,"footnotes":""},"class_list":["post-27773","page","type-page","status-publish","has-post-thumbnail","czr-hentry"],"aioseo_notices":[],"_links":{"self":[{"href":"https:\/\/fpvoleibol.pt\/fpv\/wp-json\/wp\/v2\/pages\/27773","targetHints":{"allow":["GET"]}}],"collection":[{"href":"https:\/\/fpvoleibol.pt\/fpv\/wp-json\/wp\/v2\/pages"}],"about":[{"href":"https:\/\/fpvoleibol.pt\/fpv\/wp-json\/wp\/v2\/types\/page"}],"author":[{"embeddable":true,"href":"https:\/\/fpvoleibol.pt\/fpv\/wp-json\/wp\/v2\/users\/1"}],"replies":[{"embeddable":true,"href":"https:\/\/fpvoleibol.pt\/fpv\/wp-json\/wp\/v2\/comments?post=27773"}],"version-history":[{"count":4,"href":"https:\/\/fpvoleibol.pt\/fpv\/wp-json\/wp\/v2\/pages\/27773\/revisions"}],"predecessor-version":[{"id":27777,"href":"https:\/\/fpvoleibol.pt\/fpv\/wp-json\/wp\/v2\/pages\/27773\/revisions\/27777"}],"wp:featuredmedia":[{"embeddable":true,"href":"https:\/\/fpvoleibol.pt\/fpv\/wp-json\/wp\/v2\/media\/1341"}],"wp:attachment":[{"href":"https:\/\/fpvoleibol.pt\/fpv\/wp-json\/wp\/v2\/media?parent=27773"}],"curies":[{"name":"wp","href":"https:\/\/api.w.org\/{rel}","templated":true}]}}