{"id":27364,"date":"2023-09-07T08:46:03","date_gmt":"2023-09-07T08:46:03","guid":{"rendered":"https:\/\/fpvoleibol.pt\/fpv\/?page_id=27364"},"modified":"2023-09-28T14:30:43","modified_gmt":"2023-09-28T14:30:43","slug":"taca-iberica-2023","status":"publish","type":"page","link":"https:\/\/fpvoleibol.pt\/fpv\/competicoes\/taca-iberica-2023\/","title":{"rendered":"TA\u00c7A IB\u00c9RICA 2023"},"content":{"rendered":"<p style=\"text-align: center;\"><a href=\"https:\/\/fpvoleibol.pt\/fpv\/wp-content\/uploads\/2023\/09\/taca_iberica_topo.png\"><img loading=\"lazy\" decoding=\"async\" class=\"aligncenter size-full wp-image-27365\" src=\"https:\/\/fpvoleibol.pt\/fpv\/wp-content\/uploads\/2023\/09\/taca_iberica_topo.png\" alt=\"\" width=\"639\" height=\"433\" srcset=\"https:\/\/fpvoleibol.pt\/fpv\/wp-content\/uploads\/2023\/09\/taca_iberica_topo.png 639w, https:\/\/fpvoleibol.pt\/fpv\/wp-content\/uploads\/2023\/09\/taca_iberica_topo-300x203.png 300w\" sizes=\"auto, (max-width: 639px) 100vw, 639px\" \/><\/a><\/p>\n<p>&nbsp;<\/p>\n<p style=\"text-align: justify;\">A\u00a0<strong>Ta\u00e7a Ib\u00e9rica de Voleibol<\/strong> estreia-se este ano, com a competi\u00e7\u00e3o feminina em Portugal e a masculina em Espanha.<\/p>\n<p style=\"text-align: justify;\">O Centro Cultural de Viana do Castelo, Cidade Europeia do Desporto 2023, acolheu nos dias 23 e 24 de Setembro a Ta\u00e7a Ib\u00e9rica de femininos, que colocou frente a frente as equipas portuguesas do <strong>Sporting Clube de Portugal\u00a0<\/strong>e do<strong>\u00a0Leix\u00f5es Sport Club<\/strong>\u00a0e as representantes espanholas\u00a0<strong>CV Hidramar Gran Canaria\u00a0<\/strong>e<strong>\u00a0CV Tenerife Libby\u2019s La Laguna<\/strong>, respetivamente campe\u00e3 nacional e finalista vencida da Superliga Iberdrola 2022\/2023.<\/p>\n<p style=\"text-align: center;\"><span style=\"color: #c40000;\"><strong>OS JOGOS TIVERAM TRANSMISS\u00c3O EM DIRETO NO CANAL DA<\/strong><\/span><br \/>\n<a href=\"https:\/\/youtube.com\/playlist?list=PLZj9Hth2JEaCAtp03_X79IZ4R7qTWKyHS&amp;si=MJnCmXCowol36Kg3\" target=\"_blank\" rel=\"noopener\"><img loading=\"lazy\" decoding=\"async\" class=\"aligncenter wp-image-1342\" src=\"https:\/\/fpvoleibol.pt\/fpv\/wp-content\/uploads\/2020\/09\/voleitv_.png\" alt=\"\" width=\"171\" height=\"109\" srcset=\"https:\/\/fpvoleibol.pt\/fpv\/wp-content\/uploads\/2020\/09\/voleitv_.png 512w, https:\/\/fpvoleibol.pt\/fpv\/wp-content\/uploads\/2020\/09\/voleitv_-300x191.png 300w, https:\/\/fpvoleibol.pt\/fpv\/wp-content\/uploads\/2020\/09\/voleitv_-510x326.png 510w\" sizes=\"auto, (max-width: 171px) 100vw, 171px\" \/><\/a><\/p>\n<p style=\"text-align: center;\"><span style=\"background-color: #993300; color: #ffffff;\"><strong>\u00a0 BILHETEIRA: 5\u20ac\/JOGO\u00a0<\/strong><\/span><\/p>\n<p>&nbsp;<\/p>\n<table class=\" aligncenter\" style=\"width: 80%; border-collapse: collapse;\">\n<tbody>\n<tr>\n<td style=\"width: 20%; text-align: center; background-color: #f5f5f5;\"><strong><span style=\"font-size: 12pt;\">23-09-2023<br \/>\n15h<\/span><\/strong><\/td>\n<td style=\"width: 10%; background-color: #f5f5f5;\"><span style=\"font-size: 12pt;\"><a href=\"https:\/\/fpvoleibol.pt\/fpv\/wp-content\/uploads\/2023\/09\/hidramar.png\"><img loading=\"lazy\" decoding=\"async\" class=\"aligncenter size-full wp-image-27366\" src=\"https:\/\/fpvoleibol.pt\/fpv\/wp-content\/uploads\/2023\/09\/hidramar.png\" alt=\"\" width=\"41\" height=\"50\" data-wp-editing=\"1\" \/><\/a><\/span><\/td>\n<td style=\"width: 25%; background-color: #f5f5f5;\"><strong><span style=\"font-size: 12pt;\">CV HIDRAMAR<br \/>\nGRAN CANARIA<\/span><\/strong><\/td>\n<td style=\"width: 10%; text-align: center; background-color: #f5f5f5;\"><span style=\"font-size: 12pt;\">X<\/span><\/td>\n<td style=\"width: 10%; background-color: #f5f5f5;\"><span style=\"font-size: 12pt;\"><a href=\"https:\/\/fpvoleibol.pt\/fpv\/wp-content\/uploads\/2023\/09\/leixoes.png\"><img loading=\"lazy\" decoding=\"async\" class=\"aligncenter size-full wp-image-27367\" src=\"https:\/\/fpvoleibol.pt\/fpv\/wp-content\/uploads\/2023\/09\/leixoes.png\" alt=\"\" width=\"44\" height=\"50\" \/><\/a><\/span><\/td>\n<td style=\"width: 25%; background-color: #f5f5f5;\"><strong><span style=\"font-size: 12pt;\">LEIX\u00d5ES SC<\/span><\/strong><\/td>\n<\/tr>\n<tr>\n<td style=\"width: 100%; text-align: center;\" colspan=\"6\"><span style=\"font-size: 12pt;\">3-1: 25-23 22-25 25-23 25-23<\/span><\/td>\n<\/tr>\n<tr>\n<td style=\"width: 20%; text-align: center; background-color: #f5f5f5;\"><strong><span style=\"font-size: 12pt;\">23-09-2023<br \/>\n18h<\/span><\/strong><\/td>\n<td style=\"width: 10%; background-color: #f5f5f5;\"><a href=\"https:\/\/fpvoleibol.pt\/fpv\/wp-content\/uploads\/2023\/09\/sporting.png\"><img loading=\"lazy\" decoding=\"async\" class=\"aligncenter size-full wp-image-27381\" src=\"https:\/\/fpvoleibol.pt\/fpv\/wp-content\/uploads\/2023\/09\/sporting.png\" alt=\"\" width=\"37\" height=\"50\" \/><\/a><\/td>\n<td style=\"width: 25%; background-color: #f5f5f5;\"><strong>SPORTING CP<\/strong><\/td>\n<td style=\"width: 10%; text-align: center; background-color: #f5f5f5;\"><span style=\"font-size: 12pt;\">X<\/span><\/td>\n<td style=\"width: 10%; background-color: #f5f5f5;\"><a href=\"https:\/\/fpvoleibol.pt\/fpv\/wp-content\/uploads\/2023\/09\/tenerife.png\"><img loading=\"lazy\" decoding=\"async\" class=\"aligncenter size-full wp-image-27382\" src=\"https:\/\/fpvoleibol.pt\/fpv\/wp-content\/uploads\/2023\/09\/tenerife.png\" alt=\"\" width=\"37\" height=\"50\" \/><\/a><\/td>\n<td style=\"width: 25%; background-color: #f5f5f5;\"><strong><span style=\"font-size: 12pt;\">CV TENERIFE LIBBY&#8217;S<br \/>\nLA LAGUNA<\/span><\/strong><\/td>\n<\/tr>\n<tr>\n<td style=\"width: 100%; text-align: center;\" colspan=\"6\"><span style=\"font-size: 12pt;\">3-2: 30-32 25-20 23-25 25-18 15-9<\/span><\/td>\n<\/tr>\n<\/tbody>\n<\/table>\n<p>&nbsp;<\/p>\n<table class=\" aligncenter\" style=\"width: 85.1498%; border-collapse: collapse;\">\n<tbody>\n<tr>\n<td style=\"width: 16.9834%; text-align: center; background-color: #f5f5f5;\"><strong><span style=\"font-size: 12pt;\">24-09-2023<br \/>\n15h<\/span><\/strong><\/td>\n<td style=\"width: 9.39867%; text-align: center; background-color: #f5f5f5;\"><span style=\"font-size: 12pt;\"><a href=\"https:\/\/fpvoleibol.pt\/fpv\/wp-content\/uploads\/2023\/09\/leixoes.png\"><img loading=\"lazy\" decoding=\"async\" class=\"aligncenter size-full wp-image-27367\" src=\"https:\/\/fpvoleibol.pt\/fpv\/wp-content\/uploads\/2023\/09\/leixoes.png\" alt=\"\" width=\"44\" height=\"50\" \/><\/a><\/span><\/td>\n<td style=\"width: 21.0302%; background-color: #f5f5f5;\"><strong><span style=\"font-size: 12pt;\">LEIX\u00d5ES SC<\/span><\/strong><\/td>\n<td style=\"width: 9.85736%; text-align: center; background-color: #f5f5f5;\"><span style=\"font-size: 12pt;\">X<\/span><\/td>\n<td style=\"width: 13.5003%; text-align: center; background-color: #f5f5f5;\"><a href=\"https:\/\/fpvoleibol.pt\/fpv\/wp-content\/uploads\/2023\/09\/tenerife.png\"><img loading=\"lazy\" decoding=\"async\" class=\"aligncenter size-full wp-image-27382\" src=\"https:\/\/fpvoleibol.pt\/fpv\/wp-content\/uploads\/2023\/09\/tenerife.png\" alt=\"\" width=\"37\" height=\"50\" \/><\/a><\/td>\n<td style=\"width: 40.6669%; background-color: #f5f5f5;\">\u00a0<strong><span style=\"font-size: 12pt;\">CV TENERIFE LIBBY&#8217;S<br \/>\nLA LAGUNA<\/span><\/strong><\/td>\n<\/tr>\n<tr>\n<td style=\"width: 111.437%; text-align: center;\" colspan=\"6\"><span style=\"font-size: 12pt;\">2-3: 25-20 17-25 27-25 17-25 13-15<\/span><\/td>\n<\/tr>\n<tr>\n<td style=\"width: 16.9834%; text-align: center; background-color: #f5f5f5;\"><strong><span style=\"font-size: 12pt;\">24-09-2023<br \/>\n18h<\/span><\/strong><\/td>\n<td style=\"width: 9.39867%; text-align: center; background-color: #f5f5f5;\"><span style=\"font-size: 12pt;\"><a href=\"https:\/\/fpvoleibol.pt\/fpv\/wp-content\/uploads\/2023\/09\/hidramar.png\"><img loading=\"lazy\" decoding=\"async\" class=\"aligncenter size-full wp-image-27366\" src=\"https:\/\/fpvoleibol.pt\/fpv\/wp-content\/uploads\/2023\/09\/hidramar.png\" alt=\"\" width=\"41\" height=\"50\" data-wp-editing=\"1\" \/><\/a><\/span><\/td>\n<td style=\"width: 21.0302%; background-color: #f5f5f5;\"><strong><span style=\"font-size: 12pt;\">CV HIDRAMAR<br \/>\nGRAN CANARIA<\/span><\/strong><\/td>\n<td style=\"width: 9.85736%; text-align: center; background-color: #f5f5f5;\"><span style=\"font-size: 12pt;\">X<\/span><\/td>\n<td style=\"width: 13.5003%; text-align: center; background-color: #f5f5f5;\"><a href=\"https:\/\/fpvoleibol.pt\/fpv\/wp-content\/uploads\/2023\/09\/sporting.png\"><img loading=\"lazy\" decoding=\"async\" class=\"aligncenter size-full wp-image-27381\" src=\"https:\/\/fpvoleibol.pt\/fpv\/wp-content\/uploads\/2023\/09\/sporting.png\" alt=\"\" width=\"37\" height=\"50\" \/><\/a><\/td>\n<td style=\"width: 40.6669%; background-color: #f5f5f5;\"><strong>SPORTING CP<\/strong><\/td>\n<\/tr>\n<tr>\n<td style=\"width: 111.437%; text-align: center;\" colspan=\"6\"><span style=\"font-size: 12pt;\">3-2: 31-29 19-25 17-25 25-18 15-12<\/span><\/td>\n<\/tr>\n<\/tbody>\n<\/table>\n<p style=\"text-align: center;\"><strong>CLASSIFICA\u00c7\u00c3O FINAL<br \/>\n1\u00ba<\/strong> <span style=\"font-size: 12pt;\">CV HIDRAMAR GRAN CANARIA<\/span><br \/>\n<strong>2\u00ba<\/strong> SPORTING CP<br \/>\n<strong>3\u00ba<\/strong> <span style=\"font-size: 12pt;\">CV TENERIFE LIBBY&#8217;S LA LAGUNA<\/span><br \/>\n<strong>4\u00ba<\/strong> <span style=\"font-size: 12pt;\">LEIX\u00d5ES SC<\/span><\/p>\n<p style=\"text-align: center;\"><iframe loading=\"lazy\" src=\"\/\/www.youtube.com\/embed\/zZUTyWy3JtI?si=uRiw0JgKarHCIrNN\" width=\"720\" height=\"404\" allowfullscreen=\"allowfullscreen\"><\/iframe><\/p>\n<p style=\"text-align: center;\"><a href=\"https:\/\/fpvoleibol.pt\/fpv\/wp-content\/uploads\/2023\/09\/cartaz_taca_iberica.jpg\"><img loading=\"lazy\" decoding=\"async\" class=\"aligncenter size-large wp-image-27395\" src=\"https:\/\/fpvoleibol.pt\/fpv\/wp-content\/uploads\/2023\/09\/cartaz_taca_iberica-724x1024.jpg\" alt=\"\" width=\"724\" height=\"1024\" srcset=\"https:\/\/fpvoleibol.pt\/fpv\/wp-content\/uploads\/2023\/09\/cartaz_taca_iberica-724x1024.jpg 724w, https:\/\/fpvoleibol.pt\/fpv\/wp-content\/uploads\/2023\/09\/cartaz_taca_iberica-212x300.jpg 212w, https:\/\/fpvoleibol.pt\/fpv\/wp-content\/uploads\/2023\/09\/cartaz_taca_iberica-768x1087.jpg 768w, https:\/\/fpvoleibol.pt\/fpv\/wp-content\/uploads\/2023\/09\/cartaz_taca_iberica.jpg 954w\" sizes=\"auto, (max-width: 724px) 100vw, 724px\" \/><\/a><\/p>\n<p>INFORMA\u00c7\u00c3O TA\u00c7A IB\u00c9RICA (MASCULINOS) <a href=\"https:\/\/fpvoleibol.pt\/fpv\/2023\/09\/21\/taca-iberica-masculinos-2\/\" target=\"_blank\" rel=\"noopener\">\u25ba<\/a><\/p>\n","protected":false},"excerpt":{"rendered":"<p>&nbsp; A\u00a0Ta\u00e7a Ib\u00e9rica de Voleibol estreia-se este ano, com a competi\u00e7\u00e3o feminina em Portugal e a masculina em Espanha. O Centro Cultural de Viana do Castelo, Cidade Europeia do Desporto [&hellip;]<\/p>\n","protected":false},"author":1,"featured_media":27464,"parent":1032,"menu_order":0,"comment_status":"closed","ping_status":"closed","template":"","meta":{"_monsterinsights_skip_tracking":false,"_monsterinsights_sitenote_active":false,"_monsterinsights_sitenote_note":"","_monsterinsights_sitenote_category":0,"footnotes":""},"class_list":["post-27364","page","type-page","status-publish","has-post-thumbnail","czr-hentry"],"aioseo_notices":[],"_links":{"self":[{"href":"https:\/\/fpvoleibol.pt\/fpv\/wp-json\/wp\/v2\/pages\/27364","targetHints":{"allow":["GET"]}}],"collection":[{"href":"https:\/\/fpvoleibol.pt\/fpv\/wp-json\/wp\/v2\/pages"}],"about":[{"href":"https:\/\/fpvoleibol.pt\/fpv\/wp-json\/wp\/v2\/types\/page"}],"author":[{"embeddable":true,"href":"https:\/\/fpvoleibol.pt\/fpv\/wp-json\/wp\/v2\/users\/1"}],"replies":[{"embeddable":true,"href":"https:\/\/fpvoleibol.pt\/fpv\/wp-json\/wp\/v2\/comments?post=27364"}],"version-history":[{"count":44,"href":"https:\/\/fpvoleibol.pt\/fpv\/wp-json\/wp\/v2\/pages\/27364\/revisions"}],"predecessor-version":[{"id":28057,"href":"https:\/\/fpvoleibol.pt\/fpv\/wp-json\/wp\/v2\/pages\/27364\/revisions\/28057"}],"up":[{"embeddable":true,"href":"https:\/\/fpvoleibol.pt\/fpv\/wp-json\/wp\/v2\/pages\/1032"}],"wp:featuredmedia":[{"embeddable":true,"href":"https:\/\/fpvoleibol.pt\/fpv\/wp-json\/wp\/v2\/media\/27464"}],"wp:attachment":[{"href":"https:\/\/fpvoleibol.pt\/fpv\/wp-json\/wp\/v2\/media?parent=27364"}],"curies":[{"name":"wp","href":"https:\/\/api.w.org\/{rel}","templated":true}]}}