{"id":271,"date":"2020-01-29T14:30:29","date_gmt":"2020-01-29T14:30:29","guid":{"rendered":"https:\/\/fpvoleibol.pt\/fpv\/?page_id=271"},"modified":"2026-03-12T12:16:18","modified_gmt":"2026-03-12T12:16:18","slug":"historia-em-portugal","status":"publish","type":"page","link":"https:\/\/fpvoleibol.pt\/fpv\/menu-voleibol\/historia-em-portugal\/","title":{"rendered":"Hist\u00f3ria do Voleibol em Portugal"},"content":{"rendered":"<p style=\"font-weight: 400;\"><img loading=\"lazy\" decoding=\"async\" class=\"alignleft\" src=\"https:\/\/www.fpvoleibol.pt\/historia\/hist001.jpg\" alt=\"\" width=\"342\" height=\"166\" \/>O Voleibol foi introduzido em Portugal pelas tropas norte-americanas que estiveram estacionadas nas ilhas dos A\u00e7ores durante a 1\u00aa Grande Guerra Mundial. O Eng\u00ba Ant\u00f3nio Cavaco, natural de S. Miguel, teve um papel preponderante na divulga\u00e7\u00e3o do Voleibol quando veio para Lisboa cursar engenharia, nomeadamente nas Escolas Superiores e Faculdades, com mais incid\u00eancia na Associa\u00e7\u00e3o de Estudantes do Instituto Superior T\u00e9cnico, equipa que dominaria a modalidade at\u00e9 aos anos sessenta.<\/p>\n<p style=\"font-weight: 400;\">A Associa\u00e7\u00e3o crist\u00e3 da Mocidade (A.C.M.), ramo portugu\u00eas do Y.M.C.A., teve igualmente uma ac\u00e7\u00e3o relevante na difus\u00e3o do voleibol em Portugal e a ela se deve a publica\u00e7\u00e3o do primeiro livro de regras, bem como a sua contribui\u00e7\u00e3o para a funda\u00e7\u00e3o da Associa\u00e7\u00e3o de Voleibol de Lisboa, que seria fundada em 28 de Dezembro de 1938, presidida por Jos\u00e9 Morgado Rosa.<\/p>\n<p style=\"font-weight: 400;\">O primeiro Clube a ser oficialmente filiado foi o Campolide Atl\u00e9tico Clube, juntamente com a Associa\u00e7\u00e3o Crist\u00e3 da Mocidade, Belenenses, Sporting, T\u00e9cnico, Benfica, Clube Internacional de Futebol, A.A. Instituto Comercial, A.A. faculdade de Direito, Associa\u00e7\u00e3o de Alunos do Monte Estoril e outros.<\/p>\n<p style=\"font-weight: 400;\">O primeiro torneio oficial e o primeiro Campeonato de Lisboa foram organizados pela Associa\u00e7\u00e3o de Voleibol de Lisboa em 1939\/40 e tiveram como vencedora a equipa da A.E.I.S. T\u00e9cnico.<\/p>\n<p style=\"font-weight: 400;\">Em 31 de Mar\u00e7o de 1942 o Clube Fluvial Portuense, Estrela e Vigorosa, Associa\u00e7\u00e3o Acad\u00e9mica de Espinho, Clube Portuense de Desportos, Vilanovense Futebol Clube e Sport Clube do Porto fundaram a Associa\u00e7\u00e3o de Voleibol do Porto.<\/p>\n<p style=\"font-weight: 400;\">O primeiro jogo Porto-Lisboa, realizou-se em 23 de Junho de 1946, cabendo a vit\u00f3ria a Lisboa por 2-0.<\/p>\n<p style=\"font-weight: 400;\">A Federa\u00e7\u00e3o Portuguesa de Voleibol nasceu no dia 7 de Abril de 1947 em Lisboa, sendo presidida por Guilherme Sousa Martins. A F.P.V. seria uma das fundadoras da Federa\u00e7\u00e3o Internacional de Voleibol [&#8230;]<\/p>\n<p style=\"text-align: center;\"><span style=\"font-size: 18pt; color: #003e6b;\"><strong><span style=\"font-size: 18pt;\"><a href=\"https:\/\/www.fpvoleibol.pt\/historia\/historia_voleibol_portugal_2025.pdf\" target=\"_blank\" rel=\"noopener noreferrer\"><img loading=\"lazy\" decoding=\"async\" class=\"aligncenter\" src=\"https:\/\/www.fpvoleibol.pt\/fpv\/imagens\/icon-pdf__.jpg\" alt=\"\" width=\"180\" height=\"180\" \/><\/a><\/span>VERS\u00c3O COMPLETA [PDF]<\/strong><\/span><\/p>\n<p style=\"text-align: center;\">(em constante actualiza\u00e7\u00e3o&#8230;)<\/p>\n","protected":false},"excerpt":{"rendered":"<p>O Voleibol foi introduzido em Portugal pelas tropas norte-americanas que estiveram estacionadas nas ilhas dos A\u00e7ores durante a 1\u00aa Grande Guerra Mundial. O Eng\u00ba Ant\u00f3nio Cavaco, natural de S. Miguel, [&hellip;]<\/p>\n","protected":false},"author":1,"featured_media":0,"parent":210,"menu_order":0,"comment_status":"closed","ping_status":"closed","template":"","meta":{"_monsterinsights_skip_tracking":false,"_monsterinsights_sitenote_active":false,"_monsterinsights_sitenote_note":"","_monsterinsights_sitenote_category":0,"footnotes":""},"class_list":["post-271","page","type-page","status-publish","czr-hentry"],"aioseo_notices":[],"_links":{"self":[{"href":"https:\/\/fpvoleibol.pt\/fpv\/wp-json\/wp\/v2\/pages\/271","targetHints":{"allow":["GET"]}}],"collection":[{"href":"https:\/\/fpvoleibol.pt\/fpv\/wp-json\/wp\/v2\/pages"}],"about":[{"href":"https:\/\/fpvoleibol.pt\/fpv\/wp-json\/wp\/v2\/types\/page"}],"author":[{"embeddable":true,"href":"https:\/\/fpvoleibol.pt\/fpv\/wp-json\/wp\/v2\/users\/1"}],"replies":[{"embeddable":true,"href":"https:\/\/fpvoleibol.pt\/fpv\/wp-json\/wp\/v2\/comments?post=271"}],"version-history":[{"count":17,"href":"https:\/\/fpvoleibol.pt\/fpv\/wp-json\/wp\/v2\/pages\/271\/revisions"}],"predecessor-version":[{"id":45943,"href":"https:\/\/fpvoleibol.pt\/fpv\/wp-json\/wp\/v2\/pages\/271\/revisions\/45943"}],"up":[{"embeddable":true,"href":"https:\/\/fpvoleibol.pt\/fpv\/wp-json\/wp\/v2\/pages\/210"}],"wp:attachment":[{"href":"https:\/\/fpvoleibol.pt\/fpv\/wp-json\/wp\/v2\/media?parent=271"}],"curies":[{"name":"wp","href":"https:\/\/api.w.org\/{rel}","templated":true}]}}