{"id":25335,"date":"2023-06-13T09:10:29","date_gmt":"2023-06-13T09:10:29","guid":{"rendered":"https:\/\/fpvoleibol.pt\/fpv\/?page_id=25335"},"modified":"2023-07-05T23:24:06","modified_gmt":"2023-07-05T23:24:06","slug":"wevza-volleyball-international-tournament-2023-u19-men","status":"publish","type":"page","link":"https:\/\/fpvoleibol.pt\/fpv\/competicoes\/wevza-volleyball-international-tournament-2023-u19-men\/","title":{"rendered":"WEVZA VOLLEYBALL INTERNATIONAL TOURNAMENT 2023 &#8211; U19 MEN"},"content":{"rendered":"<p style=\"text-align: center;\"><a href=\"https:\/\/fpvoleibol.pt\/fpv\/wp-content\/uploads\/2023\/06\/banner_website_u19m_2023.jpg\"><img loading=\"lazy\" decoding=\"async\" class=\"aligncenter size-large wp-image-25336\" src=\"https:\/\/fpvoleibol.pt\/fpv\/wp-content\/uploads\/2023\/06\/banner_website_u19m_2023-1024x341.jpg\" alt=\"\" width=\"1024\" height=\"341\" srcset=\"https:\/\/fpvoleibol.pt\/fpv\/wp-content\/uploads\/2023\/06\/banner_website_u19m_2023-1024x341.jpg 1024w, https:\/\/fpvoleibol.pt\/fpv\/wp-content\/uploads\/2023\/06\/banner_website_u19m_2023-300x100.jpg 300w, https:\/\/fpvoleibol.pt\/fpv\/wp-content\/uploads\/2023\/06\/banner_website_u19m_2023-768x256.jpg 768w, https:\/\/fpvoleibol.pt\/fpv\/wp-content\/uploads\/2023\/06\/banner_website_u19m_2023.jpg 1200w\" sizes=\"auto, (max-width: 1024px) 100vw, 1024px\" \/><\/a><\/p>\n<table style=\"border-collapse: collapse; width: 100%;\">\n<tbody>\n<tr>\n<td style=\"width: 50%; background-color: #dbdbdb; text-align: center;\"><span style=\"font-size: 18pt;\"><strong>GRUPO A<\/strong><\/span><br \/>\nFran\u00e7a (FRA)<br \/>\nEspanha (ESP)<br \/>\nAlemanha (GER)<\/td>\n<td style=\"width: 50%; background-color: #dbdbdb; text-align: center;\"><span style=\"font-size: 18pt;\"><strong>GRUPO B<\/strong><\/span><br \/>\nPortugal (POR)<br \/>\nB\u00e9lgica (BEL)<br \/>\nIt\u00e1lia (ITA)<br \/>\nPa\u00edses Baixos (NED)<\/td>\n<\/tr>\n<\/tbody>\n<\/table>\n<p>&nbsp;<\/p>\n<p style=\"text-align: center;\"><span style=\"font-size: 18pt;\"><strong>JOGOS E RESULTADOS<br \/>\n<\/strong><em>Livestream de todos os jogos <a href=\"https:\/\/youtube.com\/playlist?list=PLZj9Hth2JEaAI-1DVbY8CCtye_25yYszJ\" target=\"_blank\" rel=\"noopener\">\u25ba<\/a><br \/>\nLivescores e estat\u00edsticas <a href=\"https:\/\/fpv-web.dataproject.com\/CompetitionMatches.aspx?ID=83&amp;PID=123\" target=\"_blank\" rel=\"noopener\">\u25ba<\/a><\/em><\/span><\/p>\n<table style=\"border-collapse: collapse; width: 100%;\">\n<tbody>\n<tr>\n<td style=\"width: 12.1683%; text-align: center; background-color: #dbdbdb;\"><strong>DATA<\/strong><\/td>\n<td style=\"width: 9.84765%; text-align: center; background-color: #dbdbdb;\"><strong>GRUPO<\/strong><\/td>\n<td style=\"width: 13.1834%; text-align: center; background-color: #dbdbdb;\"><strong>HORA<\/strong><\/td>\n<td style=\"width: 22.8282%; text-align: center; background-color: #dbdbdb;\"><strong>EQUIPAS<\/strong><\/td>\n<td style=\"width: 41.9724%; text-align: center; background-color: #dbdbdb;\"><strong>RESULTADO<\/strong><\/td>\n<\/tr>\n<tr>\n<td style=\"width: 12.1683%; text-align: center;\" rowspan=\"3\">01.07.2023<\/td>\n<td style=\"width: 9.84765%; text-align: center;\">A<\/td>\n<td style=\"width: 13.1834%; text-align: center;\">15H00<\/td>\n<td style=\"width: 22.8282%; text-align: center;\">FRA x GER<\/td>\n<td style=\"width: 41.9724%; text-align: center;\">3-2 (23-25, 27-25, 21-25, 25-20, 15-8)<\/td>\n<\/tr>\n<tr>\n<td style=\"width: 9.84765%; text-align: center;\">B<\/td>\n<td style=\"width: 13.1834%; text-align: center;\">18H00<\/td>\n<td style=\"width: 22.8282%; text-align: center;\">BEL x POR<\/td>\n<td style=\"width: 41.9724%; text-align: center;\">3-1 (21-25, 25-21, 25-18, 25-18)<\/td>\n<\/tr>\n<tr>\n<td style=\"width: 9.84765%; text-align: center;\">B<\/td>\n<td style=\"width: 13.1834%; text-align: center;\">21H00<\/td>\n<td style=\"width: 22.8282%; text-align: center;\">ITA x NED<\/td>\n<td style=\"width: 41.9724%; text-align: center;\">3-0 (25-13, 25-17, 25-15)<\/td>\n<\/tr>\n<tr>\n<td style=\"width: 12.1683%; text-align: center;\" rowspan=\"3\">02.07.2023<\/td>\n<td style=\"width: 9.84765%; text-align: center;\">A<\/td>\n<td style=\"width: 13.1834%; text-align: center;\">15H00<\/td>\n<td style=\"width: 22.8282%; text-align: center;\">ESP x GER<\/td>\n<td style=\"width: 41.9724%; text-align: center;\">1-3 (26-28, 19-25, 25-21, 18-25)<\/td>\n<\/tr>\n<tr>\n<td style=\"width: 9.84765%; text-align: center;\">B<\/td>\n<td style=\"width: 13.1834%; text-align: center;\">18H00<\/td>\n<td style=\"width: 22.8282%; text-align: center;\">BEL x NED<\/td>\n<td style=\"width: 41.9724%; text-align: center;\">0-3 (18-25, 21-25, 20-25)<\/td>\n<\/tr>\n<tr>\n<td style=\"width: 9.84765%; text-align: center;\">B<\/td>\n<td style=\"width: 13.1834%; text-align: center;\">21H00<\/td>\n<td style=\"width: 22.8282%; text-align: center;\">ITA x POR<\/td>\n<td style=\"width: 41.9724%; text-align: center;\">3-1 (25-17, 25-23, 16-25, 25-22)<\/td>\n<\/tr>\n<tr>\n<td style=\"width: 12.1683%; text-align: center;\" rowspan=\"3\">03.07.2023<\/td>\n<td style=\"width: 9.84765%; text-align: center;\">A<\/td>\n<td style=\"width: 13.1834%; text-align: center;\">15H00<\/td>\n<td style=\"width: 22.8282%; text-align: center;\">FRA x ESP<\/td>\n<td style=\"width: 41.9724%; text-align: center;\">3-0 (25-13, 25-19, 25-23)<\/td>\n<\/tr>\n<tr>\n<td style=\"width: 9.84765%; text-align: center;\">B<\/td>\n<td style=\"width: 13.1834%; text-align: center;\">18H00<\/td>\n<td style=\"width: 22.8282%; text-align: center;\">BEL x ITA<\/td>\n<td style=\"width: 41.9724%; text-align: center;\">0-3 (21-25, 20-25, 20-25)<\/td>\n<\/tr>\n<tr>\n<td style=\"width: 9.84765%; text-align: center;\">B<\/td>\n<td style=\"width: 13.1834%; text-align: center;\">21H00<\/td>\n<td style=\"width: 22.8282%; text-align: center;\">NED x POR<\/td>\n<td style=\"width: 41.9724%; text-align: center;\">3-1 (18-25, 25-23, 25-23, 25-18)<\/td>\n<\/tr>\n<tr>\n<td style=\"width: 12.1683%; text-align: center;\" rowspan=\"3\">04.07.2023<\/td>\n<td style=\"width: 9.84765%; text-align: center;\">5\u00ba\/6\u00ba\/7\u00ba<\/td>\n<td style=\"width: 13.1834%; text-align: center;\">15H00<\/td>\n<td style=\"width: 22.8282%; text-align: center;\">ESP\u00a0 x POR<\/td>\n<td style=\"width: 41.9724%; text-align: center;\">3-2 (18-25, 31-29, 21-25, 30-28, 15-13)<\/td>\n<\/tr>\n<tr>\n<td style=\"width: 9.84765%; text-align: center;\">SF 1<\/td>\n<td style=\"width: 13.1834%; text-align: center;\">18H00<\/td>\n<td style=\"width: 22.8282%; text-align: center;\">FRA x NED<\/td>\n<td style=\"width: 41.9724%; text-align: center;\">3-0 (25-12, 25-12, 27-25)<\/td>\n<\/tr>\n<tr>\n<td style=\"width: 9.84765%; text-align: center;\">SF 2<\/td>\n<td style=\"width: 13.1834%; text-align: center;\">21H00<\/td>\n<td style=\"width: 22.8282%; text-align: center;\">ITA x GER<\/td>\n<td style=\"width: 41.9724%; text-align: center;\">3-0 (25-20, 25-23, 25-16)<\/td>\n<\/tr>\n<tr>\n<td style=\"width: 12.1683%; text-align: center;\" rowspan=\"3\">05.07.2023<\/td>\n<td style=\"width: 9.84765%; text-align: center;\">5\u00ba\/6\u00ba\/7\u00ba<\/td>\n<td style=\"width: 13.1834%; text-align: center;\">15H00<\/td>\n<td style=\"width: 22.8282%; text-align: center;\">ESP x BEL<\/td>\n<td style=\"width: 41.9724%; text-align: center;\">3-0 (25-21, 25-14, 25-17)<\/td>\n<\/tr>\n<tr>\n<td style=\"width: 9.84765%; text-align: center;\">3\u00ba\/4\u00ba<\/td>\n<td style=\"width: 13.1834%; text-align: center;\">18H00<\/td>\n<td style=\"width: 22.8282%; text-align: center;\">NED x GER<\/td>\n<td style=\"width: 41.9724%; text-align: center;\">1-3 (20-25, 25-21, 22-25, 20-25)<\/td>\n<\/tr>\n<tr>\n<td style=\"width: 9.84765%; text-align: center;\">1\u00ba\/2\u00ba<\/td>\n<td style=\"width: 13.1834%; text-align: center;\">21H00<\/td>\n<td style=\"width: 22.8282%; text-align: center;\">FRA x ITA<\/td>\n<td style=\"width: 41.9724%; text-align: center;\">3-2 (25-23, 21-25, 24-26, 25-21, 15-10)<\/td>\n<\/tr>\n<\/tbody>\n<\/table>\n<p>&nbsp;<\/p>\n<p style=\"text-align: center;\"><span style=\"font-size: 18pt;\"><strong>GRUPO A<\/strong><\/span><\/p>\n<table style=\"border-collapse: collapse; width: 100%; height: 91px;\">\n<tbody>\n<tr style=\"height: 24px;\">\n<td style=\"width: 11.1111%; text-align: center; background-color: #dbdbdb; height: 24px;\"><strong>EQUIPA<\/strong><\/td>\n<td style=\"width: 11.1111%; text-align: center; background-color: #dbdbdb; height: 24px;\"><strong>JOGOS<\/strong><\/td>\n<td style=\"width: 11.1111%; text-align: center; background-color: #dbdbdb; height: 24px;\"><strong>VIT<\/strong><\/td>\n<td style=\"width: 11.1111%; text-align: center; background-color: #dbdbdb; height: 24px;\"><strong>DER<\/strong><\/td>\n<td style=\"width: 11.1111%; text-align: center; background-color: #dbdbdb; height: 24px;\"><strong>PTS<\/strong><\/td>\n<td style=\"width: 11.1111%; text-align: center; background-color: #dbdbdb; height: 24px;\"><strong>SETS+<\/strong><\/td>\n<td style=\"width: 11.1111%; text-align: center; background-color: #dbdbdb; height: 24px;\"><strong>SETS-<\/strong><\/td>\n<td style=\"width: 11.1111%; text-align: center; background-color: #dbdbdb; height: 24px;\"><strong>PTS+<\/strong><\/td>\n<td style=\"width: 11.1111%; text-align: center; background-color: #dbdbdb; height: 24px;\"><strong>PTS-<\/strong><\/td>\n<\/tr>\n<tr style=\"height: 19px;\">\n<td style=\"width: 11.1111%; text-align: center; height: 19px;\">Fran\u00e7a<\/td>\n<td style=\"width: 11.1111%; text-align: center; height: 19px;\">2<\/td>\n<td style=\"width: 11.1111%; text-align: center; height: 19px;\">2<\/td>\n<td style=\"width: 11.1111%; text-align: center; height: 19px;\">0<\/td>\n<td style=\"width: 11.1111%; text-align: center; height: 19px;\">5<\/td>\n<td style=\"width: 11.1111%; text-align: center; height: 19px;\">5<\/td>\n<td style=\"width: 11.1111%; text-align: center; height: 19px;\">2<\/td>\n<td style=\"width: 11.1111%; text-align: center; height: 19px;\">186<\/td>\n<td style=\"width: 11.1111%; text-align: center; height: 19px;\">158<\/td>\n<\/tr>\n<tr style=\"height: 24px;\">\n<td style=\"width: 11.1111%; text-align: center; height: 24px;\">Alemanha<\/td>\n<td style=\"width: 11.1111%; text-align: center; height: 24px;\">2<\/td>\n<td style=\"width: 11.1111%; text-align: center; height: 24px;\">1<\/td>\n<td style=\"width: 11.1111%; text-align: center; height: 24px;\">1<\/td>\n<td style=\"width: 11.1111%; text-align: center; height: 24px;\">4<\/td>\n<td style=\"width: 11.1111%; text-align: center; height: 24px;\">3<\/td>\n<td style=\"width: 11.1111%; text-align: center; height: 24px;\">4<\/td>\n<td style=\"width: 11.1111%; text-align: center; height: 24px;\">202<\/td>\n<td style=\"width: 11.1111%; text-align: center; height: 24px;\">199<\/td>\n<\/tr>\n<tr style=\"height: 24px;\">\n<td style=\"width: 11.1111%; text-align: center; height: 24px;\">Espanha<\/td>\n<td style=\"width: 11.1111%; text-align: center; height: 24px;\">2<\/td>\n<td style=\"width: 11.1111%; text-align: center; height: 24px;\">0<\/td>\n<td style=\"width: 11.1111%; text-align: center; height: 24px;\">2<\/td>\n<td style=\"width: 11.1111%; text-align: center; height: 24px;\">0<\/td>\n<td style=\"width: 11.1111%; text-align: center; height: 24px;\">1<\/td>\n<td style=\"width: 11.1111%; text-align: center; height: 24px;\">6<\/td>\n<td style=\"width: 11.1111%; text-align: center; height: 24px;\">143<\/td>\n<td style=\"width: 11.1111%; text-align: center; height: 24px;\">174<\/td>\n<\/tr>\n<\/tbody>\n<\/table>\n<p style=\"text-align: center;\"><span style=\"font-size: 18pt;\"><strong>GRUPO B<\/strong><\/span><\/p>\n<table style=\"width: 100%; border-collapse: collapse; height: 120px;\">\n<tbody>\n<tr style=\"height: 24px;\">\n<td style=\"width: 11.1111%; text-align: center; background-color: #dbdbdb; height: 24px;\"><strong>EQUIPA<\/strong><\/td>\n<td style=\"width: 11.1111%; text-align: center; background-color: #dbdbdb; height: 24px;\"><strong>JOGOS<\/strong><\/td>\n<td style=\"width: 11.1111%; text-align: center; background-color: #dbdbdb; height: 24px;\"><strong>VIT<\/strong><\/td>\n<td style=\"width: 11.1111%; text-align: center; background-color: #dbdbdb; height: 24px;\"><strong>DER<\/strong><\/td>\n<td style=\"width: 11.1111%; text-align: center; background-color: #dbdbdb; height: 24px;\"><strong>PTS<\/strong><\/td>\n<td style=\"width: 11.1111%; text-align: center; background-color: #dbdbdb; height: 24px;\"><strong>SETS+<\/strong><\/td>\n<td style=\"width: 11.1111%; text-align: center; background-color: #dbdbdb; height: 24px;\"><strong>SETS-<\/strong><\/td>\n<td style=\"width: 11.1111%; text-align: center; background-color: #dbdbdb; height: 24px;\"><strong>PTS+<\/strong><\/td>\n<td style=\"width: 11.1111%; text-align: center; background-color: #dbdbdb; height: 24px;\"><strong>PTS-<\/strong><\/td>\n<\/tr>\n<tr style=\"height: 24px;\">\n<td style=\"width: 11.1111%; text-align: center; height: 24px;\">It\u00e1lia<\/td>\n<td style=\"width: 11.1111%; text-align: center; height: 24px;\">3<\/td>\n<td style=\"width: 11.1111%; text-align: center; height: 24px;\">3<\/td>\n<td style=\"width: 11.1111%; text-align: center; height: 24px;\">0<\/td>\n<td style=\"width: 11.1111%; text-align: center; height: 24px;\">9<\/td>\n<td style=\"width: 11.1111%; text-align: center; height: 24px;\">9<\/td>\n<td style=\"width: 11.1111%; text-align: center; height: 24px;\">1<\/td>\n<td style=\"width: 11.1111%; text-align: center; height: 24px;\">241<\/td>\n<td style=\"width: 11.1111%; text-align: center; height: 24px;\">193<\/td>\n<\/tr>\n<tr style=\"height: 24px;\">\n<td style=\"width: 11.1111%; text-align: center; height: 24px;\">Pa\u00edses Baixos<\/td>\n<td style=\"width: 11.1111%; text-align: center; height: 24px;\">3<\/td>\n<td style=\"width: 11.1111%; text-align: center; height: 24px;\">2<\/td>\n<td style=\"width: 11.1111%; text-align: center; height: 24px;\">1<\/td>\n<td style=\"width: 11.1111%; text-align: center; height: 24px;\">6<\/td>\n<td style=\"width: 11.1111%; text-align: center; height: 24px;\">6<\/td>\n<td style=\"width: 11.1111%; text-align: center; height: 24px;\">4<\/td>\n<td style=\"width: 11.1111%; text-align: center; height: 24px;\">213<\/td>\n<td style=\"width: 11.1111%; text-align: center; height: 24px;\">223<\/td>\n<\/tr>\n<tr style=\"height: 24px;\">\n<td style=\"width: 11.1111%; text-align: center; height: 24px;\">B\u00e9lgica<\/td>\n<td style=\"width: 11.1111%; text-align: center; height: 24px;\">3<\/td>\n<td style=\"width: 11.1111%; text-align: center; height: 24px;\">1<\/td>\n<td style=\"width: 11.1111%; text-align: center; height: 24px;\">2<\/td>\n<td style=\"width: 11.1111%; text-align: center; height: 24px;\">3<\/td>\n<td style=\"width: 11.1111%; text-align: center; height: 24px;\">3<\/td>\n<td style=\"width: 11.1111%; text-align: center; height: 24px;\">7<\/td>\n<td style=\"width: 11.1111%; text-align: center; height: 24px;\">216<\/td>\n<td style=\"width: 11.1111%; text-align: center; height: 24px;\">232<\/td>\n<\/tr>\n<tr style=\"height: 24px;\">\n<td style=\"width: 11.1111%; text-align: center; height: 24px;\">PORTUGAL<\/td>\n<td style=\"width: 11.1111%; text-align: center; height: 24px;\">3<\/td>\n<td style=\"width: 11.1111%; text-align: center; height: 24px;\">0<\/td>\n<td style=\"width: 11.1111%; text-align: center; height: 24px;\">3<\/td>\n<td style=\"width: 11.1111%; text-align: center; height: 24px;\">0<\/td>\n<td style=\"width: 11.1111%; text-align: center; height: 24px;\">3<\/td>\n<td style=\"width: 11.1111%; text-align: center; height: 24px;\">9<\/td>\n<td style=\"width: 11.1111%; text-align: center; height: 24px;\">258<\/td>\n<td style=\"width: 11.1111%; text-align: center; height: 24px;\">280<\/td>\n<\/tr>\n<\/tbody>\n<\/table>\n<p>&nbsp;<\/p>\n<p style=\"text-align: center;\"><span style=\"font-size: 18pt;\"><strong>CLASSIFICA\u00c7\u00c3O FINAL<\/strong><\/span><\/p>\n<table style=\"width: 100%; border-collapse: collapse; border-style: none; height: 168px;\">\n<tbody>\n<tr style=\"height: 24px;\">\n<td style=\"width: 50%; text-align: right; border-style: none; height: 24px;\"><strong>1\u00ba<\/strong><\/td>\n<td style=\"width: 50%; border-style: none; height: 24px;\">\u00a0<strong>Fran\u00e7a<\/strong><\/td>\n<\/tr>\n<tr style=\"height: 24px;\">\n<td style=\"width: 50%; text-align: right; border-style: none; height: 24px;\"><strong>2\u00ba<\/strong><\/td>\n<td style=\"width: 50%; border-style: none; height: 24px;\">\u00a0It\u00e1lia<\/td>\n<\/tr>\n<tr style=\"height: 24px;\">\n<td style=\"width: 50%; text-align: right; border-style: none; height: 24px;\"><strong>3\u00ba<\/strong><\/td>\n<td style=\"width: 50%; border-style: none; height: 24px;\">\u00a0Alemanha<\/td>\n<\/tr>\n<tr style=\"height: 24px;\">\n<td style=\"width: 50%; text-align: right; border-style: none; height: 24px;\"><strong>4\u00ba<\/strong><\/td>\n<td style=\"width: 50%; border-style: none; height: 24px;\">\u00a0Pa\u00edses Baixos<\/td>\n<\/tr>\n<tr style=\"height: 24px;\">\n<td style=\"width: 50%; text-align: right; border-style: none; height: 24px;\"><strong>5\u00ba<\/strong><\/td>\n<td style=\"width: 50%; border-style: none; height: 24px;\">\u00a0Espanha<\/td>\n<\/tr>\n<tr style=\"height: 24px;\">\n<td style=\"width: 50%; text-align: right; border-style: none; height: 24px;\"><strong>6\u00ba<\/strong><\/td>\n<td style=\"width: 50%; border-style: none; height: 24px;\">\u00a0B\u00e9lgica<\/td>\n<\/tr>\n<tr style=\"height: 24px;\">\n<td style=\"width: 50%; text-align: right; border-style: none; height: 24px;\"><strong>7\u00ba<\/strong><\/td>\n<td style=\"width: 50%; border-style: none; height: 24px;\">\u00a0PORTUGAL<\/td>\n<\/tr>\n<\/tbody>\n<\/table>\n<p style=\"text-align: center;\"><span style=\"font-size: 18pt;\"><strong>PR\u00c9MIOS INDIVIDUAIS<\/strong><\/span><\/p>\n<table style=\"width: 100%; border-collapse: collapse; border-style: none; height: 168px;\">\n<tbody>\n<tr style=\"height: 24px;\">\n<td style=\"width: 50%; text-align: right; border-style: none; height: 24px;\"><strong>Melhor Pontuador:<\/strong><\/td>\n<td style=\"width: 50%; border-style: none; height: 24px;\">\u00a0Felix BAUMANN (GER)<\/td>\n<\/tr>\n<tr style=\"height: 24px;\">\n<td style=\"width: 50%; text-align: right; border-style: none; height: 24px;\"><strong>Melhor no Ataque:<\/strong><\/td>\n<td style=\"width: 50%; border-style: none; height: 24px;\">\u00a0Tommaso BAROTTO (ITA)<\/td>\n<\/tr>\n<tr style=\"height: 24px;\">\n<td style=\"width: 50%; text-align: right; border-style: none; height: 24px;\"><strong>Melhor no Bloco:<\/strong><\/td>\n<td style=\"width: 50%; border-style: none; height: 24px;\">\u00a0Felix BAUMANN (GER)<\/td>\n<\/tr>\n<tr style=\"height: 24px;\">\n<td style=\"width: 50%; text-align: right; border-style: none; height: 24px;\"><strong>Melhor no Servi\u00e7o:<\/strong><\/td>\n<td style=\"width: 50%; border-style: none; height: 24px;\">\u00a0 Saimen HAGE (NED)<\/td>\n<\/tr>\n<tr style=\"height: 24px;\">\n<td style=\"width: 50%; text-align: right; border-style: none; height: 24px;\"><strong>Melhor na Rece\u00e7\u00e3o:<\/strong><\/td>\n<td style=\"width: 50%; border-style: none; height: 24px;\">\u00a0 Mathis HENNO (FRA)<\/td>\n<\/tr>\n<tr style=\"height: 24px;\">\n<td style=\"width: 50%; text-align: right; border-style: none; height: 24px;\"><strong>MVP:<\/strong><\/td>\n<td style=\"width: 50%; border-style: none; height: 24px;\">\u00a0 Amir TIZI-OUALOU(FRA)<\/td>\n<\/tr>\n<\/tbody>\n<\/table>\n<hr \/>\n<p><strong>Mais Informa\u00e7\u00f5es:<\/strong><br \/>\nCartaz Oficial do Evento <a href=\"https:\/\/fpvoleibol.pt\/fpv\/wp-content\/uploads\/2023\/06\/poster_u19_wevza_23_dd.jpg\" target=\"_blank\" rel=\"noopener\">\u25ba<\/a><br \/>\nImagem para redes sociais (Instagram) <a href=\"https:\/\/fpvoleibol.pt\/fpv\/wp-content\/uploads\/2023\/06\/u19m_wevza_2023_insta.jpg\" target=\"_blank\" rel=\"noopener\">\u25ba<\/a>\u00a0 (Facebook) <a href=\"https:\/\/fpvoleibol.pt\/fpv\/wp-content\/uploads\/2023\/06\/u19m_wevza_web.jpg\" target=\"_blank\" rel=\"noopener\">\u25ba<\/a><br \/>\nFotos: <a href=\"https:\/\/www.facebook.com\/media\/set\/?set=a.661904069314981&amp;type=3\" target=\"_blank\" rel=\"noopener\">Dia 1\u00a0<\/a> |\u00a0 <a href=\"https:\/\/www.facebook.com\/media\/set\/?set=a.662542862584435&amp;type=3\" target=\"_blank\" rel=\"noopener\">Dia 2<\/a>\u00a0 |\u00a0 <a href=\"https:\/\/www.facebook.com\/media\/set\/?set=a.663203859185002&amp;type=3\" target=\"_blank\" rel=\"noopener\">Dia 3<\/a>\u00a0 |\u00a0 <a href=\"https:\/\/www.facebook.com\/media\/set\/?set=a.663889879116400&amp;type=3\" target=\"_blank\" rel=\"noopener\">Dia 4<\/a>\u00a0 |\u00a0 <a href=\"https:\/\/www.facebook.com\/media\/set\/?set=a.664552639050124&amp;type=3\" target=\"_blank\" rel=\"noopener\">Dia 5<\/a>\u00a0 | <a href=\"https:\/\/www.facebook.com\/media\/set\/?set=a.664782999027088&amp;type=3\" target=\"_blank\" rel=\"noopener\">Final<\/a> |\u00a0 <a href=\"https:\/\/www.facebook.com\/media\/set\/?set=a.664604629044925&amp;type=3\" target=\"_blank\" rel=\"noopener\">Encerramento<\/a><br \/>\nLiveStream dos jogos <a href=\"https:\/\/youtube.com\/playlist?list=PLZj9Hth2JEaAI-1DVbY8CCtye_25yYszJ\" target=\"_blank\" rel=\"noopener\">\u25ba<\/a><\/p>\n","protected":false},"excerpt":{"rendered":"<p>GRUPO A Fran\u00e7a (FRA) Espanha (ESP) Alemanha (GER) GRUPO B Portugal (POR) B\u00e9lgica (BEL) It\u00e1lia (ITA) Pa\u00edses Baixos (NED) &nbsp; JOGOS E RESULTADOS Livestream de todos os jogos \u25ba Livescores [&hellip;]<\/p>\n","protected":false},"author":1,"featured_media":25337,"parent":1032,"menu_order":0,"comment_status":"closed","ping_status":"closed","template":"","meta":{"_monsterinsights_skip_tracking":false,"_monsterinsights_sitenote_active":false,"_monsterinsights_sitenote_note":"","_monsterinsights_sitenote_category":0,"footnotes":""},"class_list":["post-25335","page","type-page","status-publish","has-post-thumbnail","czr-hentry"],"aioseo_notices":[],"_links":{"self":[{"href":"https:\/\/fpvoleibol.pt\/fpv\/wp-json\/wp\/v2\/pages\/25335","targetHints":{"allow":["GET"]}}],"collection":[{"href":"https:\/\/fpvoleibol.pt\/fpv\/wp-json\/wp\/v2\/pages"}],"about":[{"href":"https:\/\/fpvoleibol.pt\/fpv\/wp-json\/wp\/v2\/types\/page"}],"author":[{"embeddable":true,"href":"https:\/\/fpvoleibol.pt\/fpv\/wp-json\/wp\/v2\/users\/1"}],"replies":[{"embeddable":true,"href":"https:\/\/fpvoleibol.pt\/fpv\/wp-json\/wp\/v2\/comments?post=25335"}],"version-history":[{"count":22,"href":"https:\/\/fpvoleibol.pt\/fpv\/wp-json\/wp\/v2\/pages\/25335\/revisions"}],"predecessor-version":[{"id":26086,"href":"https:\/\/fpvoleibol.pt\/fpv\/wp-json\/wp\/v2\/pages\/25335\/revisions\/26086"}],"up":[{"embeddable":true,"href":"https:\/\/fpvoleibol.pt\/fpv\/wp-json\/wp\/v2\/pages\/1032"}],"wp:featuredmedia":[{"embeddable":true,"href":"https:\/\/fpvoleibol.pt\/fpv\/wp-json\/wp\/v2\/media\/25337"}],"wp:attachment":[{"href":"https:\/\/fpvoleibol.pt\/fpv\/wp-json\/wp\/v2\/media?parent=25335"}],"curies":[{"name":"wp","href":"https:\/\/api.w.org\/{rel}","templated":true}]}}