{"id":247,"date":"2020-01-29T10:59:52","date_gmt":"2020-01-29T10:59:52","guid":{"rendered":"https:\/\/fpvoleibol.pt\/fpv\/?page_id=247"},"modified":"2025-10-13T10:15:49","modified_gmt":"2025-10-13T09:15:49","slug":"historico-supertaca","status":"publish","type":"page","link":"https:\/\/fpvoleibol.pt\/fpv\/menu-voleibol\/historico-supertaca\/","title":{"rendered":"Hist\u00f3rico Superta\u00e7a"},"content":{"rendered":"<table style=\"width: 100%; border-collapse: collapse;\">\n<tbody>\n<tr>\n<td style=\"width: 33%; text-align: center; background-color: #f0f0f0;\"><span style=\"color: #000000;\"><strong>\u00c9POCA\/ANO<\/strong><\/span><\/td>\n<td style=\"width: 33%; text-align: center; background-color: #f0f0f0;\"><span style=\"color: #000000;\"><strong>MASCULINOS<\/strong><\/span><\/td>\n<td style=\"width: 33%; text-align: center; background-color: #f0f0f0;\"><span style=\"color: #000000;\"><strong>FEMININOS<\/strong><\/span><\/td>\n<\/tr>\n<tr>\n<td style=\"width: 33%; text-align: center;\"><span style=\"color: #000000;\">2025<br \/>\n2024<br \/>\n2023<br \/>\n2022<br \/>\n2021<br \/>\n2020<br \/>\n2019<br \/>\n2018<\/span><br \/>\n<span style=\"color: #000000;\">2017<\/span><br \/>\n<span style=\"color: #000000;\">2016<\/span><br \/>\n<span style=\"color: #000000;\">2015<\/span><br \/>\n<span style=\"color: #000000;\">2014<\/span><br \/>\n<span style=\"color: #000000;\">2013<\/span><br \/>\n<span style=\"color: #000000;\">2012<\/span><br \/>\n<span style=\"color: #000000;\">2011<\/span><br \/>\n<span style=\"color: #000000;\">2010<\/span><br \/>\n<span style=\"color: #000000;\">2001<\/span><br \/>\n<span style=\"color: #000000;\">2000<\/span><br \/>\n<span style=\"color: #000000;\">1999<\/span><br \/>\n<span style=\"color: #000000;\">1998<\/span><br \/>\n<span style=\"color: #000000;\">1997<\/span><br \/>\n<span style=\"color: #000000;\">1996<\/span><br \/>\n<span style=\"color: #000000;\">1995<\/span><br \/>\n<span style=\"color: #000000;\">1994<\/span><br \/>\n<span style=\"color: #000000;\">1993<\/span><br \/>\n<span style=\"color: #000000;\">1992<\/span><br \/>\n<span style=\"color: #000000;\">1991<\/span><br \/>\n<span style=\"color: #000000;\">1990<\/span><br \/>\n<span style=\"color: #000000;\">1989<br \/>\n1988<br \/>\n1987<br \/>\n1986<\/span><\/td>\n<td style=\"width: 33%; text-align: center;\"><span style=\"color: #000000;\"><span style=\"color: #333333;\"><span style=\"color: #000000;\"><a style=\"color: #333333;\" href=\"http:\/\/www.portugalvoleibol.com\/classificacao\/\">Sporting CP<\/a><br \/>\n<a style=\"color: #333333;\" href=\"http:\/\/www.portugalvoleibol.com\/classificacao\/2024\">Sporting CP<\/a><br \/>\n<a style=\"color: #333333;\" href=\"http:\/\/www.portugalvoleibol.com\/classificacao\/2023\">SL Benfica<\/a><br \/>\n<a style=\"color: #000000;\" href=\"http:\/\/www.portugalvoleibol.com\/classificacao\/2022\">AJ Fonte do Bastardo<\/a><\/span><br \/>\n<a style=\"color: #333333;\" href=\"http:\/\/www.portugalvoleibol.com\/classificacao\/2021\">SL Benfica<\/a><br \/>\n<a style=\"color: #333333;\" href=\"http:\/\/www.portugalvoleibol.com\/classificacao\/2020\">SL Benfica<\/a><\/span><br \/>\n<a style=\"color: #000000;\" href=\"https:\/\/www.portugalvoleibol.com\/classificacao\/2019\">SL Benfica<\/a><br \/>\nSL Benfica<\/span><br \/>\n<span style=\"color: #000000;\">SC Espinho<\/span><br \/>\n<span style=\"color: #000000;\">SL Benfica<\/span><br \/>\n<span style=\"color: #000000;\"><a style=\"color: #000000;\" href=\"http:\/\/www.fpvoleibol.pt\/noticias\/2015\/SupertacaSCEvsSLB2015.pdf\" target=\"_blank\" rel=\"noopener noreferrer\">SL Benfica<\/a><\/span><br \/>\n<span style=\"color: #000000;\"><a style=\"color: #000000;\" href=\"https:\/\/www.fpvoleibol.pt\/nacional\/14_15\/estatistica\/supertaca2014.pdf\" target=\"_blank\" rel=\"noopener noreferrer\">SL Benfica<\/a><\/span><br \/>\n<span style=\"color: #000000;\"><a style=\"color: #000000;\" href=\"http:\/\/www.fpvoleibol.pt\/noticias\/2013\/super2013ben-ajfb.pdf\" target=\"_blank\" rel=\"noopener noreferrer\">SL Benfica<\/a><\/span><br \/>\n<span style=\"color: #000000;\">SL Benfica<\/span><br \/>\n<span style=\"color: #000000;\">SL Benfica<\/span><br \/>\n<span style=\"color: #000000;\">Castelo Maia GC<\/span><br \/>\n<span style=\"color: #000000;\">Castelo Maia GC<\/span><br \/>\n<span style=\"color: #000000;\">SC Espinho<\/span><br \/>\n<span style=\"color: #000000;\">Castelo Maia GC<\/span><br \/>\n<span style=\"color: #000000;\">SC Espinho<\/span><br \/>\n<span style=\"color: #000000;\">SC Espinho<\/span><br \/>\n<span style=\"color: #000000;\">Castelo Maia GC<\/span><br \/>\n<span style=\"color: #000000;\">SC Espinho<\/span><br \/>\n<span style=\"color: #000000;\">Castelo Maia GC<\/span><br \/>\n<span style=\"color: #000000;\">Sporting CP<\/span><br \/>\n<span style=\"color: #000000;\">Sporting CP<\/span><br \/>\n<span style=\"color: #000000;\">Sporting CP<\/span><br \/>\n<span style=\"color: #000000;\">SL Benfica *<\/span><br \/>\n<span style=\"color: #000000;\">Leix\u00f5es SC<br \/>\n&#8211;<br \/>\n&#8211;<br \/>\n&#8211;<\/span><\/td>\n<td style=\"width: 33%; text-align: center;\"><span style=\"color: #000000;\"><span style=\"color: #333333;\"><a href=\"http:\/\/www.portugalvoleibol.com\/classificacao\" target=\"_blank\" rel=\"noopener\">SL Benfica<\/a><br \/>\n<a style=\"color: #333333;\" href=\"http:\/\/www.portugalvoleibol.com\/classificacao\/2024\">SL Benfica<\/a><\/span><\/span><br \/>\n<a href=\"http:\/\/www.portugalvoleibol.com\/classificacao\/2023\" target=\"_blank\" rel=\"noopener\"><span style=\"color: #000000;\">Leix\u00f5es SC<\/span><\/a><span style=\"color: #000000;\"><br \/>\n<a style=\"color: #000000;\" href=\"http:\/\/www.portugalvoleibol.com\/classificacao\/2022\">AJM | FC Porto<\/a><br \/>\n<a style=\"color: #000000;\" href=\"http:\/\/www.portugalvoleibol.com\/classificacao\/2021\">AJM | FC Porto<\/a><br \/>\n<a style=\"color: #000000;\" href=\"http:\/\/www.portugalvoleibol.com\/classificacao\/2020\">AJM | FC Porto<\/a><br \/>\n<a style=\"color: #000000;\" href=\"https:\/\/www.portugalvoleibol.com\/classificacao\/2019\">AJM | FC Porto<\/a><br \/>\n<a style=\"color: #000000;\" href=\"http:\/\/www.fpvoleibol.pt\/noticias\/2018\/lscxpv2014.pdf\" target=\"_blank\" rel=\"noopener noreferrer\">Leix\u00f5es SC<\/a><\/span><br \/>\n<span style=\"color: #000000;\">Leix\u00f5es SC<\/span><br \/>\n<span style=\"color: #000000;\">Porto V\u00f3lei 2014<\/span><br \/>\n<span style=\"color: #000000;\"><a style=\"color: #000000;\" href=\"http:\/\/www.fpvoleibol.pt\/noticias\/2015\/Supertaca2015_avcxpv.pdf\" target=\"_blank\" rel=\"noopener noreferrer\">Atl\u00e9tico VC<\/a><\/span><br \/>\n<span style=\"color: #000000;\">&#8211;<\/span><br \/>\n<span style=\"color: #000000;\">&#8211;<\/span><br \/>\n<span style=\"color: #000000;\">&#8211;<\/span><br \/>\n<span style=\"color: #000000;\">&#8211;<\/span><br \/>\n<span style=\"color: #000000;\">&#8211;<\/span><br \/>\n<span style=\"color: #000000;\">Boavista FC<\/span><br \/>\n<span style=\"color: #000000;\">Castelo Maia GC<\/span><br \/>\n<span style=\"color: #000000;\">Castelo Maia GC<\/span><br \/>\n<span style=\"color: #000000;\">Castelo Maia GC<\/span><br \/>\n<span style=\"color: #000000;\">Castelo Maia GC<\/span><br \/>\n<span style=\"color: #000000;\">Castelo Maia GC<\/span><br \/>\n<span style=\"color: #000000;\">Castelo Maia GC<\/span><br \/>\n<span style=\"color: #000000;\">Boavista FC<\/span><br \/>\n<span style=\"color: #000000;\">Boavista FC<\/span><br \/>\n<span style=\"color: #000000;\">Leix\u00f5es SC<\/span><br \/>\n<span style=\"color: #000000;\">CR Estrelas Avenida<\/span><br \/>\n<span style=\"color: #000000;\">CR Estrelas Avenida<\/span><br \/>\n<span style=\"color: #000000;\">Leix\u00f5es SC<br \/>\n&#8211;<br \/>\nSporting CP<br \/>\nLeix\u00f5es SC<\/span><\/td>\n<\/tr>\n<tr>\n<td style=\"width: 33%; text-align: left;\">* Ta\u00e7a Federa\u00e7\u00e3o<\/td>\n<td style=\"width: 33%; text-align: center;\"><\/td>\n<td style=\"width: 33%; text-align: center;\"><\/td>\n<\/tr>\n<\/tbody>\n<\/table>\n","protected":false},"excerpt":{"rendered":"<p>\u00c9POCA\/ANO MASCULINOS FEMININOS 2025 2024 2023 2022 2021 2020 2019 2018 2017 2016 2015 2014 2013 2012 2011 2010 2001 2000 1999 1998 1997 1996 1995 1994 1993 1992 1991 [&hellip;]<\/p>\n","protected":false},"author":1,"featured_media":0,"parent":210,"menu_order":0,"comment_status":"closed","ping_status":"closed","template":"","meta":{"_monsterinsights_skip_tracking":false,"_monsterinsights_sitenote_active":false,"_monsterinsights_sitenote_note":"","_monsterinsights_sitenote_category":0,"footnotes":""},"class_list":["post-247","page","type-page","status-publish","czr-hentry"],"aioseo_notices":[],"_links":{"self":[{"href":"https:\/\/fpvoleibol.pt\/fpv\/wp-json\/wp\/v2\/pages\/247","targetHints":{"allow":["GET"]}}],"collection":[{"href":"https:\/\/fpvoleibol.pt\/fpv\/wp-json\/wp\/v2\/pages"}],"about":[{"href":"https:\/\/fpvoleibol.pt\/fpv\/wp-json\/wp\/v2\/types\/page"}],"author":[{"embeddable":true,"href":"https:\/\/fpvoleibol.pt\/fpv\/wp-json\/wp\/v2\/users\/1"}],"replies":[{"embeddable":true,"href":"https:\/\/fpvoleibol.pt\/fpv\/wp-json\/wp\/v2\/comments?post=247"}],"version-history":[{"count":21,"href":"https:\/\/fpvoleibol.pt\/fpv\/wp-json\/wp\/v2\/pages\/247\/revisions"}],"predecessor-version":[{"id":43435,"href":"https:\/\/fpvoleibol.pt\/fpv\/wp-json\/wp\/v2\/pages\/247\/revisions\/43435"}],"up":[{"embeddable":true,"href":"https:\/\/fpvoleibol.pt\/fpv\/wp-json\/wp\/v2\/pages\/210"}],"wp:attachment":[{"href":"https:\/\/fpvoleibol.pt\/fpv\/wp-json\/wp\/v2\/media?parent=247"}],"curies":[{"name":"wp","href":"https:\/\/api.w.org\/{rel}","templated":true}]}}