{"id":23759,"date":"2023-04-12T16:41:39","date_gmt":"2023-04-12T16:41:39","guid":{"rendered":"https:\/\/fpvoleibol.pt\/fpv\/?page_id=23759"},"modified":"2023-04-12T16:47:16","modified_gmt":"2023-04-12T16:47:16","slug":"imprensa","status":"publish","type":"page","link":"https:\/\/fpvoleibol.pt\/fpv\/competicoes\/imprensa\/","title":{"rendered":"IMPRENSA &#8211; ACREDITA\u00c7\u00c3O PARA EVENTOS"},"content":{"rendered":"<p style=\"text-align: center;\"><a href=\"https:\/\/fpvoleibol.pt\/fpv\/wp-content\/uploads\/2023\/04\/banner_acreditacao_fpv1.png\"><img loading=\"lazy\" decoding=\"async\" class=\"aligncenter wp-image-23767 size-large\" src=\"https:\/\/fpvoleibol.pt\/fpv\/wp-content\/uploads\/2023\/04\/banner_acreditacao_fpv1-1024x272.png\" alt=\"\" width=\"1024\" height=\"272\" srcset=\"https:\/\/fpvoleibol.pt\/fpv\/wp-content\/uploads\/2023\/04\/banner_acreditacao_fpv1-1024x272.png 1024w, https:\/\/fpvoleibol.pt\/fpv\/wp-content\/uploads\/2023\/04\/banner_acreditacao_fpv1-300x80.png 300w, https:\/\/fpvoleibol.pt\/fpv\/wp-content\/uploads\/2023\/04\/banner_acreditacao_fpv1-768x204.png 768w, https:\/\/fpvoleibol.pt\/fpv\/wp-content\/uploads\/2023\/04\/banner_acreditacao_fpv1-1536x408.png 1536w, https:\/\/fpvoleibol.pt\/fpv\/wp-content\/uploads\/2023\/04\/banner_acreditacao_fpv1-2048x544.png 2048w\" sizes=\"auto, (max-width: 1024px) 100vw, 1024px\" \/><\/a><\/p>\n<p style=\"text-align: center;\"><span style=\"font-size: 24pt;\"><strong>Bem vindo(a) \u00e0 sec\u00e7\u00e3o de acredita\u00e7\u00e3o para eventos da Federa\u00e7\u00e3o Portuguesa de Voleibol.<\/strong><\/span><\/p>\n<p>&nbsp;<\/p>\n<p style=\"text-align: center;\"><span style=\"font-size: 14pt;\">Para pedir a acredita\u00e7\u00e3o, por favor aceda ao formul\u00e1rio <strong><a href=\"https:\/\/forms.gle\/gkWcaK6gfnci95iaA\" target=\"_blank\" rel=\"noopener\">AQUI \u25ba<\/a><\/strong><\/span><\/p>\n<p>&nbsp;<\/p>\n","protected":false},"excerpt":{"rendered":"<p>Bem vindo(a) \u00e0 sec\u00e7\u00e3o de acredita\u00e7\u00e3o para eventos da Federa\u00e7\u00e3o Portuguesa de Voleibol. &nbsp; Para pedir a acredita\u00e7\u00e3o, por favor aceda ao formul\u00e1rio AQUI \u25ba &nbsp;<\/p>\n","protected":false},"author":1,"featured_media":23763,"parent":1032,"menu_order":0,"comment_status":"closed","ping_status":"closed","template":"","meta":{"_monsterinsights_skip_tracking":false,"_monsterinsights_sitenote_active":false,"_monsterinsights_sitenote_note":"","_monsterinsights_sitenote_category":0,"footnotes":""},"class_list":["post-23759","page","type-page","status-publish","has-post-thumbnail","czr-hentry"],"aioseo_notices":[],"_links":{"self":[{"href":"https:\/\/fpvoleibol.pt\/fpv\/wp-json\/wp\/v2\/pages\/23759","targetHints":{"allow":["GET"]}}],"collection":[{"href":"https:\/\/fpvoleibol.pt\/fpv\/wp-json\/wp\/v2\/pages"}],"about":[{"href":"https:\/\/fpvoleibol.pt\/fpv\/wp-json\/wp\/v2\/types\/page"}],"author":[{"embeddable":true,"href":"https:\/\/fpvoleibol.pt\/fpv\/wp-json\/wp\/v2\/users\/1"}],"replies":[{"embeddable":true,"href":"https:\/\/fpvoleibol.pt\/fpv\/wp-json\/wp\/v2\/comments?post=23759"}],"version-history":[{"count":6,"href":"https:\/\/fpvoleibol.pt\/fpv\/wp-json\/wp\/v2\/pages\/23759\/revisions"}],"predecessor-version":[{"id":23769,"href":"https:\/\/fpvoleibol.pt\/fpv\/wp-json\/wp\/v2\/pages\/23759\/revisions\/23769"}],"up":[{"embeddable":true,"href":"https:\/\/fpvoleibol.pt\/fpv\/wp-json\/wp\/v2\/pages\/1032"}],"wp:featuredmedia":[{"embeddable":true,"href":"https:\/\/fpvoleibol.pt\/fpv\/wp-json\/wp\/v2\/media\/23763"}],"wp:attachment":[{"href":"https:\/\/fpvoleibol.pt\/fpv\/wp-json\/wp\/v2\/media?parent=23759"}],"curies":[{"name":"wp","href":"https:\/\/api.w.org\/{rel}","templated":true}]}}