{"id":20218,"date":"2022-10-19T16:32:27","date_gmt":"2022-10-19T16:32:27","guid":{"rendered":"https:\/\/fpvoleibol.pt\/fpv\/?page_id=20218"},"modified":"2025-08-05T15:20:26","modified_gmt":"2025-08-05T14:20:26","slug":"clubes","status":"publish","type":"page","link":"https:\/\/fpvoleibol.pt\/fpv\/documentacao\/contratos-programa\/clubes\/","title":{"rendered":"Clubes"},"content":{"rendered":"<table style=\"width: 100%;\" border=\"0\" cellspacing=\"0\">\n<tbody>\n<tr>\n<td style=\"width: 75%;\" align=\"left\" width=\"500\" height=\"45\">\u00c9poca <strong>2024-2025<\/strong><\/td>\n<td style=\"width: 25%;\" align=\"center\" width=\"50\" height=\"45\"><a href=\"https:\/\/fpvoleibol.pt\/fpv\/documentacao\/contratos-programa\/clubes-2024-2025\/\" rel=\"noopener noreferrer\"><img loading=\"lazy\" decoding=\"async\" class=\"alignnone\" src=\"https:\/\/www.fpvoleibol.pt\/documentacao\/relatorios_contas_gerencia\/2018\/pdf_blue.png\" alt=\"\" width=\"30\" height=\"35\" border=\"0\" \/><\/a><\/td>\n<\/tr>\n<tr>\n<td style=\"width: 75%;\" align=\"left\" width=\"500\" height=\"45\">\u00c9poca <strong>2023-2024<\/strong><\/td>\n<td style=\"width: 25%;\" align=\"center\" width=\"50\" height=\"45\"><a href=\"https:\/\/fpvoleibol.pt\/fpv\/documentacao\/contratos-programa\/clubes-2023-2024\/\" rel=\"noopener noreferrer\"><img loading=\"lazy\" decoding=\"async\" class=\"alignnone\" src=\"https:\/\/www.fpvoleibol.pt\/documentacao\/relatorios_contas_gerencia\/2018\/pdf_blue.png\" alt=\"\" width=\"30\" height=\"35\" border=\"0\" \/><\/a><\/td>\n<\/tr>\n<tr>\n<td style=\"width: 75%;\" align=\"left\" width=\"500\" height=\"45\">\u00c9poca <strong>2022-2023<\/strong><\/td>\n<td style=\"width: 25%;\" align=\"center\" width=\"50\" height=\"45\"><a href=\"https:\/\/fpvoleibol.pt\/fpv\/documentacao\/contratos-programa\/clubes-2022-2023\/\" rel=\"noopener noreferrer\"><img loading=\"lazy\" decoding=\"async\" class=\"alignnone\" src=\"https:\/\/www.fpvoleibol.pt\/documentacao\/relatorios_contas_gerencia\/2018\/pdf_blue.png\" alt=\"\" width=\"30\" height=\"35\" border=\"0\" \/><\/a><\/td>\n<\/tr>\n<tr>\n<td style=\"width: 75%;\" align=\"left\" width=\"500\" height=\"45\">\u00c9poca <strong>2021-2022<\/strong><\/td>\n<td style=\"width: 25%;\" align=\"center\" width=\"50\" height=\"45\"><a href=\"https:\/\/fpvoleibol.pt\/fpv\/documentacao\/contratos-programa\/clubes-2021-2022\/\" rel=\"noopener noreferrer\"><img loading=\"lazy\" decoding=\"async\" class=\"alignnone\" src=\"https:\/\/www.fpvoleibol.pt\/documentacao\/relatorios_contas_gerencia\/2018\/pdf_blue.png\" alt=\"\" width=\"30\" height=\"35\" border=\"0\" \/><\/a><\/td>\n<\/tr>\n<tr>\n<td style=\"width: 75%;\" align=\"left\" width=\"500\" height=\"45\">\u00c9poca <strong>2020-2021<\/strong><\/td>\n<td style=\"width: 25%;\" align=\"center\" width=\"50\" height=\"45\"><a href=\"https:\/\/fpvoleibol.pt\/fpv\/documentacao\/contratos-programa\/clubes-2020-2021\/\"><img loading=\"lazy\" decoding=\"async\" class=\"alignnone\" src=\"https:\/\/www.fpvoleibol.pt\/documentacao\/relatorios_contas_gerencia\/2018\/pdf_blue.png\" alt=\"\" width=\"30\" height=\"35\" border=\"0\" \/><\/a><\/td>\n<\/tr>\n<tr>\n<td style=\"width: 75%;\" align=\"left\" width=\"500\" height=\"45\">\u00c9poca <strong>2019-2020<\/strong><\/td>\n<td style=\"width: 25%;\" align=\"center\" width=\"50\" height=\"45\"><a href=\"https:\/\/fpvoleibol.pt\/fpv\/documentacao\/contratos-programa\/clubes-2019-2020\/\"><img loading=\"lazy\" decoding=\"async\" class=\"alignnone\" src=\"https:\/\/www.fpvoleibol.pt\/documentacao\/relatorios_contas_gerencia\/2018\/pdf_blue.png\" alt=\"\" width=\"30\" height=\"35\" border=\"0\" \/><\/a><\/td>\n<\/tr>\n<tr>\n<td style=\"width: 75%;\" align=\"left\" width=\"500\" height=\"45\">\u00c9poca <strong>2018-2019<\/strong><\/td>\n<td style=\"width: 25%;\" align=\"center\" width=\"50\" height=\"45\"><a href=\"https:\/\/fpvoleibol.pt\/fpv\/documentacao\/contratos-programa\/clubes-2018-2019\/\"><img loading=\"lazy\" decoding=\"async\" class=\"alignnone\" src=\"https:\/\/www.fpvoleibol.pt\/documentacao\/relatorios_contas_gerencia\/2018\/pdf_blue.png\" alt=\"\" width=\"30\" height=\"35\" border=\"0\" \/><\/a><\/td>\n<\/tr>\n<tr>\n<td style=\"width: 75%;\" align=\"left\" width=\"500\" height=\"45\">\u00c9pocas <strong>2010 a 2018<\/strong><\/td>\n<td style=\"width: 25%;\" align=\"center\" width=\"50\" height=\"45\"><a href=\"https:\/\/www.fpvoleibol.pt\/documentacao\/contratos_programa\/contratos_programa_clubes.php\"><img loading=\"lazy\" decoding=\"async\" class=\"alignnone\" src=\"https:\/\/www.fpvoleibol.pt\/documentacao\/relatorios_contas_gerencia\/2018\/pdf_blue.png\" alt=\"\" width=\"30\" height=\"35\" border=\"0\" \/><\/a><\/td>\n<\/tr>\n<\/tbody>\n<\/table>\n","protected":false},"excerpt":{"rendered":"<p>\u00c9poca 2024-2025 \u00c9poca 2023-2024 \u00c9poca 2022-2023 \u00c9poca 2021-2022 \u00c9poca 2020-2021 \u00c9poca 2019-2020 \u00c9poca 2018-2019 \u00c9pocas 2010 a 2018<\/p>\n","protected":false},"author":1,"featured_media":0,"parent":439,"menu_order":0,"comment_status":"closed","ping_status":"closed","template":"","meta":{"_monsterinsights_skip_tracking":false,"_monsterinsights_sitenote_active":false,"_monsterinsights_sitenote_note":"","_monsterinsights_sitenote_category":0,"footnotes":""},"class_list":["post-20218","page","type-page","status-publish","czr-hentry"],"aioseo_notices":[],"_links":{"self":[{"href":"https:\/\/fpvoleibol.pt\/fpv\/wp-json\/wp\/v2\/pages\/20218","targetHints":{"allow":["GET"]}}],"collection":[{"href":"https:\/\/fpvoleibol.pt\/fpv\/wp-json\/wp\/v2\/pages"}],"about":[{"href":"https:\/\/fpvoleibol.pt\/fpv\/wp-json\/wp\/v2\/types\/page"}],"author":[{"embeddable":true,"href":"https:\/\/fpvoleibol.pt\/fpv\/wp-json\/wp\/v2\/users\/1"}],"replies":[{"embeddable":true,"href":"https:\/\/fpvoleibol.pt\/fpv\/wp-json\/wp\/v2\/comments?post=20218"}],"version-history":[{"count":6,"href":"https:\/\/fpvoleibol.pt\/fpv\/wp-json\/wp\/v2\/pages\/20218\/revisions"}],"predecessor-version":[{"id":41959,"href":"https:\/\/fpvoleibol.pt\/fpv\/wp-json\/wp\/v2\/pages\/20218\/revisions\/41959"}],"up":[{"embeddable":true,"href":"https:\/\/fpvoleibol.pt\/fpv\/wp-json\/wp\/v2\/pages\/439"}],"wp:attachment":[{"href":"https:\/\/fpvoleibol.pt\/fpv\/wp-json\/wp\/v2\/media?parent=20218"}],"curies":[{"name":"wp","href":"https:\/\/api.w.org\/{rel}","templated":true}]}}