{"id":1875,"date":"2020-10-19T16:46:33","date_gmt":"2020-10-19T15:46:33","guid":{"rendered":"https:\/\/fpvoleibol.pt\/fpv\/?page_id=1875"},"modified":"2022-10-03T10:41:53","modified_gmt":"2022-10-03T10:41:53","slug":"data-volley","status":"publish","type":"page","link":"https:\/\/fpvoleibol.pt\/fpv\/formacao\/data-volley\/","title":{"rendered":"DATA VOLLEY 2022"},"content":{"rendered":"<p style=\"text-align: center;\"><a href=\"https:\/\/fpvoleibol.pt\/fpv\/wp-content\/uploads\/2022\/09\/titulo_datavolley22.png\"><img loading=\"lazy\" decoding=\"async\" class=\"aligncenter wp-image-19693 size-full\" src=\"https:\/\/fpvoleibol.pt\/fpv\/wp-content\/uploads\/2022\/09\/titulo_datavolley22.png\" alt=\"\" width=\"800\" height=\"208\" srcset=\"https:\/\/fpvoleibol.pt\/fpv\/wp-content\/uploads\/2022\/09\/titulo_datavolley22.png 800w, https:\/\/fpvoleibol.pt\/fpv\/wp-content\/uploads\/2022\/09\/titulo_datavolley22-300x78.png 300w, https:\/\/fpvoleibol.pt\/fpv\/wp-content\/uploads\/2022\/09\/titulo_datavolley22-768x200.png 768w\" sizes=\"auto, (max-width: 800px) 100vw, 800px\" \/><\/a><\/p>\n<p style=\"text-align: center;\"><a href=\"https:\/\/fpvoleibol.pt\/fpv\/wp-content\/uploads\/2022\/09\/acao_formacao_datavolley22.png\"><img loading=\"lazy\" decoding=\"async\" class=\"aligncenter wp-image-19694 size-full\" src=\"https:\/\/fpvoleibol.pt\/fpv\/wp-content\/uploads\/2022\/09\/acao_formacao_datavolley22.png\" alt=\"\" width=\"800\" height=\"114\" srcset=\"https:\/\/fpvoleibol.pt\/fpv\/wp-content\/uploads\/2022\/09\/acao_formacao_datavolley22.png 800w, https:\/\/fpvoleibol.pt\/fpv\/wp-content\/uploads\/2022\/09\/acao_formacao_datavolley22-300x43.png 300w, https:\/\/fpvoleibol.pt\/fpv\/wp-content\/uploads\/2022\/09\/acao_formacao_datavolley22-768x109.png 768w\" sizes=\"auto, (max-width: 800px) 100vw, 800px\" \/><\/a><\/p>\n<table class=\" aligncenter\" style=\"width: 100%; border-collapse: collapse;\" cellspacing=\"0\" cellpadding=\"0\">\n<tbody>\n<tr>\n<td style=\"text-align: justify; width: 99.855%;\" colspan=\"3\"><span style=\"color: #333333;\">Ao mais alto n\u00edvel, o estudo do advers\u00e1rio e da nossa equipa tem uma especificidade que ainda pouco conquistou o nosso campeonato e falar de Estat\u00edstica \u00e9 falar de alto n\u00edvel, pois esta assume-se como a ferramenta mais importante de trabalho ao visar a evolu\u00e7\u00e3o e desenvolvimento das capacidades dos atletas.<br \/>\n<\/span><br \/>\n<span style=\"color: #333333;\">O uso de sistemas inform\u00e1ticos de an\u00e1lise e de instrumentos estat\u00edsticos no Voleibol, nomeadamente o Data Volley, mormente na capta\u00e7\u00e3o da leitura do rendimento individual e coletivo dos atletas ser\u00e1 apresentado por experientes formadores.<\/span><\/td>\n<\/tr>\n<tr>\n<td style=\"text-align: center; width: 33.285%;\" colspan=\"2\"><span style=\"color: #333333;\"><a href=\"https:\/\/fpvoleibol.pt\/fpv\/wp-content\/uploads\/2022\/09\/programa_datavolley_ese2022.pdf\" target=\"_blank\" rel=\"noopener\"><img loading=\"lazy\" decoding=\"async\" class=\"aligncenter wp-image-19695\" src=\"https:\/\/fpvoleibol.pt\/fpv\/wp-content\/uploads\/2022\/09\/programa_datavolley22.png\" alt=\"\" width=\"350\" height=\"118\" \/><\/a><\/span><\/td>\n<td style=\"text-align: center; width: 33.285%;\"><span style=\"color: #333333;\"><a href=\"https:\/\/forms.gle\/4Q6RxMEXNMqw6fE5A\" target=\"_blank\" rel=\"noopener\"><img loading=\"lazy\" decoding=\"async\" class=\"aligncenter wp-image-19696\" src=\"https:\/\/fpvoleibol.pt\/fpv\/wp-content\/uploads\/2022\/09\/formulario_datavolley22.png\" alt=\"\" width=\"350\" height=\"118\" \/><\/a><\/span><\/td>\n<\/tr>\n<\/tbody>\n<\/table>\n<p><img loading=\"lazy\" decoding=\"async\" class=\"aligncenter wp-image-19697 size-full\" src=\"https:\/\/fpvoleibol.pt\/fpv\/wp-content\/uploads\/2022\/09\/inscricao_datavolley22.png\" alt=\"\" width=\"799\" height=\"91\" srcset=\"https:\/\/fpvoleibol.pt\/fpv\/wp-content\/uploads\/2022\/09\/inscricao_datavolley22.png 799w, https:\/\/fpvoleibol.pt\/fpv\/wp-content\/uploads\/2022\/09\/inscricao_datavolley22-300x34.png 300w, https:\/\/fpvoleibol.pt\/fpv\/wp-content\/uploads\/2022\/09\/inscricao_datavolley22-768x87.png 768w\" sizes=\"auto, (max-width: 799px) 100vw, 799px\" \/><\/p>\n<p>&nbsp;<\/p>\n<hr \/>\n<p style=\"text-align: center;\"><a href=\"https:\/\/fpvoleibol.pt\/fpv\/wp-content\/uploads\/2022\/09\/poster_accao_datavolley22.jpg\"><img loading=\"lazy\" decoding=\"async\" class=\"aligncenter wp-image-19700 size-large\" src=\"https:\/\/fpvoleibol.pt\/fpv\/wp-content\/uploads\/2022\/09\/poster_accao_datavolley22-724x1024.jpg\" alt=\"\" width=\"724\" height=\"1024\" srcset=\"https:\/\/fpvoleibol.pt\/fpv\/wp-content\/uploads\/2022\/09\/poster_accao_datavolley22-724x1024.jpg 724w, https:\/\/fpvoleibol.pt\/fpv\/wp-content\/uploads\/2022\/09\/poster_accao_datavolley22-212x300.jpg 212w, https:\/\/fpvoleibol.pt\/fpv\/wp-content\/uploads\/2022\/09\/poster_accao_datavolley22-768x1086.jpg 768w, https:\/\/fpvoleibol.pt\/fpv\/wp-content\/uploads\/2022\/09\/poster_accao_datavolley22.jpg 1080w\" sizes=\"auto, (max-width: 724px) 100vw, 724px\" \/><\/a><\/p>\n","protected":false},"excerpt":{"rendered":"<p>Ao mais alto n\u00edvel, o estudo do advers\u00e1rio e da nossa equipa tem uma especificidade que ainda pouco conquistou o nosso campeonato e falar de Estat\u00edstica \u00e9 falar de alto [&hellip;]<\/p>\n","protected":false},"author":1,"featured_media":19699,"parent":4655,"menu_order":0,"comment_status":"closed","ping_status":"closed","template":"","meta":{"_monsterinsights_skip_tracking":false,"_monsterinsights_sitenote_active":false,"_monsterinsights_sitenote_note":"","_monsterinsights_sitenote_category":0,"footnotes":""},"class_list":["post-1875","page","type-page","status-publish","has-post-thumbnail","czr-hentry"],"aioseo_notices":[],"_links":{"self":[{"href":"https:\/\/fpvoleibol.pt\/fpv\/wp-json\/wp\/v2\/pages\/1875","targetHints":{"allow":["GET"]}}],"collection":[{"href":"https:\/\/fpvoleibol.pt\/fpv\/wp-json\/wp\/v2\/pages"}],"about":[{"href":"https:\/\/fpvoleibol.pt\/fpv\/wp-json\/wp\/v2\/types\/page"}],"author":[{"embeddable":true,"href":"https:\/\/fpvoleibol.pt\/fpv\/wp-json\/wp\/v2\/users\/1"}],"replies":[{"embeddable":true,"href":"https:\/\/fpvoleibol.pt\/fpv\/wp-json\/wp\/v2\/comments?post=1875"}],"version-history":[{"count":23,"href":"https:\/\/fpvoleibol.pt\/fpv\/wp-json\/wp\/v2\/pages\/1875\/revisions"}],"predecessor-version":[{"id":19764,"href":"https:\/\/fpvoleibol.pt\/fpv\/wp-json\/wp\/v2\/pages\/1875\/revisions\/19764"}],"up":[{"embeddable":true,"href":"https:\/\/fpvoleibol.pt\/fpv\/wp-json\/wp\/v2\/pages\/4655"}],"wp:featuredmedia":[{"embeddable":true,"href":"https:\/\/fpvoleibol.pt\/fpv\/wp-json\/wp\/v2\/media\/19699"}],"wp:attachment":[{"href":"https:\/\/fpvoleibol.pt\/fpv\/wp-json\/wp\/v2\/media?parent=1875"}],"curies":[{"name":"wp","href":"https:\/\/api.w.org\/{rel}","templated":true}]}}