{"id":18343,"date":"2022-08-11T23:27:53","date_gmt":"2022-08-11T23:27:53","guid":{"rendered":"https:\/\/fpvoleibol.pt\/fpv\/?page_id=18343"},"modified":"2022-08-18T00:11:27","modified_gmt":"2022-08-18T00:11:27","slug":"wevza-u19-beach-volleyball-tournament","status":"publish","type":"page","link":"https:\/\/fpvoleibol.pt\/fpv\/competicoes\/wevza-u19-beach-volleyball-tournament\/","title":{"rendered":"WEVZA U19 BEACH VOLLEYBALL TOURNAMENT"},"content":{"rendered":"<p style=\"text-align: center;\"><a href=\"https:\/\/fpvoleibol.pt\/fpv\/wp-content\/uploads\/2022\/08\/banner_wevza2022.jpg\"><img loading=\"lazy\" decoding=\"async\" class=\"aligncenter size-large wp-image-18344\" src=\"https:\/\/fpvoleibol.pt\/fpv\/wp-content\/uploads\/2022\/08\/banner_wevza2022-1024x438.jpg\" alt=\"\" width=\"1024\" height=\"438\" srcset=\"https:\/\/fpvoleibol.pt\/fpv\/wp-content\/uploads\/2022\/08\/banner_wevza2022-1024x438.jpg 1024w, https:\/\/fpvoleibol.pt\/fpv\/wp-content\/uploads\/2022\/08\/banner_wevza2022-300x128.jpg 300w, https:\/\/fpvoleibol.pt\/fpv\/wp-content\/uploads\/2022\/08\/banner_wevza2022-768x328.jpg 768w, https:\/\/fpvoleibol.pt\/fpv\/wp-content\/uploads\/2022\/08\/banner_wevza2022.jpg 1170w\" sizes=\"auto, (max-width: 1024px) 100vw, 1024px\" \/><\/a>Cortega\u00e7a organiza mais um evento internacional com a presen\u00e7a de v\u00e1rias equipas europeias provenientes dos pa\u00edses que formam a <a href=\"https:\/\/www.wevza.com\" target=\"_blank\" rel=\"noopener\">WEVZA<\/a>.<br \/>\nVem apoiar as duplas Portuguesas! Contamos contigo!<\/p>\n<p style=\"text-align: center;\"><span style=\"font-size: 14pt;\"><strong>Cortega\u00e7a stages another beach volleyball international event that counts with the presence of several European teams coming from the countries members of <a href=\"https:\/\/www.wevza.com\" target=\"_blank\" rel=\"noopener\">WEVZA<\/a>.<br \/>\n<\/strong><\/span><span style=\"font-size: 14pt;\"><strong>Come and cheer for the Portuguese teams! We count on you!<\/strong><\/span><\/p>\n<table style=\"border-collapse: collapse; width: 100%; height: 444px;\">\n<tbody>\n<tr style=\"height: 300px;\">\n<td style=\"width: 50%; text-align: center; height: 300px;\"><a href=\"https:\/\/fpvoleibol.pt\/fpv\/wp-content\/uploads\/2022\/08\/wevza_w.jpg\"><img loading=\"lazy\" decoding=\"async\" class=\"aligncenter size-full wp-image-18345\" src=\"https:\/\/fpvoleibol.pt\/fpv\/wp-content\/uploads\/2022\/08\/wevza_w.jpg\" alt=\"\" width=\"450\" height=\"300\" srcset=\"https:\/\/fpvoleibol.pt\/fpv\/wp-content\/uploads\/2022\/08\/wevza_w.jpg 450w, https:\/\/fpvoleibol.pt\/fpv\/wp-content\/uploads\/2022\/08\/wevza_w-300x200.jpg 300w\" sizes=\"auto, (max-width: 450px) 100vw, 450px\" \/><\/a><\/td>\n<td style=\"width: 50%; text-align: center; height: 300px;\"><a href=\"https:\/\/fpvoleibol.pt\/fpv\/wp-content\/uploads\/2022\/08\/wevza_m.jpg\"><img loading=\"lazy\" decoding=\"async\" class=\"aligncenter size-full wp-image-18346\" src=\"https:\/\/fpvoleibol.pt\/fpv\/wp-content\/uploads\/2022\/08\/wevza_m.jpg\" alt=\"\" width=\"450\" height=\"300\" srcset=\"https:\/\/fpvoleibol.pt\/fpv\/wp-content\/uploads\/2022\/08\/wevza_m.jpg 450w, https:\/\/fpvoleibol.pt\/fpv\/wp-content\/uploads\/2022\/08\/wevza_m-300x200.jpg 300w\" sizes=\"auto, (max-width: 450px) 100vw, 450px\" \/><\/a><\/td>\n<\/tr>\n<tr style=\"height: 144px;\">\n<td style=\"width: 50%; text-align: center; height: 144px;\"><a href=\"https:\/\/docs.google.com\/spreadsheets\/d\/e\/2PACX-1vTZdxx7pGx3oKrcRiIVVEvBC1JQaHDPaoY4wsCnZWrMwfn1g1aHjkMVZv7Z78t0i5EBYy34HC7LTnG-\/pubhtml\" target=\"_blank\" rel=\"noopener\">Hor\u00e1rios | Resultados | Classifica\u00e7\u00f5es<\/a><br \/>\n<a href=\"https:\/\/docs.google.com\/spreadsheets\/d\/e\/2PACX-1vTZdxx7pGx3oKrcRiIVVEvBC1JQaHDPaoY4wsCnZWrMwfn1g1aHjkMVZv7Z78t0i5EBYy34HC7LTnG-\/pubhtml\" target=\"_blank\" rel=\"noopener\"><strong>Schedule | Results | Classification<\/strong><\/a><\/p>\n<p>Fotos \/ Photos <a href=\"https:\/\/www.facebook.com\/fpvoleibol\" target=\"_blank\" rel=\"noopener\">Here \u25ba<\/a><br \/>\nLive Stream by Volei.TV <a href=\"https:\/\/volei.tv\/\" target=\"_blank\" rel=\"noopener\">Here \u25ba<\/a><\/td>\n<td style=\"width: 50%; text-align: center; height: 144px;\"><a href=\"https:\/\/docs.google.com\/spreadsheets\/d\/e\/2PACX-1vT8s1S1W8JSd23kZ06_zbyp3uLzyQSJZL5C9bUqyj1y_8mMuUI0-pnk0qzyuUOuakOR9bpP4lmS5bdo\/pubhtml\" target=\"_blank\" rel=\"noopener\">Hor\u00e1rios | Resultados | Classifica\u00e7\u00f5es<\/a><br \/>\n<a href=\"https:\/\/docs.google.com\/spreadsheets\/d\/e\/2PACX-1vT8s1S1W8JSd23kZ06_zbyp3uLzyQSJZL5C9bUqyj1y_8mMuUI0-pnk0qzyuUOuakOR9bpP4lmS5bdo\/pubhtml\" target=\"_blank\" rel=\"noopener\"><strong>Schedule | Results | Classification<\/strong><\/a><\/p>\n<p>Fotos \/ Photos <a href=\"https:\/\/www.facebook.com\/fpvoleibol\" target=\"_blank\" rel=\"noopener\">Here \u25ba<\/a><br \/>\nLive Stream by Volei.TV <a href=\"https:\/\/volei.tv\/\" target=\"_blank\" rel=\"noopener\">Here \u25ba<\/a><\/td>\n<\/tr>\n<\/tbody>\n<\/table>\n","protected":false},"excerpt":{"rendered":"<p>Cortega\u00e7a organiza mais um evento internacional com a presen\u00e7a de v\u00e1rias equipas europeias provenientes dos pa\u00edses que formam a WEVZA. Vem apoiar as duplas Portuguesas! Contamos contigo! Cortega\u00e7a stages another [&hellip;]<\/p>\n","protected":false},"author":1,"featured_media":18209,"parent":1032,"menu_order":0,"comment_status":"closed","ping_status":"closed","template":"","meta":{"_monsterinsights_skip_tracking":false,"_monsterinsights_sitenote_active":false,"_monsterinsights_sitenote_note":"","_monsterinsights_sitenote_category":0,"footnotes":""},"class_list":["post-18343","page","type-page","status-publish","has-post-thumbnail","czr-hentry"],"aioseo_notices":[],"_links":{"self":[{"href":"https:\/\/fpvoleibol.pt\/fpv\/wp-json\/wp\/v2\/pages\/18343","targetHints":{"allow":["GET"]}}],"collection":[{"href":"https:\/\/fpvoleibol.pt\/fpv\/wp-json\/wp\/v2\/pages"}],"about":[{"href":"https:\/\/fpvoleibol.pt\/fpv\/wp-json\/wp\/v2\/types\/page"}],"author":[{"embeddable":true,"href":"https:\/\/fpvoleibol.pt\/fpv\/wp-json\/wp\/v2\/users\/1"}],"replies":[{"embeddable":true,"href":"https:\/\/fpvoleibol.pt\/fpv\/wp-json\/wp\/v2\/comments?post=18343"}],"version-history":[{"count":7,"href":"https:\/\/fpvoleibol.pt\/fpv\/wp-json\/wp\/v2\/pages\/18343\/revisions"}],"predecessor-version":[{"id":18587,"href":"https:\/\/fpvoleibol.pt\/fpv\/wp-json\/wp\/v2\/pages\/18343\/revisions\/18587"}],"up":[{"embeddable":true,"href":"https:\/\/fpvoleibol.pt\/fpv\/wp-json\/wp\/v2\/pages\/1032"}],"wp:featuredmedia":[{"embeddable":true,"href":"https:\/\/fpvoleibol.pt\/fpv\/wp-json\/wp\/v2\/media\/18209"}],"wp:attachment":[{"href":"https:\/\/fpvoleibol.pt\/fpv\/wp-json\/wp\/v2\/media?parent=18343"}],"curies":[{"name":"wp","href":"https:\/\/api.w.org\/{rel}","templated":true}]}}