{"id":18334,"date":"2022-08-11T23:15:13","date_gmt":"2022-08-11T23:15:13","guid":{"rendered":"https:\/\/fpvoleibol.pt\/fpv\/?page_id=18334"},"modified":"2022-08-14T15:07:54","modified_gmt":"2022-08-14T15:07:54","slug":"final-gira-praia-2022","status":"publish","type":"page","link":"https:\/\/fpvoleibol.pt\/fpv\/competicoes\/final-gira-praia-2022\/","title":{"rendered":"FINAL GIRA-PRAIA 2022"},"content":{"rendered":"<p style=\"text-align: center;\"><a href=\"https:\/\/fpvoleibol.pt\/fpv\/wp-content\/uploads\/2022\/08\/banner_gp2022.jpg\"><img loading=\"lazy\" decoding=\"async\" class=\"aligncenter size-large wp-image-18335\" src=\"https:\/\/fpvoleibol.pt\/fpv\/wp-content\/uploads\/2022\/08\/banner_gp2022-1024x438.jpg\" alt=\"\" width=\"1024\" height=\"438\" srcset=\"https:\/\/fpvoleibol.pt\/fpv\/wp-content\/uploads\/2022\/08\/banner_gp2022-1024x438.jpg 1024w, https:\/\/fpvoleibol.pt\/fpv\/wp-content\/uploads\/2022\/08\/banner_gp2022-300x128.jpg 300w, https:\/\/fpvoleibol.pt\/fpv\/wp-content\/uploads\/2022\/08\/banner_gp2022-768x328.jpg 768w, https:\/\/fpvoleibol.pt\/fpv\/wp-content\/uploads\/2022\/08\/banner_gp2022.jpg 1170w\" sizes=\"auto, (max-width: 1024px) 100vw, 1024px\" \/><\/a><\/p>\n<p style=\"text-align: justify;\"><span style=\"font-size: 14pt;\">As finais do Gira-Praia 2022 s\u00e3o organizadas pela Federa\u00e7\u00e3o Portuguesa de Voleibol em colabora\u00e7\u00e3o com a C\u00e2mara Municipal de Espinho e dizem respeito aos escal\u00f5es de Sub-14, Sub-16 e Sub-18 masculinos e femininos que se disputam no fim-de-semana de 13 e 14 de Agosto na Praia Pop, em Espinho.<\/span><\/p>\n<p style=\"text-align: center;\"><span style=\"font-size: 14pt;\"><strong>Segue aqui a competi\u00e7\u00e3o e descobre os novos Campe\u00f5es do Gira-Praia 2022!<\/strong><\/span><\/p>\n<table style=\"border-collapse: collapse; width: 100%;\">\n<tbody>\n<tr>\n<td style=\"width: 33.3333%; text-align: center;\"><a href=\"https:\/\/fpvoleibol.pt\/fpv\/wp-content\/uploads\/2022\/08\/gp_14.jpg\"><span style=\"color: #333333;\"><span style=\"color: #333333;\"><img loading=\"lazy\" decoding=\"async\" class=\"aligncenter size-full wp-image-18336\" src=\"https:\/\/fpvoleibol.pt\/fpv\/wp-content\/uploads\/2022\/08\/gp_14.jpg\" alt=\"\" width=\"300\" height=\"300\" srcset=\"https:\/\/fpvoleibol.pt\/fpv\/wp-content\/uploads\/2022\/08\/gp_14.jpg 300w, https:\/\/fpvoleibol.pt\/fpv\/wp-content\/uploads\/2022\/08\/gp_14-150x150.jpg 150w\" sizes=\"auto, (max-width: 300px) 100vw, 300px\" \/><\/span><\/span><\/a><\/td>\n<td style=\"width: 33.3333%; text-align: center;\"><a href=\"https:\/\/fpvoleibol.pt\/fpv\/wp-content\/uploads\/2022\/08\/gp_16.jpg\"><span style=\"color: #333333;\"><span style=\"color: #333333;\"><img loading=\"lazy\" decoding=\"async\" class=\"aligncenter size-full wp-image-18337\" src=\"https:\/\/fpvoleibol.pt\/fpv\/wp-content\/uploads\/2022\/08\/gp_16.jpg\" alt=\"\" width=\"300\" height=\"300\" srcset=\"https:\/\/fpvoleibol.pt\/fpv\/wp-content\/uploads\/2022\/08\/gp_16.jpg 300w, https:\/\/fpvoleibol.pt\/fpv\/wp-content\/uploads\/2022\/08\/gp_16-150x150.jpg 150w\" sizes=\"auto, (max-width: 300px) 100vw, 300px\" \/><\/span><\/span><\/a><\/td>\n<td style=\"width: 33.3333%; text-align: center;\"><a href=\"https:\/\/fpvoleibol.pt\/fpv\/wp-content\/uploads\/2022\/08\/gp_18.jpg\"><span style=\"color: #333333;\"><span style=\"color: #333333;\"><img loading=\"lazy\" decoding=\"async\" class=\"aligncenter size-full wp-image-18338\" src=\"https:\/\/fpvoleibol.pt\/fpv\/wp-content\/uploads\/2022\/08\/gp_18.jpg\" alt=\"\" width=\"300\" height=\"300\" srcset=\"https:\/\/fpvoleibol.pt\/fpv\/wp-content\/uploads\/2022\/08\/gp_18.jpg 300w, https:\/\/fpvoleibol.pt\/fpv\/wp-content\/uploads\/2022\/08\/gp_18-150x150.jpg 150w\" sizes=\"auto, (max-width: 300px) 100vw, 300px\" \/><\/span><\/span><\/a><\/td>\n<\/tr>\n<tr>\n<td style=\"width: 33.3333%; text-align: center;\"><strong>MASCULINOS<\/strong><br \/>\n<a href=\"https:\/\/docs.google.com\/spreadsheets\/d\/e\/2PACX-1vQlj7u7hTxrHWZeAwg3aZ9hFTpG9KUqKizbUsuj5dAqyYcLDfiPSG574wC17T413OpXh8FcA5x1nhgy\/pubhtml\" target=\"_blank\" rel=\"noopener\">Duplas Inscritas | Resultados | Classifica\u00e7\u00e3o<\/a><\/p>\n<p><strong>FEMININOS<\/strong><br \/>\n<a href=\"https:\/\/docs.google.com\/spreadsheets\/d\/e\/2PACX-1vQZXBQ0qJjh0ToZBBLLG2aMkcV94W1BUPLvNC_vKEpF0PD8FanpwHG_fk_lHzfo2Z5xbo5dbFYhZN0c\/pubhtml\" target=\"_blank\" rel=\"noopener\">Duplas Inscritas | Resultados | Classifica\u00e7\u00e3o<\/a><\/td>\n<td style=\"width: 33.3333%; text-align: center;\"><strong>MASCULINOS<\/strong><br \/>\n<a href=\"https:\/\/docs.google.com\/spreadsheets\/d\/e\/2PACX-1vSatuuP642Y-ha-A_ohk1OW_sYHGt0E78T5wOo3sl4STGisAEBVfQ9SOwJ47z3jQ1P3deyx9G0XE-w1\/pubhtml\" target=\"_blank\" rel=\"noopener\">Duplas Inscritas | Resultados | Classifica\u00e7\u00e3o<\/a><\/p>\n<p><strong>FEMININOS<\/strong><br \/>\n<a href=\"https:\/\/docs.google.com\/spreadsheets\/d\/e\/2PACX-1vS2ji26IpmNV6lUgbbMTOjzzrlmSiQflAmEe53Z4BOEfYGUfzhHNYV5hvbRpRyyHEJlJet5ibhWAp94\/pubhtml\" target=\"_blank\" rel=\"noopener\">Duplas Inscritas | Resultados | Classifica\u00e7\u00e3o<\/a><\/td>\n<td style=\"width: 33.3333%; text-align: center;\"><strong>MASCULINOS<\/strong><br \/>\n<a href=\"https:\/\/docs.google.com\/spreadsheets\/d\/e\/2PACX-1vQq_q_tuEmCwLK77mia25VlR2fHpa5tqkMeXDMT4-msodFjRWpJu5f27IJ66gcCEzszXmCe7Uezy4x0\/pubhtml\" target=\"_blank\" rel=\"noopener\">Duplas Inscritas | Resultados | Classifica\u00e7\u00e3o<\/a><\/p>\n<p><strong>FEMININOS<\/strong><br \/>\n<a href=\"https:\/\/docs.google.com\/spreadsheets\/d\/e\/2PACX-1vTbHMEKO45TeIZh-7fdnlaBN4s-5WCuaOxFBAtZQH91PPsA23MxZz5_VOkaBGe2mbLpsA7VuYZhzMLz\/pubhtml\" target=\"_blank\" rel=\"noopener\">Duplas Inscritas | Resultados | Classifica\u00e7\u00e3o<\/a><\/td>\n<\/tr>\n<\/tbody>\n<\/table>\n","protected":false},"excerpt":{"rendered":"<p>As finais do Gira-Praia 2022 s\u00e3o organizadas pela Federa\u00e7\u00e3o Portuguesa de Voleibol em colabora\u00e7\u00e3o com a C\u00e2mara Municipal de Espinho e dizem respeito aos escal\u00f5es de Sub-14, Sub-16 e Sub-18 [&hellip;]<\/p>\n","protected":false},"author":1,"featured_media":18085,"parent":1032,"menu_order":0,"comment_status":"closed","ping_status":"closed","template":"","meta":{"_monsterinsights_skip_tracking":false,"_monsterinsights_sitenote_active":false,"_monsterinsights_sitenote_note":"","_monsterinsights_sitenote_category":0,"footnotes":""},"class_list":["post-18334","page","type-page","status-publish","has-post-thumbnail","czr-hentry"],"aioseo_notices":[],"_links":{"self":[{"href":"https:\/\/fpvoleibol.pt\/fpv\/wp-json\/wp\/v2\/pages\/18334","targetHints":{"allow":["GET"]}}],"collection":[{"href":"https:\/\/fpvoleibol.pt\/fpv\/wp-json\/wp\/v2\/pages"}],"about":[{"href":"https:\/\/fpvoleibol.pt\/fpv\/wp-json\/wp\/v2\/types\/page"}],"author":[{"embeddable":true,"href":"https:\/\/fpvoleibol.pt\/fpv\/wp-json\/wp\/v2\/users\/1"}],"replies":[{"embeddable":true,"href":"https:\/\/fpvoleibol.pt\/fpv\/wp-json\/wp\/v2\/comments?post=18334"}],"version-history":[{"count":6,"href":"https:\/\/fpvoleibol.pt\/fpv\/wp-json\/wp\/v2\/pages\/18334\/revisions"}],"predecessor-version":[{"id":18470,"href":"https:\/\/fpvoleibol.pt\/fpv\/wp-json\/wp\/v2\/pages\/18334\/revisions\/18470"}],"up":[{"embeddable":true,"href":"https:\/\/fpvoleibol.pt\/fpv\/wp-json\/wp\/v2\/pages\/1032"}],"wp:featuredmedia":[{"embeddable":true,"href":"https:\/\/fpvoleibol.pt\/fpv\/wp-json\/wp\/v2\/media\/18085"}],"wp:attachment":[{"href":"https:\/\/fpvoleibol.pt\/fpv\/wp-json\/wp\/v2\/media?parent=18334"}],"curies":[{"name":"wp","href":"https:\/\/api.w.org\/{rel}","templated":true}]}}