{"id":171,"date":"2020-01-27T14:59:39","date_gmt":"2020-01-27T14:59:39","guid":{"rendered":"https:\/\/fpvoleibol.pt\/fpv\/?page_id=171"},"modified":"2026-01-15T14:38:11","modified_gmt":"2026-01-15T14:38:11","slug":"revista-o-voleibol","status":"publish","type":"page","link":"https:\/\/fpvoleibol.pt\/fpv\/fpv\/revista-o-voleibol\/","title":{"rendered":"Revista &#8220;O Voleibol&#8221;"},"content":{"rendered":"<p style=\"text-align: center;\"><span style=\"font-size: 14pt; color: #003e6b;\"><strong>&#8220;O VOLEIBOL&#8221; &#8211; ESTATUTO EDITORIAL<\/strong><\/span><\/p>\n<p style=\"text-align: justify;\">A Revista \u201cO Voleibol\u201d \u00e9 uma publica\u00e7\u00e3o oficial da Federa\u00e7\u00e3o Portuguesa de Voleibol, que existe desde dezembro de 2001, destinada a publicar conte\u00fados relacionados com a modalidade do Voleibol, de forma independente e respeitando todos os direitos e deveres da liberdade de express\u00e3o e de informa\u00e7\u00e3o, de acordo com a Constitui\u00e7\u00e3o da Rep\u00fablica Portuguesa.<\/p>\n<p style=\"text-align: justify;\">A revista \u201cO Voleibol\u201d pretende ser uma publica\u00e7\u00e3o de refer\u00eancia no mundo do Voleibol e procura promover a divulga\u00e7\u00e3o da modalidade em todo o Pa\u00eds.<\/p>\n<p style=\"text-align: justify;\">A revista \u201cO Voleibol\u201d \u00e9 pluralista, tratando por igual clubes, jogadores, treinadores, dirigentes e demais agentes do desporto.<\/p>\n<p style=\"text-align: justify;\">A revista \u201cO Voleibol\u201d \u00e9 publicada semestralmente, on-line, e est\u00e1 acess\u00edvel na p\u00e1gina\/sitio da internet da Federa\u00e7\u00e3o Portuguesa de Voleibol em https:\/\/www.fpvoleibol.pt\/revistas.<\/p>\n<div align=\"center\">\n<div style=\"display: inline-block; text-align: center;\"><a href=\"https:\/\/www.fpvoleibol.pt\/revistas\/32_o_voleibol_jul_dez25\/index.html\"><img loading=\"lazy\" decoding=\"async\" class=\"aligncenter\" src=\"https:\/\/www.fpvoleibol.pt\/revistas\/32JUL25-DEZ25.png\" width=\"260\" height=\"450\" \/><\/a><span style=\"font-family: inherit; font-size: inherit;\">Julho-Dezembro 2025<\/span><\/div>\n<div style=\"display: inline-block; text-align: center;\"><a href=\"https:\/\/www.fpvoleibol.pt\/revistas\/31_o_voleibol_jan_jun25\/index.html\"><img loading=\"lazy\" decoding=\"async\" class=\"aligncenter\" src=\"https:\/\/www.fpvoleibol.pt\/revistas\/31JAN25-JUN25.png\" width=\"260\" height=\"450\" \/><\/a><span style=\"font-family: inherit; font-size: inherit;\">Janeiro-Junho 2025<\/span><\/div>\n<div style=\"display: inline-block; text-align: center;\"><a href=\"https:\/\/www.fpvoleibol.pt\/revistas\/30_o_voleibol_jul_dez24\/index.html\"><img loading=\"lazy\" decoding=\"async\" class=\"aligncenter\" src=\"https:\/\/www.fpvoleibol.pt\/revistas\/30JUL24-DEZ24.png\" width=\"260\" height=\"450\" \/><\/a><span style=\"font-family: inherit; font-size: inherit;\">Julho-Dezembro 2024<\/span><\/div>\n<div style=\"display: inline-block; text-align: center;\"><a href=\"https:\/\/www.fpvoleibol.pt\/revistas\/29_o_voleibol_jan_jun24\/index.html\"><img loading=\"lazy\" decoding=\"async\" class=\"aligncenter\" src=\"https:\/\/www.fpvoleibol.pt\/revistas\/29JAN24-JUN24.png\" width=\"260\" height=\"450\" \/><\/a><span style=\"font-family: inherit; font-size: inherit;\">Janeiro-Junho 2024<\/span><\/div>\n<div style=\"display: inline-block; text-align: center;\"><a href=\"https:\/\/www.fpvoleibol.pt\/revistas\/28_o_voleibol_jul_dez23\/index.html\"><img loading=\"lazy\" decoding=\"async\" class=\"aligncenter\" src=\"https:\/\/www.fpvoleibol.pt\/revistas\/28JUL23-DEZ23.png\" width=\"260\" height=\"450\" \/><\/a><span style=\"font-family: inherit; font-size: inherit;\">Julho-Dezembro 2023<\/span><\/div>\n<div style=\"display: inline-block; text-align: center;\"><a href=\"https:\/\/www.fpvoleibol.pt\/revistas\/27_o_voleibol_jan_jun23\/index.html\"><img loading=\"lazy\" decoding=\"async\" class=\"aligncenter\" src=\"https:\/\/www.fpvoleibol.pt\/revistas\/27JAN23-JUN23.png\" width=\"260\" height=\"450\" \/><\/a><span style=\"font-family: inherit; font-size: inherit;\">Janeiro-Junho 2023<\/span><\/div>\n<div style=\"display: inline-block; text-align: center;\"><a href=\"https:\/\/www.fpvoleibol.pt\/revistas\/26_o_voleibol_jul_dez22\/index.html\"><img loading=\"lazy\" decoding=\"async\" class=\"aligncenter\" src=\"https:\/\/www.fpvoleibol.pt\/revistas\/26JUL22-DEZ22.png\" width=\"260\" height=\"450\" \/><\/a><span style=\"font-family: inherit; font-size: inherit;\">Julho-Dezembro 2022<\/span><\/div>\n<div style=\"display: inline-block; text-align: center;\"><a href=\"https:\/\/www.fpvoleibol.pt\/revistas\/25_o_voleibol_jan_jun22\/index.html\"><img loading=\"lazy\" decoding=\"async\" class=\"aligncenter\" src=\"https:\/\/www.fpvoleibol.pt\/revistas\/25JAN22-JUN22.png\" width=\"260\" height=\"450\" \/><\/a><span style=\"font-family: inherit; font-size: inherit;\">Janeiro-Junho 2022<\/span><\/div>\n<div style=\"display: inline-block; text-align: center;\"><a href=\"https:\/\/www.fpvoleibol.pt\/revistas\/24_o_voleibol_jul_dez21\/index.html\"><img loading=\"lazy\" decoding=\"async\" class=\"aligncenter\" src=\"https:\/\/www.fpvoleibol.pt\/revistas\/24JUL21-DEZ21.png\" width=\"260\" height=\"450\" \/><\/a><span style=\"font-family: inherit; font-size: inherit;\">Julho-Dezembro 2021<\/span><\/div>\n<div style=\"display: inline-block; text-align: center;\"><a href=\"https:\/\/www.fpvoleibol.pt\/revistas\/23_o_voleibol_jan_jun21\/index.html\"><img loading=\"lazy\" decoding=\"async\" class=\"aligncenter\" src=\"https:\/\/www.fpvoleibol.pt\/revistas\/23JAN21-JUN21.png\" width=\"260\" height=\"450\" \/><\/a><span style=\"font-family: inherit; font-size: inherit;\">Janeiro-Junho 2021<\/span><\/div>\n<div style=\"display: inline-block; text-align: center;\"><a href=\"https:\/\/www.fpvoleibol.pt\/revistas\/22_o_voleibol_ago_dez20\/index.html\"><img loading=\"lazy\" decoding=\"async\" class=\"aligncenter\" src=\"https:\/\/www.fpvoleibol.pt\/revistas\/22AGO20-DEZ20_.png\" width=\"260\" height=\"450\" \/><\/a><span style=\"font-family: inherit; font-size: inherit;\">Agosto-Dezembro 2020<\/span><\/div>\n<div style=\"display: inline-block; text-align: center;\"><a href=\"https:\/\/www.fpvoleibol.pt\/revistas\/21_o_voleibol_jan_jul20\/index.html\"><img loading=\"lazy\" decoding=\"async\" class=\"aligncenter\" src=\"https:\/\/www.fpvoleibol.pt\/revistas\/21JAN20-JUL20_.png\" width=\"260\" height=\"450\" \/><\/a><span style=\"font-family: inherit; font-size: inherit;\">Janeiro-Julho 2020<\/span><\/div>\n<div style=\"display: inline-block; text-align: center;\"><a href=\"https:\/\/www.fpvoleibol.pt\/revistas\/20_o_voleibol_ago_dez19\/index.html\"><img loading=\"lazy\" decoding=\"async\" class=\"aligncenter\" src=\"https:\/\/www.fpvoleibol.pt\/revistas\/20AGO19-DEZ19_.png\" width=\"260\" height=\"450\" \/><\/a><span style=\"font-family: inherit; font-size: inherit;\">Agosto-Dezembro 2019<\/span><\/div>\n<div style=\"display: inline-block; text-align: center;\"><a href=\"https:\/\/www.fpvoleibol.pt\/revistas\/19_o_voleibol_jan_jul19\/index.html\"><img loading=\"lazy\" decoding=\"async\" class=\"aligncenter\" src=\"https:\/\/www.fpvoleibol.pt\/revistas\/19JAN19-JUL19_.png\" width=\"260\" height=\"450\" \/><\/a><span style=\"font-family: inherit; font-size: inherit;\">Janeiro-Julho 2019<\/span><\/div>\n<div style=\"display: inline-block; text-align: center;\"><a href=\"https:\/\/www.fpvoleibol.pt\/revistas\/18_o_voleibol_jul_dez18\/index.html\"><img loading=\"lazy\" decoding=\"async\" class=\"aligncenter\" src=\"https:\/\/www.fpvoleibol.pt\/revistas\/18JUL18-DEZ18_.png\" width=\"260\" height=\"450\" \/><\/a><span style=\"font-family: inherit; font-size: inherit;\">Julho-Dezembro 2018<\/span><\/div>\n<div style=\"display: inline-block; text-align: center;\"><a href=\"https:\/\/www.fpvoleibol.pt\/revistas\/17_o_voleibol_jan_jun18\/index.html\"><img loading=\"lazy\" decoding=\"async\" class=\"aligncenter\" src=\"https:\/\/www.fpvoleibol.pt\/revistas\/17JAN18-JUN18_.png\" width=\"260\" height=\"450\" \/><\/a><span style=\"font-family: inherit; font-size: inherit;\">Janeiro-Junho 2018<\/span><\/div>\n<div style=\"display: inline-block; text-align: center;\"><a href=\"https:\/\/www.fpvoleibol.pt\/revistas\/16_o_voleibol_jul_dez17\/index.html\"><img decoding=\"async\" class=\"aligncenter\" src=\"https:\/\/www.fpvoleibol.pt\/revistas\/16JUL17-DEZ17_.png\" \/><\/a><span style=\"font-family: inherit; font-size: inherit;\">Julho-Dezembro 2017<\/span><\/div>\n<div style=\"display: inline-block; text-align: center;\"><a href=\"https:\/\/www.fpvoleibol.pt\/revistas\/15_o_voleibol_jan_jun17\/index.html\"><img decoding=\"async\" class=\"aligncenter\" src=\"https:\/\/www.fpvoleibol.pt\/revistas\/15JAN17-JUN17_.png\" \/><\/a><span style=\"font-family: inherit; font-size: inherit;\">Janeiro-Junho 2017<\/span><\/div>\n<div style=\"display: inline-block; text-align: center;\"><a href=\"https:\/\/www.fpvoleibol.pt\/revistas\/14_o_voleibol_ago16_dez16\/index.html\"><img decoding=\"async\" class=\"aligncenter\" src=\"https:\/\/www.fpvoleibol.pt\/revistas\/14AGO16-DEZ16_.png\" \/><\/a><span style=\"font-family: inherit; font-size: inherit;\">Agosto-Dezembro 2016<\/span><\/div>\n<div style=\"display: inline-block; text-align: center;\"><a href=\"https:\/\/www.fpvoleibol.pt\/revistas\/13_o_voleibol_jan16_jul16\/index.html\"><img decoding=\"async\" class=\"aligncenter\" src=\"https:\/\/www.fpvoleibol.pt\/revistas\/13JAN16-JUL16_.png\" \/><\/a><span style=\"font-family: inherit; font-size: inherit;\">Janeiro-Julho 2016<\/span><\/div>\n<div style=\"display: inline-block; text-align: center;\"><a href=\"https:\/\/www.fpvoleibol.pt\/revistas\/12_o_voleibol_jul15_dez15\/index.html\"><img decoding=\"async\" class=\"aligncenter\" src=\"https:\/\/www.fpvoleibol.pt\/revistas\/12JUL15-DEZ15_.png\" \/><\/a><span style=\"font-family: inherit; font-size: inherit;\">Julho-Dezembro 2015<\/span><\/div>\n<div style=\"display: inline-block; text-align: center;\"><a href=\"https:\/\/www.fpvoleibol.pt\/revistas\/11_o_voleibol_nov14_jun15\/index.html\"><img decoding=\"async\" class=\"aligncenter\" src=\"https:\/\/www.fpvoleibol.pt\/revistas\/11NOV14-JUN15_.png\" \/><\/a><span style=\"font-family: inherit; font-size: inherit;\">Novembro 2014-Junho 2015<\/span><\/div>\n<div style=\"display: inline-block; text-align: center;\"><a href=\"https:\/\/www.fpvoleibol.pt\/revistas\/10_o_voleibol_mai-out14\/index.html\"><img decoding=\"async\" class=\"aligncenter\" src=\"https:\/\/www.fpvoleibol.pt\/revistas\/10MAI14-OUT14_.png\" \/><\/a><span style=\"font-family: inherit; font-size: inherit;\">Maio-Outubro 2014<\/span><\/div>\n<div style=\"display: inline-block; text-align: center;\"><a href=\"https:\/\/www.fpvoleibol.pt\/revistas\/09_o_voleibol_nov10-mai11\/index.html\"><img decoding=\"async\" class=\"aligncenter\" src=\"https:\/\/www.fpvoleibol.pt\/revistas\/09NOV10-MAI11_.png\" \/><\/a><span style=\"font-family: inherit; font-size: inherit;\">Novembro 2010-Maio 2011<\/span><\/div>\n<div style=\"display: inline-block; text-align: center;\"><a href=\"https:\/\/www.fpvoleibol.pt\/revistas\/08_o_voleibol_jun10-out10\/index.html\"><img decoding=\"async\" class=\"aligncenter\" src=\"https:\/\/www.fpvoleibol.pt\/revistas\/08JUN10-OUT10_.png\" \/><\/a><span style=\"font-family: inherit; font-size: inherit;\">Junho-Outubro 2010<\/span><\/div>\n<div style=\"display: inline-block; text-align: center;\"><a href=\"https:\/\/www.fpvoleibol.pt\/revistas\/07_o_voleibol_dez09-mai10\/index.html\"><img decoding=\"async\" class=\"aligncenter\" src=\"https:\/\/www.fpvoleibol.pt\/revistas\/07DEZ09-MAI10_.png\" \/><\/a><span style=\"font-family: inherit; font-size: inherit;\">Dezembro 2009-Maio 2010<\/span><\/div>\n<div style=\"display: inline-block; text-align: center;\"><a href=\"https:\/\/www.fpvoleibol.pt\/revistas\/06_o_voleibol_abr09_nov09\/index.html\"><img decoding=\"async\" class=\"aligncenter\" src=\"https:\/\/www.fpvoleibol.pt\/revistas\/06ABR09-NOV09_.png\" \/><\/a><span style=\"font-family: inherit; font-size: inherit;\">Abril-Novembro 2009<\/span><\/div>\n<div style=\"display: inline-block; text-align: center;\"><a href=\"https:\/\/www.fpvoleibol.pt\/revistas\/05_o_voleibol_dez08-mar09\/index.html\"><img decoding=\"async\" class=\"aligncenter\" src=\"https:\/\/www.fpvoleibol.pt\/revistas\/05DEZ08MAR09_.png\" \/><\/a><span style=\"font-family: inherit; font-size: inherit;\">Dezembro 2008-Mar\u00e7o 2009<\/span><\/div>\n<div style=\"display: inline-block; text-align: center;\"><a href=\"https:\/\/www.fpvoleibol.pt\/revistas\/04_o_voleibol_jul08-nov08\/index.html\"><img decoding=\"async\" class=\"aligncenter\" src=\"https:\/\/www.fpvoleibol.pt\/revistas\/04JUL08NOV08_.png\" \/><\/a><span style=\"font-family: inherit; font-size: inherit;\">Julho-Novembro 2008<\/span><\/div>\n<div style=\"display: inline-block; text-align: center;\"><a href=\"https:\/\/www.fpvoleibol.pt\/revistas\/03_o_voleibol_nov07-abr08\/index.html\"><img decoding=\"async\" class=\"aligncenter\" src=\"https:\/\/www.fpvoleibol.pt\/revistas\/03NOV07ABR08_.png\" \/><\/a><span style=\"font-family: inherit; font-size: inherit;\">Novembro 2007-Abril 2008<\/span><\/div>\n<div style=\"display: inline-block; text-align: center;\"><a href=\"https:\/\/www.fpvoleibol.pt\/revistas\/02_o_voleibol_jul07-out07\/index.html\"><img decoding=\"async\" class=\"aligncenter\" src=\"https:\/\/www.fpvoleibol.pt\/revistas\/02JUL07OUT07_.png\" \/><\/a><span style=\"font-family: inherit; font-size: inherit;\">Julho-Outubro 2007<\/span><\/div>\n<div style=\"display: inline-block; text-align: center;\"><a href=\"https:\/\/www.fpvoleibol.pt\/revistas\/01_o_voleibol_abr07-jun07\/index.html\"><img decoding=\"async\" class=\"aligncenter\" src=\"https:\/\/www.fpvoleibol.pt\/revistas\/01ABR07JUN07_.png\" \/><\/a><span style=\"font-family: inherit; font-size: inherit;\">Abril-Junho 2007<\/span><\/div>\n<div style=\"display: inline-block; text-align: center;\"><a href=\"https:\/\/www.fpvoleibol.pt\/revistas\/antigas\/i15JAN07MAR07.jpg\"><img decoding=\"async\" class=\"aligncenter\" src=\"https:\/\/www.fpvoleibol.pt\/revistas\/antigas\/15JAN07MAR07_.png\" \/><\/a><span style=\"font-family: inherit; font-size: inherit;\">Janeiro-Mar\u00e7o 2007<\/span><\/div>\n<div style=\"display: inline-block; text-align: center;\"><a href=\"https:\/\/www.fpvoleibol.pt\/revistas\/antigas\/i14AGO06-DEZ06.jpg\"><img decoding=\"async\" class=\"aligncenter\" src=\"https:\/\/www.fpvoleibol.pt\/revistas\/antigas\/14AGO06-DEZ06_.png\" \/><\/a><span style=\"font-family: inherit; font-size: inherit;\">Agosto-Dezembro 2006<\/span><\/div>\n<div style=\"display: inline-block; text-align: center;\"><a href=\"https:\/\/www.fpvoleibol.pt\/revistas\/antigas\/i13JUN06-JUL06.jpg\"><img decoding=\"async\" class=\"aligncenter\" src=\"https:\/\/www.fpvoleibol.pt\/revistas\/antigas\/13JUN06-JUL06_.png\" \/><\/a><span style=\"font-family: inherit; font-size: inherit;\">Junho-Julho 2006<\/span><\/div>\n<div style=\"display: inline-block; text-align: center;\"><a href=\"https:\/\/www.fpvoleibol.pt\/revistas\/antigas\/i12JAN06-MAR06.jpg\"><img decoding=\"async\" class=\"aligncenter\" src=\"https:\/\/www.fpvoleibol.pt\/revistas\/antigas\/12JAN06-MAR06_.png\" \/><\/a><span style=\"font-family: inherit; font-size: inherit;\">Janeiro-Mar\u00e7o 2006<\/span><\/div>\n<div style=\"display: inline-block; text-align: center;\"><a href=\"https:\/\/www.fpvoleibol.pt\/revistas\/antigas\/i11OUT05-DEZ05.jpg\"><img decoding=\"async\" class=\"aligncenter\" src=\"https:\/\/www.fpvoleibol.pt\/revistas\/antigas\/11OUT05-DEZ05_.png\" \/><\/a><span style=\"font-family: inherit; font-size: inherit;\">Outubro-Dezembro 2005<\/span><\/div>\n<div style=\"display: inline-block; text-align: center;\"><a href=\"https:\/\/www.fpvoleibol.pt\/revistas\/antigas\/i10JUL05-AGO05.jpg\"><img decoding=\"async\" class=\"aligncenter\" src=\"https:\/\/www.fpvoleibol.pt\/revistas\/antigas\/10JUL05-AGO05_.png\" \/><\/a><span style=\"font-family: inherit; font-size: inherit;\">Julho-Agosto 2005<\/span><\/div>\n<div style=\"display: inline-block; text-align: center;\"><a href=\"https:\/\/www.fpvoleibol.pt\/revistas\/antigas\/i09FEV05-MAR05.jpg\"><img decoding=\"async\" class=\"aligncenter\" src=\"https:\/\/www.fpvoleibol.pt\/revistas\/antigas\/09FEV05-MAR05_.png\" \/><\/a><span style=\"font-family: inherit; font-size: inherit;\">Fevereiro-Mar\u00e7o 2005<\/span><\/div>\n<div style=\"display: inline-block; text-align: center;\"><img decoding=\"async\" class=\"aligncenter\" src=\"https:\/\/www.fpvoleibol.pt\/revistas\/antigas\/08NOV04-DEZ04_.png\" \/><span style=\"font-family: inherit; font-size: inherit;\">Novembro-Dezembro 2004<\/span><\/div>\n<div style=\"display: inline-block; text-align: center;\"><img decoding=\"async\" class=\"aligncenter\" src=\"https:\/\/www.fpvoleibol.pt\/revistas\/antigas\/07JUN04-JUL04_.png\" \/><span style=\"font-family: inherit; font-size: inherit;\">Junho-Julho 2004<\/span><\/div>\n<div style=\"display: inline-block; text-align: center;\"><a href=\"https:\/\/www.fpvoleibol.pt\/revistas\/antigas\/i06MAR04-ABR04.jpg\"><img decoding=\"async\" class=\"aligncenter\" src=\"https:\/\/www.fpvoleibol.pt\/revistas\/antigas\/06MAR04-ABR04_.png\" \/><\/a><span style=\"font-family: inherit; font-size: inherit;\">Mar\u00e7o-Abril 2004<\/span><\/div>\n<div style=\"display: inline-block; text-align: center;\"><img decoding=\"async\" class=\"aligncenter\" src=\"https:\/\/www.fpvoleibol.pt\/revistas\/antigas\/05OUT03-NOV03_.png\" \/><span style=\"font-family: inherit; font-size: inherit;\">Outubro-Novembro 2003<\/span><\/div>\n<div style=\"display: inline-block; text-align: center;\"><a href=\"https:\/\/www.fpvoleibol.pt\/revistas\/antigas\/i04MAI03-JUN03.jpg\"><img decoding=\"async\" class=\"aligncenter\" src=\"https:\/\/www.fpvoleibol.pt\/revistas\/antigas\/04MAI03-JUN03_.png\" \/><\/a><span style=\"font-family: inherit; font-size: inherit;\">Maio-Junho 2003<\/span><\/div>\n<div style=\"display: inline-block; text-align: center;\"><a href=\"https:\/\/www.fpvoleibol.pt\/revistas\/antigas\/i03FEV03-MAR03.jpg\"><img decoding=\"async\" class=\"aligncenter\" src=\"https:\/\/www.fpvoleibol.pt\/revistas\/antigas\/03FEV03-MAR03_.png\" \/><\/a><span style=\"font-family: inherit; font-size: inherit;\">Fevereiro-Mar\u00e7o 2003<\/span><\/div>\n<div style=\"display: inline-block; text-align: center;\"><a href=\"https:\/\/www.fpvoleibol.pt\/revistas\/antigas\/i02NOV02-DEZ02.jpg\"><img decoding=\"async\" class=\"aligncenter\" src=\"https:\/\/www.fpvoleibol.pt\/revistas\/antigas\/02NOV02-DEZ02_.png\" \/><\/a><span style=\"font-family: inherit; font-size: inherit;\">Novembro-Dezembro 2002<\/span><\/div>\n<div style=\"display: inline-block; text-align: center;\"><a href=\"https:\/\/www.fpvoleibol.pt\/revistas\/antigas\/i01DEZ01-JAN02.jpg\"><img decoding=\"async\" class=\"aligncenter\" src=\"https:\/\/www.fpvoleibol.pt\/revistas\/antigas\/01DEZ01-JAN02_.png\" \/><\/a><span style=\"font-family: inherit; font-size: inherit;\">Dezembro 2001-Janeiro 2002<\/span><\/div>\n<p>&nbsp;<\/p>\n<\/div>\n<p style=\"text-align: center;\"><strong>Para obter um ou mais exemplares das publica\u00e7\u00f5es em suporte de papel \u00e9 favor enviar um e-mail para fpvoleibol@fpvoleibol.pt<\/strong><br \/>\n(Algumas edi\u00e7\u00f5es j\u00e1 n\u00e3o se encontram dispon\u00edveis)<\/p>\n","protected":false},"excerpt":{"rendered":"<p>&#8220;O VOLEIBOL&#8221; &#8211; ESTATUTO EDITORIAL A Revista \u201cO Voleibol\u201d \u00e9 uma publica\u00e7\u00e3o oficial da Federa\u00e7\u00e3o Portuguesa de Voleibol, que existe desde dezembro de 2001, destinada a publicar conte\u00fados relacionados com [&hellip;]<\/p>\n","protected":false},"author":1,"featured_media":0,"parent":97,"menu_order":0,"comment_status":"closed","ping_status":"closed","template":"","meta":{"_monsterinsights_skip_tracking":false,"_monsterinsights_sitenote_active":false,"_monsterinsights_sitenote_note":"","_monsterinsights_sitenote_category":0,"footnotes":""},"class_list":["post-171","page","type-page","status-publish","czr-hentry"],"aioseo_notices":[],"_links":{"self":[{"href":"https:\/\/fpvoleibol.pt\/fpv\/wp-json\/wp\/v2\/pages\/171","targetHints":{"allow":["GET"]}}],"collection":[{"href":"https:\/\/fpvoleibol.pt\/fpv\/wp-json\/wp\/v2\/pages"}],"about":[{"href":"https:\/\/fpvoleibol.pt\/fpv\/wp-json\/wp\/v2\/types\/page"}],"author":[{"embeddable":true,"href":"https:\/\/fpvoleibol.pt\/fpv\/wp-json\/wp\/v2\/users\/1"}],"replies":[{"embeddable":true,"href":"https:\/\/fpvoleibol.pt\/fpv\/wp-json\/wp\/v2\/comments?post=171"}],"version-history":[{"count":51,"href":"https:\/\/fpvoleibol.pt\/fpv\/wp-json\/wp\/v2\/pages\/171\/revisions"}],"predecessor-version":[{"id":45016,"href":"https:\/\/fpvoleibol.pt\/fpv\/wp-json\/wp\/v2\/pages\/171\/revisions\/45016"}],"up":[{"embeddable":true,"href":"https:\/\/fpvoleibol.pt\/fpv\/wp-json\/wp\/v2\/pages\/97"}],"wp:attachment":[{"href":"https:\/\/fpvoleibol.pt\/fpv\/wp-json\/wp\/v2\/media?parent=171"}],"curies":[{"name":"wp","href":"https:\/\/api.w.org\/{rel}","templated":true}]}}