{"id":16536,"date":"2022-06-07T10:42:02","date_gmt":"2022-06-07T10:42:02","guid":{"rendered":"https:\/\/fpvoleibol.pt\/fpv\/?page_id=16536"},"modified":"2025-06-23T16:14:47","modified_gmt":"2025-06-23T15:14:47","slug":"cnvp-2025-clubes","status":"publish","type":"page","link":"https:\/\/fpvoleibol.pt\/fpv\/features\/cnvp-2025-clubes\/","title":{"rendered":"CNVP 2025 &#8211; CLUBES"},"content":{"rendered":"<p style=\"text-align: center;\"><span style=\"font-size: 24pt;\"><strong>Bem vindos ao CNVP 2025 | Clubes<\/strong><\/span><\/p>\n<p style=\"text-align: center;\">O Campeonato Nacional de Voleibol de Praia de Clubes volta \u00e0s praias do nosso pa\u00eds,<br \/>\num evento sempre t\u00e3o aguardado por atletas e clubes jogado, este ano, na variante 2&#215;2 do Voleibol&#8230;<\/p>\n<p style=\"text-align: center;\"><span style=\"color: #ff6600;\"><strong>Acompanhe este campeonato em <a href=\"https:\/\/fpvoleibol.pt\/cnvpc2025\" target=\"_blank\" rel=\"noopener\">fpvoleibol.pt\/cnvpc2025 \u25ba<\/a><\/strong><\/span><\/p>\n<p style=\"text-align: center;\"><a href=\"https:\/\/fpvoleibol.pt\/fpv\/wp-content\/uploads\/2025\/06\/cartaz_cnvp_clubes_2025a.jpg\" target=\"_blank\" rel=\"noopener\"><img loading=\"lazy\" decoding=\"async\" class=\"aligncenter wp-image-40759 size-large\" src=\"https:\/\/fpvoleibol.pt\/fpv\/wp-content\/uploads\/2025\/06\/cartaz_cnvp_clubes_2025a-724x1024.jpg\" alt=\"\" width=\"724\" height=\"1024\" srcset=\"https:\/\/fpvoleibol.pt\/fpv\/wp-content\/uploads\/2025\/06\/cartaz_cnvp_clubes_2025a-724x1024.jpg 724w, https:\/\/fpvoleibol.pt\/fpv\/wp-content\/uploads\/2025\/06\/cartaz_cnvp_clubes_2025a-212x300.jpg 212w, https:\/\/fpvoleibol.pt\/fpv\/wp-content\/uploads\/2025\/06\/cartaz_cnvp_clubes_2025a-768x1086.jpg 768w, https:\/\/fpvoleibol.pt\/fpv\/wp-content\/uploads\/2025\/06\/cartaz_cnvp_clubes_2025a-1086x1536.jpg 1086w, https:\/\/fpvoleibol.pt\/fpv\/wp-content\/uploads\/2025\/06\/cartaz_cnvp_clubes_2025a.jpg 1358w\" sizes=\"auto, (max-width: 724px) 100vw, 724px\" \/><\/a><\/p>\n","protected":false},"excerpt":{"rendered":"<p>Bem vindos ao CNVP 2025 | Clubes O Campeonato Nacional de Voleibol de Praia de Clubes volta \u00e0s praias do nosso pa\u00eds, um evento sempre t\u00e3o aguardado por atletas e [&hellip;]<\/p>\n","protected":false},"author":1,"featured_media":16538,"parent":642,"menu_order":0,"comment_status":"closed","ping_status":"closed","template":"","meta":{"_monsterinsights_skip_tracking":false,"_monsterinsights_sitenote_active":false,"_monsterinsights_sitenote_note":"","_monsterinsights_sitenote_category":0,"footnotes":""},"class_list":["post-16536","page","type-page","status-publish","has-post-thumbnail","czr-hentry"],"aioseo_notices":[],"_links":{"self":[{"href":"https:\/\/fpvoleibol.pt\/fpv\/wp-json\/wp\/v2\/pages\/16536","targetHints":{"allow":["GET"]}}],"collection":[{"href":"https:\/\/fpvoleibol.pt\/fpv\/wp-json\/wp\/v2\/pages"}],"about":[{"href":"https:\/\/fpvoleibol.pt\/fpv\/wp-json\/wp\/v2\/types\/page"}],"author":[{"embeddable":true,"href":"https:\/\/fpvoleibol.pt\/fpv\/wp-json\/wp\/v2\/users\/1"}],"replies":[{"embeddable":true,"href":"https:\/\/fpvoleibol.pt\/fpv\/wp-json\/wp\/v2\/comments?post=16536"}],"version-history":[{"count":9,"href":"https:\/\/fpvoleibol.pt\/fpv\/wp-json\/wp\/v2\/pages\/16536\/revisions"}],"predecessor-version":[{"id":41044,"href":"https:\/\/fpvoleibol.pt\/fpv\/wp-json\/wp\/v2\/pages\/16536\/revisions\/41044"}],"up":[{"embeddable":true,"href":"https:\/\/fpvoleibol.pt\/fpv\/wp-json\/wp\/v2\/pages\/642"}],"wp:featuredmedia":[{"embeddable":true,"href":"https:\/\/fpvoleibol.pt\/fpv\/wp-json\/wp\/v2\/media\/16538"}],"wp:attachment":[{"href":"https:\/\/fpvoleibol.pt\/fpv\/wp-json\/wp\/v2\/media?parent=16536"}],"curies":[{"name":"wp","href":"https:\/\/api.w.org\/{rel}","templated":true}]}}