{"id":16524,"date":"2022-06-07T10:28:06","date_gmt":"2022-06-07T10:28:06","guid":{"rendered":"https:\/\/fpvoleibol.pt\/fpv\/?page_id=16524"},"modified":"2025-05-27T14:18:57","modified_gmt":"2025-05-27T13:18:57","slug":"golden-league","status":"publish","type":"page","link":"https:\/\/fpvoleibol.pt\/fpv\/features\/golden-league\/","title":{"rendered":"GOLDEN LEAGUE"},"content":{"rendered":"<p style=\"text-align: center;\"><span style=\"font-size: 18pt;\"><strong>Acompanha aqui as nossas Sele\u00e7\u00f5es Nacionais na<br \/>\n<span style=\"background-color: #b8aa72;\">\u00a0<a href=\"https:\/\/fpvoleibol.pt\/goldenleague2025m\"><span style=\"color: #ffffff;\">Golden League (Seniores Masculinos)<\/span><\/a>\u00a0<\/span> e <span style=\"background-color: #b8aa72;\">\u00a0<a href=\"https:\/\/fpvoleibol.pt\/goldenleague2025w\"><span style=\"color: #ffffff;\">Golden League (Seniores Femininos)<\/span><\/a>\u00a0<\/span><\/strong><\/span><\/p>\n<p style=\"text-align: center;\"><span style=\"font-size: 18pt; color: #ff0000;\"><strong>Os bilhetes para os jogos t\u00eam um pre\u00e7o de 5\u20ac\/jogo e est\u00e3o dispon\u00edveis online e no pavilh\u00e3o da respetiva competi\u00e7\u00e3o<\/strong><\/span><\/p>\n<table style=\"width: 100%; border-collapse: collapse; border-style: none;\">\n<tbody>\n<tr>\n<td style=\"width: 50%; text-align: center;\"><span style=\"color: #b59b4e;\">BILHETE PARA A <strong>GOLDEN LEAGUE MASCULINA<\/strong> DISPON\u00cdVEL <strong><a style=\"color: #b59b4e;\" href=\"https:\/\/smartfan.tickets\/cevgoldenleaguemen\" target=\"_blank\" rel=\"noopener\">AQUI \u25ba<\/a><\/strong><\/span><\/p>\n<p><a href=\"https:\/\/fpvoleibol.pt\/goldenleague2025m\" target=\"_blank\" rel=\"noopener\"><img loading=\"lazy\" decoding=\"async\" class=\"aligncenter wp-image-40396 size-full\" src=\"https:\/\/fpvoleibol.pt\/fpv\/wp-content\/uploads\/2025\/05\/egl_calendar_m.jpg\" alt=\"\" width=\"1280\" height=\"1920\" srcset=\"https:\/\/fpvoleibol.pt\/fpv\/wp-content\/uploads\/2025\/05\/egl_calendar_m.jpg 1280w, https:\/\/fpvoleibol.pt\/fpv\/wp-content\/uploads\/2025\/05\/egl_calendar_m-200x300.jpg 200w, https:\/\/fpvoleibol.pt\/fpv\/wp-content\/uploads\/2025\/05\/egl_calendar_m-683x1024.jpg 683w, https:\/\/fpvoleibol.pt\/fpv\/wp-content\/uploads\/2025\/05\/egl_calendar_m-768x1152.jpg 768w, https:\/\/fpvoleibol.pt\/fpv\/wp-content\/uploads\/2025\/05\/egl_calendar_m-1024x1536.jpg 1024w\" sizes=\"auto, (max-width: 1280px) 100vw, 1280px\" \/><\/a><\/td>\n<td style=\"width: 50%; border-style: none; text-align: center;\"><span style=\"color: #b59b4e;\">BILHETE PARA A <strong>GOLDEN LEAGUE FEMININA<\/strong> DISPON\u00cdVEL <strong><a style=\"color: #b59b4e;\" href=\"https:\/\/smartfan.tickets\/cevgoldenleaguewomen\" target=\"_blank\" rel=\"noopener\">AQUI \u25ba<\/a><\/strong><\/span><\/p>\n<p><a href=\"https:\/\/fpvoleibol.pt\/goldenleague2025w\" target=\"_blank\" rel=\"noopener\"><img loading=\"lazy\" decoding=\"async\" class=\"aligncenter wp-image-40397 size-full\" src=\"https:\/\/fpvoleibol.pt\/fpv\/wp-content\/uploads\/2025\/05\/egl_calendar_w.jpg\" alt=\"\" width=\"1280\" height=\"1920\" srcset=\"https:\/\/fpvoleibol.pt\/fpv\/wp-content\/uploads\/2025\/05\/egl_calendar_w.jpg 1280w, https:\/\/fpvoleibol.pt\/fpv\/wp-content\/uploads\/2025\/05\/egl_calendar_w-200x300.jpg 200w, https:\/\/fpvoleibol.pt\/fpv\/wp-content\/uploads\/2025\/05\/egl_calendar_w-683x1024.jpg 683w, https:\/\/fpvoleibol.pt\/fpv\/wp-content\/uploads\/2025\/05\/egl_calendar_w-768x1152.jpg 768w, https:\/\/fpvoleibol.pt\/fpv\/wp-content\/uploads\/2025\/05\/egl_calendar_w-1024x1536.jpg 1024w\" sizes=\"auto, (max-width: 1280px) 100vw, 1280px\" \/><\/a><\/td>\n<\/tr>\n<\/tbody>\n<\/table>\n<p style=\"text-align: center;\"><span style=\"font-size: 24pt;\"><strong>APOIA AS NOSSAS SELE\u00c7\u00d5ES!<\/strong><\/span><\/p>\n","protected":false},"excerpt":{"rendered":"<p>Acompanha aqui as nossas Sele\u00e7\u00f5es Nacionais na \u00a0Golden League (Seniores Masculinos)\u00a0 e \u00a0Golden League (Seniores Femininos)\u00a0 Os bilhetes para os jogos t\u00eam um pre\u00e7o de 5\u20ac\/jogo e est\u00e3o dispon\u00edveis online [&hellip;]<\/p>\n","protected":false},"author":1,"featured_media":40281,"parent":642,"menu_order":0,"comment_status":"closed","ping_status":"closed","template":"","meta":{"_monsterinsights_skip_tracking":false,"_monsterinsights_sitenote_active":false,"_monsterinsights_sitenote_note":"","_monsterinsights_sitenote_category":0,"footnotes":""},"class_list":["post-16524","page","type-page","status-publish","has-post-thumbnail","czr-hentry"],"aioseo_notices":[],"_links":{"self":[{"href":"https:\/\/fpvoleibol.pt\/fpv\/wp-json\/wp\/v2\/pages\/16524","targetHints":{"allow":["GET"]}}],"collection":[{"href":"https:\/\/fpvoleibol.pt\/fpv\/wp-json\/wp\/v2\/pages"}],"about":[{"href":"https:\/\/fpvoleibol.pt\/fpv\/wp-json\/wp\/v2\/types\/page"}],"author":[{"embeddable":true,"href":"https:\/\/fpvoleibol.pt\/fpv\/wp-json\/wp\/v2\/users\/1"}],"replies":[{"embeddable":true,"href":"https:\/\/fpvoleibol.pt\/fpv\/wp-json\/wp\/v2\/comments?post=16524"}],"version-history":[{"count":26,"href":"https:\/\/fpvoleibol.pt\/fpv\/wp-json\/wp\/v2\/pages\/16524\/revisions"}],"predecessor-version":[{"id":40400,"href":"https:\/\/fpvoleibol.pt\/fpv\/wp-json\/wp\/v2\/pages\/16524\/revisions\/40400"}],"up":[{"embeddable":true,"href":"https:\/\/fpvoleibol.pt\/fpv\/wp-json\/wp\/v2\/pages\/642"}],"wp:featuredmedia":[{"embeddable":true,"href":"https:\/\/fpvoleibol.pt\/fpv\/wp-json\/wp\/v2\/media\/40281"}],"wp:attachment":[{"href":"https:\/\/fpvoleibol.pt\/fpv\/wp-json\/wp\/v2\/media?parent=16524"}],"curies":[{"name":"wp","href":"https:\/\/api.w.org\/{rel}","templated":true}]}}