{"id":165,"date":"2020-01-27T14:53:22","date_gmt":"2020-01-27T14:53:22","guid":{"rendered":"https:\/\/fpvoleibol.pt\/fpv\/?page_id=165"},"modified":"2024-04-29T11:27:58","modified_gmt":"2024-04-29T11:27:58","slug":"associacoes-de-voleibol","status":"publish","type":"page","link":"https:\/\/fpvoleibol.pt\/fpv\/fpv\/associacoes-de-voleibol\/","title":{"rendered":"Associa\u00e7\u00f5es de Voleibol"},"content":{"rendered":"<p>&nbsp;<\/p>\n<p style=\"text-align: center;\"><span style=\"font-size: 14pt; color: #003e6b;\"><strong>ASSOCIA\u00c7\u00c3O DE VOLEIBOL DO ALENTEJO E ALGARVE<\/strong><\/span><br \/>\nRua Timor Lorosae, 10 | 7780-207 Castro Verde<br \/>\nTel: 286 328 605 | 969 830 408<br \/>\nE-mail: avalentejo@gmail.com | Website: www.avalentejo.pt<\/p>\n<p>&nbsp;<\/p>\n<p style=\"text-align: center;\"><span style=\"font-size: 14pt; color: #003e6b;\"><strong>ASSOCIA\u00c7\u00c3O DE VOLEIBOL DE BRAGA<\/strong><\/span><br \/>\nComplexo Desportivo Rodovia, sala 5| 4715-179 S. V\u00edtor &#8211; Braga<br \/>\nTel: 968 036 207<br \/>\nE-mail: avbraga1987@gmail.com | Website: www.avbraga.pt<\/p>\n<p>&nbsp;<\/p>\n<p style=\"text-align: center;\"><span style=\"font-size: 14pt; color: #003e6b;\"><strong>ASSOCIA\u00c7\u00c3O DE VOLEIBOL DE COIMBRA<\/strong><\/span><br \/>\nRua Helena Carrington, Lote H, Gr. G, Santa Clara | 3040-381 Coimbra<br \/>\nTel: 916 454 076<br \/>\nE-mail: avcoimbra@sapo.pt<\/p>\n<p>&nbsp;<\/p>\n<p style=\"text-align: center;\"><span style=\"font-size: 14pt; color: #003e6b;\"><strong>ASSOCIA\u00c7\u00c3O DE DESPORTOS DA ILHA DO FAIAL<\/strong><\/span><br \/>\nRua Consul Dabney, 6 R\/C | 9900-014 Horta<br \/>\nTel: 292 293 523 Fax: 292 391 738<br \/>\nE-mail: adif@sapo.pt | Website: www.adif.pt<\/p>\n<p>&nbsp;<\/p>\n<p style=\"text-align: center;\"><strong><span style=\"font-size: 14pt; color: #003e6b;\">ASSOCIA\u00c7\u00c3O DE VOLEIBOL DA GUARDA<\/span><\/strong><br \/>\nBairro Nossa Senhora dos Rem\u00e9dios &#8211; Complexo das Piscinas Municipais | 6300-590 Guarda<br \/>\nTel: 966 030 320<br \/>\nEmail: avoleiguarda@gmail.com<br \/>\nWebsite: www.facebook.com\/groups\/168263193208149<\/p>\n<p>&nbsp;<\/p>\n<p style=\"text-align: center;\"><span style=\"font-size: 14pt; color: #003e6b;\"><strong>ASSOCIA\u00c7\u00c3O DE VOLEIBOL DE LEIRIA<\/strong><\/span><br \/>\nEst\u00e1dio Municipal da Marinha Grande | 2430 &#8211; 033 Marinha Grande<br \/>\nTel: 917 516 523<br \/>\nE-mail: geral@avleiria.pt | Website: www.avleiria.pt<\/p>\n<p>&nbsp;<\/p>\n<p style=\"text-align: center;\"><span style=\"font-size: 14pt; color: #003e6b;\"><strong>ASSOCIA\u00c7\u00c3O DE VOLEIBOL DE LISBOA<\/strong><\/span><br \/>\nRua Marcos Portugal, n\u00ba 4, 1\u00ba Esq \u2013 1495-091 Alg\u00e9s<br \/>\nTel: 213 153 762 | 936 149 886<br \/>\nE-mail: geral@avlisboa.pt | Website: www.avlisboa.pt<\/p>\n<p>&nbsp;<\/p>\n<p style=\"text-align: center;\"><span style=\"font-size: 14pt; color: #003e6b;\"><strong>ASSOCIA\u00c7\u00c3O DE VOLEIBOL DA MADEIRA<\/strong><\/span><br \/>\nRua Velha da Ajuda, 87 &#8211; C | 9000-115 Funchal<br \/>\nTel: 291 766 140<br \/>\nE-mail: a.volei.madeira@netmadeira.com | Website: www.avmadeira.net<\/p>\n<p>&nbsp;<\/p>\n<p style=\"text-align: center;\"><span style=\"font-size: 14pt; color: #003e6b;\"><strong>ASSOCIA\u00c7\u00c3O DE VOLEIBOL DE S. MIGUEL<\/strong><\/span><br \/>\n1\u00aa Rua St\u00aa Clara, 73 &#8211; 1\u00ba Esq. | 9500-241 Ponta Delgada<br \/>\nTel: 296 205 160 (Geral) | 296 205 162 (Gabinete t\u00e9cnico)<br \/>\nE-mail: secretaria@avsm.pt | Website: www.avsm.pt<\/p>\n<p>&nbsp;<\/p>\n<p style=\"text-align: center;\"><span style=\"font-size: 14pt; color: #003e6b;\"><strong>ASSOCIA\u00c7\u00c3O DE VOLEIBOL DA ILHA DO PICO<\/strong><\/span><br \/>\nAvenida Marginal, n.\u00ba7, | 9930-121 Lajes do Pico<br \/>\nTel: 292 672 046<br \/>\nE-mail: avip@sapo.pt<\/p>\n<p>&nbsp;<\/p>\n<p style=\"text-align: center;\"><span style=\"font-size: 14pt; color: #003e6b;\"><strong>ASSOCIA\u00c7\u00c3O DE VOLEIBOL DO PORTO<\/strong><\/span><br \/>\nRua Ant\u00f3nio Pinto Machado, 60 &#8211; 2\u00ba | 4100-068 Porto<br \/>\nTel: 226 003 721 | 226 091 403<br \/>\nE-mail: secretaria@avporto.pt | Website: www.avporto.pt<\/p>\n<p>&nbsp;<\/p>\n<p style=\"text-align: center;\"><span style=\"font-size: 14pt; color: #003e6b;\"><strong>ASSOCIA\u00c7\u00c3O DE VOLEIBOL DA ILHA SANTA MARIA<\/strong><\/span><br \/>\nRua Dr. Lu\u00eds Bettencourt, N\u00ba 88 &#8211; C | 9580-529 Vila do Porto<br \/>\nTel: 296 886 992 | 918 823 270<br \/>\nE-mail: avisma@sapo.pt | Website: facebook.com\/avismvoleibol<\/p>\n<p>&nbsp;<\/p>\n<p style=\"text-align: center;\"><span style=\"font-size: 14pt; color: #003e6b;\"><strong>ASSOCIA\u00c7\u00c3O DE VOLEIBOL DA ILHA TERCEIRA<\/strong><\/span><br \/>\nCentro Cultural e de Congressos de Angra do Hero\u00edsmo, Canada Nova de Santa Luzia| 9700 \u2013 130, Angra do Hero\u00edsmo<br \/>\nTel: 295 628 534 | 968 774 557<br \/>\nE-mail: geral@avit.pt | Website: www.avit.pt<\/p>\n<p>&nbsp;<\/p>\n<p style=\"text-align: center;\"><span style=\"font-size: 14pt; color: #003e6b;\"><strong>ASSOCIA\u00c7\u00c3O DE VOLEIBOL DE VIANA DE CASTELO<\/strong><\/span><br \/>\nPavilh\u00e3o Municipal St\u00aa Maria Maior &#8211; Av\u00aa Capit\u00e3o Gaspar de Castro | 4900-462 Viana do Castelo<br \/>\nTel: 258 821 917 | 918 712 365<br \/>\nEmail: avvc@sapo.pt<\/p>\n<p>&nbsp;<\/p>\n<p style=\"text-align: center;\"><span style=\"font-size: 14pt; color: #003e6b;\"><strong>ASSOCIA\u00c7\u00c3O DE VOLEIBOL DE VISEU<\/strong><\/span><br \/>\nRua D. Dinis, Largo da Feira Loja 4 | 5100-096 Lamego<br \/>\nTel: 254 614 085<br \/>\nE-mail: avviseu@gmail.com | secretaria.avv@gmail.com | Website: www.avviseu.pt<\/p>\n<p>&nbsp;<\/p>\n<p style=\"text-align: center;\"><span style=\"font-size: 14pt; color: #003e6b;\"><strong>ASSOCIA\u00c7\u00c3O DE VOLEIBOL DA ILHA DAS FLORES<\/strong><\/span><br \/>\nEdif\u00edcio Ex-Siturflor, Estrada Regional 1-2 | 9970-310 Santa Cruz das Flores<br \/>\nTel: 917 800 965<br \/>\nE-mail: aviflores@sapo.pt<\/p>\n<p>&nbsp;<\/p>\n<p style=\"text-align: center;\"><span style=\"font-size: 14pt; color: #003e6b;\"><strong>ASSOCIA\u00c7\u00c3O DE VOLEIBOL TR\u00c1S-OS-MONTES<\/strong><\/span><br \/>\nAvenida Dr. Jo\u00e3o Carlos de Noronha, n.58 | 5360-302 Vila Flor<br \/>\nTel: 939 358 442<br \/>\nE-mail: geral.avtm@gmail.com<\/p>\n<hr \/>\n<p style=\"text-align: center;\"><span style=\"font-size: 14pt; color: #003e6b;\"><strong>ASSOCIA\u00c7\u00c3O NACIONAL DE \u00c1RBITROS DE VOLEIBOL<br \/>\n<\/strong><\/span><span style=\"font-size: 14pt; color: #003e6b;\"><strong>&#8211; ANAVOL &#8211;<\/strong><\/span><br \/>\nRua Ant\u00f3nio Pinto Machado, n.\u00ba 60 |4100-068 Porto<br \/>\nTel: 910 949 967<br \/>\nE-mail: anavoleibol1999@gmail.com | Website: www.facebook.com\/anavol.arbitros | Website: www.instagram.com\/anavolarbitragem<\/p>\n<hr \/>\n<p style=\"text-align: center;\"><span style=\"font-size: 14pt; color: #003e6b;\"><strong>ASSOCIA\u00c7\u00c3O NACIONAL DE TREINADORES DE VOLEIBOL<br \/>\n&#8211; ANTV &#8211;<\/strong><\/span><br \/>\nRua Ant\u00f3nio Pinto Machado, 60, R\/C, Sala | 4100-068 Porto<br \/>\nTel: 917 531 713<br \/>\nE-mail: antvoleibol@gmail.com | Website: www.insidevolleyball.org<\/p>\n<p>&nbsp;<\/p>\n","protected":false},"excerpt":{"rendered":"<p>&nbsp; ASSOCIA\u00c7\u00c3O DE VOLEIBOL DO ALENTEJO E ALGARVE Rua Timor Lorosae, 10 | 7780-207 Castro Verde Tel: 286 328 605 | 969 830 408 E-mail: avalentejo@gmail.com | Website: www.avalentejo.pt &nbsp; [&hellip;]<\/p>\n","protected":false},"author":1,"featured_media":0,"parent":97,"menu_order":0,"comment_status":"closed","ping_status":"closed","template":"","meta":{"_monsterinsights_skip_tracking":false,"_monsterinsights_sitenote_active":false,"_monsterinsights_sitenote_note":"","_monsterinsights_sitenote_category":0,"footnotes":""},"class_list":["post-165","page","type-page","status-publish","czr-hentry"],"aioseo_notices":[],"_links":{"self":[{"href":"https:\/\/fpvoleibol.pt\/fpv\/wp-json\/wp\/v2\/pages\/165","targetHints":{"allow":["GET"]}}],"collection":[{"href":"https:\/\/fpvoleibol.pt\/fpv\/wp-json\/wp\/v2\/pages"}],"about":[{"href":"https:\/\/fpvoleibol.pt\/fpv\/wp-json\/wp\/v2\/types\/page"}],"author":[{"embeddable":true,"href":"https:\/\/fpvoleibol.pt\/fpv\/wp-json\/wp\/v2\/users\/1"}],"replies":[{"embeddable":true,"href":"https:\/\/fpvoleibol.pt\/fpv\/wp-json\/wp\/v2\/comments?post=165"}],"version-history":[{"count":13,"href":"https:\/\/fpvoleibol.pt\/fpv\/wp-json\/wp\/v2\/pages\/165\/revisions"}],"predecessor-version":[{"id":32279,"href":"https:\/\/fpvoleibol.pt\/fpv\/wp-json\/wp\/v2\/pages\/165\/revisions\/32279"}],"up":[{"embeddable":true,"href":"https:\/\/fpvoleibol.pt\/fpv\/wp-json\/wp\/v2\/pages\/97"}],"wp:attachment":[{"href":"https:\/\/fpvoleibol.pt\/fpv\/wp-json\/wp\/v2\/media?parent=165"}],"curies":[{"name":"wp","href":"https:\/\/api.w.org\/{rel}","templated":true}]}}