{"id":15877,"date":"2022-05-23T16:01:34","date_gmt":"2022-05-23T16:01:34","guid":{"rendered":"https:\/\/fpvoleibol.pt\/fpv\/?page_id=15877"},"modified":"2025-08-05T17:23:00","modified_gmt":"2025-08-05T16:23:00","slug":"voleibol-de-praia-2025","status":"publish","type":"page","link":"https:\/\/fpvoleibol.pt\/fpv\/features\/voleibol-de-praia-2025\/","title":{"rendered":"Voleibol de Praia 2025"},"content":{"rendered":"<p style=\"text-align: center;\"><span style=\"font-size: 24pt;\"><strong>I Torneio de Voleibol de Praia AFVCPLP<\/strong><\/span><\/p>\n<p style=\"text-align: center;\">O Centro de Alto Rendimento de Voleibol de Praia em Cortega\u00e7a ser\u00e1 o palco do I Torneio de VP AFVCPLP a realizar de 20 a 22 de junho&#8230;<\/p>\n<p style=\"text-align: center;\"><a href=\"https:\/\/fpvoleibol.pt\/fpv\/wp-content\/uploads\/2025\/06\/i_torneio_vp_afvcplp.jpg\" target=\"_blank\" rel=\"noopener\"><img loading=\"lazy\" decoding=\"async\" class=\"aligncenter wp-image-40787 size-large\" src=\"https:\/\/fpvoleibol.pt\/fpv\/wp-content\/uploads\/2025\/06\/i_torneio_vp_afvcplp-724x1024.jpg\" alt=\"\" width=\"724\" height=\"1024\" srcset=\"https:\/\/fpvoleibol.pt\/fpv\/wp-content\/uploads\/2025\/06\/i_torneio_vp_afvcplp-724x1024.jpg 724w, https:\/\/fpvoleibol.pt\/fpv\/wp-content\/uploads\/2025\/06\/i_torneio_vp_afvcplp-212x300.jpg 212w, https:\/\/fpvoleibol.pt\/fpv\/wp-content\/uploads\/2025\/06\/i_torneio_vp_afvcplp-768x1086.jpg 768w, https:\/\/fpvoleibol.pt\/fpv\/wp-content\/uploads\/2025\/06\/i_torneio_vp_afvcplp-1086x1536.jpg 1086w, https:\/\/fpvoleibol.pt\/fpv\/wp-content\/uploads\/2025\/06\/i_torneio_vp_afvcplp.jpg 1358w\" sizes=\"auto, (max-width: 724px) 100vw, 724px\" \/><\/a><\/p>\n<p>&nbsp;<\/p>\n<p style=\"text-align: center;\"><span style=\"font-size: 24pt;\"><strong>CNVP 2025 | Clubes<\/strong><\/span><\/p>\n<p style=\"text-align: center;\">O Campeonato Nacional de Voleibol de Praia de Clubes volta \u00e0s praias do nosso pa\u00eds, um evento sempre t\u00e3o aguardado por atletas e clubes jogado este ano na variante 2&#215;2&#8230;<\/p>\n<p style=\"text-align: center;\"><a href=\"https:\/\/fpvoleibol.pt\/fpv\/wp-content\/uploads\/2025\/06\/cartaz_cnvp_clubes_2025a.jpg\" target=\"_blank\" rel=\"noopener\"><img loading=\"lazy\" decoding=\"async\" class=\"aligncenter wp-image-40759 size-large\" src=\"https:\/\/fpvoleibol.pt\/fpv\/wp-content\/uploads\/2025\/06\/cartaz_cnvp_clubes_2025a-724x1024.jpg\" alt=\"\" width=\"724\" height=\"1024\" srcset=\"https:\/\/fpvoleibol.pt\/fpv\/wp-content\/uploads\/2025\/06\/cartaz_cnvp_clubes_2025a-724x1024.jpg 724w, https:\/\/fpvoleibol.pt\/fpv\/wp-content\/uploads\/2025\/06\/cartaz_cnvp_clubes_2025a-212x300.jpg 212w, https:\/\/fpvoleibol.pt\/fpv\/wp-content\/uploads\/2025\/06\/cartaz_cnvp_clubes_2025a-768x1086.jpg 768w, https:\/\/fpvoleibol.pt\/fpv\/wp-content\/uploads\/2025\/06\/cartaz_cnvp_clubes_2025a-1086x1536.jpg 1086w, https:\/\/fpvoleibol.pt\/fpv\/wp-content\/uploads\/2025\/06\/cartaz_cnvp_clubes_2025a.jpg 1358w\" sizes=\"auto, (max-width: 724px) 100vw, 724px\" \/><\/a><\/p>\n<p>&nbsp;<\/p>\n<p style=\"text-align: center;\"><span style=\"font-size: 24pt;\"><strong>CNVP 2025 &#8211; Circuito Nacional<br \/>\n<\/strong><span style=\"font-size: 12pt;\">\u00a0O Circuito Nacional de Voleibol de Praia est\u00e1 de volta! Ver aqui <a href=\"https:\/\/fpvoleibol.pt\/cnvp2025\" target=\"_blank\" rel=\"noopener\">\u25ba<\/a><\/span><strong><br \/>\n<\/strong><\/span><\/p>\n<p style=\"text-align: center;\"><a href=\"https:\/\/fpvoleibol.pt\/fpv\/wp-content\/uploads\/2025\/06\/poster_cnvp_2025_web_d.jpg\"><img loading=\"lazy\" decoding=\"async\" class=\"aligncenter wp-image-40618 size-large\" src=\"https:\/\/fpvoleibol.pt\/fpv\/wp-content\/uploads\/2025\/06\/poster_cnvp_2025_web_d-724x1024.jpg\" alt=\"\" width=\"724\" height=\"1024\" srcset=\"https:\/\/fpvoleibol.pt\/fpv\/wp-content\/uploads\/2025\/06\/poster_cnvp_2025_web_d-724x1024.jpg 724w, https:\/\/fpvoleibol.pt\/fpv\/wp-content\/uploads\/2025\/06\/poster_cnvp_2025_web_d-212x300.jpg 212w, https:\/\/fpvoleibol.pt\/fpv\/wp-content\/uploads\/2025\/06\/poster_cnvp_2025_web_d-768x1086.jpg 768w, https:\/\/fpvoleibol.pt\/fpv\/wp-content\/uploads\/2025\/06\/poster_cnvp_2025_web_d.jpg 960w\" sizes=\"auto, (max-width: 724px) 100vw, 724px\" \/><\/a><\/p>\n<p>&nbsp;<\/p>\n<p style=\"text-align: center;\"><span style=\"font-size: 32px;\"><b>CEV Beach Volleyball Nations Cup Final &#8211; 2025<\/b><\/span><\/p>\n<p style=\"text-align: center;\">A Praia da Ba\u00eda em Espinho \u00e9 palco de 17 a 20 de Julho da Final da Ta\u00e7a das Na\u00e7\u00f5es em Voleibol de Praia!<\/p>\n<p style=\"text-align: center;\"><a href=\"https:\/\/fpvoleibol.pt\/fpv\/wp-content\/uploads\/2025\/05\/nations_cup_poster_d0.jpg\"><img loading=\"lazy\" decoding=\"async\" class=\"aligncenter wp-image-40490 size-large\" src=\"https:\/\/fpvoleibol.pt\/fpv\/wp-content\/uploads\/2025\/05\/nations_cup_poster_d0-702x1024.jpg\" alt=\"\" width=\"702\" height=\"1024\" srcset=\"https:\/\/fpvoleibol.pt\/fpv\/wp-content\/uploads\/2025\/05\/nations_cup_poster_d0-702x1024.jpg 702w, https:\/\/fpvoleibol.pt\/fpv\/wp-content\/uploads\/2025\/05\/nations_cup_poster_d0-206x300.jpg 206w, https:\/\/fpvoleibol.pt\/fpv\/wp-content\/uploads\/2025\/05\/nations_cup_poster_d0-768x1120.jpg 768w, https:\/\/fpvoleibol.pt\/fpv\/wp-content\/uploads\/2025\/05\/nations_cup_poster_d0.jpg 960w\" sizes=\"auto, (max-width: 702px) 100vw, 702px\" \/><\/a><\/p>\n<p>&nbsp;<\/p>\n<p style=\"text-align: center;\"><span style=\"font-size: 24pt;\"><strong>Gira-Praia 2025<\/strong><\/span><\/p>\n<p style=\"text-align: center;\"><strong>Final Nacional &#8211; 16 e 17 de agosto, MATOSINHOS<br \/>\nEst\u00e1dio de Praia<\/strong><\/p>\n<p style=\"text-align: center;\"><span style=\"font-size: 14pt;\">Em competi\u00e7\u00e3o est\u00e3o os escal\u00f5es de Sub-14, Sub-16 e Sub-18 masculinos e femininos que disputam no fim-de-semana de 16 e 17 de Agosto no Est\u00e1dio de Praia &#8211; Matosinhos, os t\u00edtulos de Campe\u00f5es Nacionais 2025!<\/span><\/p>\n<p style=\"text-align: center;\"><a href=\"https:\/\/fpvoleibol.pt\/fpv\/wp-content\/uploads\/2025\/08\/poster_final_girapraia_2025.jpg\"><img loading=\"lazy\" decoding=\"async\" class=\"aligncenter size-large wp-image-41960\" src=\"https:\/\/fpvoleibol.pt\/fpv\/wp-content\/uploads\/2025\/08\/poster_final_girapraia_2025-724x1024.jpg\" alt=\"\" width=\"724\" height=\"1024\" srcset=\"https:\/\/fpvoleibol.pt\/fpv\/wp-content\/uploads\/2025\/08\/poster_final_girapraia_2025-724x1024.jpg 724w, https:\/\/fpvoleibol.pt\/fpv\/wp-content\/uploads\/2025\/08\/poster_final_girapraia_2025-212x300.jpg 212w, https:\/\/fpvoleibol.pt\/fpv\/wp-content\/uploads\/2025\/08\/poster_final_girapraia_2025-768x1086.jpg 768w, https:\/\/fpvoleibol.pt\/fpv\/wp-content\/uploads\/2025\/08\/poster_final_girapraia_2025-1086x1536.jpg 1086w, https:\/\/fpvoleibol.pt\/fpv\/wp-content\/uploads\/2025\/08\/poster_final_girapraia_2025.jpg 1358w\" sizes=\"auto, (max-width: 724px) 100vw, 724px\" \/><\/a><\/p>\n<p>&nbsp;<\/p>\n","protected":false},"excerpt":{"rendered":"<p>I Torneio de Voleibol de Praia AFVCPLP O Centro de Alto Rendimento de Voleibol de Praia em Cortega\u00e7a ser\u00e1 o palco do I Torneio de VP AFVCPLP a realizar de [&hellip;]<\/p>\n","protected":false},"author":1,"featured_media":0,"parent":642,"menu_order":0,"comment_status":"closed","ping_status":"closed","template":"","meta":{"_monsterinsights_skip_tracking":false,"_monsterinsights_sitenote_active":false,"_monsterinsights_sitenote_note":"","_monsterinsights_sitenote_category":0,"footnotes":""},"class_list":["post-15877","page","type-page","status-publish","czr-hentry"],"aioseo_notices":[],"_links":{"self":[{"href":"https:\/\/fpvoleibol.pt\/fpv\/wp-json\/wp\/v2\/pages\/15877","targetHints":{"allow":["GET"]}}],"collection":[{"href":"https:\/\/fpvoleibol.pt\/fpv\/wp-json\/wp\/v2\/pages"}],"about":[{"href":"https:\/\/fpvoleibol.pt\/fpv\/wp-json\/wp\/v2\/types\/page"}],"author":[{"embeddable":true,"href":"https:\/\/fpvoleibol.pt\/fpv\/wp-json\/wp\/v2\/users\/1"}],"replies":[{"embeddable":true,"href":"https:\/\/fpvoleibol.pt\/fpv\/wp-json\/wp\/v2\/comments?post=15877"}],"version-history":[{"count":23,"href":"https:\/\/fpvoleibol.pt\/fpv\/wp-json\/wp\/v2\/pages\/15877\/revisions"}],"predecessor-version":[{"id":41961,"href":"https:\/\/fpvoleibol.pt\/fpv\/wp-json\/wp\/v2\/pages\/15877\/revisions\/41961"}],"up":[{"embeddable":true,"href":"https:\/\/fpvoleibol.pt\/fpv\/wp-json\/wp\/v2\/pages\/642"}],"wp:attachment":[{"href":"https:\/\/fpvoleibol.pt\/fpv\/wp-json\/wp\/v2\/media?parent=15877"}],"curies":[{"name":"wp","href":"https:\/\/api.w.org\/{rel}","templated":true}]}}