{"id":1551,"date":"2020-10-02T10:24:22","date_gmt":"2020-10-02T09:24:22","guid":{"rendered":"https:\/\/fpvoleibol.pt\/fpv\/?page_id=1551"},"modified":"2021-08-11T15:55:40","modified_gmt":"2021-08-11T14:55:40","slug":"clubes-2019-2020","status":"publish","type":"page","link":"https:\/\/fpvoleibol.pt\/fpv\/documentacao\/contratos-programa\/clubes-2019-2020\/","title":{"rendered":"Clubes (2019-2020)"},"content":{"rendered":"<p style=\"text-align: center;\"><span style=\"font-size: 18pt; color: #003e6b;\"><strong>\u00c9POCA 2019-2020<\/strong><\/span><\/p>\n<div align=\"center\">\n<div style=\"display: inline-block; text-align: center;\"><a href=\"https:\/\/www.fpvoleibol.pt\/documentacao\/contratos_programa\/clubes\/lousavc_19_20.pdf\"><img loading=\"lazy\" decoding=\"async\" class=\"aligncenter\" src=\"https:\/\/www.fpvoleibol.pt\/fpv\/imagens\/icon-pdf__.jpg\" alt=\"\" width=\"180\" height=\"180\" \/><\/a><span style=\"font-family: inherit; font-size: inherit;\">Lous\u00e3 VC<\/span><\/div>\n<div style=\"display: inline-block; text-align: center;\"><a href=\"https:\/\/www.fpvoleibol.pt\/documentacao\/contratos_programa\/clubes\/cdpovoa_19_20.pdf\"><img loading=\"lazy\" decoding=\"async\" class=\"aligncenter\" src=\"https:\/\/www.fpvoleibol.pt\/fpv\/imagens\/icon-pdf__.jpg\" alt=\"\" width=\"180\" height=\"180\" \/><\/a><span style=\"font-family: inherit; font-size: inherit;\">CD P\u00f3voa<\/span><\/div>\n<div style=\"display: inline-block; text-align: center;\"><a href=\"https:\/\/www.fpvoleibol.pt\/documentacao\/contratos_programa\/clubes\/cdcjuventudepacense_19_20.pdf\"><img loading=\"lazy\" decoding=\"async\" class=\"aligncenter\" src=\"https:\/\/www.fpvoleibol.pt\/fpv\/imagens\/icon-pdf__.jpg\" alt=\"\" width=\"180\" height=\"180\" \/><\/a><span style=\"font-family: inherit; font-size: inherit;\">CDC Juventude Pacense<\/span><\/div>\n<div style=\"display: inline-block; text-align: center;\"><a href=\"https:\/\/www.fpvoleibol.pt\/documentacao\/contratos_programa\/clubes\/atleticovc_19_20.pdf\"><img loading=\"lazy\" decoding=\"async\" class=\"aligncenter\" src=\"https:\/\/www.fpvoleibol.pt\/fpv\/imagens\/icon-pdf__.jpg\" alt=\"\" width=\"180\" height=\"180\" \/><\/a><span style=\"font-family: inherit; font-size: inherit;\">Atl\u00e9tico VC<\/span><\/div>\n<div style=\"display: inline-block; text-align: center;\"><a href=\"https:\/\/www.fpvoleibol.pt\/documentacao\/contratos_programa\/clubes\/vcviana_19_20.pdf\"><img loading=\"lazy\" decoding=\"async\" class=\"aligncenter\" src=\"https:\/\/www.fpvoleibol.pt\/fpv\/imagens\/icon-pdf__.jpg\" alt=\"\" width=\"180\" height=\"180\" \/><\/a><span style=\"font-family: inherit; font-size: inherit;\">VC Viana<\/span><\/div>\n<div style=\"display: inline-block; text-align: center;\"><a href=\"https:\/\/www.fpvoleibol.pt\/documentacao\/contratos_programa\/clubes\/cdaves_19_20.pdf\"><img loading=\"lazy\" decoding=\"async\" class=\"aligncenter\" src=\"https:\/\/www.fpvoleibol.pt\/fpv\/imagens\/icon-pdf__.jpg\" alt=\"\" width=\"180\" height=\"180\" \/><\/a><span style=\"font-family: inherit; font-size: inherit;\">CD Aves<\/span><\/div>\n<div style=\"display: inline-block; text-align: center;\"><a href=\"https:\/\/www.fpvoleibol.pt\/documentacao\/contratos_programa\/clubes\/sportingcp_19_20.pdf\"><img loading=\"lazy\" decoding=\"async\" class=\"aligncenter\" src=\"https:\/\/www.fpvoleibol.pt\/fpv\/imagens\/icon-pdf__.jpg\" alt=\"\" width=\"180\" height=\"180\" \/><\/a><span style=\"font-family: inherit; font-size: inherit;\">Sporting CP<\/span><\/div>\n<div style=\"display: inline-block; text-align: center;\"><a href=\"https:\/\/www.fpvoleibol.pt\/documentacao\/contratos_programa\/clubes\/slbenfica_19_20.pdf\"><img loading=\"lazy\" decoding=\"async\" class=\"aligncenter\" src=\"https:\/\/www.fpvoleibol.pt\/fpv\/imagens\/icon-pdf__.jpg\" alt=\"\" width=\"180\" height=\"180\" \/><\/a><span style=\"font-family: inherit; font-size: inherit;\">SL Benfica<\/span><\/div>\n<div style=\"display: inline-block; text-align: center;\"><a href=\"https:\/\/www.fpvoleibol.pt\/documentacao\/contratos_programa\/clubes\/scespinho_19_20.pdf\"><img loading=\"lazy\" decoding=\"async\" class=\"aligncenter\" src=\"https:\/\/www.fpvoleibol.pt\/fpv\/imagens\/icon-pdf__.jpg\" alt=\"\" width=\"180\" height=\"180\" \/><\/a><span style=\"font-family: inherit; font-size: inherit;\">SC Espinho<\/span><\/div>\n<div style=\"display: inline-block; text-align: center;\"><a href=\"https:\/\/www.fpvoleibol.pt\/documentacao\/contratos_programa\/clubes\/sccaldas_19_20.pdf\"><img loading=\"lazy\" decoding=\"async\" class=\"aligncenter\" src=\"https:\/\/www.fpvoleibol.pt\/fpv\/imagens\/icon-pdf__.jpg\" alt=\"\" width=\"180\" height=\"180\" \/><\/a><span style=\"font-family: inherit; font-size: inherit;\">SC Caldas<\/span><\/div>\n<div style=\"display: inline-block; text-align: center;\"><a href=\"https:\/\/www.fpvoleibol.pt\/documentacao\/contratos_programa\/clubes\/scbraga_19_20.pdf\"><img loading=\"lazy\" decoding=\"async\" class=\"aligncenter\" src=\"https:\/\/www.fpvoleibol.pt\/fpv\/imagens\/icon-pdf__.jpg\" alt=\"\" width=\"180\" height=\"180\" \/><\/a><span style=\"font-family: inherit; font-size: inherit;\">SC Braga<\/span><\/div>\n<div style=\"display: inline-block; text-align: center;\"><a href=\"https:\/\/www.fpvoleibol.pt\/documentacao\/contratos_programa\/clubes\/portovolei2014_19_20.pdf\"><img loading=\"lazy\" decoding=\"async\" class=\"aligncenter\" src=\"https:\/\/www.fpvoleibol.pt\/fpv\/imagens\/icon-pdf__.jpg\" alt=\"\" width=\"180\" height=\"180\" \/><\/a><span style=\"font-family: inherit; font-size: inherit;\">Porto V\u00f3lei 2014<\/span><\/div>\n<div style=\"display: inline-block; text-align: center;\"><a href=\"https:\/\/www.fpvoleibol.pt\/documentacao\/contratos_programa\/clubes\/lusofonavc_19_20.pdf\"><img loading=\"lazy\" decoding=\"async\" class=\"aligncenter\" src=\"https:\/\/www.fpvoleibol.pt\/fpv\/imagens\/icon-pdf__.jpg\" alt=\"\" width=\"180\" height=\"180\" \/><\/a><span style=\"font-family: inherit; font-size: inherit;\">Lus\u00f3fona VC<\/span><\/div>\n<div style=\"display: inline-block; text-align: center;\"><a href=\"https:\/\/www.fpvoleibol.pt\/documentacao\/contratos_programa\/clubes\/leixoessc_19_20.pdf\"><img loading=\"lazy\" decoding=\"async\" class=\"aligncenter\" src=\"https:\/\/www.fpvoleibol.pt\/fpv\/imagens\/icon-pdf__.jpg\" alt=\"\" width=\"180\" height=\"180\" \/><\/a><span style=\"font-family: inherit; font-size: inherit;\">Leix\u00f5es SC<\/span><\/div>\n<div style=\"display: inline-block; text-align: center;\"><a href=\"https:\/\/www.fpvoleibol.pt\/documentacao\/contratos_programa\/clubes\/gdmartinganca_19_20.pdf\"><img loading=\"lazy\" decoding=\"async\" class=\"aligncenter\" src=\"https:\/\/www.fpvoleibol.pt\/fpv\/imagens\/icon-pdf__.jpg\" alt=\"\" width=\"180\" height=\"180\" \/><\/a><span style=\"font-family: inherit; font-size: inherit;\">GD Martingan\u00e7a<\/span><\/div>\n<div style=\"display: inline-block; text-align: center;\"><a href=\"https:\/\/www.fpvoleibol.pt\/documentacao\/contratos_programa\/clubes\/gdcgueifaes_19_20.pdf\"><img loading=\"lazy\" decoding=\"async\" class=\"aligncenter\" src=\"https:\/\/www.fpvoleibol.pt\/fpv\/imagens\/icon-pdf__.jpg\" alt=\"\" width=\"180\" height=\"180\" \/><\/a><span style=\"font-family: inherit; font-size: inherit;\">GDC Gueif\u00e3es<\/span><\/div>\n<div style=\"display: inline-block; text-align: center;\"><a href=\"https:\/\/www.fpvoleibol.pt\/documentacao\/contratos_programa\/clubes\/gcvilacondense_19_20.pdf\"><img loading=\"lazy\" decoding=\"async\" class=\"aligncenter\" src=\"https:\/\/www.fpvoleibol.pt\/fpv\/imagens\/icon-pdf__.jpg\" alt=\"\" width=\"180\" height=\"180\" \/><\/a><span style=\"font-family: inherit; font-size: inherit;\">GC Vilacondense<\/span><\/div>\n<div style=\"display: inline-block; text-align: center;\"><a href=\"https:\/\/www.fpvoleibol.pt\/documentacao\/contratos_programa\/clubes\/gcsantotirso_19_20.pdf\"><img loading=\"lazy\" decoding=\"async\" class=\"aligncenter\" src=\"https:\/\/www.fpvoleibol.pt\/fpv\/imagens\/icon-pdf__.jpg\" alt=\"\" width=\"180\" height=\"180\" \/><\/a><span style=\"font-family: inherit; font-size: inherit;\">GC Santo Tirso<\/span><\/div>\n<div style=\"display: inline-block; text-align: center;\"><a href=\"https:\/\/www.fpvoleibol.pt\/documentacao\/contratos_programa\/clubes\/famalicenseac_19_20.pdf\"><img loading=\"lazy\" decoding=\"async\" class=\"aligncenter\" src=\"https:\/\/www.fpvoleibol.pt\/fpv\/imagens\/icon-pdf__.jpg\" alt=\"\" width=\"180\" height=\"180\" \/><\/a><span style=\"font-family: inherit; font-size: inherit;\">Famalicense AC<\/span><\/div>\n<div style=\"display: inline-block; text-align: center;\"><a href=\"https:\/\/www.fpvoleibol.pt\/documentacao\/contratos_programa\/clubes\/esmorizgc_19_20.pdf\"><img loading=\"lazy\" decoding=\"async\" class=\"aligncenter\" src=\"https:\/\/www.fpvoleibol.pt\/fpv\/imagens\/icon-pdf__.jpg\" alt=\"\" width=\"180\" height=\"180\" \/><\/a><span style=\"font-family: inherit; font-size: inherit;\">Esmoriz GC<\/span><\/div>\n<div style=\"display: inline-block; text-align: center;\"><a href=\"https:\/\/www.fpvoleibol.pt\/documentacao\/contratos_programa\/clubes\/cvlisboa_19_20.pdf\"><img loading=\"lazy\" decoding=\"async\" class=\"aligncenter\" src=\"https:\/\/www.fpvoleibol.pt\/fpv\/imagens\/icon-pdf__.jpg\" alt=\"\" width=\"180\" height=\"180\" \/><\/a><span style=\"font-family: inherit; font-size: inherit;\">CV Lisboa<\/span><\/div>\n<div style=\"display: inline-block; text-align: center;\"><a href=\"https:\/\/www.fpvoleibol.pt\/documentacao\/contratos_programa\/clubes\/cnginastica_19_20.pdf\"><img loading=\"lazy\" decoding=\"async\" class=\"aligncenter\" src=\"https:\/\/www.fpvoleibol.pt\/fpv\/imagens\/icon-pdf__.jpg\" alt=\"\" width=\"180\" height=\"180\" \/><\/a><span style=\"font-family: inherit; font-size: inherit;\">CN Gin\u00e1stica<\/span><\/div>\n<div style=\"display: inline-block; text-align: center;\"><a href=\"https:\/\/www.fpvoleibol.pt\/documentacao\/contratos_programa\/clubes\/castelomaiagc_19_20.pdf\"><img loading=\"lazy\" decoding=\"async\" class=\"aligncenter\" src=\"https:\/\/www.fpvoleibol.pt\/fpv\/imagens\/icon-pdf__.jpg\" alt=\"\" width=\"180\" height=\"180\" \/><\/a><span style=\"font-family: inherit; font-size: inherit;\">Castelo Maia GC<\/span><\/div>\n<div style=\"display: inline-block; text-align: center;\"><a href=\"https:\/\/www.fpvoleibol.pt\/documentacao\/contratos_programa\/clubes\/cfbelenenses_19_20.pdf\"><img loading=\"lazy\" decoding=\"async\" class=\"aligncenter\" src=\"https:\/\/www.fpvoleibol.pt\/fpv\/imagens\/icon-pdf__.jpg\" alt=\"\" width=\"180\" height=\"180\" \/><\/a><span style=\"font-family: inherit; font-size: inherit;\">CF Belenenses<\/span><\/div>\n<div style=\"display: inline-block; text-align: center;\"><a href=\"https:\/\/www.fpvoleibol.pt\/documentacao\/contratos_programa\/clubes\/cdfiaes_19_20.pdf\"><img loading=\"lazy\" decoding=\"async\" class=\"aligncenter\" src=\"https:\/\/www.fpvoleibol.pt\/fpv\/imagens\/icon-pdf__.jpg\" alt=\"\" width=\"180\" height=\"180\" \/><\/a><span style=\"font-family: inherit; font-size: inherit;\">CD Fi\u00e3es<\/span><\/div>\n<div style=\"display: inline-block; text-align: center;\"><a href=\"https:\/\/www.fpvoleibol.pt\/documentacao\/contratos_programa\/clubes\/boavistafc_19_20.pdf\"><img loading=\"lazy\" decoding=\"async\" class=\"aligncenter\" src=\"https:\/\/www.fpvoleibol.pt\/fpv\/imagens\/icon-pdf__.jpg\" alt=\"\" width=\"180\" height=\"180\" \/><\/a><span style=\"font-family: inherit; font-size: inherit;\">Boavista FC<\/span><\/div>\n<div style=\"display: inline-block; text-align: center;\"><a href=\"https:\/\/www.fpvoleibol.pt\/documentacao\/contratos_programa\/clubes\/avsmiguel_19_20.pdf\"><img loading=\"lazy\" decoding=\"async\" class=\"aligncenter\" src=\"https:\/\/www.fpvoleibol.pt\/fpv\/imagens\/icon-pdf__.jpg\" alt=\"\" width=\"180\" height=\"180\" \/><\/a><span style=\"font-family: inherit; font-size: inherit;\">AV S. Miguel<\/span><\/div>\n<div style=\"display: inline-block; text-align: center;\"><a href=\"https:\/\/www.fpvoleibol.pt\/documentacao\/contratos_programa\/clubes\/avilhaterceira_19_20.pdf\"><img loading=\"lazy\" decoding=\"async\" class=\"aligncenter\" src=\"https:\/\/www.fpvoleibol.pt\/fpv\/imagens\/icon-pdf__.jpg\" alt=\"\" width=\"180\" height=\"180\" \/><\/a><span style=\"font-family: inherit; font-size: inherit;\">AV Ilha Terceira<\/span><\/div>\n<div style=\"display: inline-block; text-align: center;\"><a href=\"https:\/\/www.fpvoleibol.pt\/documentacao\/contratos_programa\/clubes\/aasmamede_19_20.pdf\"><img loading=\"lazy\" decoding=\"async\" class=\"aligncenter\" src=\"https:\/\/www.fpvoleibol.pt\/fpv\/imagens\/icon-pdf__.jpg\" alt=\"\" width=\"180\" height=\"180\" \/><\/a><span style=\"font-family: inherit; font-size: inherit;\">AAS Mamede<\/span><\/div>\n<div style=\"display: inline-block; text-align: center;\"><a href=\"https:\/\/www.fpvoleibol.pt\/documentacao\/contratos_programa\/clubes\/aajosemoreira_19_20.pdf\"><img loading=\"lazy\" decoding=\"async\" class=\"aligncenter\" src=\"https:\/\/www.fpvoleibol.pt\/fpv\/imagens\/icon-pdf__.jpg\" alt=\"\" width=\"180\" height=\"180\" \/><\/a><span style=\"font-family: inherit; font-size: inherit;\">AA Jos\u00e9 Moreira<\/span><\/div>\n<div style=\"display: inline-block; text-align: center;\"><a href=\"https:\/\/www.fpvoleibol.pt\/documentacao\/contratos_programa\/clubes\/aaespinho_19_20.pdf\"><img loading=\"lazy\" decoding=\"async\" class=\"aligncenter\" src=\"https:\/\/www.fpvoleibol.pt\/fpv\/imagens\/icon-pdf__.jpg\" alt=\"\" width=\"180\" height=\"180\" \/><\/a><span style=\"font-family: inherit; font-size: inherit;\">AA Espinho<\/span><\/div>\n<div style=\"display: inline-block; text-align: center;\"><a href=\"https:\/\/www.fpvoleibol.pt\/documentacao\/contratos_programa\/clubes\/fcinfesta_19_20.pdf\"><img loading=\"lazy\" decoding=\"async\" class=\"aligncenter\" src=\"https:\/\/www.fpvoleibol.pt\/fpv\/imagens\/icon-pdf__.jpg\" alt=\"\" width=\"180\" height=\"180\" \/><\/a><span style=\"font-family: inherit; font-size: inherit;\">FC Infesta<\/span><\/div>\n<div style=\"display: inline-block; text-align: center;\"><a href=\"https:\/\/www.fpvoleibol.pt\/documentacao\/contratos_programa\/clubes\/alanunalvares_19_20.pdf\"><img loading=\"lazy\" decoding=\"async\" class=\"aligncenter\" src=\"https:\/\/www.fpvoleibol.pt\/fpv\/imagens\/icon-pdf__.jpg\" alt=\"\" width=\"180\" height=\"180\" \/><\/a><span style=\"font-family: inherit; font-size: inherit;\">Ala Nun&#8217;\u00c1lvares Gondomar<\/span><\/div>\n<div style=\"display: inline-block; text-align: center;\"><a href=\"https:\/\/www.fpvoleibol.pt\/documentacao\/contratos_programa\/clubes\/vitoriasc_19_20.pdf\"><img loading=\"lazy\" decoding=\"async\" class=\"aligncenter\" src=\"https:\/\/www.fpvoleibol.pt\/fpv\/imagens\/icon-pdf__.jpg\" alt=\"\" width=\"180\" height=\"180\" \/><\/a><span style=\"font-family: inherit; font-size: inherit;\">Vit\u00f3ria SC<\/span><\/div>\n<div><\/div>\n<div><\/div>\n<\/div>\n","protected":false},"excerpt":{"rendered":"<p>\u00c9POCA 2019-2020 Lous\u00e3 VC CD P\u00f3voa CDC Juventude Pacense Atl\u00e9tico VC VC Viana CD Aves Sporting CP SL Benfica SC Espinho SC Caldas SC Braga Porto V\u00f3lei 2014 Lus\u00f3fona VC [&hellip;]<\/p>\n","protected":false},"author":1,"featured_media":0,"parent":439,"menu_order":0,"comment_status":"closed","ping_status":"closed","template":"","meta":{"_monsterinsights_skip_tracking":false,"_monsterinsights_sitenote_active":false,"_monsterinsights_sitenote_note":"","_monsterinsights_sitenote_category":0,"footnotes":""},"class_list":["post-1551","page","type-page","status-publish","czr-hentry"],"aioseo_notices":[],"_links":{"self":[{"href":"https:\/\/fpvoleibol.pt\/fpv\/wp-json\/wp\/v2\/pages\/1551","targetHints":{"allow":["GET"]}}],"collection":[{"href":"https:\/\/fpvoleibol.pt\/fpv\/wp-json\/wp\/v2\/pages"}],"about":[{"href":"https:\/\/fpvoleibol.pt\/fpv\/wp-json\/wp\/v2\/types\/page"}],"author":[{"embeddable":true,"href":"https:\/\/fpvoleibol.pt\/fpv\/wp-json\/wp\/v2\/users\/1"}],"replies":[{"embeddable":true,"href":"https:\/\/fpvoleibol.pt\/fpv\/wp-json\/wp\/v2\/comments?post=1551"}],"version-history":[{"count":8,"href":"https:\/\/fpvoleibol.pt\/fpv\/wp-json\/wp\/v2\/pages\/1551\/revisions"}],"predecessor-version":[{"id":8546,"href":"https:\/\/fpvoleibol.pt\/fpv\/wp-json\/wp\/v2\/pages\/1551\/revisions\/8546"}],"up":[{"embeddable":true,"href":"https:\/\/fpvoleibol.pt\/fpv\/wp-json\/wp\/v2\/pages\/439"}],"wp:attachment":[{"href":"https:\/\/fpvoleibol.pt\/fpv\/wp-json\/wp\/v2\/media?parent=1551"}],"curies":[{"name":"wp","href":"https:\/\/api.w.org\/{rel}","templated":true}]}}