{"id":1322,"date":"2021-03-05T15:02:29","date_gmt":"2021-03-05T14:02:29","guid":{"rendered":"https:\/\/fpvoleibol.pt\/fpv\/?page_id=1322"},"modified":"2025-11-08T16:26:12","modified_gmt":"2025-11-08T16:26:12","slug":"deliberacoes-do-conselho-de-justica-2025-2026","status":"publish","type":"page","link":"https:\/\/fpvoleibol.pt\/fpv\/documentacao\/deliberacoes-do-conselho-de-justica-2025-2026\/","title":{"rendered":"Delibera\u00e7\u00f5es do Conselho de Justi\u00e7a 2025-2026"},"content":{"rendered":"<a href=\"https:\/\/fpvoleibol.pt\/fpv\/wp-content\/uploads\/2025\/11\/25-26-1.pdf\" class=\"pdfemb-viewer\" style=\"\" data-width=\"max\" data-height=\"max\" data-toolbar=\"bottom\" data-toolbar-fixed=\"on\">25-26<\/a>\n<p>Descarregar <a href=\"https:\/\/fpvoleibol.pt\/fpv\/wp-content\/uploads\/2025\/11\/25-26-1.pdf\">PDF<\/a><\/p>\n","protected":false},"excerpt":{"rendered":"<p>Descarregar PDF<\/p>\n","protected":false},"author":1,"featured_media":1227,"parent":361,"menu_order":0,"comment_status":"closed","ping_status":"closed","template":"","meta":{"_monsterinsights_skip_tracking":false,"_monsterinsights_sitenote_active":false,"_monsterinsights_sitenote_note":"","_monsterinsights_sitenote_category":0,"footnotes":""},"class_list":["post-1322","page","type-page","status-publish","has-post-thumbnail","czr-hentry"],"aioseo_notices":[],"_links":{"self":[{"href":"https:\/\/fpvoleibol.pt\/fpv\/wp-json\/wp\/v2\/pages\/1322","targetHints":{"allow":["GET"]}}],"collection":[{"href":"https:\/\/fpvoleibol.pt\/fpv\/wp-json\/wp\/v2\/pages"}],"about":[{"href":"https:\/\/fpvoleibol.pt\/fpv\/wp-json\/wp\/v2\/types\/page"}],"author":[{"embeddable":true,"href":"https:\/\/fpvoleibol.pt\/fpv\/wp-json\/wp\/v2\/users\/1"}],"replies":[{"embeddable":true,"href":"https:\/\/fpvoleibol.pt\/fpv\/wp-json\/wp\/v2\/comments?post=1322"}],"version-history":[{"count":16,"href":"https:\/\/fpvoleibol.pt\/fpv\/wp-json\/wp\/v2\/pages\/1322\/revisions"}],"predecessor-version":[{"id":43874,"href":"https:\/\/fpvoleibol.pt\/fpv\/wp-json\/wp\/v2\/pages\/1322\/revisions\/43874"}],"up":[{"embeddable":true,"href":"https:\/\/fpvoleibol.pt\/fpv\/wp-json\/wp\/v2\/pages\/361"}],"wp:featuredmedia":[{"embeddable":true,"href":"https:\/\/fpvoleibol.pt\/fpv\/wp-json\/wp\/v2\/media\/1227"}],"wp:attachment":[{"href":"https:\/\/fpvoleibol.pt\/fpv\/wp-json\/wp\/v2\/media?parent=1322"}],"curies":[{"name":"wp","href":"https:\/\/api.w.org\/{rel}","templated":true}]}}