{"id":12181,"date":"2021-12-29T10:27:00","date_gmt":"2021-12-29T09:27:00","guid":{"rendered":"https:\/\/fpvoleibol.pt\/fpv\/?page_id=12181"},"modified":"2022-11-14T11:41:11","modified_gmt":"2022-11-14T11:41:11","slug":"75-anos-da-fpv","status":"publish","type":"page","link":"https:\/\/fpvoleibol.pt\/fpv\/fpv\/75-anos-da-fpv\/","title":{"rendered":"75 ANOS DA F. P. VOLEIBOL"},"content":{"rendered":"<p style=\"text-align: center;\"><a href=\"https:\/\/fpvoleibol.pt\/fpv\/wp-content\/uploads\/2022\/01\/website75anos.jpg\"><img loading=\"lazy\" decoding=\"async\" class=\"aligncenter size-large wp-image-12451\" src=\"https:\/\/fpvoleibol.pt\/fpv\/wp-content\/uploads\/2022\/01\/website75anos-1024x576.jpg\" alt=\"\" width=\"1024\" height=\"576\" srcset=\"https:\/\/fpvoleibol.pt\/fpv\/wp-content\/uploads\/2022\/01\/website75anos-1024x576.jpg 1024w, https:\/\/fpvoleibol.pt\/fpv\/wp-content\/uploads\/2022\/01\/website75anos-300x169.jpg 300w, https:\/\/fpvoleibol.pt\/fpv\/wp-content\/uploads\/2022\/01\/website75anos-768x432.jpg 768w, https:\/\/fpvoleibol.pt\/fpv\/wp-content\/uploads\/2022\/01\/website75anos-1110x624.jpg 1110w, https:\/\/fpvoleibol.pt\/fpv\/wp-content\/uploads\/2022\/01\/website75anos-528x297.jpg 528w, https:\/\/fpvoleibol.pt\/fpv\/wp-content\/uploads\/2022\/01\/website75anos.jpg 1280w\" sizes=\"auto, (max-width: 1024px) 100vw, 1024px\" \/><\/a><\/p>\n<p><a href=\"https:\/\/fpvoleibol.pt\/fpv\/wp-content\/uploads\/2022\/01\/medalha_fpv_75.jpg\"><img loading=\"lazy\" decoding=\"async\" class=\" wp-image-12450 alignleft\" src=\"https:\/\/fpvoleibol.pt\/fpv\/wp-content\/uploads\/2022\/01\/medalha_fpv_75.jpg\" alt=\"\" width=\"400\" height=\"316\" srcset=\"https:\/\/fpvoleibol.pt\/fpv\/wp-content\/uploads\/2022\/01\/medalha_fpv_75.jpg 501w, https:\/\/fpvoleibol.pt\/fpv\/wp-content\/uploads\/2022\/01\/medalha_fpv_75-300x237.jpg 300w\" sizes=\"auto, (max-width: 400px) 100vw, 400px\" \/><\/a><\/p>\n<p><strong>Nascida a 7 de Abril de 1947, a Federa\u00e7\u00e3o Portuguesa de Voleibol comemora 75 anos plenos de vitalidade em 2022.<\/strong><\/p>\n<p>Co-fundadora da Federa\u00e7\u00e3o Internacional de Voleibol (FIVB), condecorada com a Medalha de Bons Servi\u00e7os Desportivos (2000) ao longo de 75 anos totalmente dedicados ao desenvolvimento do Voleibol, a FPV manteve a vitalidade e o esp\u00edrito de pioneiro pr\u00f3prios da juventude que lhe permitem criar projectos desportivos e sociais t\u00e3o importantes quanto populares, como o Gira-Volei, o Gira-Praia ou o ParaVolei e assumir-se como a 2.\u00aa modalidade com mais atletas federados (ver portal <a href=\"https:\/\/www.pordata.pt\/DB\/Portugal\/Ambiente+de+Consulta\/Tabela\" target=\"_blank\" rel=\"noopener\">pordata<\/a>).<\/p>\n<p>A n\u00edvel internacional, a FPV \u00e9 considerada, pelas entidades m\u00e1ximas da modalidade, como uma das mais prestigiadas federa\u00e7\u00f5es de Voleibol e uma das mais prestigiantes institui\u00e7\u00f5es do desporto portugu\u00eas.<\/p>\n<p>&nbsp;<\/p>\n<p style=\"text-align: center;\"><a href=\"https:\/\/fpvoleibol.pt\/fpv\/wp-content\/uploads\/2022\/01\/timeline_fpv.png\"><img loading=\"lazy\" decoding=\"async\" class=\"aligncenter size-full wp-image-12452\" src=\"https:\/\/fpvoleibol.pt\/fpv\/wp-content\/uploads\/2022\/01\/timeline_fpv.png\" alt=\"\" width=\"959\" height=\"641\" srcset=\"https:\/\/fpvoleibol.pt\/fpv\/wp-content\/uploads\/2022\/01\/timeline_fpv.png 959w, https:\/\/fpvoleibol.pt\/fpv\/wp-content\/uploads\/2022\/01\/timeline_fpv-300x201.png 300w, https:\/\/fpvoleibol.pt\/fpv\/wp-content\/uploads\/2022\/01\/timeline_fpv-768x513.png 768w\" sizes=\"auto, (max-width: 959px) 100vw, 959px\" \/><\/a><\/p>\n<p><strong>Not\u00edcias e atividades relacionadas:<\/strong><\/p>\n<ul>\n<li>FPV celebra hoje 75 Anos <a href=\"https:\/\/fpvoleibol.pt\/fpv\/2022\/04\/07\/fpv-celebra-hoje-75-anos\/\">\u25ba<\/a><\/li>\n<li>Cerim\u00f3nia dos 75 Anos <a href=\"https:\/\/www.facebook.com\/fpvoleibol\/posts\/5340841905926481\" target=\"_blank\" rel=\"noopener\">\u25ba<\/a><\/li>\n<li>A Gala do 75.\u00ba Anivers\u00e1rio da FPV <a href=\"https:\/\/fpvoleibol.pt\/fpv\/2022\/11\/13\/fpv-75-anos-em-noite-de-gala\/\" target=\"_blank\" rel=\"noopener\">\u25ba<\/a><\/li>\n<\/ul>\n<div id='gallery-1' class='czr-gallery row flex-row czr-gallery-style gallery galleryid-12181 gallery-columns-3 gallery-size-medium'><figure class='gallery-item col col-auto'>\r\n                        <div class='gallery-icon landscape czr-gallery-icon'>\r\n                              <a data-lb-type=\"grouped-gallery\" href=https:\/\/fpvoleibol.pt\/fpv\/wp-content\/uploads\/2022\/04\/75a.jpg class=\"bg-link\"><\/a><img loading=\"lazy\" decoding=\"async\" width=\"300\" height=\"200\" src=\"https:\/\/fpvoleibol.pt\/fpv\/wp-content\/uploads\/2022\/04\/75a-300x200.jpg\" class=\"attachment-medium size-medium no-lazy\" alt=\"\" sizes=\"auto, (min-width: 1200px) 255px, (min-width: 992px) 210px, (min-width: 576px) 150px, calc( 50vw - 30px )\" srcset=\"https:\/\/fpvoleibol.pt\/fpv\/wp-content\/uploads\/2022\/04\/75a-300x200.jpg 300w, https:\/\/fpvoleibol.pt\/fpv\/wp-content\/uploads\/2022\/04\/75a-1024x683.jpg 1024w, https:\/\/fpvoleibol.pt\/fpv\/wp-content\/uploads\/2022\/04\/75a-768x512.jpg 768w, https:\/\/fpvoleibol.pt\/fpv\/wp-content\/uploads\/2022\/04\/75a-1536x1024.jpg 1536w, https:\/\/fpvoleibol.pt\/fpv\/wp-content\/uploads\/2022\/04\/75a.jpg 2048w\" \/>\r\n                        <\/div><\/figure><figure class='gallery-item col col-auto'>\r\n                        <div class='gallery-icon landscape czr-gallery-icon'>\r\n                              <a data-lb-type=\"grouped-gallery\" href=https:\/\/fpvoleibol.pt\/fpv\/wp-content\/uploads\/2022\/04\/75b.jpg class=\"bg-link\"><\/a><img loading=\"lazy\" decoding=\"async\" width=\"300\" height=\"200\" src=\"https:\/\/fpvoleibol.pt\/fpv\/wp-content\/uploads\/2022\/04\/75b-300x200.jpg\" class=\"attachment-medium size-medium no-lazy\" alt=\"\" sizes=\"auto, (min-width: 1200px) 255px, (min-width: 992px) 210px, (min-width: 576px) 150px, calc( 50vw - 30px )\" srcset=\"https:\/\/fpvoleibol.pt\/fpv\/wp-content\/uploads\/2022\/04\/75b-300x200.jpg 300w, https:\/\/fpvoleibol.pt\/fpv\/wp-content\/uploads\/2022\/04\/75b-1024x683.jpg 1024w, https:\/\/fpvoleibol.pt\/fpv\/wp-content\/uploads\/2022\/04\/75b-768x512.jpg 768w, https:\/\/fpvoleibol.pt\/fpv\/wp-content\/uploads\/2022\/04\/75b-1536x1024.jpg 1536w, https:\/\/fpvoleibol.pt\/fpv\/wp-content\/uploads\/2022\/04\/75b.jpg 2048w\" \/>\r\n                        <\/div><\/figure><figure class='gallery-item col col-auto'>\r\n                        <div class='gallery-icon landscape czr-gallery-icon'>\r\n                              <a data-lb-type=\"grouped-gallery\" href=https:\/\/fpvoleibol.pt\/fpv\/wp-content\/uploads\/2022\/04\/75c.jpg class=\"bg-link\"><\/a><img loading=\"lazy\" decoding=\"async\" width=\"300\" height=\"200\" src=\"https:\/\/fpvoleibol.pt\/fpv\/wp-content\/uploads\/2022\/04\/75c-300x200.jpg\" class=\"attachment-medium size-medium no-lazy\" alt=\"\" sizes=\"auto, (min-width: 1200px) 255px, (min-width: 992px) 210px, (min-width: 576px) 150px, calc( 50vw - 30px )\" srcset=\"https:\/\/fpvoleibol.pt\/fpv\/wp-content\/uploads\/2022\/04\/75c-300x200.jpg 300w, https:\/\/fpvoleibol.pt\/fpv\/wp-content\/uploads\/2022\/04\/75c-1024x683.jpg 1024w, https:\/\/fpvoleibol.pt\/fpv\/wp-content\/uploads\/2022\/04\/75c-768x512.jpg 768w, https:\/\/fpvoleibol.pt\/fpv\/wp-content\/uploads\/2022\/04\/75c-1536x1024.jpg 1536w, https:\/\/fpvoleibol.pt\/fpv\/wp-content\/uploads\/2022\/04\/75c.jpg 2048w\" \/>\r\n                        <\/div><\/figure><figure class='gallery-item col col-auto'>\r\n                        <div class='gallery-icon landscape czr-gallery-icon'>\r\n                              <a data-lb-type=\"grouped-gallery\" href=https:\/\/fpvoleibol.pt\/fpv\/wp-content\/uploads\/2022\/04\/75d.jpg class=\"bg-link\"><\/a><img loading=\"lazy\" decoding=\"async\" width=\"300\" height=\"200\" src=\"https:\/\/fpvoleibol.pt\/fpv\/wp-content\/uploads\/2022\/04\/75d-300x200.jpg\" class=\"attachment-medium size-medium no-lazy\" alt=\"\" sizes=\"auto, (min-width: 1200px) 255px, (min-width: 992px) 210px, (min-width: 576px) 150px, calc( 50vw - 30px )\" srcset=\"https:\/\/fpvoleibol.pt\/fpv\/wp-content\/uploads\/2022\/04\/75d-300x200.jpg 300w, https:\/\/fpvoleibol.pt\/fpv\/wp-content\/uploads\/2022\/04\/75d-1024x683.jpg 1024w, https:\/\/fpvoleibol.pt\/fpv\/wp-content\/uploads\/2022\/04\/75d-768x512.jpg 768w, https:\/\/fpvoleibol.pt\/fpv\/wp-content\/uploads\/2022\/04\/75d-1536x1024.jpg 1536w, https:\/\/fpvoleibol.pt\/fpv\/wp-content\/uploads\/2022\/04\/75d.jpg 2048w\" \/>\r\n                        <\/div><\/figure><figure class='gallery-item col col-auto'>\r\n                        <div class='gallery-icon landscape czr-gallery-icon'>\r\n                              <a data-lb-type=\"grouped-gallery\" href=https:\/\/fpvoleibol.pt\/fpv\/wp-content\/uploads\/2022\/04\/75e.jpg class=\"bg-link\"><\/a><img loading=\"lazy\" decoding=\"async\" width=\"300\" height=\"200\" src=\"https:\/\/fpvoleibol.pt\/fpv\/wp-content\/uploads\/2022\/04\/75e-300x200.jpg\" class=\"attachment-medium size-medium no-lazy\" alt=\"\" sizes=\"auto, (min-width: 1200px) 255px, (min-width: 992px) 210px, (min-width: 576px) 150px, calc( 50vw - 30px )\" srcset=\"https:\/\/fpvoleibol.pt\/fpv\/wp-content\/uploads\/2022\/04\/75e-300x200.jpg 300w, https:\/\/fpvoleibol.pt\/fpv\/wp-content\/uploads\/2022\/04\/75e-1024x683.jpg 1024w, https:\/\/fpvoleibol.pt\/fpv\/wp-content\/uploads\/2022\/04\/75e-768x512.jpg 768w, https:\/\/fpvoleibol.pt\/fpv\/wp-content\/uploads\/2022\/04\/75e-1536x1024.jpg 1536w, https:\/\/fpvoleibol.pt\/fpv\/wp-content\/uploads\/2022\/04\/75e.jpg 2048w\" \/>\r\n                        <\/div><\/figure>\r\n                  <\/div>\n\n<p>&nbsp;<\/p>\n<h1 class=\"entry-title\" style=\"text-align: center;\">75 ANOS EM NOITE DE GALA!<\/h1>\n<p style=\"text-align: center;\"><a href=\"https:\/\/fpvoleibol.pt\/fpv\/wp-content\/uploads\/2022\/11\/PREMIOS_FPV_GALA_f.jpg\"><img loading=\"lazy\" decoding=\"async\" class=\"aligncenter size-full wp-image-20621\" src=\"https:\/\/fpvoleibol.pt\/fpv\/wp-content\/uploads\/2022\/11\/PREMIOS_FPV_GALA_f.jpg\" alt=\"\" width=\"960\" height=\"640\" srcset=\"https:\/\/fpvoleibol.pt\/fpv\/wp-content\/uploads\/2022\/11\/PREMIOS_FPV_GALA_f.jpg 960w, https:\/\/fpvoleibol.pt\/fpv\/wp-content\/uploads\/2022\/11\/PREMIOS_FPV_GALA_f-300x200.jpg 300w, https:\/\/fpvoleibol.pt\/fpv\/wp-content\/uploads\/2022\/11\/PREMIOS_FPV_GALA_f-768x512.jpg 768w\" sizes=\"auto, (max-width: 960px) 100vw, 960px\" \/><\/a><\/p>\n<p style=\"text-align: center;\"><strong>A Federa\u00e7\u00e3o Portuguesa de Voleibol (FPV) realizou, na sexta-feira \u00e0 noite, numa \u201cmagn\u00edfica sala\u201d do Terminal de Cruzeiros do Porto de Leix\u00f5es, em Matosinhos, a Gala de Comemora\u00e7\u00e3o dos seus 75 Anos, um evento com um cariz muito especial por estar associado ao anivers\u00e1rio da FPV e pretender homenagear todos aqueles que t\u00eam contribu\u00eddo de forma altru\u00edsta e dedicada para o desenvolvimento do Voleibol nacional, alguns ao longo de toda uma carreira dedicada \u00e0 modalidade.<\/strong><\/p>\n<p style=\"text-align: center;\">Reportagem <a href=\"https:\/\/fpvoleibol.pt\/fpv\/2022\/11\/13\/fpv-75-anos-em-noite-de-gala\/\" target=\"_blank\" rel=\"noopener\">\u25ba<\/a>\u00a0 |\u00a0 \u00c1lbum de Fotografias <a href=\"https:\/\/www.facebook.com\/media\/set\/?set=a.5969645086379490&amp;type=3\" target=\"_blank\" rel=\"noopener\">\u25ba<\/a><\/p>\n<p style=\"text-align: center;\">\n","protected":false},"excerpt":{"rendered":"<p>Nascida a 7 de Abril de 1947, a Federa\u00e7\u00e3o Portuguesa de Voleibol comemora 75 anos plenos de vitalidade em 2022. Co-fundadora da Federa\u00e7\u00e3o Internacional de Voleibol (FIVB), condecorada com a [&hellip;]<\/p>\n","protected":false},"author":1,"featured_media":12514,"parent":97,"menu_order":0,"comment_status":"closed","ping_status":"closed","template":"","meta":{"_monsterinsights_skip_tracking":false,"_monsterinsights_sitenote_active":false,"_monsterinsights_sitenote_note":"","_monsterinsights_sitenote_category":0,"footnotes":""},"class_list":["post-12181","page","type-page","status-publish","has-post-thumbnail","czr-hentry"],"aioseo_notices":[],"_links":{"self":[{"href":"https:\/\/fpvoleibol.pt\/fpv\/wp-json\/wp\/v2\/pages\/12181","targetHints":{"allow":["GET"]}}],"collection":[{"href":"https:\/\/fpvoleibol.pt\/fpv\/wp-json\/wp\/v2\/pages"}],"about":[{"href":"https:\/\/fpvoleibol.pt\/fpv\/wp-json\/wp\/v2\/types\/page"}],"author":[{"embeddable":true,"href":"https:\/\/fpvoleibol.pt\/fpv\/wp-json\/wp\/v2\/users\/1"}],"replies":[{"embeddable":true,"href":"https:\/\/fpvoleibol.pt\/fpv\/wp-json\/wp\/v2\/comments?post=12181"}],"version-history":[{"count":16,"href":"https:\/\/fpvoleibol.pt\/fpv\/wp-json\/wp\/v2\/pages\/12181\/revisions"}],"predecessor-version":[{"id":20651,"href":"https:\/\/fpvoleibol.pt\/fpv\/wp-json\/wp\/v2\/pages\/12181\/revisions\/20651"}],"up":[{"embeddable":true,"href":"https:\/\/fpvoleibol.pt\/fpv\/wp-json\/wp\/v2\/pages\/97"}],"wp:featuredmedia":[{"embeddable":true,"href":"https:\/\/fpvoleibol.pt\/fpv\/wp-json\/wp\/v2\/media\/12514"}],"wp:attachment":[{"href":"https:\/\/fpvoleibol.pt\/fpv\/wp-json\/wp\/v2\/media?parent=12181"}],"curies":[{"name":"wp","href":"https:\/\/api.w.org\/{rel}","templated":true}]}}