{"id":11327,"date":"2021-11-24T10:25:27","date_gmt":"2021-11-24T09:25:27","guid":{"rendered":"https:\/\/fpvoleibol.pt\/fpv\/?page_id=11327"},"modified":"2021-11-25T13:24:50","modified_gmt":"2021-11-25T12:24:50","slug":"data-volley-2021-lisboa","status":"publish","type":"page","link":"https:\/\/fpvoleibol.pt\/fpv\/formacao\/data-volley-2021-lisboa\/","title":{"rendered":"DATA VOLLEY 2021 (LISBOA)"},"content":{"rendered":"<p style=\"text-align: center;\"><a href=\"https:\/\/fpvoleibol.pt\/fpv\/wp-content\/uploads\/2021\/11\/titulo_datavolley21_lx.png\"><img loading=\"lazy\" decoding=\"async\" class=\"aligncenter wp-image-11330 size-full\" src=\"https:\/\/fpvoleibol.pt\/fpv\/wp-content\/uploads\/2021\/11\/titulo_datavolley21_lx.png\" alt=\"\" width=\"800\" height=\"206\" srcset=\"https:\/\/fpvoleibol.pt\/fpv\/wp-content\/uploads\/2021\/11\/titulo_datavolley21_lx.png 800w, https:\/\/fpvoleibol.pt\/fpv\/wp-content\/uploads\/2021\/11\/titulo_datavolley21_lx-300x77.png 300w, https:\/\/fpvoleibol.pt\/fpv\/wp-content\/uploads\/2021\/11\/titulo_datavolley21_lx-768x198.png 768w\" sizes=\"auto, (max-width: 800px) 100vw, 800px\" \/><\/a><\/p>\n<p style=\"text-align: center;\"><a href=\"https:\/\/fpvoleibol.pt\/fpv\/wp-content\/uploads\/2021\/10\/acao_formacao_datavolley21.png\"><img loading=\"lazy\" decoding=\"async\" class=\"aligncenter wp-image-10189 size-full\" src=\"https:\/\/fpvoleibol.pt\/fpv\/wp-content\/uploads\/2021\/10\/acao_formacao_datavolley21.png\" alt=\"\" width=\"800\" height=\"114\" srcset=\"https:\/\/fpvoleibol.pt\/fpv\/wp-content\/uploads\/2021\/10\/acao_formacao_datavolley21.png 800w, https:\/\/fpvoleibol.pt\/fpv\/wp-content\/uploads\/2021\/10\/acao_formacao_datavolley21-300x43.png 300w, https:\/\/fpvoleibol.pt\/fpv\/wp-content\/uploads\/2021\/10\/acao_formacao_datavolley21-768x109.png 768w\" sizes=\"auto, (max-width: 800px) 100vw, 800px\" \/><\/a><\/p>\n<table class=\" aligncenter\" style=\"width: 100%; border-collapse: collapse;\" cellspacing=\"0\" cellpadding=\"0\">\n<tbody>\n<tr>\n<td style=\"width: 99.9999%; text-align: justify;\" colspan=\"3\"><span style=\"color: #333333;\">Ao mais alto n\u00edvel, o estudo do advers\u00e1rio e da nossa equipa tem uma especificidade que ainda pouco conquistou o nosso campeonato e falar de Estat\u00edstica \u00e9 falar de alto n\u00edvel, pois esta assume-se como a ferramenta mais importante de trabalho ao visar a evolu\u00e7\u00e3o e desenvolvimento das capacidades dos atletas.<br \/>\n<\/span><br \/>\n<span style=\"color: #333333;\">O uso de sistemas inform\u00e1ticos de an\u00e1lise e de instrumentos estat\u00edsticos no Voleibol, nomeadamente o Data Volley, mormente na capta\u00e7\u00e3o da leitura do rendimento individual e colectivo dos atletas ser\u00e1 apresentado por experientes formadores.<\/span><\/td>\n<\/tr>\n<tr>\n<td style=\"width: 33.3333%; text-align: center;\"><a href=\"https:\/\/fpvoleibol.pt\/fpv\/wp-content\/uploads\/2021\/11\/prog_datavolley_2021_lx.pdf\"><img loading=\"lazy\" decoding=\"async\" class=\"alignnone wp-image-1883 size-full\" src=\"https:\/\/fpvoleibol.pt\/fpv\/wp-content\/uploads\/2020\/10\/programa_datavolley20.png\" alt=\"\" width=\"269\" height=\"138\" \/><\/a><\/td>\n<td style=\"width: 33.3333%; text-align: center;\" colspan=\"2\"><a href=\"https:\/\/forms.gle\/pYhQSNB1cmrniCiL7\" target=\"_blank\" rel=\"noopener noreferrer\"><img loading=\"lazy\" decoding=\"async\" class=\"alignnone wp-image-1882 size-full\" src=\"https:\/\/fpvoleibol.pt\/fpv\/wp-content\/uploads\/2020\/10\/inscricoes_datavolley20.png\" alt=\"\" width=\"269\" height=\"138\" \/><\/a><\/td>\n<\/tr>\n<\/tbody>\n<\/table>\n<p style=\"text-align: center;\"><a href=\"https:\/\/fpvoleibol.pt\/fpv\/wp-content\/uploads\/2021\/11\/inscricao_datavolley21_lx_.png\"><img loading=\"lazy\" decoding=\"async\" class=\"aligncenter size-full wp-image-11341\" src=\"https:\/\/fpvoleibol.pt\/fpv\/wp-content\/uploads\/2021\/11\/inscricao_datavolley21_lx_.png\" alt=\"\" width=\"800\" height=\"92\" srcset=\"https:\/\/fpvoleibol.pt\/fpv\/wp-content\/uploads\/2021\/11\/inscricao_datavolley21_lx_.png 800w, https:\/\/fpvoleibol.pt\/fpv\/wp-content\/uploads\/2021\/11\/inscricao_datavolley21_lx_-300x35.png 300w, https:\/\/fpvoleibol.pt\/fpv\/wp-content\/uploads\/2021\/11\/inscricao_datavolley21_lx_-768x88.png 768w\" sizes=\"auto, (max-width: 800px) 100vw, 800px\" \/><\/a><\/p>\n<p>&nbsp;<\/p>\n<hr \/>\n<p style=\"text-align: center;\"><a href=\"https:\/\/fpvoleibol.pt\/fpv\/wp-content\/uploads\/2021\/11\/poster_accao_datavolley21_lx_.jpg\"><img loading=\"lazy\" decoding=\"async\" class=\"aligncenter size-large wp-image-11339\" src=\"https:\/\/fpvoleibol.pt\/fpv\/wp-content\/uploads\/2021\/11\/poster_accao_datavolley21_lx_-724x1024.jpg\" alt=\"\" width=\"724\" height=\"1024\" srcset=\"https:\/\/fpvoleibol.pt\/fpv\/wp-content\/uploads\/2021\/11\/poster_accao_datavolley21_lx_-724x1024.jpg 724w, https:\/\/fpvoleibol.pt\/fpv\/wp-content\/uploads\/2021\/11\/poster_accao_datavolley21_lx_-212x300.jpg 212w, https:\/\/fpvoleibol.pt\/fpv\/wp-content\/uploads\/2021\/11\/poster_accao_datavolley21_lx_-768x1086.jpg 768w, https:\/\/fpvoleibol.pt\/fpv\/wp-content\/uploads\/2021\/11\/poster_accao_datavolley21_lx_.jpg 905w\" sizes=\"auto, (max-width: 724px) 100vw, 724px\" \/><\/a><\/p>\n","protected":false},"excerpt":{"rendered":"<p>Ao mais alto n\u00edvel, o estudo do advers\u00e1rio e da nossa equipa tem uma especificidade que ainda pouco conquistou o nosso campeonato e falar de Estat\u00edstica \u00e9 falar de alto [&hellip;]<\/p>\n","protected":false},"author":1,"featured_media":11328,"parent":4655,"menu_order":0,"comment_status":"closed","ping_status":"closed","template":"","meta":{"_monsterinsights_skip_tracking":false,"_monsterinsights_sitenote_active":false,"_monsterinsights_sitenote_note":"","_monsterinsights_sitenote_category":0,"footnotes":""},"class_list":["post-11327","page","type-page","status-publish","has-post-thumbnail","czr-hentry"],"aioseo_notices":[],"_links":{"self":[{"href":"https:\/\/fpvoleibol.pt\/fpv\/wp-json\/wp\/v2\/pages\/11327","targetHints":{"allow":["GET"]}}],"collection":[{"href":"https:\/\/fpvoleibol.pt\/fpv\/wp-json\/wp\/v2\/pages"}],"about":[{"href":"https:\/\/fpvoleibol.pt\/fpv\/wp-json\/wp\/v2\/types\/page"}],"author":[{"embeddable":true,"href":"https:\/\/fpvoleibol.pt\/fpv\/wp-json\/wp\/v2\/users\/1"}],"replies":[{"embeddable":true,"href":"https:\/\/fpvoleibol.pt\/fpv\/wp-json\/wp\/v2\/comments?post=11327"}],"version-history":[{"count":6,"href":"https:\/\/fpvoleibol.pt\/fpv\/wp-json\/wp\/v2\/pages\/11327\/revisions"}],"predecessor-version":[{"id":11395,"href":"https:\/\/fpvoleibol.pt\/fpv\/wp-json\/wp\/v2\/pages\/11327\/revisions\/11395"}],"up":[{"embeddable":true,"href":"https:\/\/fpvoleibol.pt\/fpv\/wp-json\/wp\/v2\/pages\/4655"}],"wp:featuredmedia":[{"embeddable":true,"href":"https:\/\/fpvoleibol.pt\/fpv\/wp-json\/wp\/v2\/media\/11328"}],"wp:attachment":[{"href":"https:\/\/fpvoleibol.pt\/fpv\/wp-json\/wp\/v2\/media?parent=11327"}],"curies":[{"name":"wp","href":"https:\/\/api.w.org\/{rel}","templated":true}]}}