{"id":1054,"date":"2020-08-25T17:03:08","date_gmt":"2020-08-25T17:03:08","guid":{"rendered":"https:\/\/fpvoleibol.pt\/fpv\/?page_id=1054"},"modified":"2021-12-16T14:24:50","modified_gmt":"2021-12-16T13:24:50","slug":"covid-19","status":"publish","type":"page","link":"https:\/\/fpvoleibol.pt\/fpv\/documentacao\/covid-19\/","title":{"rendered":"COVID-19"},"content":{"rendered":"<p><strong style=\"color: #003e6b;\"><span style=\"font-size: 18pt;\">FEDERA\u00c7\u00c3O PORTUGUESA DE VOLEIBOL<\/span><\/strong><\/p>\n<ul>\n<li><span style=\"color: #000000;\"><a style=\"color: #000000;\" href=\"https:\/\/www.fpvoleibol.pt\/documentacao\/comunicados\/19_20\/14.pdf\">Comunicado 14 (2020)<\/a><br \/>\n<\/span><\/li>\n<li><span style=\"color: #000000;\"><a style=\"color: #000000;\" href=\"https:\/\/www.fpvoleibol.pt\/documentacao\/comunicados\/19_20\/15.pdf\">Comunicado 15 (2020)<\/a><br \/>\n<\/span><\/li>\n<li><span style=\"color: #000000;\"><span style=\"color: #000000;\"><a style=\"color: #000000;\" href=\"https:\/\/www.fpvoleibol.pt\/documentacao\/comunicados\/19_20\/27.pdf\">Comunicado 27 (2020)<\/a><\/span><\/span><\/li>\n<li><span style=\"color: #000000;\"><a style=\"color: #000000;\" href=\"https:\/\/fpvoleibol.pt\/fpv\/2020\/12\/23\/comunicado-n-o16\/\">Comunicado 16 (2021)<\/a><\/span><\/li>\n<li><span style=\"color: #000000;\"><a style=\"color: #000000;\" href=\"https:\/\/fpvoleibol.pt\/fpv\/2021\/01\/08\/comunicado-n-o-17\/\">Comunicado 17 (2021)<\/a><\/span><\/li>\n<li><span style=\"color: #000000;\"><a style=\"color: #000000;\" href=\"https:\/\/fpvoleibol.pt\/fpv\/2021\/01\/14\/comunicado-n-o-18\/\">Comunicado 18 (2021)<\/a><\/span><\/li>\n<li><span style=\"color: #000000;\"><a style=\"color: #000000;\" href=\"https:\/\/fpvoleibol.pt\/fpv\/2021\/01\/19\/comunicado-n-o19\/\">Comunicado 19 (2021)<\/a><\/span><\/li>\n<li><span style=\"color: #000000;\"><a style=\"color: #000000;\" href=\"https:\/\/fpvoleibol.pt\/fpv\/2021\/02\/01\/comunicado-n-o-20\/\">Comunicado 20 (2021)<\/a><\/span><\/li>\n<li><span style=\"color: #000000;\"><a style=\"color: #000000;\" href=\"https:\/\/fpvoleibol.pt\/fpv\/2021\/03\/16\/comunicado-n-o-21\/\">Comunicado 21 (2021)<\/a><\/span><\/li>\n<li><span style=\"color: #000000;\"><a style=\"color: #000000;\" href=\"https:\/\/fpvoleibol.pt\/fpv\/2021\/04\/13\/comunicado-n-o22\/\">Comunicado 22 (2021)<\/a><\/span><\/li>\n<li><span style=\"color: #000000;\"><a style=\"color: #000000;\" href=\"https:\/\/www.fpvoleibol.pt\/regulamentos\/plano_contingencia_fpv.pdf\" target=\"_blank\" rel=\"noopener noreferrer\">Plano de Conting\u00eancia FPV<\/a><\/span><\/li>\n<li><span style=\"color: #000000;\"><a style=\"color: #000000;\" href=\"https:\/\/www.fpvoleibol.pt\/regulamentos\/reg_retoma_competicoes.pdf\" target=\"_blank\" rel=\"noopener noreferrer\">Regulamento para a Retoma da Pratica Desportiva de Voleibol<\/a><\/span><\/li>\n<li><span style=\"color: #000000;\"><a style=\"color: #000000;\" href=\"https:\/\/www.fpvoleibol.pt\/regulamentos\/covid19-campeonatos_nacionais.pdf\" target=\"_blank\" rel=\"noopener noreferrer\">Covid 19 &#8211; Campeonatos Nacionais<\/a><\/span><\/li>\n<\/ul>\n<p><strong style=\"color: #003e6b;\"><span style=\"font-size: 18pt;\">DI\u00c1RIO DA REP\u00daBLICA<\/span><\/strong><\/p>\n<ul>\n<li><span style=\"color: #000000;\"><a style=\"color: #000000;\" href=\"https:\/\/dre.pt\/application\/conteudo\/130243053\" target=\"_blank\" rel=\"noopener noreferrer\">Decreto-Lei n.\u00ba 10-A\/2020<\/a><\/span><\/li>\n<li><span style=\"color: #000000;\"><a style=\"color: #000000;\" href=\"https:\/\/dre.pt\/application\/conteudo\/136788888\" target=\"_blank\" rel=\"noopener noreferrer\">Resolu\u00e7\u00e3o do Conselho de Ministros n.\u00ba 51-A\/2020<\/a><\/span><\/li>\n<li><span style=\"color: #000000;\"><a style=\"color: #000000;\" href=\"https:\/\/dre.pt\/application\/conteudo\/139207969\" target=\"_blank\" rel=\"noopener noreferrer\">Resolu\u00e7\u00e3o do Conselho de Ministros n.\u00ba 55-A\/2020<\/a><\/span><\/li>\n<li><span style=\"color: #000000;\"><a style=\"color: #000000;\" href=\"https:\/\/dre.pt\/home\/-\/dre\/159432419\/details\/maximized\" target=\"_blank\" rel=\"noopener noreferrer\">Resolu\u00e7\u00e3o do Conselho de Ministros n.\u00ba 19\/2021 (13-3-2021)<\/a><\/span><\/li>\n<li><span style=\"color: #333333;\"><a style=\"color: #333333;\" href=\"https:\/\/dre.pt\/web\/guest\/home\/-\/dre\/161220081\/details\/maximized?serie=II&amp;parte_filter=31&amp;dreId=161220076\">Despacho n\u00ba 3679-A\/2021 (9-4-2021)<\/a><\/span><\/li>\n<li><span style=\"color: #333333;\"><a style=\"color: #333333;\" href=\"https:\/\/dre.pt\/web\/guest\/home\/-\/dre\/160423398\/details\/maximized?serie=II&amp;day=2021-03-28&amp;date=2021-03-01&amp;dreId=160423395\">Despacho n\u00ba 3358\/2021 (26-3-2021)<\/a><\/span><\/li>\n<\/ul>\n<p><strong style=\"color: #003e6b;\"><span style=\"font-size: 18pt;\">DIRE\u00c7\u00c3O-GERAL DA SA\u00daDE<\/span><\/strong><\/p>\n<ul>\n<li><span style=\"color: #000000;\"><a style=\"color: #000000;\" href=\"https:\/\/www.dgs.pt\/directrizes-da-dgs\/orientacoes-e-circulares-informativas\/orientacao-n-0142020-de-21032020-pdf.aspx\" target=\"_blank\" rel=\"noopener noreferrer\">Orienta\u00e7\u00e3o 014\/2020 (9-4-2020)<\/a><\/span><\/li>\n<li><span style=\"color: #000000;\"><a style=\"color: #000000;\" href=\"https:\/\/www.dgs.pt\/directrizes-da-dgs\/orientacoes-e-circulares-informativas\/orientacao-n-0302020-de-29052020-pdf.aspx\" target=\"_blank\" rel=\"noopener noreferrer\">Orienta\u00e7\u00e3o 030\/2020 (29-5-2020)<\/a><\/span><\/li>\n<li><span style=\"color: #000000;\"><a style=\"color: #000000;\" href=\"https:\/\/www.dgs.pt\/normas-orientacoes-e-informacoes\/orientacoes-e-circulares-informativas\/orientacao-n-0362020-de-25082020-pdf.aspx\" target=\"_blank\" rel=\"noopener noreferrer\">Orienta\u00e7\u00e3o 036\/2020 (25-8-2020)<\/a><\/span><\/li>\n<li><span style=\"color: #000000;\"><a style=\"color: #000000;\" href=\"https:\/\/covid19.min-saude.pt\/wp-content\/uploads\/2021\/04\/i027402.pdf\" target=\"_blank\" rel=\"noopener noreferrer\">Orienta\u00e7\u00e3o 004\/2021 (9-4-2021)<\/a><\/span><\/li>\n<li><span style=\"color: #000000;\"><a style=\"color: #000000;\" href=\"https:\/\/fpvoleibol.pt\/fpv\/wp-content\/uploads\/2020\/10\/dgs_norma_004_2020.pdf\">Norma 004\/2020 (23-3-2020)<\/a><\/span><\/li>\n<li><span style=\"color: #000000;\"><a style=\"color: #000000;\" href=\"https:\/\/www.dgs.pt\/normas-orientacoes-e-informacoes\/normas-e-circulares-normativas\/norma-n-0152020-de-24072020-pdf.aspx\">Norma 015\/2020 (24-7-2020)<\/a><\/span><\/li>\n<\/ul>\n","protected":false},"excerpt":{"rendered":"<p>FEDERA\u00c7\u00c3O PORTUGUESA DE VOLEIBOL Comunicado 14 (2020) Comunicado 15 (2020) Comunicado 27 (2020) Comunicado 16 (2021) Comunicado 17 (2021) Comunicado 18 (2021) Comunicado 19 (2021) Comunicado 20 (2021) Comunicado 21 [&hellip;]<\/p>\n","protected":false},"author":1,"featured_media":0,"parent":361,"menu_order":0,"comment_status":"closed","ping_status":"closed","template":"","meta":{"_monsterinsights_skip_tracking":false,"_monsterinsights_sitenote_active":false,"_monsterinsights_sitenote_note":"","_monsterinsights_sitenote_category":0,"footnotes":""},"class_list":["post-1054","page","type-page","status-publish","czr-hentry"],"aioseo_notices":[],"_links":{"self":[{"href":"https:\/\/fpvoleibol.pt\/fpv\/wp-json\/wp\/v2\/pages\/1054","targetHints":{"allow":["GET"]}}],"collection":[{"href":"https:\/\/fpvoleibol.pt\/fpv\/wp-json\/wp\/v2\/pages"}],"about":[{"href":"https:\/\/fpvoleibol.pt\/fpv\/wp-json\/wp\/v2\/types\/page"}],"author":[{"embeddable":true,"href":"https:\/\/fpvoleibol.pt\/fpv\/wp-json\/wp\/v2\/users\/1"}],"replies":[{"embeddable":true,"href":"https:\/\/fpvoleibol.pt\/fpv\/wp-json\/wp\/v2\/comments?post=1054"}],"version-history":[{"count":19,"href":"https:\/\/fpvoleibol.pt\/fpv\/wp-json\/wp\/v2\/pages\/1054\/revisions"}],"predecessor-version":[{"id":11928,"href":"https:\/\/fpvoleibol.pt\/fpv\/wp-json\/wp\/v2\/pages\/1054\/revisions\/11928"}],"up":[{"embeddable":true,"href":"https:\/\/fpvoleibol.pt\/fpv\/wp-json\/wp\/v2\/pages\/361"}],"wp:attachment":[{"href":"https:\/\/fpvoleibol.pt\/fpv\/wp-json\/wp\/v2\/media?parent=1054"}],"curies":[{"name":"wp","href":"https:\/\/api.w.org\/{rel}","templated":true}]}}